{"id":11957,"date":"2021-05-18T10:12:10","date_gmt":"2021-05-18T10:12:10","guid":{"rendered":"https:\/\/martinezcaballeroabogados.com\/product\/procedimento-de-declaracao-de-imposto-de-renda\/"},"modified":"2023-07-14T08:22:40","modified_gmt":"2023-07-14T08:22:40","slug":"procedimento-declaracao-de-renda","status":"publish","type":"product","link":"https:\/\/martinezcaballeroabogados.com\/pt-pt\/producto\/procedimento-declaracao-de-renda\/","title":{"rendered":"Procedimento de declara\u00e7\u00e3o de imposto de renda"},"content":{"rendered":"<p>Pague online e processe a sua declara\u00e7\u00e3o de impostos com Martinez &amp; Caballero Abogados da forma mais conveniente por um pre\u00e7o imbat\u00edvel. O nosso m\u00e9todo de pagamento \u00e9 completamente seguro. Uma vez recebido o seu pagamento com os seus dados, entraremos em contacto consigo no prazo de 24 horas para iniciar o processo.<\/p>\n","protected":false},"excerpt":{"rendered":"<p>Reserve online o pagamento da sua declara\u00e7\u00e3o de impostos, sem sair de sua casa. N\u00f3s tratamos de tudo.<\/p>\n","protected":false},"featured_media":20695,"comment_status":"closed","ping_status":"closed","template":"","meta":{"_monsterinsights_skip_tracking":false,"_monsterinsights_sitenote_active":false,"_monsterinsights_sitenote_note":"","_monsterinsights_sitenote_category":0},"product_brand":[],"product_cat":[573,572],"product_tag":[576,575,574],"class_list":{"0":"post-11957","1":"product","2":"type-product","3":"status-publish","4":"has-post-thumbnail","6":"product_cat-impostos-pt-pt","7":"product_cat-rendimento","8":"product_tag-declaracao","9":"product_tag-impostos-pt-pt","10":"product_tag-rendimentos","12":"first","13":"instock","14":"virtual","15":"sold-individually","16":"taxable","17":"purchasable","18":"product-type-simple"},"yoast_head":"<!-- This site is optimized with the Yoast SEO plugin v26.8 - https:\/\/yoast.com\/product\/yoast-seo-wordpress\/ -->\n<title>Procedimento de declara\u00e7\u00e3o de imposto de renda - Martinez Caballero Abogados<\/title>\n<meta name=\"description\" content=\"Pague online e processe a sua declara\u00e7\u00e3o de impostos da forma mais conveniente por um pre\u00e7o imbat\u00edvel. O m\u00e9todo de pagamento \u00e9 completamente seguro.\" \/>\n<meta name=\"robots\" content=\"index, follow, max-snippet:-1, max-image-preview:large, max-video-preview:-1\" \/>\n<link rel=\"canonical\" href=\"https:\/\/martinezcaballeroabogados.com\/pt-pt\/producto\/procedimento-declaracao-de-renda\/\" \/>\n<meta property=\"og:locale\" content=\"pt_PT\" \/>\n<meta property=\"og:type\" content=\"article\" \/>\n<meta property=\"og:title\" content=\"Procedimento de declara\u00e7\u00e3o de imposto de renda - Martinez Caballero Abogados\" \/>\n<meta property=\"og:description\" content=\"Pague online e processe a sua declara\u00e7\u00e3o de impostos da forma mais conveniente por um pre\u00e7o imbat\u00edvel. O m\u00e9todo de pagamento \u00e9 completamente seguro.\" \/>\n<meta property=\"og:url\" content=\"https:\/\/martinezcaballeroabogados.com\/pt-pt\/producto\/procedimento-declaracao-de-renda\/\" \/>\n<meta property=\"og:site_name\" content=\"Martinez Caballero Abogados\" \/>\n<meta property=\"article:publisher\" content=\"https:\/\/www.facebook.com\/martinezcaballeroabogados\/\" \/>\n<meta property=\"article:modified_time\" content=\"2023-07-14T08:22:40+00:00\" \/>\n<meta property=\"og:image\" content=\"https:\/\/martinezcaballeroabogados.com\/wp-content\/uploads\/2023\/03\/renta-portugues.webp\" \/>\n\t<meta property=\"og:image:width\" content=\"1080\" \/>\n\t<meta property=\"og:image:height\" content=\"1080\" \/>\n\t<meta property=\"og:image:type\" content=\"image\/webp\" \/>\n<meta name=\"twitter:card\" content=\"summary_large_image\" \/>\n<meta name=\"twitter:site\" content=\"@MC_abogados_\" \/>\n<script type=\"application\/ld+json\" class=\"yoast-schema-graph\">{\"@context\":\"https:\/\/schema.org\",\"@graph\":[{\"@type\":\"WebPage\",\"@id\":\"https:\/\/martinezcaballeroabogados.com\/pt-pt\/producto\/procedimento-declaracao-de-renda\/\",\"url\":\"https:\/\/martinezcaballeroabogados.com\/pt-pt\/producto\/procedimento-declaracao-de-renda\/\",\"name\":\"Procedimento de declara\u00e7\u00e3o de imposto de renda - Martinez Caballero Abogados\",\"isPartOf\":{\"@id\":\"https:\/\/martinezcaballeroabogados.com\/pt-pt\/#website\"},\"primaryImageOfPage\":{\"@id\":\"https:\/\/martinezcaballeroabogados.com\/pt-pt\/producto\/procedimento-declaracao-de-renda\/#primaryimage\"},\"image\":{\"@id\":\"https:\/\/martinezcaballeroabogados.com\/pt-pt\/producto\/procedimento-declaracao-de-renda\/#primaryimage\"},\"thumbnailUrl\":\"https:\/\/martinezcaballeroabogados.com\/wp-content\/uploads\/2021\/05\/declaracion-renta.jpg\",\"datePublished\":\"2021-05-18T10:12:10+00:00\",\"dateModified\":\"2023-07-14T08:22:40+00:00\",\"description\":\"Pague online e processe a sua declara\u00e7\u00e3o de impostos da forma mais conveniente por um pre\u00e7o imbat\u00edvel. O m\u00e9todo de pagamento \u00e9 completamente seguro.\",\"breadcrumb\":{\"@id\":\"https:\/\/martinezcaballeroabogados.com\/pt-pt\/producto\/procedimento-declaracao-de-renda\/#breadcrumb\"},\"inLanguage\":\"pt-PT\",\"potentialAction\":[{\"@type\":\"ReadAction\",\"target\":[\"https:\/\/martinezcaballeroabogados.com\/pt-pt\/producto\/procedimento-declaracao-de-renda\/\"]}]},{\"@type\":\"ImageObject\",\"inLanguage\":\"pt-PT\",\"@id\":\"https:\/\/martinezcaballeroabogados.com\/pt-pt\/producto\/procedimento-declaracao-de-renda\/#primaryimage\",\"url\":\"https:\/\/martinezcaballeroabogados.com\/wp-content\/uploads\/2021\/05\/declaracion-renta.jpg\",\"contentUrl\":\"https:\/\/martinezcaballeroabogados.com\/wp-content\/uploads\/2021\/05\/declaracion-renta.jpg\",\"width\":1080,\"height\":1080,\"caption\":\"Tr\u00e1mite online de la declaraci\u00f3n de la renta en Espa\u00f1a\"},{\"@type\":\"BreadcrumbList\",\"@id\":\"https:\/\/martinezcaballeroabogados.com\/pt-pt\/producto\/procedimento-declaracao-de-renda\/#breadcrumb\",\"itemListElement\":[{\"@type\":\"ListItem\",\"position\":1,\"name\":\"Portada\",\"item\":\"https:\/\/martinezcaballeroabogados.com\/pt-pt\/advogados-em-barcelona\/\"},{\"@type\":\"ListItem\",\"position\":2,\"name\":\"Procedimento de declara\u00e7\u00e3o de imposto de renda\"}]},{\"@type\":\"WebSite\",\"@id\":\"https:\/\/martinezcaballeroabogados.com\/pt-pt\/#website\",\"url\":\"https:\/\/martinezcaballeroabogados.com\/pt-pt\/\",\"name\":\"Martinez & Caballero Abogados\",\"description\":\"Advogados abrangentes em Barcelona\",\"publisher\":{\"@id\":\"https:\/\/martinezcaballeroabogados.com\/pt-pt\/#organization\"},\"potentialAction\":[{\"@type\":\"SearchAction\",\"target\":{\"@type\":\"EntryPoint\",\"urlTemplate\":\"https:\/\/martinezcaballeroabogados.com\/pt-pt\/?s={search_term_string}\"},\"query-input\":{\"@type\":\"PropertyValueSpecification\",\"valueRequired\":true,\"valueName\":\"search_term_string\"}}],\"inLanguage\":\"pt-PT\"},{\"@type\":\"Organization\",\"@id\":\"https:\/\/martinezcaballeroabogados.com\/pt-pt\/#organization\",\"name\":\"Martinez & Caballero Abogados\",\"url\":\"https:\/\/martinezcaballeroabogados.com\/pt-pt\/\",\"logo\":{\"@type\":\"ImageObject\",\"inLanguage\":\"pt-PT\",\"@id\":\"https:\/\/martinezcaballeroabogados.com\/pt-pt\/#\/schema\/logo\/image\/\",\"url\":\"https:\/\/martinezcaballeroabogados.com\/wp-content\/uploads\/2020\/02\/cropped-cropped-logo-mc-abogados-web-1-e1497812507401-1.png\",\"contentUrl\":\"https:\/\/martinezcaballeroabogados.com\/wp-content\/uploads\/2020\/02\/cropped-cropped-logo-mc-abogados-web-1-e1497812507401-1.png\",\"width\":300,\"height\":150,\"caption\":\"Martinez & Caballero Abogados\"},\"image\":{\"@id\":\"https:\/\/martinezcaballeroabogados.com\/pt-pt\/#\/schema\/logo\/image\/\"},\"sameAs\":[\"https:\/\/www.facebook.com\/martinezcaballeroabogados\/\",\"https:\/\/x.com\/MC_abogados_\",\"https:\/\/www.instagram.com\/extranjeriabarcelonaabogados\/\"]}]}<\/script>\n<!-- \/ Yoast SEO plugin. -->","yoast_head_json":{"title":"Procedimento de declara\u00e7\u00e3o de imposto de renda - Martinez Caballero Abogados","description":"Pague online e processe a sua declara\u00e7\u00e3o de impostos da forma mais conveniente por um pre\u00e7o imbat\u00edvel. O m\u00e9todo de pagamento \u00e9 completamente seguro.","robots":{"index":"index","follow":"follow","max-snippet":"max-snippet:-1","max-image-preview":"max-image-preview:large","max-video-preview":"max-video-preview:-1"},"canonical":"https:\/\/martinezcaballeroabogados.com\/pt-pt\/producto\/procedimento-declaracao-de-renda\/","og_locale":"pt_PT","og_type":"article","og_title":"Procedimento de declara\u00e7\u00e3o de imposto de renda - Martinez Caballero Abogados","og_description":"Pague online e processe a sua declara\u00e7\u00e3o de impostos da forma mais conveniente por um pre\u00e7o imbat\u00edvel. O m\u00e9todo de pagamento \u00e9 completamente seguro.","og_url":"https:\/\/martinezcaballeroabogados.com\/pt-pt\/producto\/procedimento-declaracao-de-renda\/","og_site_name":"Martinez Caballero Abogados","article_publisher":"https:\/\/www.facebook.com\/martinezcaballeroabogados\/","article_modified_time":"2023-07-14T08:22:40+00:00","og_image":[{"width":1080,"height":1080,"url":"https:\/\/martinezcaballeroabogados.com\/wp-content\/uploads\/2023\/03\/renta-portugues.webp","type":"image\/webp"}],"twitter_card":"summary_large_image","twitter_site":"@MC_abogados_","schema":{"@context":"https:\/\/schema.org","@graph":[{"@type":"WebPage","@id":"https:\/\/martinezcaballeroabogados.com\/pt-pt\/producto\/procedimento-declaracao-de-renda\/","url":"https:\/\/martinezcaballeroabogados.com\/pt-pt\/producto\/procedimento-declaracao-de-renda\/","name":"Procedimento de declara\u00e7\u00e3o de imposto de renda - Martinez Caballero Abogados","isPartOf":{"@id":"https:\/\/martinezcaballeroabogados.com\/pt-pt\/#website"},"primaryImageOfPage":{"@id":"https:\/\/martinezcaballeroabogados.com\/pt-pt\/producto\/procedimento-declaracao-de-renda\/#primaryimage"},"image":{"@id":"https:\/\/martinezcaballeroabogados.com\/pt-pt\/producto\/procedimento-declaracao-de-renda\/#primaryimage"},"thumbnailUrl":"https:\/\/martinezcaballeroabogados.com\/wp-content\/uploads\/2021\/05\/declaracion-renta.jpg","datePublished":"2021-05-18T10:12:10+00:00","dateModified":"2023-07-14T08:22:40+00:00","description":"Pague online e processe a sua declara\u00e7\u00e3o de impostos da forma mais conveniente por um pre\u00e7o imbat\u00edvel. O m\u00e9todo de pagamento \u00e9 completamente seguro.","breadcrumb":{"@id":"https:\/\/martinezcaballeroabogados.com\/pt-pt\/producto\/procedimento-declaracao-de-renda\/#breadcrumb"},"inLanguage":"pt-PT","potentialAction":[{"@type":"ReadAction","target":["https:\/\/martinezcaballeroabogados.com\/pt-pt\/producto\/procedimento-declaracao-de-renda\/"]}]},{"@type":"ImageObject","inLanguage":"pt-PT","@id":"https:\/\/martinezcaballeroabogados.com\/pt-pt\/producto\/procedimento-declaracao-de-renda\/#primaryimage","url":"https:\/\/martinezcaballeroabogados.com\/wp-content\/uploads\/2021\/05\/declaracion-renta.jpg","contentUrl":"https:\/\/martinezcaballeroabogados.com\/wp-content\/uploads\/2021\/05\/declaracion-renta.jpg","width":1080,"height":1080,"caption":"Tr\u00e1mite online de la declaraci\u00f3n de la renta en Espa\u00f1a"},{"@type":"BreadcrumbList","@id":"https:\/\/martinezcaballeroabogados.com\/pt-pt\/producto\/procedimento-declaracao-de-renda\/#breadcrumb","itemListElement":[{"@type":"ListItem","position":1,"name":"Portada","item":"https:\/\/martinezcaballeroabogados.com\/pt-pt\/advogados-em-barcelona\/"},{"@type":"ListItem","position":2,"name":"Procedimento de declara\u00e7\u00e3o de imposto de renda"}]},{"@type":"WebSite","@id":"https:\/\/martinezcaballeroabogados.com\/pt-pt\/#website","url":"https:\/\/martinezcaballeroabogados.com\/pt-pt\/","name":"Martinez & Caballero Abogados","description":"Advogados abrangentes em Barcelona","publisher":{"@id":"https:\/\/martinezcaballeroabogados.com\/pt-pt\/#organization"},"potentialAction":[{"@type":"SearchAction","target":{"@type":"EntryPoint","urlTemplate":"https:\/\/martinezcaballeroabogados.com\/pt-pt\/?s={search_term_string}"},"query-input":{"@type":"PropertyValueSpecification","valueRequired":true,"valueName":"search_term_string"}}],"inLanguage":"pt-PT"},{"@type":"Organization","@id":"https:\/\/martinezcaballeroabogados.com\/pt-pt\/#organization","name":"Martinez & Caballero Abogados","url":"https:\/\/martinezcaballeroabogados.com\/pt-pt\/","logo":{"@type":"ImageObject","inLanguage":"pt-PT","@id":"https:\/\/martinezcaballeroabogados.com\/pt-pt\/#\/schema\/logo\/image\/","url":"https:\/\/martinezcaballeroabogados.com\/wp-content\/uploads\/2020\/02\/cropped-cropped-logo-mc-abogados-web-1-e1497812507401-1.png","contentUrl":"https:\/\/martinezcaballeroabogados.com\/wp-content\/uploads\/2020\/02\/cropped-cropped-logo-mc-abogados-web-1-e1497812507401-1.png","width":300,"height":150,"caption":"Martinez & Caballero Abogados"},"image":{"@id":"https:\/\/martinezcaballeroabogados.com\/pt-pt\/#\/schema\/logo\/image\/"},"sameAs":["https:\/\/www.facebook.com\/martinezcaballeroabogados\/","https:\/\/x.com\/MC_abogados_","https:\/\/www.instagram.com\/extranjeriabarcelonaabogados\/"]}]}},"_links":{"self":[{"href":"https:\/\/martinezcaballeroabogados.com\/pt-pt\/wp-json\/wp\/v2\/product\/11957","targetHints":{"allow":["GET"]}}],"collection":[{"href":"https:\/\/martinezcaballeroabogados.com\/pt-pt\/wp-json\/wp\/v2\/product"}],"about":[{"href":"https:\/\/martinezcaballeroabogados.com\/pt-pt\/wp-json\/wp\/v2\/types\/product"}],"replies":[{"embeddable":true,"href":"https:\/\/martinezcaballeroabogados.com\/pt-pt\/wp-json\/wp\/v2\/comments?post=11957"}],"version-history":[{"count":1,"href":"https:\/\/martinezcaballeroabogados.com\/pt-pt\/wp-json\/wp\/v2\/product\/11957\/revisions"}],"predecessor-version":[{"id":12712,"href":"https:\/\/martinezcaballeroabogados.com\/pt-pt\/wp-json\/wp\/v2\/product\/11957\/revisions\/12712"}],"wp:featuredmedia":[{"embeddable":true,"href":"https:\/\/martinezcaballeroabogados.com\/pt-pt\/wp-json\/wp\/v2\/media\/20695"}],"wp:attachment":[{"href":"https:\/\/martinezcaballeroabogados.com\/pt-pt\/wp-json\/wp\/v2\/media?parent=11957"}],"wp:term":[{"taxonomy":"product_brand","embeddable":true,"href":"https:\/\/martinezcaballeroabogados.com\/pt-pt\/wp-json\/wp\/v2\/product_brand?post=11957"},{"taxonomy":"product_cat","embeddable":true,"href":"https:\/\/martinezcaballeroabogados.com\/pt-pt\/wp-json\/wp\/v2\/product_cat?post=11957"},{"taxonomy":"product_tag","embeddable":true,"href":"https:\/\/martinezcaballeroabogados.com\/pt-pt\/wp-json\/wp\/v2\/product_tag?post=11957"}],"curies":[{"name":"wp","href":"https:\/\/api.w.org\/{rel}","templated":true}]}}