{"id":11952,"date":"2021-10-11T16:03:26","date_gmt":"2021-10-11T16:03:26","guid":{"rendered":"https:\/\/martinezcaballeroabogados.com\/product\/consulta-por-videochamada\/"},"modified":"2023-07-14T08:22:47","modified_gmt":"2023-07-14T08:22:47","slug":"videochamada-consulta","status":"publish","type":"product","link":"https:\/\/martinezcaballeroabogados.com\/pt-pt\/producto\/videochamada-consulta\/","title":{"rendered":"Consulta por videochamada"},"content":{"rendered":"<p>Marque a sua consulta por videochamada com Martinez &amp; Caballero Abogados.<\/p>\n<p><strong>ADVERT\u00caNCIA!<\/strong> Leia o texto de descri\u00e7\u00e3o abaixo para obter informa\u00e7\u00f5es importantes.<\/p>\n","protected":false},"excerpt":{"rendered":"<p><span style=\"font-weight: 400;\">Videochamada com um dos nossos especialistas jur\u00eddicos de acordo com as suas necessidades. <strong>Por favor indique no campo &#8220;Informa\u00e7\u00e3o adicional&#8221; qual o advogado especialista de que necessita<\/strong>, e n\u00f3s fornecer-lhe-emos o nosso melhor advogado nessa \u00e1rea.<\/span> Deve tamb\u00e9m indicar a(s) data(s) e a hora em que podemos telefonar-lhe para marcar o dia e a hora da videochamada. Uma vez conclu\u00eddo o processo, entraremos em contacto consigo dentro de 24 horas para marcar uma data e hora para a videochamada.<\/p>\n","protected":false},"featured_media":7933,"comment_status":"closed","ping_status":"closed","template":"","meta":{"_monsterinsights_skip_tracking":false,"_monsterinsights_sitenote_active":false,"_monsterinsights_sitenote_note":"","_monsterinsights_sitenote_category":0},"product_brand":[],"product_cat":[549],"product_tag":[551,550],"class_list":{"0":"post-11952","1":"product","2":"type-product","3":"status-publish","4":"has-post-thumbnail","6":"product_cat-videochamada","7":"product_tag-consulta-online-pt-pt","8":"product_tag-videochamada","10":"first","11":"instock","12":"virtual","13":"sold-individually","14":"taxable","15":"purchasable","16":"product-type-simple"},"yoast_head":"<!-- This site is optimized with the Yoast SEO plugin v26.8 - https:\/\/yoast.com\/product\/yoast-seo-wordpress\/ -->\n<title>Consulta por videochamada - Martinez Caballero Abogados<\/title>\n<meta name=\"description\" content=\"Pode aceder a todos os nossos servi\u00e7os atrav\u00e9s de uma consulta por v\u00eddeo-chamada, sem ter de viajar, ou a partir do seu pa\u00eds de origem.\" \/>\n<meta name=\"robots\" content=\"index, follow, max-snippet:-1, max-image-preview:large, max-video-preview:-1\" \/>\n<link rel=\"canonical\" href=\"https:\/\/martinezcaballeroabogados.com\/pt-pt\/producto\/videochamada-consulta\/\" \/>\n<meta property=\"og:locale\" content=\"pt_PT\" \/>\n<meta property=\"og:type\" content=\"article\" \/>\n<meta property=\"og:title\" content=\"Consulta por videochamada - Martinez Caballero Abogados\" \/>\n<meta property=\"og:description\" content=\"Pode aceder a todos os nossos servi\u00e7os atrav\u00e9s de uma consulta por v\u00eddeo-chamada, sem ter de viajar, ou a partir do seu pa\u00eds de origem.\" \/>\n<meta property=\"og:url\" content=\"https:\/\/martinezcaballeroabogados.com\/pt-pt\/producto\/videochamada-consulta\/\" \/>\n<meta property=\"og:site_name\" content=\"Martinez Caballero Abogados\" \/>\n<meta property=\"article:publisher\" content=\"https:\/\/www.facebook.com\/martinezcaballeroabogados\/\" \/>\n<meta property=\"article:modified_time\" content=\"2023-07-14T08:22:47+00:00\" \/>\n<meta property=\"og:image\" content=\"https:\/\/martinezcaballeroabogados.com\/wp-content\/uploads\/2023\/03\/videollamada-producto-portugues.webp\" \/>\n\t<meta property=\"og:image:width\" content=\"1080\" \/>\n\t<meta property=\"og:image:height\" content=\"1174\" \/>\n\t<meta property=\"og:image:type\" content=\"image\/webp\" \/>\n<meta name=\"twitter:card\" content=\"summary_large_image\" \/>\n<meta name=\"twitter:site\" content=\"@MC_abogados_\" \/>\n<script type=\"application\/ld+json\" class=\"yoast-schema-graph\">{\"@context\":\"https:\/\/schema.org\",\"@graph\":[{\"@type\":\"WebPage\",\"@id\":\"https:\/\/martinezcaballeroabogados.com\/pt-pt\/producto\/videochamada-consulta\/\",\"url\":\"https:\/\/martinezcaballeroabogados.com\/pt-pt\/producto\/videochamada-consulta\/\",\"name\":\"Consulta por videochamada - Martinez Caballero Abogados\",\"isPartOf\":{\"@id\":\"https:\/\/martinezcaballeroabogados.com\/pt-pt\/#website\"},\"primaryImageOfPage\":{\"@id\":\"https:\/\/martinezcaballeroabogados.com\/pt-pt\/producto\/videochamada-consulta\/#primaryimage\"},\"image\":{\"@id\":\"https:\/\/martinezcaballeroabogados.com\/pt-pt\/producto\/videochamada-consulta\/#primaryimage\"},\"thumbnailUrl\":\"https:\/\/martinezcaballeroabogados.com\/wp-content\/uploads\/2023\/03\/videollamada-producto-portugues.webp\",\"datePublished\":\"2021-10-11T16:03:26+00:00\",\"dateModified\":\"2023-07-14T08:22:47+00:00\",\"description\":\"Pode aceder a todos os nossos servi\u00e7os atrav\u00e9s de uma consulta por v\u00eddeo-chamada, sem ter de viajar, ou a partir do seu pa\u00eds de origem.\",\"breadcrumb\":{\"@id\":\"https:\/\/martinezcaballeroabogados.com\/pt-pt\/producto\/videochamada-consulta\/#breadcrumb\"},\"inLanguage\":\"pt-PT\",\"potentialAction\":[{\"@type\":\"ReadAction\",\"target\":[\"https:\/\/martinezcaballeroabogados.com\/pt-pt\/producto\/videochamada-consulta\/\"]}]},{\"@type\":\"ImageObject\",\"inLanguage\":\"pt-PT\",\"@id\":\"https:\/\/martinezcaballeroabogados.com\/pt-pt\/producto\/videochamada-consulta\/#primaryimage\",\"url\":\"https:\/\/martinezcaballeroabogados.com\/wp-content\/uploads\/2023\/03\/videollamada-producto-portugues.webp\",\"contentUrl\":\"https:\/\/martinezcaballeroabogados.com\/wp-content\/uploads\/2023\/03\/videollamada-producto-portugues.webp\",\"width\":1080,\"height\":1174},{\"@type\":\"BreadcrumbList\",\"@id\":\"https:\/\/martinezcaballeroabogados.com\/pt-pt\/producto\/videochamada-consulta\/#breadcrumb\",\"itemListElement\":[{\"@type\":\"ListItem\",\"position\":1,\"name\":\"Portada\",\"item\":\"https:\/\/martinezcaballeroabogados.com\/pt-pt\/advogados-em-barcelona\/\"},{\"@type\":\"ListItem\",\"position\":2,\"name\":\"Consulta por videochamada\"}]},{\"@type\":\"WebSite\",\"@id\":\"https:\/\/martinezcaballeroabogados.com\/pt-pt\/#website\",\"url\":\"https:\/\/martinezcaballeroabogados.com\/pt-pt\/\",\"name\":\"Martinez & Caballero Abogados\",\"description\":\"Advogados abrangentes em Barcelona\",\"publisher\":{\"@id\":\"https:\/\/martinezcaballeroabogados.com\/pt-pt\/#organization\"},\"potentialAction\":[{\"@type\":\"SearchAction\",\"target\":{\"@type\":\"EntryPoint\",\"urlTemplate\":\"https:\/\/martinezcaballeroabogados.com\/pt-pt\/?s={search_term_string}\"},\"query-input\":{\"@type\":\"PropertyValueSpecification\",\"valueRequired\":true,\"valueName\":\"search_term_string\"}}],\"inLanguage\":\"pt-PT\"},{\"@type\":\"Organization\",\"@id\":\"https:\/\/martinezcaballeroabogados.com\/pt-pt\/#organization\",\"name\":\"Martinez & Caballero Abogados\",\"url\":\"https:\/\/martinezcaballeroabogados.com\/pt-pt\/\",\"logo\":{\"@type\":\"ImageObject\",\"inLanguage\":\"pt-PT\",\"@id\":\"https:\/\/martinezcaballeroabogados.com\/pt-pt\/#\/schema\/logo\/image\/\",\"url\":\"https:\/\/martinezcaballeroabogados.com\/wp-content\/uploads\/2020\/02\/cropped-cropped-logo-mc-abogados-web-1-e1497812507401-1.png\",\"contentUrl\":\"https:\/\/martinezcaballeroabogados.com\/wp-content\/uploads\/2020\/02\/cropped-cropped-logo-mc-abogados-web-1-e1497812507401-1.png\",\"width\":300,\"height\":150,\"caption\":\"Martinez & Caballero Abogados\"},\"image\":{\"@id\":\"https:\/\/martinezcaballeroabogados.com\/pt-pt\/#\/schema\/logo\/image\/\"},\"sameAs\":[\"https:\/\/www.facebook.com\/martinezcaballeroabogados\/\",\"https:\/\/x.com\/MC_abogados_\",\"https:\/\/www.instagram.com\/extranjeriabarcelonaabogados\/\"]}]}<\/script>\n<!-- \/ Yoast SEO plugin. -->","yoast_head_json":{"title":"Consulta por videochamada - Martinez Caballero Abogados","description":"Pode aceder a todos os nossos servi\u00e7os atrav\u00e9s de uma consulta por v\u00eddeo-chamada, sem ter de viajar, ou a partir do seu pa\u00eds de origem.","robots":{"index":"index","follow":"follow","max-snippet":"max-snippet:-1","max-image-preview":"max-image-preview:large","max-video-preview":"max-video-preview:-1"},"canonical":"https:\/\/martinezcaballeroabogados.com\/pt-pt\/producto\/videochamada-consulta\/","og_locale":"pt_PT","og_type":"article","og_title":"Consulta por videochamada - Martinez Caballero Abogados","og_description":"Pode aceder a todos os nossos servi\u00e7os atrav\u00e9s de uma consulta por v\u00eddeo-chamada, sem ter de viajar, ou a partir do seu pa\u00eds de origem.","og_url":"https:\/\/martinezcaballeroabogados.com\/pt-pt\/producto\/videochamada-consulta\/","og_site_name":"Martinez Caballero Abogados","article_publisher":"https:\/\/www.facebook.com\/martinezcaballeroabogados\/","article_modified_time":"2023-07-14T08:22:47+00:00","og_image":[{"width":1080,"height":1174,"url":"https:\/\/martinezcaballeroabogados.com\/wp-content\/uploads\/2023\/03\/videollamada-producto-portugues.webp","type":"image\/webp"}],"twitter_card":"summary_large_image","twitter_site":"@MC_abogados_","schema":{"@context":"https:\/\/schema.org","@graph":[{"@type":"WebPage","@id":"https:\/\/martinezcaballeroabogados.com\/pt-pt\/producto\/videochamada-consulta\/","url":"https:\/\/martinezcaballeroabogados.com\/pt-pt\/producto\/videochamada-consulta\/","name":"Consulta por videochamada - Martinez Caballero Abogados","isPartOf":{"@id":"https:\/\/martinezcaballeroabogados.com\/pt-pt\/#website"},"primaryImageOfPage":{"@id":"https:\/\/martinezcaballeroabogados.com\/pt-pt\/producto\/videochamada-consulta\/#primaryimage"},"image":{"@id":"https:\/\/martinezcaballeroabogados.com\/pt-pt\/producto\/videochamada-consulta\/#primaryimage"},"thumbnailUrl":"https:\/\/martinezcaballeroabogados.com\/wp-content\/uploads\/2023\/03\/videollamada-producto-portugues.webp","datePublished":"2021-10-11T16:03:26+00:00","dateModified":"2023-07-14T08:22:47+00:00","description":"Pode aceder a todos os nossos servi\u00e7os atrav\u00e9s de uma consulta por v\u00eddeo-chamada, sem ter de viajar, ou a partir do seu pa\u00eds de origem.","breadcrumb":{"@id":"https:\/\/martinezcaballeroabogados.com\/pt-pt\/producto\/videochamada-consulta\/#breadcrumb"},"inLanguage":"pt-PT","potentialAction":[{"@type":"ReadAction","target":["https:\/\/martinezcaballeroabogados.com\/pt-pt\/producto\/videochamada-consulta\/"]}]},{"@type":"ImageObject","inLanguage":"pt-PT","@id":"https:\/\/martinezcaballeroabogados.com\/pt-pt\/producto\/videochamada-consulta\/#primaryimage","url":"https:\/\/martinezcaballeroabogados.com\/wp-content\/uploads\/2023\/03\/videollamada-producto-portugues.webp","contentUrl":"https:\/\/martinezcaballeroabogados.com\/wp-content\/uploads\/2023\/03\/videollamada-producto-portugues.webp","width":1080,"height":1174},{"@type":"BreadcrumbList","@id":"https:\/\/martinezcaballeroabogados.com\/pt-pt\/producto\/videochamada-consulta\/#breadcrumb","itemListElement":[{"@type":"ListItem","position":1,"name":"Portada","item":"https:\/\/martinezcaballeroabogados.com\/pt-pt\/advogados-em-barcelona\/"},{"@type":"ListItem","position":2,"name":"Consulta por videochamada"}]},{"@type":"WebSite","@id":"https:\/\/martinezcaballeroabogados.com\/pt-pt\/#website","url":"https:\/\/martinezcaballeroabogados.com\/pt-pt\/","name":"Martinez & Caballero Abogados","description":"Advogados abrangentes em Barcelona","publisher":{"@id":"https:\/\/martinezcaballeroabogados.com\/pt-pt\/#organization"},"potentialAction":[{"@type":"SearchAction","target":{"@type":"EntryPoint","urlTemplate":"https:\/\/martinezcaballeroabogados.com\/pt-pt\/?s={search_term_string}"},"query-input":{"@type":"PropertyValueSpecification","valueRequired":true,"valueName":"search_term_string"}}],"inLanguage":"pt-PT"},{"@type":"Organization","@id":"https:\/\/martinezcaballeroabogados.com\/pt-pt\/#organization","name":"Martinez & Caballero Abogados","url":"https:\/\/martinezcaballeroabogados.com\/pt-pt\/","logo":{"@type":"ImageObject","inLanguage":"pt-PT","@id":"https:\/\/martinezcaballeroabogados.com\/pt-pt\/#\/schema\/logo\/image\/","url":"https:\/\/martinezcaballeroabogados.com\/wp-content\/uploads\/2020\/02\/cropped-cropped-logo-mc-abogados-web-1-e1497812507401-1.png","contentUrl":"https:\/\/martinezcaballeroabogados.com\/wp-content\/uploads\/2020\/02\/cropped-cropped-logo-mc-abogados-web-1-e1497812507401-1.png","width":300,"height":150,"caption":"Martinez & Caballero Abogados"},"image":{"@id":"https:\/\/martinezcaballeroabogados.com\/pt-pt\/#\/schema\/logo\/image\/"},"sameAs":["https:\/\/www.facebook.com\/martinezcaballeroabogados\/","https:\/\/x.com\/MC_abogados_","https:\/\/www.instagram.com\/extranjeriabarcelonaabogados\/"]}]}},"_links":{"self":[{"href":"https:\/\/martinezcaballeroabogados.com\/pt-pt\/wp-json\/wp\/v2\/product\/11952","targetHints":{"allow":["GET"]}}],"collection":[{"href":"https:\/\/martinezcaballeroabogados.com\/pt-pt\/wp-json\/wp\/v2\/product"}],"about":[{"href":"https:\/\/martinezcaballeroabogados.com\/pt-pt\/wp-json\/wp\/v2\/types\/product"}],"replies":[{"embeddable":true,"href":"https:\/\/martinezcaballeroabogados.com\/pt-pt\/wp-json\/wp\/v2\/comments?post=11952"}],"version-history":[{"count":1,"href":"https:\/\/martinezcaballeroabogados.com\/pt-pt\/wp-json\/wp\/v2\/product\/11952\/revisions"}],"predecessor-version":[{"id":12716,"href":"https:\/\/martinezcaballeroabogados.com\/pt-pt\/wp-json\/wp\/v2\/product\/11952\/revisions\/12716"}],"wp:featuredmedia":[{"embeddable":true,"href":"https:\/\/martinezcaballeroabogados.com\/pt-pt\/wp-json\/wp\/v2\/media\/7933"}],"wp:attachment":[{"href":"https:\/\/martinezcaballeroabogados.com\/pt-pt\/wp-json\/wp\/v2\/media?parent=11952"}],"wp:term":[{"taxonomy":"product_brand","embeddable":true,"href":"https:\/\/martinezcaballeroabogados.com\/pt-pt\/wp-json\/wp\/v2\/product_brand?post=11952"},{"taxonomy":"product_cat","embeddable":true,"href":"https:\/\/martinezcaballeroabogados.com\/pt-pt\/wp-json\/wp\/v2\/product_cat?post=11952"},{"taxonomy":"product_tag","embeddable":true,"href":"https:\/\/martinezcaballeroabogados.com\/pt-pt\/wp-json\/wp\/v2\/product_tag?post=11952"}],"curies":[{"name":"wp","href":"https:\/\/api.w.org\/{rel}","templated":true}]}}