{"id":9837,"date":"2022-06-20T10:47:02","date_gmt":"2022-06-20T10:47:02","guid":{"rendered":"https:\/\/martinezcaballeroabogados.com\/obrigado-pelo-aluguer\/"},"modified":"2025-06-01T14:37:40","modified_gmt":"2025-06-01T14:37:40","slug":"obrigado-pelo-aluguer","status":"publish","type":"page","link":"https:\/\/martinezcaballeroabogados.com\/pt-pt\/obrigado-pelo-aluguer\/","title":{"rendered":"obrigado pelo aluguer"},"content":{"rendered":"\t\t<div data-elementor-type=\"wp-page\" data-elementor-id=\"9837\" class=\"elementor elementor-9837 elementor-6820\" data-elementor-post-type=\"page\">\n\t\t\t\t\t\t<section class=\"elementor-section elementor-top-section elementor-element elementor-element-bb5caf6 elementor-section-boxed elementor-section-height-default elementor-section-height-default\" data-id=\"bb5caf6\" data-element_type=\"section\" data-e-type=\"section\">\n\t\t\t\t\t\t<div class=\"elementor-container elementor-column-gap-extended\">\n\t\t\t\t\t<div class=\"elementor-column elementor-col-100 elementor-top-column elementor-element elementor-element-0fa3888 sc_inner_width_none sc_layouts_column_icons_position_left\" data-id=\"0fa3888\" data-element_type=\"column\" data-e-type=\"column\">\n\t\t\t<div class=\"elementor-widget-wrap elementor-element-populated\">\n\t\t\t\t\t\t<div class=\"elementor-element elementor-element-e9da2b9 sc_fly_static elementor-widget elementor-widget-spacer\" data-id=\"e9da2b9\" data-element_type=\"widget\" data-e-type=\"widget\" data-widget_type=\"spacer.default\">\n\t\t\t\t<div class=\"elementor-widget-container\">\n\t\t\t\t\t\t\t<div class=\"elementor-spacer\">\n\t\t\t<div class=\"elementor-spacer-inner\"><\/div>\n\t\t<\/div>\n\t\t\t\t\t\t<\/div>\n\t\t\t\t<\/div>\n\t\t\t\t<div class=\"elementor-element elementor-element-dee47d6 sc_fly_static elementor-widget elementor-widget-heading\" data-id=\"dee47d6\" data-element_type=\"widget\" data-e-type=\"widget\" data-widget_type=\"heading.default\">\n\t\t\t\t<div class=\"elementor-widget-container\">\n\t\t\t\t\t<h1 class=\"elementor-heading-title elementor-size-default\">Obrigado por nos contactar! Tomou a decis\u00e3o correcta.<\/h1>\t\t\t\t<\/div>\n\t\t\t\t<\/div>\n\t\t\t\t<div class=\"elementor-element elementor-element-6454996 sc_layouts_hide_on_wide sc_layouts_hide_on_desktop sc_layouts_hide_on_notebook sc_layouts_hide_on_tablet sc_fly_static elementor-widget elementor-widget-heading\" data-id=\"6454996\" data-element_type=\"widget\" data-e-type=\"widget\" data-widget_type=\"heading.default\">\n\t\t\t\t<div class=\"elementor-widget-container\">\n\t\t\t\t\t<h2 class=\"elementor-heading-title elementor-size-default\"><br>Receber\u00e1s em breve uma chamada dos nossos especialistas.<\/h2>\t\t\t\t<\/div>\n\t\t\t\t<\/div>\n\t\t\t\t<div class=\"elementor-element elementor-element-0b55b70 sc_layouts_hide_on_mobile sc_fly_static elementor-widget elementor-widget-heading\" data-id=\"0b55b70\" data-element_type=\"widget\" data-e-type=\"widget\" data-widget_type=\"heading.default\">\n\t\t\t\t<div class=\"elementor-widget-container\">\n\t\t\t\t\t<h2 class=\"elementor-heading-title elementor-size-default\">Em breve receber\u00e1 uma chamada dos nossos especialistas.<\/h2>\t\t\t\t<\/div>\n\t\t\t\t<\/div>\n\t\t\t\t<div class=\"elementor-element elementor-element-f06e125 sc_fly_static elementor-widget elementor-widget-text-editor\" data-id=\"f06e125\" data-element_type=\"widget\" data-e-type=\"widget\" data-widget_type=\"text-editor.default\">\n\t\t\t\t<div class=\"elementor-widget-container\">\n\t\t\t\t\t\t\t\t\t<p><span style=\"color: #000000;\">Alugando com Martinez Caballero Abogados, os seus dados e os da sua fam\u00edlia ficar\u00e3o protegidos e seguros.<\/span><\/p><p><span style=\"color: #000000;\">Segue-nos nas redes sociais e acede \u00e0s vantagens de estar ligado a Mart\u00ednez &amp; Caballero Abogados.<\/span><\/p>\t\t\t\t\t\t\t\t<\/div>\n\t\t\t\t<\/div>\n\t\t\t\t<div class=\"elementor-element elementor-element-8d83712 sc_fly_static elementor-widget elementor-widget-trx_sc_socials\" data-id=\"8d83712\" data-element_type=\"widget\" data-e-type=\"widget\" data-widget_type=\"trx_sc_socials.default\">\n\t\t\t\t<div class=\"elementor-widget-container\">\n\t\t\t\t\t<div  id=\"trx_sc_socials_1251018786\" \n\t\tclass=\"sc_socials sc_socials_default sc_align_none\"><div class=\"socials_wrap\"><a target=\"_blank\" href=\"https:\/\/www.youtube.com\/@martinezcaballeroabogados8092\" class=\"social_item social_item_style_icons sc_icon_type_icons social_item_type_icons\"><span class=\"social_icon social_icon_youtube\"><span class=\"icon-youtube\"><\/span><\/span><\/a><a target=\"_blank\" href=\"https:\/\/www.instagram.com\/martinezcaballeroabogados\/\" class=\"social_item social_item_style_icons sc_icon_type_icons social_item_type_icons\"><span class=\"social_icon social_icon_instagramm\"><span class=\"icon-instagramm\"><\/span><\/span><\/a><a target=\"_blank\" href=\"https:\/\/www.linkedin.com\/company\/mart%C3%ADnezcaballeroabogados\/\" class=\"social_item social_item_style_icons sc_icon_type_icons social_item_type_icons\"><span class=\"social_icon social_icon_linkedin\"><span class=\"icon-linkedin\"><\/span><\/span><\/a><a target=\"_blank\" href=\"https:\/\/www.facebook.com\/abogadosmartinezcaballero\" class=\"social_item social_item_style_icons sc_icon_type_icons social_item_type_icons\"><span class=\"social_icon social_icon_facebook\"><span class=\"icon-facebook\"><\/span><\/span><\/a><\/div><!-- \/.socials_wrap --><\/div><!-- \/.sc_socials -->\t\t\t\t<\/div>\n\t\t\t\t<\/div>\n\t\t\t\t<div class=\"elementor-element elementor-element-90fe56e sc_fly_static elementor-widget elementor-widget-text-editor\" data-id=\"90fe56e\" data-element_type=\"widget\" data-e-type=\"widget\" data-widget_type=\"text-editor.default\">\n\t\t\t\t<div class=\"elementor-widget-container\">\n\t\t\t\t\t\t\t\t\t<p><a href=\"https:\/\/martinezcaballeroabogados.com\/pt-pt\/como-apresentar-a-sua-declaracao-de-impostos\/\">Voltar ao topo<\/a><\/p>\t\t\t\t\t\t\t\t<\/div>\n\t\t\t\t<\/div>\n\t\t\t\t<div class=\"elementor-element elementor-element-7c26f9d sc_fly_static elementor-widget elementor-widget-spacer\" data-id=\"7c26f9d\" data-element_type=\"widget\" data-e-type=\"widget\" data-widget_type=\"spacer.default\">\n\t\t\t\t<div class=\"elementor-widget-container\">\n\t\t\t\t\t\t\t<div class=\"elementor-spacer\">\n\t\t\t<div class=\"elementor-spacer-inner\"><\/div>\n\t\t<\/div>\n\t\t\t\t\t\t<\/div>\n\t\t\t\t<\/div>\n\t\t\t\t\t<\/div>\n\t\t<\/div>\n\t\t\t\t\t<\/div>\n\t\t<\/section>\n\t\t\t\t<\/div>\n\t\t","protected":false},"excerpt":{"rendered":"<p>Obrigado por nos contactar! Tomou a decis\u00e3o correcta. Receber\u00e1s em breve uma chamada dos nossos especialistas. Em breve receber\u00e1 uma chamada dos nossos especialistas. Alugando com Martinez Caballero Abogados, os seus dados e os da sua fam\u00edlia ficar\u00e3o protegidos e seguros. Segue-nos nas redes sociais e acede \u00e0s vantagens de estar ligado a Mart\u00ednez &amp; Caballero Abogados. Voltar ao topo<\/p>\n","protected":false},"author":1,"featured_media":0,"parent":0,"menu_order":0,"comment_status":"closed","ping_status":"closed","template":"","meta":{"_monsterinsights_skip_tracking":false,"_monsterinsights_sitenote_active":false,"_monsterinsights_sitenote_note":"","_monsterinsights_sitenote_category":0,"_joinchat":[],"footnotes":""},"class_list":["post-9837","page","type-page","status-publish","hentry"],"yoast_head":"<!-- This site is optimized with the Yoast SEO plugin v26.8 - https:\/\/yoast.com\/product\/yoast-seo-wordpress\/ -->\n<title>obrigado pelo aluguer - Martinez Caballero Abogados<\/title>\n<meta name=\"description\" content=\"Obrigado por nos contactar para a sua declara\u00e7\u00e3o de impostos. Entraremos em contacto consigo em breve para iniciar a sua declara\u00e7\u00e3o de impostos.\" \/>\n<meta name=\"robots\" content=\"index, follow, max-snippet:-1, max-image-preview:large, max-video-preview:-1\" \/>\n<link rel=\"canonical\" href=\"https:\/\/martinezcaballeroabogados.com\/pt-pt\/obrigado-pelo-aluguer\/\" \/>\n<meta property=\"og:locale\" content=\"pt_PT\" \/>\n<meta property=\"og:type\" content=\"article\" \/>\n<meta property=\"og:title\" content=\"obrigado pelo aluguer - Martinez Caballero Abogados\" \/>\n<meta property=\"og:description\" content=\"Obrigado por nos contactar para a sua declara\u00e7\u00e3o de impostos. Entraremos em contacto consigo em breve para iniciar a sua declara\u00e7\u00e3o de impostos.\" \/>\n<meta property=\"og:url\" content=\"https:\/\/martinezcaballeroabogados.com\/pt-pt\/obrigado-pelo-aluguer\/\" \/>\n<meta property=\"og:site_name\" content=\"Martinez Caballero Abogados\" \/>\n<meta property=\"article:publisher\" content=\"https:\/\/www.facebook.com\/martinezcaballeroabogados\/\" \/>\n<meta property=\"article:modified_time\" content=\"2025-06-01T14:37:40+00:00\" \/>\n<meta name=\"twitter:card\" content=\"summary_large_image\" \/>\n<meta name=\"twitter:site\" content=\"@MC_abogados_\" \/>\n<script type=\"application\/ld+json\" class=\"yoast-schema-graph\">{\"@context\":\"https:\/\/schema.org\",\"@graph\":[{\"@type\":\"WebPage\",\"@id\":\"https:\/\/martinezcaballeroabogados.com\/pt-pt\/obrigado-pelo-aluguer\/\",\"url\":\"https:\/\/martinezcaballeroabogados.com\/pt-pt\/obrigado-pelo-aluguer\/\",\"name\":\"obrigado pelo aluguer - Martinez Caballero Abogados\",\"isPartOf\":{\"@id\":\"https:\/\/martinezcaballeroabogados.com\/pt-pt\/#website\"},\"datePublished\":\"2022-06-20T10:47:02+00:00\",\"dateModified\":\"2025-06-01T14:37:40+00:00\",\"description\":\"Obrigado por nos contactar para a sua declara\u00e7\u00e3o de impostos. Entraremos em contacto consigo em breve para iniciar a sua declara\u00e7\u00e3o de impostos.\",\"breadcrumb\":{\"@id\":\"https:\/\/martinezcaballeroabogados.com\/pt-pt\/obrigado-pelo-aluguer\/#breadcrumb\"},\"inLanguage\":\"pt-PT\",\"potentialAction\":[{\"@type\":\"ReadAction\",\"target\":[\"https:\/\/martinezcaballeroabogados.com\/pt-pt\/obrigado-pelo-aluguer\/\"]}]},{\"@type\":\"BreadcrumbList\",\"@id\":\"https:\/\/martinezcaballeroabogados.com\/pt-pt\/obrigado-pelo-aluguer\/#breadcrumb\",\"itemListElement\":[{\"@type\":\"ListItem\",\"position\":1,\"name\":\"Portada\",\"item\":\"https:\/\/martinezcaballeroabogados.com\/pt-pt\/advogados-em-barcelona\/\"},{\"@type\":\"ListItem\",\"position\":2,\"name\":\"obrigado pelo aluguer\"}]},{\"@type\":\"WebSite\",\"@id\":\"https:\/\/martinezcaballeroabogados.com\/pt-pt\/#website\",\"url\":\"https:\/\/martinezcaballeroabogados.com\/pt-pt\/\",\"name\":\"Martinez & Caballero Abogados\",\"description\":\"Advogados abrangentes em Barcelona\",\"publisher\":{\"@id\":\"https:\/\/martinezcaballeroabogados.com\/pt-pt\/#organization\"},\"potentialAction\":[{\"@type\":\"SearchAction\",\"target\":{\"@type\":\"EntryPoint\",\"urlTemplate\":\"https:\/\/martinezcaballeroabogados.com\/pt-pt\/?s={search_term_string}\"},\"query-input\":{\"@type\":\"PropertyValueSpecification\",\"valueRequired\":true,\"valueName\":\"search_term_string\"}}],\"inLanguage\":\"pt-PT\"},{\"@type\":\"Organization\",\"@id\":\"https:\/\/martinezcaballeroabogados.com\/pt-pt\/#organization\",\"name\":\"Martinez & Caballero Abogados\",\"url\":\"https:\/\/martinezcaballeroabogados.com\/pt-pt\/\",\"logo\":{\"@type\":\"ImageObject\",\"inLanguage\":\"pt-PT\",\"@id\":\"https:\/\/martinezcaballeroabogados.com\/pt-pt\/#\/schema\/logo\/image\/\",\"url\":\"https:\/\/martinezcaballeroabogados.com\/wp-content\/uploads\/2020\/02\/cropped-cropped-logo-mc-abogados-web-1-e1497812507401-1.png\",\"contentUrl\":\"https:\/\/martinezcaballeroabogados.com\/wp-content\/uploads\/2020\/02\/cropped-cropped-logo-mc-abogados-web-1-e1497812507401-1.png\",\"width\":300,\"height\":150,\"caption\":\"Martinez & Caballero Abogados\"},\"image\":{\"@id\":\"https:\/\/martinezcaballeroabogados.com\/pt-pt\/#\/schema\/logo\/image\/\"},\"sameAs\":[\"https:\/\/www.facebook.com\/martinezcaballeroabogados\/\",\"https:\/\/x.com\/MC_abogados_\",\"https:\/\/www.instagram.com\/extranjeriabarcelonaabogados\/\"]}]}<\/script>\n<!-- \/ Yoast SEO plugin. -->","yoast_head_json":{"title":"obrigado pelo aluguer - Martinez Caballero Abogados","description":"Obrigado por nos contactar para a sua declara\u00e7\u00e3o de impostos. Entraremos em contacto consigo em breve para iniciar a sua declara\u00e7\u00e3o de impostos.","robots":{"index":"index","follow":"follow","max-snippet":"max-snippet:-1","max-image-preview":"max-image-preview:large","max-video-preview":"max-video-preview:-1"},"canonical":"https:\/\/martinezcaballeroabogados.com\/pt-pt\/obrigado-pelo-aluguer\/","og_locale":"pt_PT","og_type":"article","og_title":"obrigado pelo aluguer - Martinez Caballero Abogados","og_description":"Obrigado por nos contactar para a sua declara\u00e7\u00e3o de impostos. Entraremos em contacto consigo em breve para iniciar a sua declara\u00e7\u00e3o de impostos.","og_url":"https:\/\/martinezcaballeroabogados.com\/pt-pt\/obrigado-pelo-aluguer\/","og_site_name":"Martinez Caballero Abogados","article_publisher":"https:\/\/www.facebook.com\/martinezcaballeroabogados\/","article_modified_time":"2025-06-01T14:37:40+00:00","twitter_card":"summary_large_image","twitter_site":"@MC_abogados_","schema":{"@context":"https:\/\/schema.org","@graph":[{"@type":"WebPage","@id":"https:\/\/martinezcaballeroabogados.com\/pt-pt\/obrigado-pelo-aluguer\/","url":"https:\/\/martinezcaballeroabogados.com\/pt-pt\/obrigado-pelo-aluguer\/","name":"obrigado pelo aluguer - Martinez Caballero Abogados","isPartOf":{"@id":"https:\/\/martinezcaballeroabogados.com\/pt-pt\/#website"},"datePublished":"2022-06-20T10:47:02+00:00","dateModified":"2025-06-01T14:37:40+00:00","description":"Obrigado por nos contactar para a sua declara\u00e7\u00e3o de impostos. Entraremos em contacto consigo em breve para iniciar a sua declara\u00e7\u00e3o de impostos.","breadcrumb":{"@id":"https:\/\/martinezcaballeroabogados.com\/pt-pt\/obrigado-pelo-aluguer\/#breadcrumb"},"inLanguage":"pt-PT","potentialAction":[{"@type":"ReadAction","target":["https:\/\/martinezcaballeroabogados.com\/pt-pt\/obrigado-pelo-aluguer\/"]}]},{"@type":"BreadcrumbList","@id":"https:\/\/martinezcaballeroabogados.com\/pt-pt\/obrigado-pelo-aluguer\/#breadcrumb","itemListElement":[{"@type":"ListItem","position":1,"name":"Portada","item":"https:\/\/martinezcaballeroabogados.com\/pt-pt\/advogados-em-barcelona\/"},{"@type":"ListItem","position":2,"name":"obrigado pelo aluguer"}]},{"@type":"WebSite","@id":"https:\/\/martinezcaballeroabogados.com\/pt-pt\/#website","url":"https:\/\/martinezcaballeroabogados.com\/pt-pt\/","name":"Martinez & Caballero Abogados","description":"Advogados abrangentes em Barcelona","publisher":{"@id":"https:\/\/martinezcaballeroabogados.com\/pt-pt\/#organization"},"potentialAction":[{"@type":"SearchAction","target":{"@type":"EntryPoint","urlTemplate":"https:\/\/martinezcaballeroabogados.com\/pt-pt\/?s={search_term_string}"},"query-input":{"@type":"PropertyValueSpecification","valueRequired":true,"valueName":"search_term_string"}}],"inLanguage":"pt-PT"},{"@type":"Organization","@id":"https:\/\/martinezcaballeroabogados.com\/pt-pt\/#organization","name":"Martinez & Caballero Abogados","url":"https:\/\/martinezcaballeroabogados.com\/pt-pt\/","logo":{"@type":"ImageObject","inLanguage":"pt-PT","@id":"https:\/\/martinezcaballeroabogados.com\/pt-pt\/#\/schema\/logo\/image\/","url":"https:\/\/martinezcaballeroabogados.com\/wp-content\/uploads\/2020\/02\/cropped-cropped-logo-mc-abogados-web-1-e1497812507401-1.png","contentUrl":"https:\/\/martinezcaballeroabogados.com\/wp-content\/uploads\/2020\/02\/cropped-cropped-logo-mc-abogados-web-1-e1497812507401-1.png","width":300,"height":150,"caption":"Martinez & Caballero Abogados"},"image":{"@id":"https:\/\/martinezcaballeroabogados.com\/pt-pt\/#\/schema\/logo\/image\/"},"sameAs":["https:\/\/www.facebook.com\/martinezcaballeroabogados\/","https:\/\/x.com\/MC_abogados_","https:\/\/www.instagram.com\/extranjeriabarcelonaabogados\/"]}]}},"_links":{"self":[{"href":"https:\/\/martinezcaballeroabogados.com\/pt-pt\/wp-json\/wp\/v2\/pages\/9837","targetHints":{"allow":["GET"]}}],"collection":[{"href":"https:\/\/martinezcaballeroabogados.com\/pt-pt\/wp-json\/wp\/v2\/pages"}],"about":[{"href":"https:\/\/martinezcaballeroabogados.com\/pt-pt\/wp-json\/wp\/v2\/types\/page"}],"author":[{"embeddable":true,"href":"https:\/\/martinezcaballeroabogados.com\/pt-pt\/wp-json\/wp\/v2\/users\/1"}],"replies":[{"embeddable":true,"href":"https:\/\/martinezcaballeroabogados.com\/pt-pt\/wp-json\/wp\/v2\/comments?post=9837"}],"version-history":[{"count":3,"href":"https:\/\/martinezcaballeroabogados.com\/pt-pt\/wp-json\/wp\/v2\/pages\/9837\/revisions"}],"predecessor-version":[{"id":21336,"href":"https:\/\/martinezcaballeroabogados.com\/pt-pt\/wp-json\/wp\/v2\/pages\/9837\/revisions\/21336"}],"wp:attachment":[{"href":"https:\/\/martinezcaballeroabogados.com\/pt-pt\/wp-json\/wp\/v2\/media?parent=9837"}],"curies":[{"name":"wp","href":"https:\/\/api.w.org\/{rel}","templated":true}]}}