{"id":8372,"date":"2020-03-04T22:59:31","date_gmt":"2020-03-04T22:59:31","guid":{"rendered":"https:\/\/martinezcaballeroabogados.com\/politica-de-bolachas\/"},"modified":"2025-06-30T10:25:56","modified_gmt":"2025-06-30T10:25:56","slug":"politica-de-bolachas","status":"publish","type":"page","link":"https:\/\/martinezcaballeroabogados.com\/pt-pt\/politica-de-bolachas\/","title":{"rendered":"Pol\u00edtica de bolachas"},"content":{"rendered":"\t\t<div data-elementor-type=\"wp-post\" data-elementor-id=\"8372\" class=\"elementor elementor-8372 elementor-3236\" data-elementor-post-type=\"page\">\n\t\t\t\t\t\t<section class=\"elementor-section elementor-top-section elementor-element elementor-element-5c147bee elementor-section-boxed elementor-section-height-default elementor-section-height-default\" data-id=\"5c147bee\" data-element_type=\"section\" data-e-type=\"section\" data-settings=\"{&quot;background_background&quot;:&quot;classic&quot;}\">\n\t\t\t\t\t\t<div class=\"elementor-container elementor-column-gap-extended\">\n\t\t\t\t\t<div class=\"elementor-column elementor-col-100 elementor-top-column elementor-element elementor-element-16063d6f sc_inner_width_none sc_layouts_column_icons_position_left\" data-id=\"16063d6f\" data-element_type=\"column\" data-e-type=\"column\">\n\t\t\t<div class=\"elementor-widget-wrap elementor-element-populated\">\n\t\t\t\t\t\t<div class=\"elementor-element elementor-element-7455919 sc_fly_static elementor-widget elementor-widget-spacer\" data-id=\"7455919\" data-element_type=\"widget\" data-e-type=\"widget\" data-widget_type=\"spacer.default\">\n\t\t\t\t<div class=\"elementor-widget-container\">\n\t\t\t\t\t\t\t<div class=\"elementor-spacer\">\n\t\t\t<div class=\"elementor-spacer-inner\"><\/div>\n\t\t<\/div>\n\t\t\t\t\t\t<\/div>\n\t\t\t\t<\/div>\n\t\t\t\t<div class=\"elementor-element elementor-element-0b6be3c sc_fly_static elementor-widget elementor-widget-heading\" data-id=\"0b6be3c\" data-element_type=\"widget\" data-e-type=\"widget\" data-widget_type=\"heading.default\">\n\t\t\t\t<div class=\"elementor-widget-container\">\n\t\t\t\t\t<h1 class=\"elementor-heading-title elementor-size-default\">Pol\u00edtica de bolachas<\/h1>\t\t\t\t<\/div>\n\t\t\t\t<\/div>\n\t\t\t\t<div class=\"elementor-element elementor-element-46dbddf7 sc_fly_static elementor-widget elementor-widget-text-editor\" data-id=\"46dbddf7\" data-element_type=\"widget\" data-e-type=\"widget\" data-widget_type=\"text-editor.default\">\n\t\t\t\t<div class=\"elementor-widget-container\">\n\t\t\t\t\t\t\t\t\t<p>Um &#8220;Cookie&#8221; \u00e9 um pequeno ficheiro que \u00e9 armazenado no computador do utilizador e que nos permite reconhecer o utilizador. O conjunto de cookies ajuda-nos a melhorar a qualidade do nosso website, permitindo-nos controlar quais as p\u00e1ginas que os nossos utilizadores consideram \u00fateis e quais as que n\u00e3o consideram.<\/p>\n<p>Os cookies s\u00e3o essenciais para o funcionamento da Internet, proporcionando in\u00fameras vantagens na presta\u00e7\u00e3o de servi\u00e7os interactivos, facilitando a navega\u00e7\u00e3o e a usabilidade do nosso website. Note que os cookies n\u00e3o podem danificar o seu computador e que, se os cookies estiverem activados, ajudam-nos a identificar e a resolver erros.<\/p>\n<p>As informa\u00e7\u00f5es fornecidas abaixo ajud\u00e1-lo-\u00e3o a compreender os diferentes tipos de cookies:<\/p>\n<ul>\n<li><b>Cookies de sess\u00e3o:<\/b> s\u00e3o cookies tempor\u00e1rios que permanecem no arquivo de cookies do teu navegador at\u00e9 sa\u00edres do site, pelo que nenhum deles fica registado no disco r\u00edgido do utilizador. A informa\u00e7\u00e3o obtida atrav\u00e9s destes cookies \u00e9 utilizada para analisar os padr\u00f5es de tr\u00e1fego da web. Em \u00faltima an\u00e1lise, isto permite-nos proporcionar uma melhor experi\u00eancia para melhorar o conte\u00fado e tornar mais f\u00e1cil a sua utiliza\u00e7\u00e3o.<\/li>\n<li><b>Cookies persistentes:<\/b> s\u00e3o armazenados no teu disco r\u00edgido e s\u00e3o lidos pelo nosso s\u00edtio Web sempre que fazes uma nova visita. Um cookie persistente tem uma data de validade fixa. O cookie deixar\u00e1 de funcionar ap\u00f3s essa data.<\/li>\n<\/ul>\n<p>Abaixo publicamos uma lista dos principais cookies utilizados no nosso website, distinguindo-os:<\/p>\n<ul>\n<li><b>Os cookies estritamente necess\u00e1rios<\/b>, por exemplo, os que s\u00e3o utilizados para uma navega\u00e7\u00e3o correta ou os que permitem servi\u00e7os solicitados pelo utilizador ou os que s\u00e3o utilizados para garantir que o conte\u00fado do s\u00edtio Web \u00e9 carregado de forma eficiente.<\/li>\n<li><b>Cookies de terceiros<\/b>, como os utilizados por redes sociais ou plugins de conte\u00fados externos.<\/li>\n<li><b>Cookies anal\u00edticos<\/b> Para fins de manuten\u00e7\u00e3o peri\u00f3dica e para garantir o melhor servi\u00e7o poss\u00edvel ao utilizador, os s\u00edtios Web recorrem normalmente a cookies &#8220;anal\u00edticos&#8221; para recolher dados estat\u00edsticos sobre a atividade.<\/li>\n<\/ul>\n<p><b>Garantias suplementares &#8211; Gest\u00e3o de bolachas:<\/b><\/p>\n<p><span style=\"font-weight: 400;\">Como garantia complementar \u00e0s descritas acima, o registo de cookies pode estar sujeito \u00e0 sua aceita\u00e7\u00e3o durante a instala\u00e7\u00e3o ou actualiza\u00e7\u00e3o do navegador utilizado, e esta aceita\u00e7\u00e3o pode ser revogada a qualquer momento atrav\u00e9s dos conte\u00fados dispon\u00edveis e das op\u00e7\u00f5es de configura\u00e7\u00e3o de privacidade.<\/span><\/p>\n<p><span style=\"font-weight: 400;\">Muitos browsers permitem-lhe activar um modo privado em que os cookies s\u00e3o sempre apagados ap\u00f3s a sua visita. Dependendo do navegador, este modo privado pode ter nomes diferentes. Abaixo encontrar\u00e1 uma lista dos navegadores mais comuns e os diferentes nomes deste &#8220;modo privado&#8221;:<\/span><\/p>\n<p><b>Internet Explorer 8<\/b><span style=\"font-weight: 400;\"> e superior; InPrivate <\/span><b>Safari 2<\/b><span style=\"font-weight: 400;\"> e superior; Navega\u00e7\u00e3o privada <\/span><b>Opera 10.5 e superior<\/b><span style=\"font-weight: 400;\"> e superior; Navega\u00e7\u00e3o Privada <\/span><b>FireFox 3.5<\/b><span style=\"font-weight: 400;\"> e superior; Navega\u00e7\u00e3o privada <\/span><b>Google Chrome 10<\/b><span style=\"font-weight: 400;\"> e superior; Navega\u00e7\u00e3o an\u00f3nima<\/span><\/p>\n<p><b>Importante:<\/b><span style=\"font-weight: 400;\">  L\u00ea atentamente a sec\u00e7\u00e3o de ajuda do teu browser para saberes mais sobre como ativar o &#8220;modo privado&#8221;. Continuar\u00e1s a poder visitar o nosso s\u00edtio Web mesmo que o teu browser esteja em &#8220;modo privado&#8221;.   <\/span><b>no entanto, a tua navega\u00e7\u00e3o no nosso s\u00edtio Web pode n\u00e3o ser a melhor e alguns utilit\u00e1rios podem n\u00e3o funcionar corretamente.<\/b><span style=\"font-weight: 400;\">.<\/span><\/p>\n<p><b>LISTA E DESCRI\u00c7\u00c3O DOS COOKIES QUE UTILIZAMOS NO S\u00cdTIO WEB:<\/b><\/p>\n<p>A tabela abaixo resume os cookies que utilizamos no nosso website:<\/p>\n<table border=\"1\">\n<tbody>\n<tr>\n<td><span style=\"color: #ffffff;\"><b>Biscoito<\/b><\/span><\/td>\n<td><span style=\"color: #ffffff;\"><b>Nome do utilizador<\/b><\/span><\/td>\n<td><span style=\"color: #ffffff;\"><b>Objetivo \/ Mais informa\u00e7\u00f5es<\/b><\/span><\/td>\n<td><span style=\"color: #ffffff;\"><b>Validade<\/b><\/span><\/td>\n<\/tr>\n<tr>\n<td> <\/td>\n<td><span style=\"color: #ffffff;\">419\u00aa6F17ACB<\/span><br><span style=\"color: #ffffff;\">2CAC9810D93<\/span><br><span style=\"color: #ffffff;\">1150D119930<\/span><\/td>\n<td><span style=\"color: #ffffff;\">Este cookie \u00e9 um identificador de sess\u00e3o fornecido pelo servidor.<\/span><\/td>\n<td> <\/td>\n<\/tr>\n<tr>\n<td> <\/td>\n<td><span style=\"color: #ffffff;\">cookieaccept<\/span><\/td>\n<td><span style=\"color: #ffffff;\">Guarda a aceita\u00e7\u00e3o do utilizador da instala\u00e7\u00e3o de cookies para que a mesma mensagem n\u00e3o seja mostrada repetidamente.<\/span><\/td>\n<td><span style=\"color: #ffffff;\">1 ano<\/span><\/td>\n<\/tr>\n<tr>\n<td><span style=\"color: #ffffff;\">Google Analytics<\/span><\/td>\n<td><span style=\"color: #ffffff;\">_utma<\/span><\/td>\n<td><span style=\"color: #ffffff;\"><b>PROTEC\u00c7\u00c3O DE DADOS DATAX, SL<\/b> apoia a utiliza\u00e7\u00e3o do Google Analytics no site para poder monitorizar a atividade realizada no mesmo.<\/span><\/td>\n<td><span style=\"color: #ffffff;\">2 anos<\/span><\/td>\n<\/tr>\n<tr>\n<td> <\/td>\n<td><span style=\"color: #ffffff;\">_utmb<\/span><\/td>\n<td><span style=\"color: #ffffff;\">Os cookies do Google Analytics recolhem informa\u00e7\u00f5es de registo padr\u00e3o e dados sobre os h\u00e1bitos dos visitantes de forma an\u00f3nima.<\/span><\/td>\n<td><span style=\"color: #ffffff;\">30 minutos<\/span><\/td>\n<\/tr>\n<tr>\n<td> <\/td>\n<td><span style=\"color: #ffffff;\">_utmc<\/span><\/td>\n<td><span style=\"color: #ffffff;\">Determina se \u00e9 necess\u00e1rio estabelecer uma nova sess\u00e3o<\/span><\/td>\n<td><span style=\"color: #ffffff;\">Sess\u00e3o<\/span><\/td>\n<\/tr>\n<tr>\n<td> <\/td>\n<td><span style=\"color: #ffffff;\">_utmt<\/span><\/td>\n<td><span style=\"color: #ffffff;\">Utilizado para processar o tipo de pedido solicitado pelo utilizador.<\/span><\/td>\n<td><span style=\"color: #ffffff;\">Sess\u00e3o<\/span><\/td>\n<\/tr>\n<tr>\n<td> <\/td>\n<td><span style=\"color: #ffffff;\">_utmz<\/span><\/td>\n<td><span style=\"color: #ffffff;\">Armazena a origem do visitante e o caminho percorrido para aceder ao s\u00edtio Web.<\/span><\/td>\n<td><span style=\"color: #ffffff;\">6 meses<\/span><\/td>\n<\/tr>\n<tr>\n<td> <\/td>\n<td><span style=\"color: #ffffff;\">_ga<\/span><\/td>\n<td><span style=\"color: #ffffff;\">Utilizado para distinguir os utilizadores.<\/span><\/td>\n<td><span style=\"color: #ffffff;\">2 anos<\/span><\/td>\n<\/tr>\n<tr>\n<td>&nbsp;<\/td>\n<td><span style=\"color: #ffffff;\">_gat<\/span><\/td>\n<td><span style=\"color: #ffffff;\">Utilizado para diferenciar entre os diferentes objectos de rastreio criados na sess\u00e3o. O cookie \u00e9 criado quando a biblioteca javascript \u00e9 carregada e n\u00e3o existe uma vers\u00e3o anterior do cookie _gat. O cookie \u00e9 actualizado cada vez que envia dados para o Google Analytics.<\/span><\/td>\n<td><span style=\"color: #ffffff;\">10 minutos<\/span><\/td>\n<\/tr>\n<tr>\n<td><span style=\"color: #ffffff;\">Cookies google.com<\/span><\/td>\n<td><span style=\"color: #ffffff;\">PREF<\/span><\/td>\n<td><span style=\"color: #ffffff;\">A utiliza\u00e7\u00e3o de servi\u00e7os baseados na localiza\u00e7\u00e3o, como o Google Maps, implica a instala\u00e7\u00e3o destes cookies.<\/span><\/td>\n<td><span style=\"color: #ffffff;\">2 anos<\/span><\/td>\n<\/tr>\n<tr>\n<td> <\/td>\n<td><span style=\"color: #ffffff;\">APISID<\/span><\/td>\n<td><span style=\"color: #ffffff;\">S\u00e3o utilizados para recordar as prefer\u00eancias do utilizador durante a navega\u00e7\u00e3o.<\/span><\/td>\n<td><span style=\"color: #ffffff;\">2 anos<\/span><\/td>\n<\/tr>\n<tr>\n<td> <\/td>\n<td><span style=\"color: #ffffff;\">SAPISID<\/span><\/td>\n<td> <\/td>\n<td><span style=\"color: #ffffff;\">2 anos<\/span><\/td>\n<\/tr>\n<tr>\n<td> <\/td>\n<td><span style=\"color: #ffffff;\">SSID<\/span><\/td>\n<td><span style=\"color: #ffffff;\">Tamb\u00e9m para a contagem do Google do n\u00famero de utilizadores que utilizam os mapas.<\/span><\/td>\n<td><span style=\"color: #ffffff;\">2 anos<\/span><\/td>\n<\/tr>\n<tr>\n<td> <\/td>\n<td><span style=\"color: #ffffff;\">NID<\/span><\/td>\n<td><span style=\"color: #ffffff;\">Para tornar a publicidade mais atractiva<\/span><\/td>\n<td><span style=\"color: #ffffff;\">6 meses<\/span><\/td>\n<\/tr>\n<tr>\n<td> <\/td>\n<td><span style=\"color: #ffffff;\">HSID, SID<\/span><\/td>\n<td><span style=\"color: #ffffff;\">E para fornecer mecanismos de seguran\u00e7a para impedir o acesso n\u00e3o autorizado aos dados de acesso dos utilizadores ou \u00e0s informa\u00e7\u00f5es fornecidas pelos utilizadores nos formul\u00e1rios de contacto.<\/span><\/td>\n<td><span style=\"color: #ffffff;\">2 anos<\/span><\/td>\n<\/tr>\n<tr>\n<td><span style=\"color: #ffffff;\">Cookies do Facebook<\/span><\/td>\n<td><span style=\"color: #ffffff;\">Lu, cuser, csm, fr, s, xs<\/span><\/td>\n<td><span style=\"color: #ffffff;\">Os seus objectivos est\u00e3o descritos em <a style=\"color: #ffffff;\" href=\"https:\/\/www.facebook.com\/policies\/cookies\/\" target=\"_blank\" rel=\"noopener\">www.facebook.com\/ help\/cookies<\/a><\/span><\/td>\n<td> <\/td>\n<\/tr>\n<tr>\n<td><span style=\"color: #ffffff;\">Conta Google<\/span><\/td>\n<td><span style=\"color: #ffffff;\">GAPS, LSID, LSOSID, UTMA, UTZ<\/span><\/td>\n<td><span style=\"color: #ffffff;\">Ferramenta Google+ atrav\u00e9s de bot\u00f5es de ac\u00e7\u00e3o para permitir ao utilizador partilhar conte\u00fado atrav\u00e9s do Google+. Estes cookies permitem ao Google autenticar se o site \u00e9 partilhado com este bot\u00e3o. Podes encontrar mais informa\u00e7\u00f5es sobre os cookies da Google em&nbsp;<a style=\"color: #ffffff;\" href=\"http:\/\/www.google.com\/intl\/es\/policies\/technologies\/types\" target=\"_blank\" rel=\"noopener\">www.google.com\/intl\/es\/ policies\/technologies\/types<\/a> (Ingl\u00eas)<\/span><\/td>\n<td>&nbsp;<\/td>\n<\/tr>\n<tr>\n<td><span style=\"color: #ffffff;\">GOOGLE APIS<\/span><\/td>\n<td>&nbsp;<\/td>\n<td><span style=\"color: #ffffff;\">Estes cookies do Google Maps registam a origem do utilizador, bem como as palavras-chave. Tamb\u00e9m \u00e9 gerado um prefixo \u00fanico, que \u00e9 utilizado para contar o n\u00famero de vezes que um utilizador visita o s\u00edtio.&nbsp;<a style=\"color: #ffffff;\" href=\"http:\/\/www.google.com\/intl\/es\/policies\/technologies\/types\" target=\"_blank\" rel=\"noopener\">www.google.com\/intl\/es\/ policies\/technologies\/types<\/a> (Ingl\u00eas)<\/span><\/td>\n<td>&nbsp;<\/td>\n<\/tr>\n<\/tbody>\n<\/table>\t\t\t\t\t\t\t\t<\/div>\n\t\t\t\t<\/div>\n\t\t\t\t\t<\/div>\n\t\t<\/div>\n\t\t\t\t\t<\/div>\n\t\t<\/section>\n\t\t\t\t<section class=\"elementor-section elementor-top-section elementor-element elementor-element-570847f2 elementor-section-boxed elementor-section-height-default elementor-section-height-default\" data-id=\"570847f2\" data-element_type=\"section\" data-e-type=\"section\" data-settings=\"{&quot;background_background&quot;:&quot;classic&quot;}\">\n\t\t\t\t\t\t<div class=\"elementor-container elementor-column-gap-extended\">\n\t\t\t\t\t<div class=\"elementor-column elementor-col-100 elementor-top-column elementor-element elementor-element-46a5d2bd sc_inner_width_none sc_layouts_column_icons_position_left\" data-id=\"46a5d2bd\" data-element_type=\"column\" data-e-type=\"column\">\n\t\t\t<div class=\"elementor-widget-wrap elementor-element-populated\">\n\t\t\t\t\t\t<div class=\"elementor-element elementor-element-56197f0 sc_fly_static elementor-widget elementor-widget-spacer\" data-id=\"56197f0\" data-element_type=\"widget\" data-e-type=\"widget\" data-widget_type=\"spacer.default\">\n\t\t\t\t<div class=\"elementor-widget-container\">\n\t\t\t\t\t\t\t<div class=\"elementor-spacer\">\n\t\t\t<div class=\"elementor-spacer-inner\"><\/div>\n\t\t<\/div>\n\t\t\t\t\t\t<\/div>\n\t\t\t\t<\/div>\n\t\t\t\t\t<\/div>\n\t\t<\/div>\n\t\t\t\t\t<\/div>\n\t\t<\/section>\n\t\t\t\t<\/div>\n\t\t","protected":false},"excerpt":{"rendered":"<p>Pol\u00edtica de bolachas Um &#8220;Cookie&#8221; \u00e9 um pequeno ficheiro que \u00e9 armazenado no computador do utilizador e que nos permite reconhecer o utilizador. O conjunto de cookies ajuda-nos a melhorar a qualidade do nosso website, permitindo-nos controlar quais as p\u00e1ginas que os nossos utilizadores consideram \u00fateis e quais as que n\u00e3o consideram. Os cookies s\u00e3o essenciais para o funcionamento da Internet, proporcionando in\u00fameras vantagens na presta\u00e7\u00e3o de servi\u00e7os interactivos, facilitando a navega\u00e7\u00e3o e a usabilidade do nosso website. Note que&hellip;<\/p>\n","protected":false},"author":1,"featured_media":0,"parent":0,"menu_order":0,"comment_status":"closed","ping_status":"closed","template":"","meta":{"_monsterinsights_skip_tracking":false,"_monsterinsights_sitenote_active":false,"_monsterinsights_sitenote_note":"","_monsterinsights_sitenote_category":0,"_joinchat":[],"footnotes":""},"class_list":["post-8372","page","type-page","status-publish","hentry"],"yoast_head":"<!-- This site is optimized with the Yoast SEO plugin v26.8 - https:\/\/yoast.com\/product\/yoast-seo-wordpress\/ -->\n<title>Pol\u00edtica de bolachas Martinez Caballero Abogados - Martinez Caballero Abogados<\/title>\n<meta name=\"description\" content=\"Aqui pode encontrar a pol\u00edtica de biscoitos de Martinez Caballero Abogados. Tudo sobre os cookies que utilizamos e as informa\u00e7\u00f5es que utilizamos\" \/>\n<meta name=\"robots\" content=\"index, follow, max-snippet:-1, max-image-preview:large, max-video-preview:-1\" \/>\n<link rel=\"canonical\" href=\"https:\/\/martinezcaballeroabogados.com\/pt-pt\/politica-de-bolachas\/\" \/>\n<meta property=\"og:locale\" content=\"pt_PT\" \/>\n<meta property=\"og:type\" content=\"article\" \/>\n<meta property=\"og:title\" content=\"Pol\u00edtica de bolachas Martinez Caballero Abogados - Martinez Caballero Abogados\" \/>\n<meta property=\"og:description\" content=\"Aqui pode encontrar a pol\u00edtica de biscoitos de Martinez Caballero Abogados. Tudo sobre os cookies que utilizamos e as informa\u00e7\u00f5es que utilizamos\" \/>\n<meta property=\"og:url\" content=\"https:\/\/martinezcaballeroabogados.com\/pt-pt\/politica-de-bolachas\/\" \/>\n<meta property=\"og:site_name\" content=\"Martinez Caballero Abogados\" \/>\n<meta property=\"article:publisher\" content=\"https:\/\/www.facebook.com\/martinezcaballeroabogados\/\" \/>\n<meta property=\"article:modified_time\" content=\"2025-06-30T10:25:56+00:00\" \/>\n<meta name=\"twitter:card\" content=\"summary_large_image\" \/>\n<meta name=\"twitter:site\" content=\"@MC_abogados_\" \/>\n<meta name=\"twitter:label1\" content=\"Tempo estimado de leitura\" \/>\n\t<meta name=\"twitter:data1\" content=\"5 minutos\" \/>\n<script type=\"application\/ld+json\" class=\"yoast-schema-graph\">{\"@context\":\"https:\/\/schema.org\",\"@graph\":[{\"@type\":\"WebPage\",\"@id\":\"https:\/\/martinezcaballeroabogados.com\/pt-pt\/politica-de-bolachas\/\",\"url\":\"https:\/\/martinezcaballeroabogados.com\/pt-pt\/politica-de-bolachas\/\",\"name\":\"Pol\u00edtica de bolachas Martinez Caballero Abogados - Martinez Caballero Abogados\",\"isPartOf\":{\"@id\":\"https:\/\/martinezcaballeroabogados.com\/pt-pt\/#website\"},\"datePublished\":\"2020-03-04T22:59:31+00:00\",\"dateModified\":\"2025-06-30T10:25:56+00:00\",\"description\":\"Aqui pode encontrar a pol\u00edtica de biscoitos de Martinez Caballero Abogados. Tudo sobre os cookies que utilizamos e as informa\u00e7\u00f5es que utilizamos\",\"breadcrumb\":{\"@id\":\"https:\/\/martinezcaballeroabogados.com\/pt-pt\/politica-de-bolachas\/#breadcrumb\"},\"inLanguage\":\"pt-PT\",\"potentialAction\":[{\"@type\":\"ReadAction\",\"target\":[\"https:\/\/martinezcaballeroabogados.com\/pt-pt\/politica-de-bolachas\/\"]}]},{\"@type\":\"BreadcrumbList\",\"@id\":\"https:\/\/martinezcaballeroabogados.com\/pt-pt\/politica-de-bolachas\/#breadcrumb\",\"itemListElement\":[{\"@type\":\"ListItem\",\"position\":1,\"name\":\"Portada\",\"item\":\"https:\/\/martinezcaballeroabogados.com\/pt-pt\/advogados-em-barcelona\/\"},{\"@type\":\"ListItem\",\"position\":2,\"name\":\"Pol\u00edtica de bolachas\"}]},{\"@type\":\"WebSite\",\"@id\":\"https:\/\/martinezcaballeroabogados.com\/pt-pt\/#website\",\"url\":\"https:\/\/martinezcaballeroabogados.com\/pt-pt\/\",\"name\":\"Martinez & Caballero Abogados\",\"description\":\"Advogados abrangentes em Barcelona\",\"publisher\":{\"@id\":\"https:\/\/martinezcaballeroabogados.com\/pt-pt\/#organization\"},\"potentialAction\":[{\"@type\":\"SearchAction\",\"target\":{\"@type\":\"EntryPoint\",\"urlTemplate\":\"https:\/\/martinezcaballeroabogados.com\/pt-pt\/?s={search_term_string}\"},\"query-input\":{\"@type\":\"PropertyValueSpecification\",\"valueRequired\":true,\"valueName\":\"search_term_string\"}}],\"inLanguage\":\"pt-PT\"},{\"@type\":\"Organization\",\"@id\":\"https:\/\/martinezcaballeroabogados.com\/pt-pt\/#organization\",\"name\":\"Martinez & Caballero Abogados\",\"url\":\"https:\/\/martinezcaballeroabogados.com\/pt-pt\/\",\"logo\":{\"@type\":\"ImageObject\",\"inLanguage\":\"pt-PT\",\"@id\":\"https:\/\/martinezcaballeroabogados.com\/pt-pt\/#\/schema\/logo\/image\/\",\"url\":\"https:\/\/martinezcaballeroabogados.com\/wp-content\/uploads\/2020\/02\/cropped-cropped-logo-mc-abogados-web-1-e1497812507401-1.png\",\"contentUrl\":\"https:\/\/martinezcaballeroabogados.com\/wp-content\/uploads\/2020\/02\/cropped-cropped-logo-mc-abogados-web-1-e1497812507401-1.png\",\"width\":300,\"height\":150,\"caption\":\"Martinez & Caballero Abogados\"},\"image\":{\"@id\":\"https:\/\/martinezcaballeroabogados.com\/pt-pt\/#\/schema\/logo\/image\/\"},\"sameAs\":[\"https:\/\/www.facebook.com\/martinezcaballeroabogados\/\",\"https:\/\/x.com\/MC_abogados_\",\"https:\/\/www.instagram.com\/extranjeriabarcelonaabogados\/\"]}]}<\/script>\n<!-- \/ Yoast SEO plugin. -->","yoast_head_json":{"title":"Pol\u00edtica de bolachas Martinez Caballero Abogados - Martinez Caballero Abogados","description":"Aqui pode encontrar a pol\u00edtica de biscoitos de Martinez Caballero Abogados. Tudo sobre os cookies que utilizamos e as informa\u00e7\u00f5es que utilizamos","robots":{"index":"index","follow":"follow","max-snippet":"max-snippet:-1","max-image-preview":"max-image-preview:large","max-video-preview":"max-video-preview:-1"},"canonical":"https:\/\/martinezcaballeroabogados.com\/pt-pt\/politica-de-bolachas\/","og_locale":"pt_PT","og_type":"article","og_title":"Pol\u00edtica de bolachas Martinez Caballero Abogados - Martinez Caballero Abogados","og_description":"Aqui pode encontrar a pol\u00edtica de biscoitos de Martinez Caballero Abogados. Tudo sobre os cookies que utilizamos e as informa\u00e7\u00f5es que utilizamos","og_url":"https:\/\/martinezcaballeroabogados.com\/pt-pt\/politica-de-bolachas\/","og_site_name":"Martinez Caballero Abogados","article_publisher":"https:\/\/www.facebook.com\/martinezcaballeroabogados\/","article_modified_time":"2025-06-30T10:25:56+00:00","twitter_card":"summary_large_image","twitter_site":"@MC_abogados_","twitter_misc":{"Tempo estimado de leitura":"5 minutos"},"schema":{"@context":"https:\/\/schema.org","@graph":[{"@type":"WebPage","@id":"https:\/\/martinezcaballeroabogados.com\/pt-pt\/politica-de-bolachas\/","url":"https:\/\/martinezcaballeroabogados.com\/pt-pt\/politica-de-bolachas\/","name":"Pol\u00edtica de bolachas Martinez Caballero Abogados - Martinez Caballero Abogados","isPartOf":{"@id":"https:\/\/martinezcaballeroabogados.com\/pt-pt\/#website"},"datePublished":"2020-03-04T22:59:31+00:00","dateModified":"2025-06-30T10:25:56+00:00","description":"Aqui pode encontrar a pol\u00edtica de biscoitos de Martinez Caballero Abogados. Tudo sobre os cookies que utilizamos e as informa\u00e7\u00f5es que utilizamos","breadcrumb":{"@id":"https:\/\/martinezcaballeroabogados.com\/pt-pt\/politica-de-bolachas\/#breadcrumb"},"inLanguage":"pt-PT","potentialAction":[{"@type":"ReadAction","target":["https:\/\/martinezcaballeroabogados.com\/pt-pt\/politica-de-bolachas\/"]}]},{"@type":"BreadcrumbList","@id":"https:\/\/martinezcaballeroabogados.com\/pt-pt\/politica-de-bolachas\/#breadcrumb","itemListElement":[{"@type":"ListItem","position":1,"name":"Portada","item":"https:\/\/martinezcaballeroabogados.com\/pt-pt\/advogados-em-barcelona\/"},{"@type":"ListItem","position":2,"name":"Pol\u00edtica de bolachas"}]},{"@type":"WebSite","@id":"https:\/\/martinezcaballeroabogados.com\/pt-pt\/#website","url":"https:\/\/martinezcaballeroabogados.com\/pt-pt\/","name":"Martinez & Caballero Abogados","description":"Advogados abrangentes em Barcelona","publisher":{"@id":"https:\/\/martinezcaballeroabogados.com\/pt-pt\/#organization"},"potentialAction":[{"@type":"SearchAction","target":{"@type":"EntryPoint","urlTemplate":"https:\/\/martinezcaballeroabogados.com\/pt-pt\/?s={search_term_string}"},"query-input":{"@type":"PropertyValueSpecification","valueRequired":true,"valueName":"search_term_string"}}],"inLanguage":"pt-PT"},{"@type":"Organization","@id":"https:\/\/martinezcaballeroabogados.com\/pt-pt\/#organization","name":"Martinez & Caballero Abogados","url":"https:\/\/martinezcaballeroabogados.com\/pt-pt\/","logo":{"@type":"ImageObject","inLanguage":"pt-PT","@id":"https:\/\/martinezcaballeroabogados.com\/pt-pt\/#\/schema\/logo\/image\/","url":"https:\/\/martinezcaballeroabogados.com\/wp-content\/uploads\/2020\/02\/cropped-cropped-logo-mc-abogados-web-1-e1497812507401-1.png","contentUrl":"https:\/\/martinezcaballeroabogados.com\/wp-content\/uploads\/2020\/02\/cropped-cropped-logo-mc-abogados-web-1-e1497812507401-1.png","width":300,"height":150,"caption":"Martinez & Caballero Abogados"},"image":{"@id":"https:\/\/martinezcaballeroabogados.com\/pt-pt\/#\/schema\/logo\/image\/"},"sameAs":["https:\/\/www.facebook.com\/martinezcaballeroabogados\/","https:\/\/x.com\/MC_abogados_","https:\/\/www.instagram.com\/extranjeriabarcelonaabogados\/"]}]}},"_links":{"self":[{"href":"https:\/\/martinezcaballeroabogados.com\/pt-pt\/wp-json\/wp\/v2\/pages\/8372","targetHints":{"allow":["GET"]}}],"collection":[{"href":"https:\/\/martinezcaballeroabogados.com\/pt-pt\/wp-json\/wp\/v2\/pages"}],"about":[{"href":"https:\/\/martinezcaballeroabogados.com\/pt-pt\/wp-json\/wp\/v2\/types\/page"}],"author":[{"embeddable":true,"href":"https:\/\/martinezcaballeroabogados.com\/pt-pt\/wp-json\/wp\/v2\/users\/1"}],"replies":[{"embeddable":true,"href":"https:\/\/martinezcaballeroabogados.com\/pt-pt\/wp-json\/wp\/v2\/comments?post=8372"}],"version-history":[{"count":5,"href":"https:\/\/martinezcaballeroabogados.com\/pt-pt\/wp-json\/wp\/v2\/pages\/8372\/revisions"}],"predecessor-version":[{"id":21567,"href":"https:\/\/martinezcaballeroabogados.com\/pt-pt\/wp-json\/wp\/v2\/pages\/8372\/revisions\/21567"}],"wp:attachment":[{"href":"https:\/\/martinezcaballeroabogados.com\/pt-pt\/wp-json\/wp\/v2\/media?parent=8372"}],"curies":[{"name":"wp","href":"https:\/\/api.w.org\/{rel}","templated":true}]}}