{"id":8367,"date":"2020-03-04T22:53:30","date_gmt":"2020-03-04T22:53:30","guid":{"rendered":"https:\/\/martinezcaballeroabogados.com\/aviso-legal\/"},"modified":"2025-06-30T11:22:07","modified_gmt":"2025-06-30T11:22:07","slug":"aviso-legal","status":"publish","type":"page","link":"https:\/\/martinezcaballeroabogados.com\/pt-pt\/aviso-legal\/","title":{"rendered":"Aviso legal"},"content":{"rendered":"\t\t<div data-elementor-type=\"wp-post\" data-elementor-id=\"8367\" class=\"elementor elementor-8367 elementor-3231\" data-elementor-post-type=\"page\">\n\t\t\t\t\t\t<section class=\"elementor-section elementor-top-section elementor-element elementor-element-5c147bee elementor-section-boxed elementor-section-height-default elementor-section-height-default\" data-id=\"5c147bee\" data-element_type=\"section\" data-e-type=\"section\" data-settings=\"{&quot;background_background&quot;:&quot;classic&quot;}\">\n\t\t\t\t\t\t<div class=\"elementor-container elementor-column-gap-extended\">\n\t\t\t\t\t<div class=\"elementor-column elementor-col-100 elementor-top-column elementor-element elementor-element-16063d6f sc_inner_width_none sc_layouts_column_icons_position_left\" data-id=\"16063d6f\" data-element_type=\"column\" data-e-type=\"column\">\n\t\t\t<div class=\"elementor-widget-wrap elementor-element-populated\">\n\t\t\t\t\t\t<div class=\"elementor-element elementor-element-3440e39 sc_fly_static elementor-widget elementor-widget-spacer\" data-id=\"3440e39\" data-element_type=\"widget\" data-e-type=\"widget\" data-widget_type=\"spacer.default\">\n\t\t\t\t<div class=\"elementor-widget-container\">\n\t\t\t\t\t\t\t<div class=\"elementor-spacer\">\n\t\t\t<div class=\"elementor-spacer-inner\"><\/div>\n\t\t<\/div>\n\t\t\t\t\t\t<\/div>\n\t\t\t\t<\/div>\n\t\t\t\t<div class=\"elementor-element elementor-element-0e28867 sc_fly_static elementor-widget elementor-widget-heading\" data-id=\"0e28867\" data-element_type=\"widget\" data-e-type=\"widget\" data-widget_type=\"heading.default\">\n\t\t\t\t<div class=\"elementor-widget-container\">\n\t\t\t\t\t<h1 class=\"elementor-heading-title elementor-size-default\">Aviso legal<\/h1>\t\t\t\t<\/div>\n\t\t\t\t<\/div>\n\t\t\t\t<div class=\"elementor-element elementor-element-46dbddf7 sc_fly_static elementor-widget elementor-widget-text-editor\" data-id=\"46dbddf7\" data-element_type=\"widget\" data-e-type=\"widget\" data-widget_type=\"text-editor.default\">\n\t\t\t\t<div class=\"elementor-widget-container\">\n\t\t\t\t\t\t\t\t\t<p class=\"font_8\"><strong>LEI SOBRE OS SERVI\u00c7OS DA SOCIEDADE DA INFORMA\u00c7\u00c3O (LSSI)<\/strong><\/p><p class=\"font_8\">Aviso Legal Mart\u00ednez Caballero Abogados<\/p><p class=\"font_8\">APNA ADVOCATS, SLP como respons\u00e1vel pelo website, doravante RESPONS\u00c1VEL, fornece aos utilizadores este documento, com o qual pretende cumprir as obriga\u00e7\u00f5es estabelecidas na Lei 34\/2002 de 11 de Julho, de Servi\u00e7os da Sociedade de Informa\u00e7\u00e3o e Com\u00e9rcio Electr\u00f3nico (LSSICE), BOE No. 166, bem como informar todos os utilizadores do website sobre as condi\u00e7\u00f5es de utiliza\u00e7\u00e3o.<\/p><p class=\"font_8\">Qualquer pessoa que acesse a este website assume o papel de utilizador, comprometendo-se a observar e a cumprir rigorosamente as disposi\u00e7\u00f5es aqui contidas, bem como qualquer outra disposi\u00e7\u00e3o legal que possa ser aplic\u00e1vel.<\/p><p class=\"font_8\">APNA ADVOCATS, SLP reserva-se o direito de modificar qualquer tipo de informa\u00e7\u00e3o que possa aparecer no website, sem qualquer obriga\u00e7\u00e3o de dar aviso pr\u00e9vio ou informar os utilizadores de tais obriga\u00e7\u00f5es, sendo a publica\u00e7\u00e3o no website da APNA ADVOCATS, SLP entendida como sendo suficiente.<\/p><p class=\"font_8\">1. DADOS DE IDENTIFICA\u00c7\u00c3O<\/p><p class=\"font_8\">Nome do dom\u00ednio: <object width=\"300\" height=\"0\" data-mce-fragment=\"1\"><a class=\"auto-generated-link\" data-auto-recognition=\"true\" data-content=\"www.martinezcaballeroabogados.com\" href=\"http:\/\/www.martinezcaballeroabogados.com\/\" target=\"_blank\" data-type=\"external\">www.martinezcaballeroabogados.com<\/a><\/object><br><br><br>Nome da empresa: Nome da empresa: APNA ADVOCATS, SLP N\u00famero de identifica\u00e7\u00e3o fiscal: B67183491 Sede social: Plaza Tetuan 40-41, Piso 1\u00ba, Oficina 21.<br><br><br>CP: 08010 Barcelona &#8211; Espanha Telefone: 628379016 e-mail:<object width=\"300\" height=\"0\" data-mce-fragment=\"1\"><a class=\"auto-generated-link\" data-auto-recognition=\"true\" data-content=\"info@martinezcaballeroabogados.com\" href=\"mailto:info@martinezcaballeroabogados.com\" data-type=\"mail\">info@martinezcaballeroabogados.com<\/a><\/object><br>Inscrita no Registo Comercial (Mercantil \/ P\u00fablico): <\/p><p class=\"font_8\">2. DIREITOS DE PROPRIEDADE INTELECTUAL E INDUSTRIAL<\/p><p class=\"font_8\">O website, incluindo mas n\u00e3o limitado \u00e0 sua programa\u00e7\u00e3o, edi\u00e7\u00e3o, compila\u00e7\u00e3o e outros elementos necess\u00e1rios ao seu funcionamento, desenhos, log\u00f3tipos, texto e\/ou gr\u00e1ficos, s\u00e3o propriedade da PARTE RESPONS\u00c1VEL ou, se aplic\u00e1vel, tem uma licen\u00e7a ou autoriza\u00e7\u00e3o expressa dos autores. Todos os conte\u00fados do s\u00edtio s\u00e3o devidamente protegidos pelos regulamentos de propriedade intelectual e industrial, bem como est\u00e3o registados nos registos p\u00fablicos correspondentes.<\/p><p class=\"font_8\">Independentemente do fim a que se destinam, a reprodu\u00e7\u00e3o, utiliza\u00e7\u00e3o, explora\u00e7\u00e3o, distribui\u00e7\u00e3o e comercializa\u00e7\u00e3o total ou parcial, em qualquer caso, requer a autoriza\u00e7\u00e3o pr\u00e9via por escrito da OUTORIDADE RESPONS\u00c1VEL.<\/p><p class=\"font_8\"><br>Qualquer utiliza\u00e7\u00e3o n\u00e3o autorizada \u00e9 considerada uma viola\u00e7\u00e3o grave dos direitos de propriedade intelectual ou dos direitos de propriedade industrial do autor.<\/p><p class=\"font_8\">Os desenhos, log\u00f3tipos, textos e\/ou gr\u00e1ficos que n\u00e3o pertencem ao RESPONS\u00c1VEL e que podem aparecer no website pertencem aos seus respectivos propriet\u00e1rios, que s\u00e3o eles pr\u00f3prios respons\u00e1veis por qualquer poss\u00edvel controv\u00e9rsia que possa surgir em rela\u00e7\u00e3o a eles. A PARTE RESPONS\u00c1VEL autoriza expressamente terceiros a redireccionar directamente para o conte\u00fado espec\u00edfico do website, e em qualquer caso a redireccionar para o website principal <a href=\"https:\/\/www.martinezcaballeroabogados.com\/\" target=\"_blank\" rel=\"noopener\" data-content=\"https:\/\/www.martinezcaballeroabogados.com\" data-type=\"external\">www.martinezcaballeroabogados.com<\/a>.<\/p><p class=\"font_8\">O RESPONS\u00c1VEL reconhece os correspondentes direitos de propriedade intelectual e industrial em favor dos seus propriet\u00e1rios, e a sua simples men\u00e7\u00e3o ou apari\u00e7\u00e3o no website n\u00e3o implica a exist\u00eancia de quaisquer direitos ou responsabilidades sobre eles, nem qualquer endosso, patroc\u00ednio ou recomenda\u00e7\u00e3o por parte dos mesmos.<\/p><p class=\"font_8\">Para fazer quaisquer coment\u00e1rios sobre poss\u00edveis viola\u00e7\u00f5es dos direitos de propriedade intelectual ou industrial, bem como qualquer conte\u00fado do s\u00edtio web, pode faz\u00ea-lo enviando um e-mail para <a href=\"mailto:info@martinezcaballeroabogados.com\" target=\"_self\" data-content=\"info@martinezcaballeroabogados.com\" data-type=\"mail\">info@martinezcaballeroabogados.com<\/a>.<\/p><p class=\"font_8\">3. ISEN\u00c7\u00c3O DE RESPONSABILIDADE<\/p><p class=\"font_8\">A parte RESPONS\u00c1VEL renuncia a qualquer responsabilidade pelas informa\u00e7\u00f5es publicadas no seu s\u00edtio web, desde que essas informa\u00e7\u00f5es tenham sido manipuladas ou introduzidas por terceiros externos \u00e0 mesma.<\/p><p class=\"font_8\">Utiliza\u00e7\u00e3o de Cookies<\/p><p class=\"font_8\">Este s\u00edtio pode utilizar cookies t\u00e9cnicos (pequenos ficheiros de informa\u00e7\u00e3o que o servidor envia para o computador da pessoa que acede \u00e0 p\u00e1gina) para realizar certas fun\u00e7\u00f5es consideradas essenciais para o correcto funcionamento e visualiza\u00e7\u00e3o do s\u00edtio. Os cookies utilizados s\u00e3o, em qualquer caso, de natureza tempor\u00e1ria, com o \u00fanico objectivo de tornar a navega\u00e7\u00e3o mais eficiente, e desaparecem no final da sess\u00e3o do utilizador. Em circunst\u00e2ncia alguma estes cookies fornecem eles pr\u00f3prios dados pessoais e n\u00e3o ser\u00e3o utilizados para recolher tais dados.<\/p><p class=\"font_8\">Atrav\u00e9s da utiliza\u00e7\u00e3o de cookies \u00e9 tamb\u00e9m poss\u00edvel que o servidor onde se encontra o website reconhe\u00e7a o browser utilizado pelo utilizador de modo a facilitar a navega\u00e7\u00e3o, permitindo, por exemplo, aos utilizadores que se tenham previamente registado aceder a \u00e1reas, servi\u00e7os, promo\u00e7\u00f5es ou concursos reservados exclusivamente para eles sem terem de se registar em cada visita. Podem tamb\u00e9m ser utilizados para medir a audi\u00eancia, par\u00e2metros de tr\u00e1fego, controlar o progresso e o n\u00famero de entradas, etc., sendo, nestes casos, cookies tecnicamente dispens\u00e1veis mas ben\u00e9ficos para o utilizador. Este website n\u00e3o instalar\u00e1 cookies dispens\u00e1veis sem o consentimento pr\u00e9vio do utilizador.<\/p><p class=\"font_8\">O utilizador tem a possibilidade de configurar o seu navegador para ser alertado da recep\u00e7\u00e3o de cookies e para impedir a sua instala\u00e7\u00e3o no seu equipamento. Consulte por favor as instru\u00e7\u00f5es do seu navegador para mais informa\u00e7\u00f5es.<\/p><p class=\"font_8\">Pol\u00edtica de interliga\u00e7\u00e3o<\/p><p class=\"font_8\">A partir do website, poder\u00e1 ser redireccionado para conte\u00fados em websites de terceiros. Uma vez que o RESPONS\u00c1VEL nem sempre pode controlar os conte\u00fados publicados por terceiros nos seus respectivos websites, o RESPONS\u00c1VEL n\u00e3o assume qualquer responsabilidade por tais conte\u00fados. Em qualquer caso, remover\u00e1 imediatamente qualquer conte\u00fado que possa violar a legisla\u00e7\u00e3o nacional ou internacional, a moral ou a ordem p\u00fablica, retirando imediatamente o reencaminhamento para o referido website e informando as autoridades competentes sobre o conte\u00fado em quest\u00e3o.<\/p><p class=\"font_8\">O RESPONS\u00c1VEL n\u00e3o \u00e9 respons\u00e1vel pelas informa\u00e7\u00f5es e conte\u00fados armazenados, incluindo mas n\u00e3o se limitando a, em f\u00f3runs, chats, geradores de blogs, coment\u00e1rios, redes sociais ou qualquer outro meio que permita a terceiros a publica\u00e7\u00e3o independente de conte\u00fados no website do RESPONS\u00c1VEL. Contudo, e em conformidade com as disposi\u00e7\u00f5es dos artigos 11 e 16 do LSSICE, coloca-se \u00e0 disposi\u00e7\u00e3o de todos os utilizadores, autoridades e for\u00e7as de seguran\u00e7a, colaborando activamente na remo\u00e7\u00e3o ou, quando apropriado, no bloqueio de todos os conte\u00fados que possam afectar ou infringir a legisla\u00e7\u00e3o nacional ou internacional, os direitos de terceiros ou a moralidade e a ordem p\u00fablica. No caso de o utilizador considerar que existe algum conte\u00fado no website que possa ser suscept\u00edvel a esta classifica\u00e7\u00e3o, por favor notifique imediatamente o administrador do website.<\/p><p class=\"font_8\">Este website foi revisto e testado para garantir o seu correcto funcionamento. Em princ\u00edpio, o bom funcionamento pode ser garantido 365 dias por ano, 24 horas por dia. No entanto, a PARTE RESPONS\u00c1VEL n\u00e3o exclui a possibilidade de certos erros de programa\u00e7\u00e3o, ou a ocorr\u00eancia de for\u00e7a maior, cat\u00e1strofes naturais, greves ou circunst\u00e2ncias semelhantes que impossibilitem o acesso ao website.<\/p><p class=\"font_8\">Endere\u00e7os IP<\/p><p class=\"font_8\">Os servidores do website podem detectar automaticamente o endere\u00e7o IP e o nome de dom\u00ednio utilizado pelo utilizador. Um endere\u00e7o IP \u00e9 um n\u00famero atribu\u00eddo automaticamente a um computador quando este se liga \u00e0 Internet. Todas estas informa\u00e7\u00f5es s\u00e3o registadas num ficheiro de actividade do servidor devidamente registado que permite o tratamento posterior dos dados, a fim de obter medi\u00e7\u00f5es puramente estat\u00edsticas que permitem conhecer o n\u00famero de impress\u00f5es da p\u00e1gina, o n\u00famero de visitas efectuadas aos servidores web, a ordem das visitas, o ponto de acesso, etc.<\/p><p class=\"font_8\">4. LEI APLIC\u00c1VEL E JURISDI\u00c7\u00c3O<\/p><p class=\"font_8\">A lei aplic\u00e1vel em caso de disputa ou conflito de interpreta\u00e7\u00e3o dos termos que comp\u00f5em os textos legais, bem como qualquer quest\u00e3o relacionada com os servi\u00e7os deste website, ser\u00e1 a lei espanhola.<\/p>\t\t\t\t\t\t\t\t<\/div>\n\t\t\t\t<\/div>\n\t\t\t\t<div class=\"elementor-element elementor-element-4f25f91 sc_fly_static elementor-widget elementor-widget-spacer\" data-id=\"4f25f91\" data-element_type=\"widget\" data-e-type=\"widget\" data-widget_type=\"spacer.default\">\n\t\t\t\t<div class=\"elementor-widget-container\">\n\t\t\t\t\t\t\t<div class=\"elementor-spacer\">\n\t\t\t<div class=\"elementor-spacer-inner\"><\/div>\n\t\t<\/div>\n\t\t\t\t\t\t<\/div>\n\t\t\t\t<\/div>\n\t\t\t\t\t<\/div>\n\t\t<\/div>\n\t\t\t\t\t<\/div>\n\t\t<\/section>\n\t\t\t\t<section class=\"elementor-section elementor-top-section elementor-element elementor-element-570847f2 elementor-section-boxed elementor-section-height-default elementor-section-height-default\" data-id=\"570847f2\" data-element_type=\"section\" data-e-type=\"section\" data-settings=\"{&quot;background_background&quot;:&quot;classic&quot;}\">\n\t\t\t\t\t\t<div class=\"elementor-container elementor-column-gap-extended\">\n\t\t\t\t\t<div class=\"elementor-column elementor-col-100 elementor-top-column elementor-element elementor-element-46a5d2bd sc_inner_width_none sc_layouts_column_icons_position_left\" data-id=\"46a5d2bd\" data-element_type=\"column\" data-e-type=\"column\">\n\t\t\t<div class=\"elementor-widget-wrap elementor-element-populated\">\n\t\t\t\t\t\t<div class=\"elementor-element elementor-element-56197f0 sc_fly_static elementor-widget elementor-widget-spacer\" data-id=\"56197f0\" data-element_type=\"widget\" data-e-type=\"widget\" data-widget_type=\"spacer.default\">\n\t\t\t\t<div class=\"elementor-widget-container\">\n\t\t\t\t\t\t\t<div class=\"elementor-spacer\">\n\t\t\t<div class=\"elementor-spacer-inner\"><\/div>\n\t\t<\/div>\n\t\t\t\t\t\t<\/div>\n\t\t\t\t<\/div>\n\t\t\t\t\t<\/div>\n\t\t<\/div>\n\t\t\t\t\t<\/div>\n\t\t<\/section>\n\t\t\t\t<\/div>\n\t\t","protected":false},"excerpt":{"rendered":"<p>Aviso legal LEI SOBRE OS SERVI\u00c7OS DA SOCIEDADE DA INFORMA\u00c7\u00c3O (LSSI) Aviso Legal Mart\u00ednez Caballero Abogados APNA ADVOCATS, SLP como respons\u00e1vel pelo website, doravante RESPONS\u00c1VEL, fornece aos utilizadores este documento, com o qual pretende cumprir as obriga\u00e7\u00f5es estabelecidas na Lei 34\/2002 de 11 de Julho, de Servi\u00e7os da Sociedade de Informa\u00e7\u00e3o e Com\u00e9rcio Electr\u00f3nico (LSSICE), BOE No. 166, bem como informar todos os utilizadores do website sobre as condi\u00e7\u00f5es de utiliza\u00e7\u00e3o. Qualquer pessoa que acesse a este website assume o&hellip;<\/p>\n","protected":false},"author":1,"featured_media":0,"parent":0,"menu_order":0,"comment_status":"closed","ping_status":"closed","template":"","meta":{"_monsterinsights_skip_tracking":false,"_monsterinsights_sitenote_active":false,"_monsterinsights_sitenote_note":"","_monsterinsights_sitenote_category":0,"_joinchat":[],"footnotes":""},"class_list":["post-8367","page","type-page","status-publish","hentry"],"yoast_head":"<!-- This site is optimized with the Yoast SEO plugin v26.8 - https:\/\/yoast.com\/product\/yoast-seo-wordpress\/ -->\n<title>Aviso legal - Martinez Caballero Abogados<\/title>\n<meta name=\"description\" content=\"Na nossa p\u00e1gina de aviso legal Mart\u00ednez Caballero Abogados pode encontrar tudo com absoluta clareza para promover a confian\u00e7a.\" \/>\n<meta name=\"robots\" content=\"index, follow, max-snippet:-1, max-image-preview:large, max-video-preview:-1\" \/>\n<link rel=\"canonical\" href=\"https:\/\/martinezcaballeroabogados.com\/pt-pt\/aviso-legal\/\" \/>\n<meta property=\"og:locale\" content=\"pt_PT\" \/>\n<meta property=\"og:type\" content=\"article\" \/>\n<meta property=\"og:title\" content=\"Aviso legal - Martinez Caballero Abogados\" \/>\n<meta property=\"og:description\" content=\"Na nossa p\u00e1gina de aviso legal Mart\u00ednez Caballero Abogados pode encontrar tudo com absoluta clareza para promover a confian\u00e7a.\" \/>\n<meta property=\"og:url\" content=\"https:\/\/martinezcaballeroabogados.com\/pt-pt\/aviso-legal\/\" \/>\n<meta property=\"og:site_name\" content=\"Martinez Caballero Abogados\" \/>\n<meta property=\"article:publisher\" content=\"https:\/\/www.facebook.com\/martinezcaballeroabogados\/\" \/>\n<meta property=\"article:modified_time\" content=\"2025-06-30T11:22:07+00:00\" \/>\n<meta name=\"twitter:card\" content=\"summary_large_image\" \/>\n<meta name=\"twitter:site\" content=\"@MC_abogados_\" \/>\n<meta name=\"twitter:label1\" content=\"Tempo estimado de leitura\" \/>\n\t<meta name=\"twitter:data1\" content=\"6 minutos\" \/>\n<script type=\"application\/ld+json\" class=\"yoast-schema-graph\">{\"@context\":\"https:\/\/schema.org\",\"@graph\":[{\"@type\":\"WebPage\",\"@id\":\"https:\/\/martinezcaballeroabogados.com\/pt-pt\/aviso-legal\/\",\"url\":\"https:\/\/martinezcaballeroabogados.com\/pt-pt\/aviso-legal\/\",\"name\":\"Aviso legal - Martinez Caballero Abogados\",\"isPartOf\":{\"@id\":\"https:\/\/martinezcaballeroabogados.com\/pt-pt\/#website\"},\"datePublished\":\"2020-03-04T22:53:30+00:00\",\"dateModified\":\"2025-06-30T11:22:07+00:00\",\"description\":\"Na nossa p\u00e1gina de aviso legal Mart\u00ednez Caballero Abogados pode encontrar tudo com absoluta clareza para promover a confian\u00e7a.\",\"breadcrumb\":{\"@id\":\"https:\/\/martinezcaballeroabogados.com\/pt-pt\/aviso-legal\/#breadcrumb\"},\"inLanguage\":\"pt-PT\",\"potentialAction\":[{\"@type\":\"ReadAction\",\"target\":[\"https:\/\/martinezcaballeroabogados.com\/pt-pt\/aviso-legal\/\"]}]},{\"@type\":\"BreadcrumbList\",\"@id\":\"https:\/\/martinezcaballeroabogados.com\/pt-pt\/aviso-legal\/#breadcrumb\",\"itemListElement\":[{\"@type\":\"ListItem\",\"position\":1,\"name\":\"Portada\",\"item\":\"https:\/\/martinezcaballeroabogados.com\/pt-pt\/advogados-em-barcelona\/\"},{\"@type\":\"ListItem\",\"position\":2,\"name\":\"Aviso legal\"}]},{\"@type\":\"WebSite\",\"@id\":\"https:\/\/martinezcaballeroabogados.com\/pt-pt\/#website\",\"url\":\"https:\/\/martinezcaballeroabogados.com\/pt-pt\/\",\"name\":\"Martinez & Caballero Abogados\",\"description\":\"Advogados abrangentes em Barcelona\",\"publisher\":{\"@id\":\"https:\/\/martinezcaballeroabogados.com\/pt-pt\/#organization\"},\"potentialAction\":[{\"@type\":\"SearchAction\",\"target\":{\"@type\":\"EntryPoint\",\"urlTemplate\":\"https:\/\/martinezcaballeroabogados.com\/pt-pt\/?s={search_term_string}\"},\"query-input\":{\"@type\":\"PropertyValueSpecification\",\"valueRequired\":true,\"valueName\":\"search_term_string\"}}],\"inLanguage\":\"pt-PT\"},{\"@type\":\"Organization\",\"@id\":\"https:\/\/martinezcaballeroabogados.com\/pt-pt\/#organization\",\"name\":\"Martinez & Caballero Abogados\",\"url\":\"https:\/\/martinezcaballeroabogados.com\/pt-pt\/\",\"logo\":{\"@type\":\"ImageObject\",\"inLanguage\":\"pt-PT\",\"@id\":\"https:\/\/martinezcaballeroabogados.com\/pt-pt\/#\/schema\/logo\/image\/\",\"url\":\"https:\/\/martinezcaballeroabogados.com\/wp-content\/uploads\/2020\/02\/cropped-cropped-logo-mc-abogados-web-1-e1497812507401-1.png\",\"contentUrl\":\"https:\/\/martinezcaballeroabogados.com\/wp-content\/uploads\/2020\/02\/cropped-cropped-logo-mc-abogados-web-1-e1497812507401-1.png\",\"width\":300,\"height\":150,\"caption\":\"Martinez & Caballero Abogados\"},\"image\":{\"@id\":\"https:\/\/martinezcaballeroabogados.com\/pt-pt\/#\/schema\/logo\/image\/\"},\"sameAs\":[\"https:\/\/www.facebook.com\/martinezcaballeroabogados\/\",\"https:\/\/x.com\/MC_abogados_\",\"https:\/\/www.instagram.com\/extranjeriabarcelonaabogados\/\"]}]}<\/script>\n<!-- \/ Yoast SEO plugin. -->","yoast_head_json":{"title":"Aviso legal - Martinez Caballero Abogados","description":"Na nossa p\u00e1gina de aviso legal Mart\u00ednez Caballero Abogados pode encontrar tudo com absoluta clareza para promover a confian\u00e7a.","robots":{"index":"index","follow":"follow","max-snippet":"max-snippet:-1","max-image-preview":"max-image-preview:large","max-video-preview":"max-video-preview:-1"},"canonical":"https:\/\/martinezcaballeroabogados.com\/pt-pt\/aviso-legal\/","og_locale":"pt_PT","og_type":"article","og_title":"Aviso legal - Martinez Caballero Abogados","og_description":"Na nossa p\u00e1gina de aviso legal Mart\u00ednez Caballero Abogados pode encontrar tudo com absoluta clareza para promover a confian\u00e7a.","og_url":"https:\/\/martinezcaballeroabogados.com\/pt-pt\/aviso-legal\/","og_site_name":"Martinez Caballero Abogados","article_publisher":"https:\/\/www.facebook.com\/martinezcaballeroabogados\/","article_modified_time":"2025-06-30T11:22:07+00:00","twitter_card":"summary_large_image","twitter_site":"@MC_abogados_","twitter_misc":{"Tempo estimado de leitura":"6 minutos"},"schema":{"@context":"https:\/\/schema.org","@graph":[{"@type":"WebPage","@id":"https:\/\/martinezcaballeroabogados.com\/pt-pt\/aviso-legal\/","url":"https:\/\/martinezcaballeroabogados.com\/pt-pt\/aviso-legal\/","name":"Aviso legal - Martinez Caballero Abogados","isPartOf":{"@id":"https:\/\/martinezcaballeroabogados.com\/pt-pt\/#website"},"datePublished":"2020-03-04T22:53:30+00:00","dateModified":"2025-06-30T11:22:07+00:00","description":"Na nossa p\u00e1gina de aviso legal Mart\u00ednez Caballero Abogados pode encontrar tudo com absoluta clareza para promover a confian\u00e7a.","breadcrumb":{"@id":"https:\/\/martinezcaballeroabogados.com\/pt-pt\/aviso-legal\/#breadcrumb"},"inLanguage":"pt-PT","potentialAction":[{"@type":"ReadAction","target":["https:\/\/martinezcaballeroabogados.com\/pt-pt\/aviso-legal\/"]}]},{"@type":"BreadcrumbList","@id":"https:\/\/martinezcaballeroabogados.com\/pt-pt\/aviso-legal\/#breadcrumb","itemListElement":[{"@type":"ListItem","position":1,"name":"Portada","item":"https:\/\/martinezcaballeroabogados.com\/pt-pt\/advogados-em-barcelona\/"},{"@type":"ListItem","position":2,"name":"Aviso legal"}]},{"@type":"WebSite","@id":"https:\/\/martinezcaballeroabogados.com\/pt-pt\/#website","url":"https:\/\/martinezcaballeroabogados.com\/pt-pt\/","name":"Martinez & Caballero Abogados","description":"Advogados abrangentes em Barcelona","publisher":{"@id":"https:\/\/martinezcaballeroabogados.com\/pt-pt\/#organization"},"potentialAction":[{"@type":"SearchAction","target":{"@type":"EntryPoint","urlTemplate":"https:\/\/martinezcaballeroabogados.com\/pt-pt\/?s={search_term_string}"},"query-input":{"@type":"PropertyValueSpecification","valueRequired":true,"valueName":"search_term_string"}}],"inLanguage":"pt-PT"},{"@type":"Organization","@id":"https:\/\/martinezcaballeroabogados.com\/pt-pt\/#organization","name":"Martinez & Caballero Abogados","url":"https:\/\/martinezcaballeroabogados.com\/pt-pt\/","logo":{"@type":"ImageObject","inLanguage":"pt-PT","@id":"https:\/\/martinezcaballeroabogados.com\/pt-pt\/#\/schema\/logo\/image\/","url":"https:\/\/martinezcaballeroabogados.com\/wp-content\/uploads\/2020\/02\/cropped-cropped-logo-mc-abogados-web-1-e1497812507401-1.png","contentUrl":"https:\/\/martinezcaballeroabogados.com\/wp-content\/uploads\/2020\/02\/cropped-cropped-logo-mc-abogados-web-1-e1497812507401-1.png","width":300,"height":150,"caption":"Martinez & Caballero Abogados"},"image":{"@id":"https:\/\/martinezcaballeroabogados.com\/pt-pt\/#\/schema\/logo\/image\/"},"sameAs":["https:\/\/www.facebook.com\/martinezcaballeroabogados\/","https:\/\/x.com\/MC_abogados_","https:\/\/www.instagram.com\/extranjeriabarcelonaabogados\/"]}]}},"_links":{"self":[{"href":"https:\/\/martinezcaballeroabogados.com\/pt-pt\/wp-json\/wp\/v2\/pages\/8367","targetHints":{"allow":["GET"]}}],"collection":[{"href":"https:\/\/martinezcaballeroabogados.com\/pt-pt\/wp-json\/wp\/v2\/pages"}],"about":[{"href":"https:\/\/martinezcaballeroabogados.com\/pt-pt\/wp-json\/wp\/v2\/types\/page"}],"author":[{"embeddable":true,"href":"https:\/\/martinezcaballeroabogados.com\/pt-pt\/wp-json\/wp\/v2\/users\/1"}],"replies":[{"embeddable":true,"href":"https:\/\/martinezcaballeroabogados.com\/pt-pt\/wp-json\/wp\/v2\/comments?post=8367"}],"version-history":[{"count":8,"href":"https:\/\/martinezcaballeroabogados.com\/pt-pt\/wp-json\/wp\/v2\/pages\/8367\/revisions"}],"predecessor-version":[{"id":21614,"href":"https:\/\/martinezcaballeroabogados.com\/pt-pt\/wp-json\/wp\/v2\/pages\/8367\/revisions\/21614"}],"wp:attachment":[{"href":"https:\/\/martinezcaballeroabogados.com\/pt-pt\/wp-json\/wp\/v2\/media?parent=8367"}],"curies":[{"name":"wp","href":"https:\/\/api.w.org\/{rel}","templated":true}]}}