{"id":23613,"date":"2025-10-03T09:39:27","date_gmt":"2025-10-03T09:39:27","guid":{"rendered":"https:\/\/martinezcaballeroabogados.com\/politica-e-condicoes-do-primeiro-aconselhamento\/"},"modified":"2025-10-03T09:50:34","modified_gmt":"2025-10-03T09:50:34","slug":"politica-e-condicoes-do-primeiro-aconselhamento","status":"publish","type":"page","link":"https:\/\/martinezcaballeroabogados.com\/pt-pt\/politica-e-condicoes-do-primeiro-aconselhamento\/","title":{"rendered":"Pol\u00edtica e condi\u00e7\u00f5es do primeiro aconselhamento"},"content":{"rendered":"\t\t<div data-elementor-type=\"wp-page\" data-elementor-id=\"23613\" class=\"elementor elementor-23613 elementor-23586\" data-elementor-post-type=\"page\">\n\t\t\t\t\t\t<section class=\"elementor-section elementor-top-section elementor-element elementor-element-1f0604aa elementor-section-boxed elementor-section-height-default elementor-section-height-default\" data-id=\"1f0604aa\" data-element_type=\"section\" data-e-type=\"section\">\n\t\t\t\t\t\t<div class=\"elementor-container elementor-column-gap-extended\">\n\t\t\t\t\t<div class=\"elementor-column elementor-col-100 elementor-top-column elementor-element elementor-element-15c65bef sc_inner_width_none sc_layouts_column_icons_position_left\" data-id=\"15c65bef\" data-element_type=\"column\" data-e-type=\"column\">\n\t\t\t<div class=\"elementor-widget-wrap elementor-element-populated\">\n\t\t\t\t\t\t<div class=\"elementor-element elementor-element-36fa305 sc_fly_static elementor-widget elementor-widget-spacer\" data-id=\"36fa305\" data-element_type=\"widget\" data-e-type=\"widget\" data-widget_type=\"spacer.default\">\n\t\t\t\t<div class=\"elementor-widget-container\">\n\t\t\t\t\t\t\t<div class=\"elementor-spacer\">\n\t\t\t<div class=\"elementor-spacer-inner\"><\/div>\n\t\t<\/div>\n\t\t\t\t\t\t<\/div>\n\t\t\t\t<\/div>\n\t\t\t\t<div class=\"elementor-element elementor-element-cc58771 sc_fly_static elementor-widget elementor-widget-heading\" data-id=\"cc58771\" data-element_type=\"widget\" data-e-type=\"widget\" data-widget_type=\"heading.default\">\n\t\t\t\t<div class=\"elementor-widget-container\">\n\t\t\t\t\t<h1 class=\"elementor-heading-title elementor-size-default\">POL\u00cdTICAS E CONDI\u00c7\u00d5ES CONSELHOS DO FIRST MC<\/h1>\t\t\t\t<\/div>\n\t\t\t\t<\/div>\n\t\t\t\t<div class=\"elementor-element elementor-element-4a67828c sc_fly_static elementor-widget elementor-widget-text-editor\" data-id=\"4a67828c\" data-element_type=\"widget\" data-e-type=\"widget\" data-widget_type=\"text-editor.default\">\n\t\t\t\t<div class=\"elementor-widget-container\">\n\t\t\t\t\t\t\t\t\t<p><b style=\"font-family: inherit; font-size: 14.8571px; font-style: inherit; letter-spacing: 0px;\">Condi\u00e7\u00f5es do primeiro aconselhamento jur\u00eddico<\/b><\/p>\n<ol>\n<li><b><i>  Custo da consultoria<\/i><\/b><\/li>\n<\/ol>\n<ul>\n<li style=\"font-weight: 400;\" aria-level=\"1\"><span style=\"font-weight: 400;\">O custo do servi\u00e7o de consultoria na MC Abogados para 2025-2026, quer seja online ou presencial, ser\u00e1 de 60,50\u20ac. Para reservar um dia e hora, \u00e9 necess\u00e1rio efetuar o pagamento pr\u00e9vio, de acordo com os m\u00e9todos de pagamento indicados nas Condi\u00e7\u00f5es Gerais.<\/span><\/li>\n<\/ul>\n<ol start=\"2\">\n<li><b><i>  Confirma\u00e7\u00e3o de reserva<\/i><\/b><\/li>\n<\/ol>\n<p><span style=\"font-weight: 400;\">Ap\u00f3s a rece\u00e7\u00e3o do pagamento, a empresa confirmar\u00e1 a marca\u00e7\u00e3o atrav\u00e9s dos canais de comunica\u00e7\u00e3o habituais (e-mail, WhatsApp ou telefonema).<\/span><\/p>\n<p><span style=\"font-weight: 400;\">A confirma\u00e7\u00e3o incluir\u00e1:<\/span><\/p>\n<ul>\n<li style=\"font-weight: 400;\" aria-level=\"1\"><span style=\"font-weight: 400;\">Data e hora.<\/span><\/li>\n<li style=\"font-weight: 400;\" aria-level=\"1\"><span style=\"font-weight: 400;\">Modo (presencial\/virtual).<\/span><\/li>\n<li style=\"font-weight: 400;\" aria-level=\"1\"><span style=\"font-weight: 400;\">Endere\u00e7o ou liga\u00e7\u00e3o de liga\u00e7\u00e3o.<\/span><\/li>\n<li style=\"font-weight: 400;\" aria-level=\"1\"><span style=\"font-weight: 400;\">Informa\u00e7\u00f5es adicionais de interesse.<\/span><\/li>\n<\/ul>\n<ol start=\"3\">\n<li><b><i>  Cancelamentos e reembolsos<\/i><\/b><\/li>\n<\/ol>\n<ul>\n<li style=\"font-weight: 400;\" aria-level=\"1\"><b>Com aviso pr\u00e9vio:<\/b><span style=\"font-weight: 400;\"> Se o cliente cancelar com pelo menos 24 horas de anteced\u00eancia, o valor pago ser\u00e1 reembolsado pelo mesmo meio de pagamento utilizado. Em caso de impossibilidade, o reembolso ser\u00e1 efectuado em dinheiro na Pl. Tetu\u00e1n 40-41, piso 1, escrit\u00f3rio 21.<\/span><\/li>\n<li style=\"font-weight: 400;\" aria-level=\"1\"><b>Com aviso pr\u00e9vio tardio<\/b><span style=\"font-weight: 400;\"> (menos de 24h): n\u00e3o haver\u00e1 direito a reembolso, mas o aconselhamento pode ser remarcado nos 15 dias seguintes, em fun\u00e7\u00e3o da disponibilidade da agenda. O aconselhamento pode ser efectuado em qualquer modalidade (presencial, virtual ou telef\u00f3nica).<\/span><\/li>\n<li style=\"font-weight: 400;\" aria-level=\"1\"><b>N\u00e3o aviso\/n\u00e3o compar\u00eancia<\/b><span style=\"font-weight: 400;\">Se o cliente confirmar a sua presen\u00e7a, mas n\u00e3o comparecer ou n\u00e3o iniciar sess\u00e3o em modo virtual ou n\u00e3o se apresentar no escrit\u00f3rio, a marca\u00e7\u00e3o ser\u00e1 considerada cancelada ap\u00f3s 15 minutos de espera. Neste caso, n\u00e3o haver\u00e1 direito a reembolso e ser\u00e1 cobrada uma nova taxa de consultoria.<\/span><\/li>\n<\/ul>\n<ol start=\"4\">\n<li><b><i>  Modifica\u00e7\u00f5es por despacho<\/i><\/b><\/li>\n<\/ol>\n<p><span style=\"font-weight: 400;\">O gabinete pode alterar a data e a hora do primeiro aconselhamento com um pr\u00e9-aviso m\u00ednimo de 48 horas.<\/span><\/p>\n<p><span style=\"font-weight: 400;\">Neste caso:<\/span><\/p>\n<ul>\n<li style=\"font-weight: 400;\" aria-level=\"1\"><span style=\"font-weight: 400;\">O cliente ter\u00e1 prioridade no reagendamento presencial, virtual ou telef\u00f3nico.<\/span><\/li>\n<li style=\"font-weight: 400;\" aria-level=\"1\"><span style=\"font-weight: 400;\">Se o cliente n\u00e3o aceitar a nova data proposta, ter\u00e1 direito ao reembolso total do montante pago.<\/span><\/li>\n<\/ul>\n<ol start=\"5\">\n<li><b><i>  Aceita\u00e7\u00e3o das condi\u00e7\u00f5es<\/i><\/b><\/li>\n<\/ol>\n<p><span style=\"font-weight: 400;\">O pagamento da primeira consultoria implica a aceita\u00e7\u00e3o expressa das presentes condi\u00e7\u00f5es espec\u00edficas e das condi\u00e7\u00f5es gerais da empresa.<\/span><\/p>\n<p><b>Pol\u00edticas de validade do or\u00e7amento<\/b><\/p>\n<ol>\n<li><b>  Validade<\/b><\/li>\n<\/ol>\n<ul>\n<li style=\"font-weight: 400;\" aria-level=\"1\"><span style=\"font-weight: 400;\">Todos os or\u00e7amentos emitidos por Mart\u00ednez Caballero Abogados ser\u00e3o v\u00e1lidos durante 15 dias de calend\u00e1rio a partir da data de emiss\u00e3o.<\/span><\/li>\n<li style=\"font-weight: 400;\" aria-level=\"1\"><span style=\"font-weight: 400;\">Se o cliente pagar dentro deste prazo, mant\u00e9m-se o montante e as condi\u00e7\u00f5es acordadas.<\/span><\/li>\n<\/ul>\n<ol start=\"2\">\n<li><b>  Retroatividade<\/b><\/li>\n<\/ol>\n<p><span style=\"font-weight: 400;\">Um or\u00e7amento pode ser aplicado retroativamente at\u00e9 um m\u00e1ximo de 3 meses antes da sua emiss\u00e3o, desde que<br><\/span><span style=\"font-size: 14.8571px; font-weight: 400; letter-spacing: 0px;\"><br>a<\/span><span style=\"font-size: 14.8571px; letter-spacing: 0px;\">\n  <b>)<\/b>\n<\/span><span style=\"font-size: 14.8571px; font-weight: 400; letter-spacing: 0px;\">  O cliente apresenta documenta\u00e7\u00e3o comprovativa do pedido.<br><\/span> <span style=\"font-size: 14.8571px; font-weight: 400; letter-spacing: 0px;\">b<\/span><span style=\"font-size: 14.8571px; letter-spacing: 0px;\">\n  <b>)<\/b>\n<\/span><span style=\"font-size: 14.8571px; font-weight: 400; letter-spacing: 0px;\">  Um s\u00f3cio ou gerente da empresa aprova a retroatividade.<br><\/span> <span style=\"font-size: 14.8571px; font-weight: 400; letter-spacing: 0px;\">c<\/span><span style=\"font-size: 14.8571px; letter-spacing: 0px;\">\n  <b>) <\/b>\n<\/span><span style=\"font-size: 14.8571px; font-weight: 400; letter-spacing: 0px;\"> O or\u00e7amento \u00e9 objeto de revis\u00e3o em fun\u00e7\u00e3o dos servi\u00e7os efetivamente prestados nesse per\u00edodo.<\/span><\/p>\n<ol start=\"3\">\n<li><b>  Valida\u00e7\u00e3o<\/b><\/li>\n<\/ol>\n<p><span style=\"font-weight: 400;\">Para validar uma cota\u00e7\u00e3o, o cliente deve:<\/span><\/p>\n<ul>\n<li style=\"font-weight: 400;\" aria-level=\"1\"><span style=\"font-weight: 400;\">Confirma a tua aceita\u00e7\u00e3o por escrito (e-mail ou assinatura f\u00edsica).<\/span><\/li>\n<li style=\"font-weight: 400;\" aria-level=\"1\"><span style=\"font-weight: 400;\">Efectua o pagamento dentro do prazo de validade.<\/span><\/li>\n<\/ul>\n<p><span style=\"font-weight: 400;\">Se estas condi\u00e7\u00f5es n\u00e3o forem cumpridas, o or\u00e7amento fica sem efeito e ter\u00e1 de ser emitido um novo or\u00e7amento.<\/span><\/p>\n<ol start=\"4\">\n<li><b>  Revis\u00e3o e ajustamentos<\/b><\/li>\n<\/ol>\n<p><span style=\"font-weight: 400;\">A empresa pode alterar as propostas em caso de:<\/span><\/p>\n<ul>\n<li style=\"font-weight: 400;\" aria-level=\"1\"><span style=\"font-weight: 400;\">Altera\u00e7\u00f5es nos custos de mercado.<\/span><\/li>\n<li style=\"font-weight: 400;\" aria-level=\"1\"><span style=\"font-weight: 400;\">Ajustes legais ou administrativos.<\/span><\/li>\n<li style=\"font-weight: 400;\" aria-level=\"1\"><span style=\"font-weight: 400;\">Outras circunst\u00e2ncias relevantes.<\/span><\/li>\n<\/ul>\n<p><span style=\"font-weight: 400;\">O cliente ser\u00e1 notificado antes da confirma\u00e7\u00e3o final.<\/span><\/p>\n<ol start=\"5\">\n<li><b>  Aceita\u00e7\u00e3o da pol\u00edtica<\/b><\/li>\n<\/ol>\n<p><span style=\"font-weight: 400;\">O pedido ou a aceita\u00e7\u00e3o de um or\u00e7amento implica o acordo do cliente relativamente a estas condi\u00e7\u00f5es.<\/span><\/p>\n<ol start=\"6\">\n<li><b>  Contacto<\/b><\/li>\n<\/ol>\n<p><span style=\"font-weight: 400;\">Para <\/span><span style=\"font-size: 14.8571px; font-weight: 400; letter-spacing: 0px;\">consulta: <\/span><a href=\"mailto:info@martinezcaballeroabogados.com\" style=\"font-size: 14.8571px; background-color: rgb(255, 255, 255); letter-spacing: 0px;\">\n  <span style=\"font-weight: 400;\">info@martinezcaballeroabogados.com<\/span>\n<\/a><\/p>\n<p><span style=\"font-weight: 400;\">N\u00fameros de telefone: 936 323 236 | +34 628 379 016<\/span><\/p>\t\t\t\t\t\t\t\t<\/div>\n\t\t\t\t<\/div>\n\t\t\t\t\t<\/div>\n\t\t<\/div>\n\t\t\t\t\t<\/div>\n\t\t<\/section>\n\t\t\t\t<\/div>\n\t\t","protected":false},"excerpt":{"rendered":"<p>POL\u00cdTICAS E CONDI\u00c7\u00d5ES CONSELHOS DO FIRST MC Condi\u00e7\u00f5es do primeiro aconselhamento jur\u00eddico Custo da consultoria O custo do servi\u00e7o de consultoria na MC Abogados para 2025-2026, quer seja online ou presencial, ser\u00e1 de 60,50\u20ac. Para reservar um dia e hora, \u00e9 necess\u00e1rio efetuar o pagamento pr\u00e9vio, de acordo com os m\u00e9todos de pagamento indicados nas Condi\u00e7\u00f5es Gerais. Confirma\u00e7\u00e3o de reserva Ap\u00f3s a rece\u00e7\u00e3o do pagamento, a empresa confirmar\u00e1 a marca\u00e7\u00e3o atrav\u00e9s dos canais de comunica\u00e7\u00e3o habituais (e-mail, WhatsApp ou telefonema).&hellip;<\/p>\n","protected":false},"author":1,"featured_media":0,"parent":0,"menu_order":0,"comment_status":"closed","ping_status":"closed","template":"","meta":{"_monsterinsights_skip_tracking":false,"_monsterinsights_sitenote_active":false,"_monsterinsights_sitenote_note":"","_monsterinsights_sitenote_category":0,"_joinchat":[],"footnotes":""},"class_list":["post-23613","page","type-page","status-publish","hentry"],"yoast_head":"<!-- This site is optimized with the Yoast SEO plugin v26.8 - https:\/\/yoast.com\/product\/yoast-seo-wordpress\/ -->\n<title>Pol\u00edtica e condi\u00e7\u00f5es do primeiro aconselhamento - Martinez Caballero Abogados<\/title>\n<meta name=\"robots\" content=\"index, follow, max-snippet:-1, max-image-preview:large, max-video-preview:-1\" \/>\n<link rel=\"canonical\" href=\"https:\/\/martinezcaballeroabogados.com\/pt-pt\/politica-e-condicoes-do-primeiro-aconselhamento\/\" \/>\n<meta property=\"og:locale\" content=\"pt_PT\" \/>\n<meta property=\"og:type\" content=\"article\" \/>\n<meta property=\"og:title\" content=\"Pol\u00edtica e condi\u00e7\u00f5es do primeiro aconselhamento - Martinez Caballero Abogados\" \/>\n<meta property=\"og:description\" content=\"POL\u00cdTICAS E CONDI\u00c7\u00d5ES CONSELHOS DO FIRST MC Condi\u00e7\u00f5es do primeiro aconselhamento jur\u00eddico Custo da consultoria O custo do servi\u00e7o de consultoria na MC Abogados para 2025-2026, quer seja online ou presencial, ser\u00e1 de 60,50\u20ac. Para reservar um dia e hora, \u00e9 necess\u00e1rio efetuar o pagamento pr\u00e9vio, de acordo com os m\u00e9todos de pagamento indicados nas Condi\u00e7\u00f5es Gerais. Confirma\u00e7\u00e3o de reserva Ap\u00f3s a rece\u00e7\u00e3o do pagamento, a empresa confirmar\u00e1 a marca\u00e7\u00e3o atrav\u00e9s dos canais de comunica\u00e7\u00e3o habituais (e-mail, WhatsApp ou telefonema).&hellip;\" \/>\n<meta property=\"og:url\" content=\"https:\/\/martinezcaballeroabogados.com\/pt-pt\/politica-e-condicoes-do-primeiro-aconselhamento\/\" \/>\n<meta property=\"og:site_name\" content=\"Martinez Caballero Abogados\" \/>\n<meta property=\"article:publisher\" content=\"https:\/\/www.facebook.com\/martinezcaballeroabogados\/\" \/>\n<meta property=\"article:modified_time\" content=\"2025-10-03T09:50:34+00:00\" \/>\n<meta name=\"twitter:card\" content=\"summary_large_image\" \/>\n<meta name=\"twitter:site\" content=\"@MC_abogados_\" \/>\n<meta name=\"twitter:label1\" content=\"Tempo estimado de leitura\" \/>\n\t<meta name=\"twitter:data1\" content=\"3 minutos\" \/>\n<script type=\"application\/ld+json\" class=\"yoast-schema-graph\">{\"@context\":\"https:\/\/schema.org\",\"@graph\":[{\"@type\":\"WebPage\",\"@id\":\"https:\/\/martinezcaballeroabogados.com\/pt-pt\/politica-e-condicoes-do-primeiro-aconselhamento\/\",\"url\":\"https:\/\/martinezcaballeroabogados.com\/pt-pt\/politica-e-condicoes-do-primeiro-aconselhamento\/\",\"name\":\"Pol\u00edtica e condi\u00e7\u00f5es do primeiro aconselhamento - Martinez Caballero Abogados\",\"isPartOf\":{\"@id\":\"https:\/\/martinezcaballeroabogados.com\/pt-pt\/#website\"},\"datePublished\":\"2025-10-03T09:39:27+00:00\",\"dateModified\":\"2025-10-03T09:50:34+00:00\",\"breadcrumb\":{\"@id\":\"https:\/\/martinezcaballeroabogados.com\/pt-pt\/politica-e-condicoes-do-primeiro-aconselhamento\/#breadcrumb\"},\"inLanguage\":\"pt-PT\",\"potentialAction\":[{\"@type\":\"ReadAction\",\"target\":[\"https:\/\/martinezcaballeroabogados.com\/pt-pt\/politica-e-condicoes-do-primeiro-aconselhamento\/\"]}]},{\"@type\":\"BreadcrumbList\",\"@id\":\"https:\/\/martinezcaballeroabogados.com\/pt-pt\/politica-e-condicoes-do-primeiro-aconselhamento\/#breadcrumb\",\"itemListElement\":[{\"@type\":\"ListItem\",\"position\":1,\"name\":\"Portada\",\"item\":\"https:\/\/martinezcaballeroabogados.com\/pt-pt\/advogados-em-barcelona\/\"},{\"@type\":\"ListItem\",\"position\":2,\"name\":\"Pol\u00edtica e condi\u00e7\u00f5es do primeiro aconselhamento\"}]},{\"@type\":\"WebSite\",\"@id\":\"https:\/\/martinezcaballeroabogados.com\/pt-pt\/#website\",\"url\":\"https:\/\/martinezcaballeroabogados.com\/pt-pt\/\",\"name\":\"Martinez & Caballero Abogados\",\"description\":\"Advogados abrangentes em Barcelona\",\"publisher\":{\"@id\":\"https:\/\/martinezcaballeroabogados.com\/pt-pt\/#organization\"},\"potentialAction\":[{\"@type\":\"SearchAction\",\"target\":{\"@type\":\"EntryPoint\",\"urlTemplate\":\"https:\/\/martinezcaballeroabogados.com\/pt-pt\/?s={search_term_string}\"},\"query-input\":{\"@type\":\"PropertyValueSpecification\",\"valueRequired\":true,\"valueName\":\"search_term_string\"}}],\"inLanguage\":\"pt-PT\"},{\"@type\":\"Organization\",\"@id\":\"https:\/\/martinezcaballeroabogados.com\/pt-pt\/#organization\",\"name\":\"Martinez & Caballero Abogados\",\"url\":\"https:\/\/martinezcaballeroabogados.com\/pt-pt\/\",\"logo\":{\"@type\":\"ImageObject\",\"inLanguage\":\"pt-PT\",\"@id\":\"https:\/\/martinezcaballeroabogados.com\/pt-pt\/#\/schema\/logo\/image\/\",\"url\":\"https:\/\/martinezcaballeroabogados.com\/wp-content\/uploads\/2020\/02\/cropped-cropped-logo-mc-abogados-web-1-e1497812507401-1.png\",\"contentUrl\":\"https:\/\/martinezcaballeroabogados.com\/wp-content\/uploads\/2020\/02\/cropped-cropped-logo-mc-abogados-web-1-e1497812507401-1.png\",\"width\":300,\"height\":150,\"caption\":\"Martinez & Caballero Abogados\"},\"image\":{\"@id\":\"https:\/\/martinezcaballeroabogados.com\/pt-pt\/#\/schema\/logo\/image\/\"},\"sameAs\":[\"https:\/\/www.facebook.com\/martinezcaballeroabogados\/\",\"https:\/\/x.com\/MC_abogados_\",\"https:\/\/www.instagram.com\/extranjeriabarcelonaabogados\/\"]}]}<\/script>\n<!-- \/ Yoast SEO plugin. -->","yoast_head_json":{"title":"Pol\u00edtica e condi\u00e7\u00f5es do primeiro aconselhamento - Martinez Caballero Abogados","robots":{"index":"index","follow":"follow","max-snippet":"max-snippet:-1","max-image-preview":"max-image-preview:large","max-video-preview":"max-video-preview:-1"},"canonical":"https:\/\/martinezcaballeroabogados.com\/pt-pt\/politica-e-condicoes-do-primeiro-aconselhamento\/","og_locale":"pt_PT","og_type":"article","og_title":"Pol\u00edtica e condi\u00e7\u00f5es do primeiro aconselhamento - Martinez Caballero Abogados","og_description":"POL\u00cdTICAS E CONDI\u00c7\u00d5ES CONSELHOS DO FIRST MC Condi\u00e7\u00f5es do primeiro aconselhamento jur\u00eddico Custo da consultoria O custo do servi\u00e7o de consultoria na MC Abogados para 2025-2026, quer seja online ou presencial, ser\u00e1 de 60,50\u20ac. Para reservar um dia e hora, \u00e9 necess\u00e1rio efetuar o pagamento pr\u00e9vio, de acordo com os m\u00e9todos de pagamento indicados nas Condi\u00e7\u00f5es Gerais. Confirma\u00e7\u00e3o de reserva Ap\u00f3s a rece\u00e7\u00e3o do pagamento, a empresa confirmar\u00e1 a marca\u00e7\u00e3o atrav\u00e9s dos canais de comunica\u00e7\u00e3o habituais (e-mail, WhatsApp ou telefonema).&hellip;","og_url":"https:\/\/martinezcaballeroabogados.com\/pt-pt\/politica-e-condicoes-do-primeiro-aconselhamento\/","og_site_name":"Martinez Caballero Abogados","article_publisher":"https:\/\/www.facebook.com\/martinezcaballeroabogados\/","article_modified_time":"2025-10-03T09:50:34+00:00","twitter_card":"summary_large_image","twitter_site":"@MC_abogados_","twitter_misc":{"Tempo estimado de leitura":"3 minutos"},"schema":{"@context":"https:\/\/schema.org","@graph":[{"@type":"WebPage","@id":"https:\/\/martinezcaballeroabogados.com\/pt-pt\/politica-e-condicoes-do-primeiro-aconselhamento\/","url":"https:\/\/martinezcaballeroabogados.com\/pt-pt\/politica-e-condicoes-do-primeiro-aconselhamento\/","name":"Pol\u00edtica e condi\u00e7\u00f5es do primeiro aconselhamento - Martinez Caballero Abogados","isPartOf":{"@id":"https:\/\/martinezcaballeroabogados.com\/pt-pt\/#website"},"datePublished":"2025-10-03T09:39:27+00:00","dateModified":"2025-10-03T09:50:34+00:00","breadcrumb":{"@id":"https:\/\/martinezcaballeroabogados.com\/pt-pt\/politica-e-condicoes-do-primeiro-aconselhamento\/#breadcrumb"},"inLanguage":"pt-PT","potentialAction":[{"@type":"ReadAction","target":["https:\/\/martinezcaballeroabogados.com\/pt-pt\/politica-e-condicoes-do-primeiro-aconselhamento\/"]}]},{"@type":"BreadcrumbList","@id":"https:\/\/martinezcaballeroabogados.com\/pt-pt\/politica-e-condicoes-do-primeiro-aconselhamento\/#breadcrumb","itemListElement":[{"@type":"ListItem","position":1,"name":"Portada","item":"https:\/\/martinezcaballeroabogados.com\/pt-pt\/advogados-em-barcelona\/"},{"@type":"ListItem","position":2,"name":"Pol\u00edtica e condi\u00e7\u00f5es do primeiro aconselhamento"}]},{"@type":"WebSite","@id":"https:\/\/martinezcaballeroabogados.com\/pt-pt\/#website","url":"https:\/\/martinezcaballeroabogados.com\/pt-pt\/","name":"Martinez & Caballero Abogados","description":"Advogados abrangentes em Barcelona","publisher":{"@id":"https:\/\/martinezcaballeroabogados.com\/pt-pt\/#organization"},"potentialAction":[{"@type":"SearchAction","target":{"@type":"EntryPoint","urlTemplate":"https:\/\/martinezcaballeroabogados.com\/pt-pt\/?s={search_term_string}"},"query-input":{"@type":"PropertyValueSpecification","valueRequired":true,"valueName":"search_term_string"}}],"inLanguage":"pt-PT"},{"@type":"Organization","@id":"https:\/\/martinezcaballeroabogados.com\/pt-pt\/#organization","name":"Martinez & Caballero Abogados","url":"https:\/\/martinezcaballeroabogados.com\/pt-pt\/","logo":{"@type":"ImageObject","inLanguage":"pt-PT","@id":"https:\/\/martinezcaballeroabogados.com\/pt-pt\/#\/schema\/logo\/image\/","url":"https:\/\/martinezcaballeroabogados.com\/wp-content\/uploads\/2020\/02\/cropped-cropped-logo-mc-abogados-web-1-e1497812507401-1.png","contentUrl":"https:\/\/martinezcaballeroabogados.com\/wp-content\/uploads\/2020\/02\/cropped-cropped-logo-mc-abogados-web-1-e1497812507401-1.png","width":300,"height":150,"caption":"Martinez & Caballero Abogados"},"image":{"@id":"https:\/\/martinezcaballeroabogados.com\/pt-pt\/#\/schema\/logo\/image\/"},"sameAs":["https:\/\/www.facebook.com\/martinezcaballeroabogados\/","https:\/\/x.com\/MC_abogados_","https:\/\/www.instagram.com\/extranjeriabarcelonaabogados\/"]}]}},"_links":{"self":[{"href":"https:\/\/martinezcaballeroabogados.com\/pt-pt\/wp-json\/wp\/v2\/pages\/23613","targetHints":{"allow":["GET"]}}],"collection":[{"href":"https:\/\/martinezcaballeroabogados.com\/pt-pt\/wp-json\/wp\/v2\/pages"}],"about":[{"href":"https:\/\/martinezcaballeroabogados.com\/pt-pt\/wp-json\/wp\/v2\/types\/page"}],"author":[{"embeddable":true,"href":"https:\/\/martinezcaballeroabogados.com\/pt-pt\/wp-json\/wp\/v2\/users\/1"}],"replies":[{"embeddable":true,"href":"https:\/\/martinezcaballeroabogados.com\/pt-pt\/wp-json\/wp\/v2\/comments?post=23613"}],"version-history":[{"count":1,"href":"https:\/\/martinezcaballeroabogados.com\/pt-pt\/wp-json\/wp\/v2\/pages\/23613\/revisions"}],"predecessor-version":[{"id":23614,"href":"https:\/\/martinezcaballeroabogados.com\/pt-pt\/wp-json\/wp\/v2\/pages\/23613\/revisions\/23614"}],"wp:attachment":[{"href":"https:\/\/martinezcaballeroabogados.com\/pt-pt\/wp-json\/wp\/v2\/media?parent=23613"}],"curies":[{"name":"wp","href":"https:\/\/api.w.org\/{rel}","templated":true}]}}