{"id":21604,"date":"2025-06-30T09:15:06","date_gmt":"2025-06-30T09:15:06","guid":{"rendered":"https:\/\/martinezcaballeroabogados.com\/protecao-contra-o-phishing-martinez-caballero-abogados\/"},"modified":"2025-06-30T11:13:01","modified_gmt":"2025-06-30T11:13:01","slug":"protecao-contra-o-phishing-martinez-caballero-abogados","status":"publish","type":"page","link":"https:\/\/martinezcaballeroabogados.com\/pt-pt\/protecao-contra-o-phishing-martinez-caballero-abogados\/","title":{"rendered":"Prote\u00e7\u00e3o contra o phishing &#8211; Mart\u00ednez &amp; Caballero Abogados"},"content":{"rendered":"\t\t<div data-elementor-type=\"wp-page\" data-elementor-id=\"21604\" class=\"elementor elementor-21604 elementor-21492\" data-elementor-post-type=\"page\">\n\t\t\t\t\t\t<section class=\"elementor-section elementor-top-section elementor-element elementor-element-04902e5 elementor-section-boxed elementor-section-height-default elementor-section-height-default\" data-id=\"04902e5\" data-element_type=\"section\" data-e-type=\"section\">\n\t\t\t\t\t\t<div class=\"elementor-container elementor-column-gap-extended\">\n\t\t\t\t\t<div class=\"elementor-column elementor-col-100 elementor-top-column elementor-element elementor-element-4c66dc5 sc_inner_width_none sc_layouts_column_icons_position_left\" data-id=\"4c66dc5\" data-element_type=\"column\" data-e-type=\"column\">\n\t\t\t<div class=\"elementor-widget-wrap elementor-element-populated\">\n\t\t\t\t\t\t<div class=\"elementor-element elementor-element-015fb9f sc_fly_static elementor-widget elementor-widget-spacer\" data-id=\"015fb9f\" data-element_type=\"widget\" data-e-type=\"widget\" data-widget_type=\"spacer.default\">\n\t\t\t\t<div class=\"elementor-widget-container\">\n\t\t\t\t\t\t\t<div class=\"elementor-spacer\">\n\t\t\t<div class=\"elementor-spacer-inner\"><\/div>\n\t\t<\/div>\n\t\t\t\t\t\t<\/div>\n\t\t\t\t<\/div>\n\t\t\t\t<div class=\"elementor-element elementor-element-2229f26 sc_fly_static elementor-widget elementor-widget-heading\" data-id=\"2229f26\" data-element_type=\"widget\" data-e-type=\"widget\" data-widget_type=\"heading.default\">\n\t\t\t\t<div class=\"elementor-widget-container\">\n\t\t\t\t\t<h1 class=\"elementor-heading-title elementor-size-default\">Prote\u00e7\u00e3o contra phishing  <\/h1>\t\t\t\t<\/div>\n\t\t\t\t<\/div>\n\t\t\t\t<div class=\"elementor-element elementor-element-0314e1d sc_fly_static elementor-widget elementor-widget-text-editor\" data-id=\"0314e1d\" data-element_type=\"widget\" data-e-type=\"widget\" data-widget_type=\"text-editor.default\">\n\t\t\t\t<div class=\"elementor-widget-container\">\n\t\t\t\t\t\t\t\t\t<p><b>1) O que \u00e9 o phishing?<\/b><\/p><p><span style=\"font-weight: 400;\">O phishing \u00e9 uma t\u00e9cnica de cibercrime que tenta induzir-te a fornecer voluntariamente dados pessoais ou financeiros, fazendo-te passar por indiv\u00edduos ou organiza\u00e7\u00f5es de confian\u00e7a.<\/span><\/p><p><b>2) Como podes proteger-te?<\/b><\/p><ul><li style=\"font-weight: 400;\" aria-level=\"1\"><b>Verifica o dom\u00ednio do remetente<\/b><span style=\"font-weight: 400;\">Todos os e-mails oficiais da empresa prov\u00eam do dom\u00ednio <\/span><span style=\"font-weight: 400;\">@martinezcaballeroabogados.com<\/span><span style=\"font-weight: 400;\">. Se for diferente, desconfia.<\/span><span style=\"font-weight: 400;\"><br><br><\/span><\/li><li style=\"font-weight: 400;\" aria-level=\"1\"><b>Tem cuidado com liga\u00e7\u00f5es ou anexos inesperados.<\/b><span style=\"font-weight: 400;\">Especialmente se n\u00e3o tiveres estabelecido contacto pr\u00e9vio com o remetente.<\/span><span style=\"font-weight: 400;\"><br><br><\/span><\/li><li style=\"font-weight: 400;\" aria-level=\"1\"><b>Presta aten\u00e7\u00e3o \u00e0 linguagem da mensagem<\/b><span style=\"font-weight: 400;\">As comunica\u00e7\u00f5es oficiais evitam erros ortogr\u00e1ficos ou express\u00f5es mal formuladas.<\/span><span style=\"font-weight: 400;\"><br><br><\/span><\/li><li style=\"font-weight: 400;\" aria-level=\"1\"><b>N\u00e3o partilhes dados sens\u00edveis<\/b><span style=\"font-weight: 400;\">Nunca divulgues informa\u00e7\u00f5es pessoais, dados banc\u00e1rios ou palavras-passe por correio eletr\u00f3nico ou mensagem.<\/span><span style=\"font-weight: 400;\"><br><br><\/span><\/li><li style=\"font-weight: 400;\" aria-level=\"1\"><b>Tem cuidado com os pedidos urgentes<\/b><span style=\"font-weight: 400;\">As burlas geram frequentemente alarme para que ajas sem verificar. Por exemplo, tem cuidado com as mensagens de correio eletr\u00f3nico que dizem &#8220;urgente: alterar dados banc\u00e1rios&#8221;. <\/span><span style=\"font-weight: 400;\"><br><br><\/span><\/li><\/ul><p><b>3. Formas comuns de phishing nos escrit\u00f3rios de advogados<\/b><\/p><ul><li style=\"font-weight: 400;\" aria-level=\"1\"><b>Alegadas infrac\u00e7\u00f5es \u00e0 propriedade intelectual<\/b><span style=\"font-weight: 400;\">Mensagens que simulam avisos de utiliza\u00e7\u00e3o n\u00e3o autorizada de conte\u00fados do cliente.<\/span><span style=\"font-weight: 400;\"><br><br><\/span><\/li><li style=\"font-weight: 400;\" aria-level=\"1\"><b>Altera\u00e7\u00f5es falsas nas contas banc\u00e1rias<\/b><span style=\"font-weight: 400;\">Mensagens de correio eletr\u00f3nico que afirmam que &#8220;a conta para o pagamento de propinas mudou&#8221; e fornecem dados falsos.<\/span><span style=\"font-weight: 400;\"><br><br><\/span><\/li><\/ul><p><b>4. Se receberes um e-mail suspeito, faz o seguinte<\/b><\/p><ul><li style=\"font-weight: 400;\" aria-level=\"1\"><b>N\u00c3O respondas, n\u00e3o cliques em liga\u00e7\u00f5es nem abras ficheiros.<\/b><span style=\"font-weight: 400;\">.<\/span><span style=\"font-weight: 400;\"><br><br><\/span><\/li><li style=\"font-weight: 400;\" aria-level=\"1\"><b>N\u00e3o efectues pagamentos atrav\u00e9s de instru\u00e7\u00f5es contidas em mailings suspeitos<\/b><span style=\"font-weight: 400;\">. Os dados banc\u00e1rios constam da fatura impressa ou do PDF oficial.<\/span><span style=\"font-weight: 400;\"><br><br><\/span><\/li><li style=\"font-weight: 400;\" aria-level=\"1\"><b>Verifica com o teu contacto habitual<\/b><span style=\"font-weight: 400;\"> se houver alguma altera\u00e7\u00e3o oficial.<\/span><span style=\"font-weight: 400;\"><br><br><\/span><\/li><\/ul><p><b>5) Como podes denunciar?<\/b><\/p><p><span style=\"font-weight: 400;\">Envia-nos imediatamente um e-mail para <\/span><b><a href=\"mailto:info@martinezcaballeroabogados.com\">info@martinezcaballeroabogados.com<\/a> <\/b> <span style=\"font-weight: 400;\">  (ou o endere\u00e7o interno que designares) com a mensagem suspeita como anexo. Se fores um cliente, contacta tamb\u00e9m o teu advogado habitual. <\/span><\/p><p><b>6. O nosso compromisso<\/b><\/p><ul><li style=\"font-weight: 400;\" aria-level=\"1\"><span style=\"font-weight: 400;\">Analisaremos e, se necess\u00e1rio, comunicaremos as tentativas de phishing \u00e0s autoridades competentes.<\/span><span style=\"font-weight: 400;\"><br><br><\/span><\/li><li style=\"font-weight: 400;\" aria-level=\"1\"><span style=\"font-weight: 400;\">Damos regularmente forma\u00e7\u00e3o \u00e0 nossa equipa e aos nossos clientes sobre as mais recentes t\u00e1cticas de burla por correio eletr\u00f3nico.<\/span><span style=\"font-weight: 400;\"><br><br><\/span><\/li><li style=\"font-weight: 400;\" aria-level=\"1\"><span style=\"font-weight: 400;\">Implementamos controlos t\u00e9cnicos, como filtros antiv\u00edrus, prote\u00e7\u00e3o de liga\u00e7\u00f5es em e-mails e alertas para detetar campanhas suspeitas.<\/span><\/li><\/ul>\t\t\t\t\t\t\t\t<\/div>\n\t\t\t\t<\/div>\n\t\t\t\t<div class=\"elementor-element elementor-element-85d00f4 sc_fly_static elementor-widget elementor-widget-spacer\" data-id=\"85d00f4\" data-element_type=\"widget\" data-e-type=\"widget\" data-widget_type=\"spacer.default\">\n\t\t\t\t<div class=\"elementor-widget-container\">\n\t\t\t\t\t\t\t<div class=\"elementor-spacer\">\n\t\t\t<div class=\"elementor-spacer-inner\"><\/div>\n\t\t<\/div>\n\t\t\t\t\t\t<\/div>\n\t\t\t\t<\/div>\n\t\t\t\t\t<\/div>\n\t\t<\/div>\n\t\t\t\t\t<\/div>\n\t\t<\/section>\n\t\t\t\t<\/div>\n\t\t","protected":false},"excerpt":{"rendered":"<p>Prote\u00e7\u00e3o contra phishing 1) O que \u00e9 o phishing? O phishing \u00e9 uma t\u00e9cnica de cibercrime que tenta induzir-te a fornecer voluntariamente dados pessoais ou financeiros, fazendo-te passar por indiv\u00edduos ou organiza\u00e7\u00f5es de confian\u00e7a. 2) Como podes proteger-te? Verifica o dom\u00ednio do remetenteTodos os e-mails oficiais da empresa prov\u00eam do dom\u00ednio @martinezcaballeroabogados.com. Se for diferente, desconfia. Tem cuidado com liga\u00e7\u00f5es ou anexos inesperados.Especialmente se n\u00e3o tiveres estabelecido contacto pr\u00e9vio com o remetente. Presta aten\u00e7\u00e3o \u00e0 linguagem da mensagemAs comunica\u00e7\u00f5es oficiais&hellip;<\/p>\n","protected":false},"author":1,"featured_media":0,"parent":0,"menu_order":0,"comment_status":"closed","ping_status":"closed","template":"","meta":{"_monsterinsights_skip_tracking":false,"_monsterinsights_sitenote_active":false,"_monsterinsights_sitenote_note":"","_monsterinsights_sitenote_category":0,"_joinchat":[],"footnotes":""},"class_list":["post-21604","page","type-page","status-publish","hentry"],"yoast_head":"<!-- This site is optimized with the Yoast SEO plugin v26.8 - https:\/\/yoast.com\/product\/yoast-seo-wordpress\/ -->\n<title>Prote\u00e7\u00e3o contra phishing | Martinez &amp; Caballero Abogados - Martinez Caballero Abogados<\/title>\n<meta name=\"description\" content=\"Descobre como te protegeres do phishing com as medidas legais e pr\u00e1ticas de Mart\u00ednez &amp; Caballero Abogados. Garante a seguran\u00e7a da tua informa\u00e7\u00e3o.\" \/>\n<meta name=\"robots\" content=\"index, follow, max-snippet:-1, max-image-preview:large, max-video-preview:-1\" \/>\n<link rel=\"canonical\" href=\"https:\/\/martinezcaballeroabogados.com\/pt-pt\/protecao-contra-o-phishing-martinez-caballero-abogados\/\" \/>\n<meta property=\"og:locale\" content=\"pt_PT\" \/>\n<meta property=\"og:type\" content=\"article\" \/>\n<meta property=\"og:title\" content=\"Prote\u00e7\u00e3o contra phishing | Martinez &amp; Caballero Abogados - Martinez Caballero Abogados\" \/>\n<meta property=\"og:description\" content=\"Descobre como te protegeres do phishing com as medidas legais e pr\u00e1ticas de Mart\u00ednez &amp; Caballero Abogados. Garante a seguran\u00e7a da tua informa\u00e7\u00e3o.\" \/>\n<meta property=\"og:url\" content=\"https:\/\/martinezcaballeroabogados.com\/pt-pt\/protecao-contra-o-phishing-martinez-caballero-abogados\/\" \/>\n<meta property=\"og:site_name\" content=\"Martinez Caballero Abogados\" \/>\n<meta property=\"article:publisher\" content=\"https:\/\/www.facebook.com\/martinezcaballeroabogados\/\" \/>\n<meta property=\"article:modified_time\" content=\"2025-06-30T11:13:01+00:00\" \/>\n<meta name=\"twitter:card\" content=\"summary_large_image\" \/>\n<meta name=\"twitter:site\" content=\"@MC_abogados_\" \/>\n<meta name=\"twitter:label1\" content=\"Tempo estimado de leitura\" \/>\n\t<meta name=\"twitter:data1\" content=\"2 minutos\" \/>\n<script type=\"application\/ld+json\" class=\"yoast-schema-graph\">{\"@context\":\"https:\/\/schema.org\",\"@graph\":[{\"@type\":\"WebPage\",\"@id\":\"https:\/\/martinezcaballeroabogados.com\/pt-pt\/protecao-contra-o-phishing-martinez-caballero-abogados\/\",\"url\":\"https:\/\/martinezcaballeroabogados.com\/pt-pt\/protecao-contra-o-phishing-martinez-caballero-abogados\/\",\"name\":\"Prote\u00e7\u00e3o contra phishing | Martinez & Caballero Abogados - Martinez Caballero Abogados\",\"isPartOf\":{\"@id\":\"https:\/\/martinezcaballeroabogados.com\/pt-pt\/#website\"},\"datePublished\":\"2025-06-30T09:15:06+00:00\",\"dateModified\":\"2025-06-30T11:13:01+00:00\",\"description\":\"Descobre como te protegeres do phishing com as medidas legais e pr\u00e1ticas de Mart\u00ednez & Caballero Abogados. Garante a seguran\u00e7a da tua informa\u00e7\u00e3o.\",\"breadcrumb\":{\"@id\":\"https:\/\/martinezcaballeroabogados.com\/pt-pt\/protecao-contra-o-phishing-martinez-caballero-abogados\/#breadcrumb\"},\"inLanguage\":\"pt-PT\",\"potentialAction\":[{\"@type\":\"ReadAction\",\"target\":[\"https:\/\/martinezcaballeroabogados.com\/pt-pt\/protecao-contra-o-phishing-martinez-caballero-abogados\/\"]}]},{\"@type\":\"BreadcrumbList\",\"@id\":\"https:\/\/martinezcaballeroabogados.com\/pt-pt\/protecao-contra-o-phishing-martinez-caballero-abogados\/#breadcrumb\",\"itemListElement\":[{\"@type\":\"ListItem\",\"position\":1,\"name\":\"Portada\",\"item\":\"https:\/\/martinezcaballeroabogados.com\/pt-pt\/advogados-em-barcelona\/\"},{\"@type\":\"ListItem\",\"position\":2,\"name\":\"Prote\u00e7\u00e3o contra o phishing &#8211; Mart\u00ednez &amp; Caballero Abogados\"}]},{\"@type\":\"WebSite\",\"@id\":\"https:\/\/martinezcaballeroabogados.com\/pt-pt\/#website\",\"url\":\"https:\/\/martinezcaballeroabogados.com\/pt-pt\/\",\"name\":\"Martinez & Caballero Abogados\",\"description\":\"Advogados abrangentes em Barcelona\",\"publisher\":{\"@id\":\"https:\/\/martinezcaballeroabogados.com\/pt-pt\/#organization\"},\"potentialAction\":[{\"@type\":\"SearchAction\",\"target\":{\"@type\":\"EntryPoint\",\"urlTemplate\":\"https:\/\/martinezcaballeroabogados.com\/pt-pt\/?s={search_term_string}\"},\"query-input\":{\"@type\":\"PropertyValueSpecification\",\"valueRequired\":true,\"valueName\":\"search_term_string\"}}],\"inLanguage\":\"pt-PT\"},{\"@type\":\"Organization\",\"@id\":\"https:\/\/martinezcaballeroabogados.com\/pt-pt\/#organization\",\"name\":\"Martinez & Caballero Abogados\",\"url\":\"https:\/\/martinezcaballeroabogados.com\/pt-pt\/\",\"logo\":{\"@type\":\"ImageObject\",\"inLanguage\":\"pt-PT\",\"@id\":\"https:\/\/martinezcaballeroabogados.com\/pt-pt\/#\/schema\/logo\/image\/\",\"url\":\"https:\/\/martinezcaballeroabogados.com\/wp-content\/uploads\/2020\/02\/cropped-cropped-logo-mc-abogados-web-1-e1497812507401-1.png\",\"contentUrl\":\"https:\/\/martinezcaballeroabogados.com\/wp-content\/uploads\/2020\/02\/cropped-cropped-logo-mc-abogados-web-1-e1497812507401-1.png\",\"width\":300,\"height\":150,\"caption\":\"Martinez & Caballero Abogados\"},\"image\":{\"@id\":\"https:\/\/martinezcaballeroabogados.com\/pt-pt\/#\/schema\/logo\/image\/\"},\"sameAs\":[\"https:\/\/www.facebook.com\/martinezcaballeroabogados\/\",\"https:\/\/x.com\/MC_abogados_\",\"https:\/\/www.instagram.com\/extranjeriabarcelonaabogados\/\"]}]}<\/script>\n<!-- \/ Yoast SEO plugin. -->","yoast_head_json":{"title":"Prote\u00e7\u00e3o contra phishing | Martinez & Caballero Abogados - Martinez Caballero Abogados","description":"Descobre como te protegeres do phishing com as medidas legais e pr\u00e1ticas de Mart\u00ednez & Caballero Abogados. Garante a seguran\u00e7a da tua informa\u00e7\u00e3o.","robots":{"index":"index","follow":"follow","max-snippet":"max-snippet:-1","max-image-preview":"max-image-preview:large","max-video-preview":"max-video-preview:-1"},"canonical":"https:\/\/martinezcaballeroabogados.com\/pt-pt\/protecao-contra-o-phishing-martinez-caballero-abogados\/","og_locale":"pt_PT","og_type":"article","og_title":"Prote\u00e7\u00e3o contra phishing | Martinez & Caballero Abogados - Martinez Caballero Abogados","og_description":"Descobre como te protegeres do phishing com as medidas legais e pr\u00e1ticas de Mart\u00ednez & Caballero Abogados. Garante a seguran\u00e7a da tua informa\u00e7\u00e3o.","og_url":"https:\/\/martinezcaballeroabogados.com\/pt-pt\/protecao-contra-o-phishing-martinez-caballero-abogados\/","og_site_name":"Martinez Caballero Abogados","article_publisher":"https:\/\/www.facebook.com\/martinezcaballeroabogados\/","article_modified_time":"2025-06-30T11:13:01+00:00","twitter_card":"summary_large_image","twitter_site":"@MC_abogados_","twitter_misc":{"Tempo estimado de leitura":"2 minutos"},"schema":{"@context":"https:\/\/schema.org","@graph":[{"@type":"WebPage","@id":"https:\/\/martinezcaballeroabogados.com\/pt-pt\/protecao-contra-o-phishing-martinez-caballero-abogados\/","url":"https:\/\/martinezcaballeroabogados.com\/pt-pt\/protecao-contra-o-phishing-martinez-caballero-abogados\/","name":"Prote\u00e7\u00e3o contra phishing | Martinez & Caballero Abogados - Martinez Caballero Abogados","isPartOf":{"@id":"https:\/\/martinezcaballeroabogados.com\/pt-pt\/#website"},"datePublished":"2025-06-30T09:15:06+00:00","dateModified":"2025-06-30T11:13:01+00:00","description":"Descobre como te protegeres do phishing com as medidas legais e pr\u00e1ticas de Mart\u00ednez & Caballero Abogados. Garante a seguran\u00e7a da tua informa\u00e7\u00e3o.","breadcrumb":{"@id":"https:\/\/martinezcaballeroabogados.com\/pt-pt\/protecao-contra-o-phishing-martinez-caballero-abogados\/#breadcrumb"},"inLanguage":"pt-PT","potentialAction":[{"@type":"ReadAction","target":["https:\/\/martinezcaballeroabogados.com\/pt-pt\/protecao-contra-o-phishing-martinez-caballero-abogados\/"]}]},{"@type":"BreadcrumbList","@id":"https:\/\/martinezcaballeroabogados.com\/pt-pt\/protecao-contra-o-phishing-martinez-caballero-abogados\/#breadcrumb","itemListElement":[{"@type":"ListItem","position":1,"name":"Portada","item":"https:\/\/martinezcaballeroabogados.com\/pt-pt\/advogados-em-barcelona\/"},{"@type":"ListItem","position":2,"name":"Prote\u00e7\u00e3o contra o phishing &#8211; Mart\u00ednez &amp; Caballero Abogados"}]},{"@type":"WebSite","@id":"https:\/\/martinezcaballeroabogados.com\/pt-pt\/#website","url":"https:\/\/martinezcaballeroabogados.com\/pt-pt\/","name":"Martinez & Caballero Abogados","description":"Advogados abrangentes em Barcelona","publisher":{"@id":"https:\/\/martinezcaballeroabogados.com\/pt-pt\/#organization"},"potentialAction":[{"@type":"SearchAction","target":{"@type":"EntryPoint","urlTemplate":"https:\/\/martinezcaballeroabogados.com\/pt-pt\/?s={search_term_string}"},"query-input":{"@type":"PropertyValueSpecification","valueRequired":true,"valueName":"search_term_string"}}],"inLanguage":"pt-PT"},{"@type":"Organization","@id":"https:\/\/martinezcaballeroabogados.com\/pt-pt\/#organization","name":"Martinez & Caballero Abogados","url":"https:\/\/martinezcaballeroabogados.com\/pt-pt\/","logo":{"@type":"ImageObject","inLanguage":"pt-PT","@id":"https:\/\/martinezcaballeroabogados.com\/pt-pt\/#\/schema\/logo\/image\/","url":"https:\/\/martinezcaballeroabogados.com\/wp-content\/uploads\/2020\/02\/cropped-cropped-logo-mc-abogados-web-1-e1497812507401-1.png","contentUrl":"https:\/\/martinezcaballeroabogados.com\/wp-content\/uploads\/2020\/02\/cropped-cropped-logo-mc-abogados-web-1-e1497812507401-1.png","width":300,"height":150,"caption":"Martinez & Caballero Abogados"},"image":{"@id":"https:\/\/martinezcaballeroabogados.com\/pt-pt\/#\/schema\/logo\/image\/"},"sameAs":["https:\/\/www.facebook.com\/martinezcaballeroabogados\/","https:\/\/x.com\/MC_abogados_","https:\/\/www.instagram.com\/extranjeriabarcelonaabogados\/"]}]}},"_links":{"self":[{"href":"https:\/\/martinezcaballeroabogados.com\/pt-pt\/wp-json\/wp\/v2\/pages\/21604","targetHints":{"allow":["GET"]}}],"collection":[{"href":"https:\/\/martinezcaballeroabogados.com\/pt-pt\/wp-json\/wp\/v2\/pages"}],"about":[{"href":"https:\/\/martinezcaballeroabogados.com\/pt-pt\/wp-json\/wp\/v2\/types\/page"}],"author":[{"embeddable":true,"href":"https:\/\/martinezcaballeroabogados.com\/pt-pt\/wp-json\/wp\/v2\/users\/1"}],"replies":[{"embeddable":true,"href":"https:\/\/martinezcaballeroabogados.com\/pt-pt\/wp-json\/wp\/v2\/comments?post=21604"}],"version-history":[{"count":1,"href":"https:\/\/martinezcaballeroabogados.com\/pt-pt\/wp-json\/wp\/v2\/pages\/21604\/revisions"}],"predecessor-version":[{"id":21605,"href":"https:\/\/martinezcaballeroabogados.com\/pt-pt\/wp-json\/wp\/v2\/pages\/21604\/revisions\/21605"}],"wp:attachment":[{"href":"https:\/\/martinezcaballeroabogados.com\/pt-pt\/wp-json\/wp\/v2\/media?parent=21604"}],"curies":[{"name":"wp","href":"https:\/\/api.w.org\/{rel}","templated":true}]}}