{"id":21589,"date":"2025-06-30T09:02:30","date_gmt":"2025-06-30T09:02:30","guid":{"rendered":"https:\/\/martinezcaballeroabogados.com\/politica-de-seguranca-da-informacao\/"},"modified":"2025-06-30T10:51:50","modified_gmt":"2025-06-30T10:51:50","slug":"politica-de-seguranca-da-informacao","status":"publish","type":"page","link":"https:\/\/martinezcaballeroabogados.com\/pt-pt\/politica-de-seguranca-da-informacao\/","title":{"rendered":"Pol\u00edtica de seguran\u00e7a da informa\u00e7\u00e3o"},"content":{"rendered":"\t\t<div data-elementor-type=\"wp-page\" data-elementor-id=\"21589\" class=\"elementor elementor-21589 elementor-21481\" data-elementor-post-type=\"page\">\n\t\t\t\t\t\t<section class=\"elementor-section elementor-top-section elementor-element elementor-element-ef5a1c7 elementor-section-boxed elementor-section-height-default elementor-section-height-default\" data-id=\"ef5a1c7\" data-element_type=\"section\" data-e-type=\"section\">\n\t\t\t\t\t\t<div class=\"elementor-container elementor-column-gap-extended\">\n\t\t\t\t\t<div class=\"elementor-column elementor-col-100 elementor-top-column elementor-element elementor-element-b79da07 sc_inner_width_none sc_layouts_column_icons_position_left\" data-id=\"b79da07\" data-element_type=\"column\" data-e-type=\"column\">\n\t\t\t<div class=\"elementor-widget-wrap elementor-element-populated\">\n\t\t\t\t\t\t<div class=\"elementor-element elementor-element-f4639de sc_fly_static elementor-widget elementor-widget-spacer\" data-id=\"f4639de\" data-element_type=\"widget\" data-e-type=\"widget\" data-widget_type=\"spacer.default\">\n\t\t\t\t<div class=\"elementor-widget-container\">\n\t\t\t\t\t\t\t<div class=\"elementor-spacer\">\n\t\t\t<div class=\"elementor-spacer-inner\"><\/div>\n\t\t<\/div>\n\t\t\t\t\t\t<\/div>\n\t\t\t\t<\/div>\n\t\t\t\t<div class=\"elementor-element elementor-element-7ddb79a sc_fly_static elementor-widget elementor-widget-heading\" data-id=\"7ddb79a\" data-element_type=\"widget\" data-e-type=\"widget\" data-widget_type=\"heading.default\">\n\t\t\t\t<div class=\"elementor-widget-container\">\n\t\t\t\t\t<h1 class=\"elementor-heading-title elementor-size-default\">Pol\u00edtica de seguran\u00e7a da informa\u00e7\u00e3o<\/h1>\t\t\t\t<\/div>\n\t\t\t\t<\/div>\n\t\t\t\t<div class=\"elementor-element elementor-element-04b4a91 sc_fly_static elementor-widget elementor-widget-text-editor\" data-id=\"04b4a91\" data-element_type=\"widget\" data-e-type=\"widget\" data-widget_type=\"text-editor.default\">\n\t\t\t\t<div class=\"elementor-widget-container\">\n\t\t\t\t\t\t\t\t\t<p><span style=\"font-weight: 400;\">Escrit\u00f3rio de Advogados: M&amp;C Abogados (Apna Advocats SLP)<\/span><\/p><p><strong>Vers\u00e3o: 1.0<\/strong><\/p><p><span style=\"font-weight: 400;\">Data de aprova\u00e7\u00e3o: 26\/06\/2025<\/span><\/p><p><span style=\"font-weight: 400;\">Aprovado por: Diana Caballero Aguirre, CEO e Diretora de Seguran\u00e7a da Informa\u00e7\u00e3o<\/span><\/p><p><span style=\"font-weight: 400;\">N\u00edvel de confidencialidade: interno<\/span><\/p><p><b>1. introdu\u00e7\u00e3o<\/b><\/p><p><span style=\"font-weight: 400;\">A informa\u00e7\u00e3o e os sistemas que a gerem s\u00e3o activos cr\u00edticos para a M&amp;C Abogados. A crescente depend\u00eancia das tecnologias digitais, o tratamento de dados sens\u00edveis e a necessidade de manter a confian\u00e7a dos clientes exigem o estabelecimento de uma pol\u00edtica de seguran\u00e7a formal. Esta pol\u00edtica define os princ\u00edpios, fun\u00e7\u00f5es, responsabilidades e controlos necess\u00e1rios para proteger a informa\u00e7\u00e3o contra amea\u00e7as internas e externas.  <\/span><\/p><p><b>2. miss\u00e3o e objectivos<\/b><\/p><p><span style=\"font-weight: 400;\">A miss\u00e3o desta pol\u00edtica consiste em garantir a confidencialidade, a integridade, a disponibilidade, a autenticidade e a rastreabilidade das informa\u00e7\u00f5es tratadas pela empresa. Os seus principais objectivos s\u00e3o: <\/span><\/p><ul><li style=\"font-weight: 400;\" aria-level=\"1\"><span style=\"font-weight: 400;\">Respeita a regulamenta\u00e7\u00e3o em vigor (RGPD, LOPDGDD, LSSI).<\/span><\/li><li style=\"font-weight: 400;\" aria-level=\"1\"><span style=\"font-weight: 400;\">Minimiza os riscos de viola\u00e7\u00e3o ou perda de dados.<\/span><\/li><li style=\"font-weight: 400;\" aria-level=\"1\"><span style=\"font-weight: 400;\">Assegura a continuidade operacional.<\/span><\/li><li style=\"font-weight: 400;\" aria-level=\"1\"><span style=\"font-weight: 400;\">Sensibiliza a equipa para o seu papel na prote\u00e7\u00e3o da informa\u00e7\u00e3o.<\/span><\/li><\/ul><p><b>3. Alcance<\/b><\/p><p><span style=\"font-weight: 400;\">Aplica-se a todos os sistemas, pessoas, dispositivos e processos envolvidos no tratamento da informa\u00e7\u00e3o na M&amp;C Abogados. Inclui tanto a informa\u00e7\u00e3o digital como a informa\u00e7\u00e3o em papel, independentemente do seu formato ou suporte. <\/span><\/p><p><b>4. Quadro regulamentar<\/b><\/p><p><span style=\"font-weight: 400;\">Esta pol\u00edtica baseia-se em:<\/span><\/p><ul><li style=\"font-weight: 400;\" aria-level=\"1\"><span style=\"font-weight: 400;\">Regulamento (UE) 2016\/679 (RGPD).<\/span><\/li><li style=\"font-weight: 400;\" aria-level=\"1\"><span style=\"font-weight: 400;\">Lei Org\u00e2nica 3\/2018, relativa \u00e0 prote\u00e7\u00e3o de dados e \u00e0 garantia dos direitos digitais.<\/span><\/li><li style=\"font-weight: 400;\" aria-level=\"1\"><span style=\"font-weight: 400;\">Lei 34\/2002 (LSSI).<\/span><\/li><li style=\"font-weight: 400;\" aria-level=\"1\"><span style=\"font-weight: 400;\">Princ\u00edpios da norma ISO\/IEC 27001.<\/span><\/li><\/ul><p><b>5. Classifica\u00e7\u00e3o da informa\u00e7\u00e3o<\/b><\/p><p><span style=\"font-weight: 400;\">As informa\u00e7\u00f5es de expedi\u00e7\u00e3o devem ser classificadas em tr\u00eas n\u00edveis:<\/span><\/p><ul><li style=\"font-weight: 400;\" aria-level=\"1\"><span style=\"font-weight: 400;\">Confidencial: ficheiros, dados de sa\u00fade, menores, processos penais.<\/span><\/li><li style=\"font-weight: 400;\" aria-level=\"1\"><span style=\"font-weight: 400;\">Utiliza\u00e7\u00e3o interna: comunica\u00e7\u00f5es internas, recursos humanos, documentos de trabalho.<\/span><\/li><li style=\"font-weight: 400;\" aria-level=\"1\"><span style=\"font-weight: 400;\">P\u00fablico: conte\u00fado publicado na Web e nas redes sociais.<\/span><\/li><\/ul><p><b>6. Organiza\u00e7\u00e3o da seguran\u00e7a<\/b><\/p><ul><li style=\"font-weight: 400;\" aria-level=\"1\"><span style=\"font-weight: 400;\">Chefe de Seguran\u00e7a: Diana Caballero Aguirre (CEO).<\/span><\/li><li style=\"font-weight: 400;\" aria-level=\"1\"><span style=\"font-weight: 400;\">Delegado para a prote\u00e7\u00e3o de dados: Equal Data Protection (externo).<\/span><\/li><li style=\"font-weight: 400;\" aria-level=\"1\"><span style=\"font-weight: 400;\">Diretor de canais digitais: Diretor de marketing digital.<\/span><\/li><li style=\"font-weight: 400;\" aria-level=\"1\"><span style=\"font-weight: 400;\">Apoio inform\u00e1tico: fornecedor externo, a pedido.<\/span><\/li><\/ul><p><span style=\"font-weight: 400;\">Todo o pessoal \u00e9 respons\u00e1vel pelo cumprimento desta pol\u00edtica e pela comunica\u00e7\u00e3o de incidentes ou defici\u00eancias.<\/span><\/p><p><b>7. Gest\u00e3o dos riscos<\/b><\/p><p><span style=\"font-weight: 400;\">Embora n\u00e3o tenha sido efectuada uma auditoria formal, a empresa est\u00e1 empenhada em<\/span><\/p><ul><li style=\"font-weight: 400;\" aria-level=\"1\"><span style=\"font-weight: 400;\">Analisa os riscos pelo menos uma vez por ano.<\/span><\/li><li style=\"font-weight: 400;\" aria-level=\"1\"><span style=\"font-weight: 400;\">Reage a incidentes de seguran\u00e7a.<\/span><\/li><li style=\"font-weight: 400;\" aria-level=\"1\"><span style=\"font-weight: 400;\">Avalia as altera\u00e7\u00f5es tecnol\u00f3gicas ou regulamentares.<\/span><\/li><\/ul><p><b>8. Controlos t\u00e9cnicos e acesso<\/b><\/p><ul><li style=\"font-weight: 400;\" aria-level=\"1\"><span style=\"font-weight: 400;\">Palavras-passe fortes e autentica\u00e7\u00e3o em dois passos.<\/span><\/li><li style=\"font-weight: 400;\" aria-level=\"1\"><span style=\"font-weight: 400;\">Armazenamento encriptado no Google Drive e no OneDrive.<\/span><\/li><li style=\"font-weight: 400;\" aria-level=\"1\"><span style=\"font-weight: 400;\">Prote\u00e7\u00e3o do s\u00edtio Web com Wordfence e Limitar tentativas de in\u00edcio de sess\u00e3o.<\/span><\/li><li style=\"font-weight: 400;\" aria-level=\"1\"><span style=\"font-weight: 400;\">Acesso remoto controlado e utiliza\u00e7\u00e3o respons\u00e1vel de dispositivos pessoais.<\/span><\/li><\/ul><p><b>9. Gest\u00e3o de incidentes<\/b><\/p><p><span style=\"font-weight: 400;\">Os incidentes devem ser imediatamente comunicados ao respons\u00e1vel pela seguran\u00e7a. O seu impacto deve ser avaliado e a AEPD deve ser notificada, se necess\u00e1rio. Todos os casos devem ser documentados para evitar que se repitam no futuro.  <\/span><\/p><p><b>10. Rela\u00e7\u00f5es com terceiros<\/b><\/p><p><span style=\"font-weight: 400;\">Os terceiros que acedem aos dados da sociedade devem assinar acordos de confidencialidade e respeitar esta pol\u00edtica. No final da rela\u00e7\u00e3o, devem apagar toda a informa\u00e7\u00e3o sob garantias audit\u00e1veis. <\/span><\/p><p><b>11. Forma\u00e7\u00e3o e sensibiliza\u00e7\u00e3o<\/b><\/p><p><span style=\"font-weight: 400;\">Todo o pessoal receber\u00e1 anualmente forma\u00e7\u00e3o b\u00e1sica em ciberseguran\u00e7a, melhores pr\u00e1ticas e prote\u00e7\u00e3o de dados. Ser\u00e1 promovida uma cultura de seguran\u00e7a ativa. <\/span><\/p><p><b>12. Atualiza\u00e7\u00e3o e melhoria cont\u00ednua<\/b><\/p><p><span style=\"font-weight: 400;\">Esta pol\u00edtica deve ser revista anualmente ou sempre que ocorram altera\u00e7\u00f5es relevantes. Todas as altera\u00e7\u00f5es devem ser aprovadas pela dire\u00e7\u00e3o e comunicadas ao pessoal. <\/span><\/p><p><b>13. Documenta\u00e7\u00e3o de apoio<\/b><\/p><p><span style=\"font-weight: 400;\">Esta pol\u00edtica ser\u00e1 desenvolvida atrav\u00e9s de:<\/span><\/p><ul><li style=\"font-weight: 400;\" aria-level=\"1\"><span style=\"font-weight: 400;\">Normas de seguran\u00e7a interna.<\/span><\/li><li style=\"font-weight: 400;\" aria-level=\"1\"><span style=\"font-weight: 400;\">Procedimentos de trabalho seguros.<\/span><\/li><li style=\"font-weight: 400;\" aria-level=\"1\"><span style=\"font-weight: 400;\">Guias de boas pr\u00e1ticas para os trabalhadores.<\/span><\/li><\/ul><p><b>Aprovado por:<\/b><\/p><p><span style=\"font-weight: 400;\">Diana Caballero Aguirre<\/span><span style=\"font-weight: 400;\"><br><\/span><span style=\"font-weight: 400;\">Diretor Executivo e Diretor de Seguran\u00e7a da Informa\u00e7\u00e3o<\/span><\/p>\t\t\t\t\t\t\t\t<\/div>\n\t\t\t\t<\/div>\n\t\t\t\t<div class=\"elementor-element elementor-element-a4cb518 sc_fly_static elementor-widget elementor-widget-spacer\" data-id=\"a4cb518\" data-element_type=\"widget\" data-e-type=\"widget\" data-widget_type=\"spacer.default\">\n\t\t\t\t<div class=\"elementor-widget-container\">\n\t\t\t\t\t\t\t<div class=\"elementor-spacer\">\n\t\t\t<div class=\"elementor-spacer-inner\"><\/div>\n\t\t<\/div>\n\t\t\t\t\t\t<\/div>\n\t\t\t\t<\/div>\n\t\t\t\t\t<\/div>\n\t\t<\/div>\n\t\t\t\t\t<\/div>\n\t\t<\/section>\n\t\t\t\t<\/div>\n\t\t","protected":false},"excerpt":{"rendered":"<p>Pol\u00edtica de seguran\u00e7a da informa\u00e7\u00e3o Escrit\u00f3rio de Advogados: M&amp;C Abogados (Apna Advocats SLP) Vers\u00e3o: 1.0 Data de aprova\u00e7\u00e3o: 26\/06\/2025 Aprovado por: Diana Caballero Aguirre, CEO e Diretora de Seguran\u00e7a da Informa\u00e7\u00e3o N\u00edvel de confidencialidade: interno 1. introdu\u00e7\u00e3o A informa\u00e7\u00e3o e os sistemas que a gerem s\u00e3o activos cr\u00edticos para a M&amp;C Abogados. A crescente depend\u00eancia das tecnologias digitais, o tratamento de dados sens\u00edveis e a necessidade de manter a confian\u00e7a dos clientes exigem o estabelecimento de uma pol\u00edtica de seguran\u00e7a&hellip;<\/p>\n","protected":false},"author":1,"featured_media":0,"parent":0,"menu_order":0,"comment_status":"closed","ping_status":"closed","template":"","meta":{"_monsterinsights_skip_tracking":false,"_monsterinsights_sitenote_active":false,"_monsterinsights_sitenote_note":"","_monsterinsights_sitenote_category":0,"_joinchat":[],"footnotes":""},"class_list":["post-21589","page","type-page","status-publish","hentry"],"yoast_head":"<!-- This site is optimized with the Yoast SEO plugin v26.8 - https:\/\/yoast.com\/product\/yoast-seo-wordpress\/ -->\n<title>Pol\u00edtica de Seguran\u00e7a da Informa\u00e7\u00e3o | M&amp;C Abogados - Martinez Caballero Abogados<\/title>\n<meta name=\"description\" content=\"Consulta a nossa pol\u00edtica de seguran\u00e7a da informa\u00e7\u00e3o: medidas t\u00e9cnicas e organizativas para proteger os teus dados confiados \u00e0 Mart\u00ednez &amp; Caballero Abogados.\" \/>\n<meta name=\"robots\" content=\"index, follow, max-snippet:-1, max-image-preview:large, max-video-preview:-1\" \/>\n<link rel=\"canonical\" href=\"https:\/\/martinezcaballeroabogados.com\/pt-pt\/politica-de-seguranca-da-informacao\/\" \/>\n<meta property=\"og:locale\" content=\"pt_PT\" \/>\n<meta property=\"og:type\" content=\"article\" \/>\n<meta property=\"og:title\" content=\"Pol\u00edtica de Seguran\u00e7a da Informa\u00e7\u00e3o | M&amp;C Abogados - Martinez Caballero Abogados\" \/>\n<meta property=\"og:description\" content=\"Consulta a nossa pol\u00edtica de seguran\u00e7a da informa\u00e7\u00e3o: medidas t\u00e9cnicas e organizativas para proteger os teus dados confiados \u00e0 Mart\u00ednez &amp; Caballero Abogados.\" \/>\n<meta property=\"og:url\" content=\"https:\/\/martinezcaballeroabogados.com\/pt-pt\/politica-de-seguranca-da-informacao\/\" \/>\n<meta property=\"og:site_name\" content=\"Martinez Caballero Abogados\" \/>\n<meta property=\"article:publisher\" content=\"https:\/\/www.facebook.com\/martinezcaballeroabogados\/\" \/>\n<meta property=\"article:modified_time\" content=\"2025-06-30T10:51:50+00:00\" \/>\n<meta name=\"twitter:card\" content=\"summary_large_image\" \/>\n<meta name=\"twitter:site\" content=\"@MC_abogados_\" \/>\n<meta name=\"twitter:label1\" content=\"Tempo estimado de leitura\" \/>\n\t<meta name=\"twitter:data1\" content=\"3 minutos\" \/>\n<script type=\"application\/ld+json\" class=\"yoast-schema-graph\">{\"@context\":\"https:\/\/schema.org\",\"@graph\":[{\"@type\":\"WebPage\",\"@id\":\"https:\/\/martinezcaballeroabogados.com\/pt-pt\/politica-de-seguranca-da-informacao\/\",\"url\":\"https:\/\/martinezcaballeroabogados.com\/pt-pt\/politica-de-seguranca-da-informacao\/\",\"name\":\"Pol\u00edtica de Seguran\u00e7a da Informa\u00e7\u00e3o | M&C Abogados - Martinez Caballero Abogados\",\"isPartOf\":{\"@id\":\"https:\/\/martinezcaballeroabogados.com\/pt-pt\/#website\"},\"datePublished\":\"2025-06-30T09:02:30+00:00\",\"dateModified\":\"2025-06-30T10:51:50+00:00\",\"description\":\"Consulta a nossa pol\u00edtica de seguran\u00e7a da informa\u00e7\u00e3o: medidas t\u00e9cnicas e organizativas para proteger os teus dados confiados \u00e0 Mart\u00ednez & Caballero Abogados.\",\"breadcrumb\":{\"@id\":\"https:\/\/martinezcaballeroabogados.com\/pt-pt\/politica-de-seguranca-da-informacao\/#breadcrumb\"},\"inLanguage\":\"pt-PT\",\"potentialAction\":[{\"@type\":\"ReadAction\",\"target\":[\"https:\/\/martinezcaballeroabogados.com\/pt-pt\/politica-de-seguranca-da-informacao\/\"]}]},{\"@type\":\"BreadcrumbList\",\"@id\":\"https:\/\/martinezcaballeroabogados.com\/pt-pt\/politica-de-seguranca-da-informacao\/#breadcrumb\",\"itemListElement\":[{\"@type\":\"ListItem\",\"position\":1,\"name\":\"Portada\",\"item\":\"https:\/\/martinezcaballeroabogados.com\/pt-pt\/advogados-em-barcelona\/\"},{\"@type\":\"ListItem\",\"position\":2,\"name\":\"Pol\u00edtica de seguran\u00e7a da informa\u00e7\u00e3o\"}]},{\"@type\":\"WebSite\",\"@id\":\"https:\/\/martinezcaballeroabogados.com\/pt-pt\/#website\",\"url\":\"https:\/\/martinezcaballeroabogados.com\/pt-pt\/\",\"name\":\"Martinez & Caballero Abogados\",\"description\":\"Advogados abrangentes em Barcelona\",\"publisher\":{\"@id\":\"https:\/\/martinezcaballeroabogados.com\/pt-pt\/#organization\"},\"potentialAction\":[{\"@type\":\"SearchAction\",\"target\":{\"@type\":\"EntryPoint\",\"urlTemplate\":\"https:\/\/martinezcaballeroabogados.com\/pt-pt\/?s={search_term_string}\"},\"query-input\":{\"@type\":\"PropertyValueSpecification\",\"valueRequired\":true,\"valueName\":\"search_term_string\"}}],\"inLanguage\":\"pt-PT\"},{\"@type\":\"Organization\",\"@id\":\"https:\/\/martinezcaballeroabogados.com\/pt-pt\/#organization\",\"name\":\"Martinez & Caballero Abogados\",\"url\":\"https:\/\/martinezcaballeroabogados.com\/pt-pt\/\",\"logo\":{\"@type\":\"ImageObject\",\"inLanguage\":\"pt-PT\",\"@id\":\"https:\/\/martinezcaballeroabogados.com\/pt-pt\/#\/schema\/logo\/image\/\",\"url\":\"https:\/\/martinezcaballeroabogados.com\/wp-content\/uploads\/2020\/02\/cropped-cropped-logo-mc-abogados-web-1-e1497812507401-1.png\",\"contentUrl\":\"https:\/\/martinezcaballeroabogados.com\/wp-content\/uploads\/2020\/02\/cropped-cropped-logo-mc-abogados-web-1-e1497812507401-1.png\",\"width\":300,\"height\":150,\"caption\":\"Martinez & Caballero Abogados\"},\"image\":{\"@id\":\"https:\/\/martinezcaballeroabogados.com\/pt-pt\/#\/schema\/logo\/image\/\"},\"sameAs\":[\"https:\/\/www.facebook.com\/martinezcaballeroabogados\/\",\"https:\/\/x.com\/MC_abogados_\",\"https:\/\/www.instagram.com\/extranjeriabarcelonaabogados\/\"]}]}<\/script>\n<!-- \/ Yoast SEO plugin. -->","yoast_head_json":{"title":"Pol\u00edtica de Seguran\u00e7a da Informa\u00e7\u00e3o | M&C Abogados - Martinez Caballero Abogados","description":"Consulta a nossa pol\u00edtica de seguran\u00e7a da informa\u00e7\u00e3o: medidas t\u00e9cnicas e organizativas para proteger os teus dados confiados \u00e0 Mart\u00ednez & Caballero Abogados.","robots":{"index":"index","follow":"follow","max-snippet":"max-snippet:-1","max-image-preview":"max-image-preview:large","max-video-preview":"max-video-preview:-1"},"canonical":"https:\/\/martinezcaballeroabogados.com\/pt-pt\/politica-de-seguranca-da-informacao\/","og_locale":"pt_PT","og_type":"article","og_title":"Pol\u00edtica de Seguran\u00e7a da Informa\u00e7\u00e3o | M&C Abogados - Martinez Caballero Abogados","og_description":"Consulta a nossa pol\u00edtica de seguran\u00e7a da informa\u00e7\u00e3o: medidas t\u00e9cnicas e organizativas para proteger os teus dados confiados \u00e0 Mart\u00ednez & Caballero Abogados.","og_url":"https:\/\/martinezcaballeroabogados.com\/pt-pt\/politica-de-seguranca-da-informacao\/","og_site_name":"Martinez Caballero Abogados","article_publisher":"https:\/\/www.facebook.com\/martinezcaballeroabogados\/","article_modified_time":"2025-06-30T10:51:50+00:00","twitter_card":"summary_large_image","twitter_site":"@MC_abogados_","twitter_misc":{"Tempo estimado de leitura":"3 minutos"},"schema":{"@context":"https:\/\/schema.org","@graph":[{"@type":"WebPage","@id":"https:\/\/martinezcaballeroabogados.com\/pt-pt\/politica-de-seguranca-da-informacao\/","url":"https:\/\/martinezcaballeroabogados.com\/pt-pt\/politica-de-seguranca-da-informacao\/","name":"Pol\u00edtica de Seguran\u00e7a da Informa\u00e7\u00e3o | M&C Abogados - Martinez Caballero Abogados","isPartOf":{"@id":"https:\/\/martinezcaballeroabogados.com\/pt-pt\/#website"},"datePublished":"2025-06-30T09:02:30+00:00","dateModified":"2025-06-30T10:51:50+00:00","description":"Consulta a nossa pol\u00edtica de seguran\u00e7a da informa\u00e7\u00e3o: medidas t\u00e9cnicas e organizativas para proteger os teus dados confiados \u00e0 Mart\u00ednez & Caballero Abogados.","breadcrumb":{"@id":"https:\/\/martinezcaballeroabogados.com\/pt-pt\/politica-de-seguranca-da-informacao\/#breadcrumb"},"inLanguage":"pt-PT","potentialAction":[{"@type":"ReadAction","target":["https:\/\/martinezcaballeroabogados.com\/pt-pt\/politica-de-seguranca-da-informacao\/"]}]},{"@type":"BreadcrumbList","@id":"https:\/\/martinezcaballeroabogados.com\/pt-pt\/politica-de-seguranca-da-informacao\/#breadcrumb","itemListElement":[{"@type":"ListItem","position":1,"name":"Portada","item":"https:\/\/martinezcaballeroabogados.com\/pt-pt\/advogados-em-barcelona\/"},{"@type":"ListItem","position":2,"name":"Pol\u00edtica de seguran\u00e7a da informa\u00e7\u00e3o"}]},{"@type":"WebSite","@id":"https:\/\/martinezcaballeroabogados.com\/pt-pt\/#website","url":"https:\/\/martinezcaballeroabogados.com\/pt-pt\/","name":"Martinez & Caballero Abogados","description":"Advogados abrangentes em Barcelona","publisher":{"@id":"https:\/\/martinezcaballeroabogados.com\/pt-pt\/#organization"},"potentialAction":[{"@type":"SearchAction","target":{"@type":"EntryPoint","urlTemplate":"https:\/\/martinezcaballeroabogados.com\/pt-pt\/?s={search_term_string}"},"query-input":{"@type":"PropertyValueSpecification","valueRequired":true,"valueName":"search_term_string"}}],"inLanguage":"pt-PT"},{"@type":"Organization","@id":"https:\/\/martinezcaballeroabogados.com\/pt-pt\/#organization","name":"Martinez & Caballero Abogados","url":"https:\/\/martinezcaballeroabogados.com\/pt-pt\/","logo":{"@type":"ImageObject","inLanguage":"pt-PT","@id":"https:\/\/martinezcaballeroabogados.com\/pt-pt\/#\/schema\/logo\/image\/","url":"https:\/\/martinezcaballeroabogados.com\/wp-content\/uploads\/2020\/02\/cropped-cropped-logo-mc-abogados-web-1-e1497812507401-1.png","contentUrl":"https:\/\/martinezcaballeroabogados.com\/wp-content\/uploads\/2020\/02\/cropped-cropped-logo-mc-abogados-web-1-e1497812507401-1.png","width":300,"height":150,"caption":"Martinez & Caballero Abogados"},"image":{"@id":"https:\/\/martinezcaballeroabogados.com\/pt-pt\/#\/schema\/logo\/image\/"},"sameAs":["https:\/\/www.facebook.com\/martinezcaballeroabogados\/","https:\/\/x.com\/MC_abogados_","https:\/\/www.instagram.com\/extranjeriabarcelonaabogados\/"]}]}},"_links":{"self":[{"href":"https:\/\/martinezcaballeroabogados.com\/pt-pt\/wp-json\/wp\/v2\/pages\/21589","targetHints":{"allow":["GET"]}}],"collection":[{"href":"https:\/\/martinezcaballeroabogados.com\/pt-pt\/wp-json\/wp\/v2\/pages"}],"about":[{"href":"https:\/\/martinezcaballeroabogados.com\/pt-pt\/wp-json\/wp\/v2\/types\/page"}],"author":[{"embeddable":true,"href":"https:\/\/martinezcaballeroabogados.com\/pt-pt\/wp-json\/wp\/v2\/users\/1"}],"replies":[{"embeddable":true,"href":"https:\/\/martinezcaballeroabogados.com\/pt-pt\/wp-json\/wp\/v2\/comments?post=21589"}],"version-history":[{"count":1,"href":"https:\/\/martinezcaballeroabogados.com\/pt-pt\/wp-json\/wp\/v2\/pages\/21589\/revisions"}],"predecessor-version":[{"id":21590,"href":"https:\/\/martinezcaballeroabogados.com\/pt-pt\/wp-json\/wp\/v2\/pages\/21589\/revisions\/21590"}],"wp:attachment":[{"href":"https:\/\/martinezcaballeroabogados.com\/pt-pt\/wp-json\/wp\/v2\/media?parent=21589"}],"curies":[{"name":"wp","href":"https:\/\/api.w.org\/{rel}","templated":true}]}}