{"id":19651,"date":"2024-11-04T13:48:48","date_gmt":"2024-11-04T13:48:48","guid":{"rendered":"https:\/\/martinezcaballeroabogados.com\/obrigado-por-confiares-na-mc-abogados-carta-de-conducao\/"},"modified":"2024-11-17T13:49:58","modified_gmt":"2024-11-17T13:49:58","slug":"obrigado-por-confiares-na-mc-abogados-carta-de-conducao","status":"publish","type":"page","link":"https:\/\/martinezcaballeroabogados.com\/pt-pt\/obrigado-por-confiares-na-mc-abogados-carta-de-conducao\/","title":{"rendered":"Obrigado por confiares na M&amp;C Abogados &#8211; Carta de condu\u00e7\u00e3o"},"content":{"rendered":"\t\t<div data-elementor-type=\"wp-page\" data-elementor-id=\"19651\" class=\"elementor elementor-19651 elementor-19331\" data-elementor-post-type=\"page\">\n\t\t\t\t\t\t<section class=\"elementor-section elementor-top-section elementor-element elementor-element-97a2c8d elementor-section-boxed elementor-section-height-default elementor-section-height-default\" data-id=\"97a2c8d\" data-element_type=\"section\" data-e-type=\"section\">\n\t\t\t\t\t\t<div class=\"elementor-container elementor-column-gap-extended\">\n\t\t\t\t\t<div class=\"elementor-column elementor-col-100 elementor-top-column elementor-element elementor-element-567b815f sc_inner_width_none sc_layouts_column_icons_position_left\" data-id=\"567b815f\" data-element_type=\"column\" data-e-type=\"column\">\n\t\t\t<div class=\"elementor-widget-wrap elementor-element-populated\">\n\t\t\t\t\t\t<div class=\"elementor-element elementor-element-cb96cfc sc_fly_static elementor-widget elementor-widget-spacer\" data-id=\"cb96cfc\" data-element_type=\"widget\" data-e-type=\"widget\" data-widget_type=\"spacer.default\">\n\t\t\t\t<div class=\"elementor-widget-container\">\n\t\t\t\t\t\t\t<div class=\"elementor-spacer\">\n\t\t\t<div class=\"elementor-spacer-inner\"><\/div>\n\t\t<\/div>\n\t\t\t\t\t\t<\/div>\n\t\t\t\t<\/div>\n\t\t\t\t<div class=\"elementor-element elementor-element-83a40be sc_layouts_hide_on_wide sc_layouts_hide_on_desktop sc_layouts_hide_on_notebook sc_layouts_hide_on_tablet sc_fly_static elementor-widget elementor-widget-heading\" data-id=\"83a40be\" data-element_type=\"widget\" data-e-type=\"widget\" data-widget_type=\"heading.default\">\n\t\t\t\t<div class=\"elementor-widget-container\">\n\t\t\t\t\t<h1 class=\"elementor-heading-title elementor-size-default\"><br> <br> <br> <br>Obrigado por confiares em Mart\u00ednez Caballero Abogados, tomaste a decis\u00e3o certa!<\/h1>\t\t\t\t<\/div>\n\t\t\t\t<\/div>\n\t\t\t\t<div class=\"elementor-element elementor-element-7d71287 sc_layouts_hide_on_mobile sc_fly_static elementor-widget elementor-widget-heading\" data-id=\"7d71287\" data-element_type=\"widget\" data-e-type=\"widget\" data-widget_type=\"heading.default\">\n\t\t\t\t<div class=\"elementor-widget-container\">\n\t\t\t\t\t<h1 class=\"elementor-heading-title elementor-size-default\">Obrigado por confiar em Mart\u00ednez Caballero Abogados. Tomou a decis\u00e3o certa!<\/h1>\t\t\t\t<\/div>\n\t\t\t\t<\/div>\n\t\t\t\t<div class=\"elementor-element elementor-element-d069696 sc_fly_static elementor-widget elementor-widget-heading\" data-id=\"d069696\" data-element_type=\"widget\" data-e-type=\"widget\" data-widget_type=\"heading.default\">\n\t\t\t\t<div class=\"elementor-widget-container\">\n\t\t\t\t\t<h2 class=\"elementor-heading-title elementor-size-default\">Um dos nossos especialistas entrar\u00e1 em contacto contigo em breve.<\/h2>\t\t\t\t<\/div>\n\t\t\t\t<\/div>\n\t\t\t\t<div class=\"elementor-element elementor-element-e737cf6 sc_fly_static elementor-widget elementor-widget-text-editor\" data-id=\"e737cf6\" data-element_type=\"widget\" data-e-type=\"widget\" data-widget_type=\"text-editor.default\">\n\t\t\t\t<div class=\"elementor-widget-container\">\n\t\t\t\t\t\t\t\t\t<p><span style=\"color: #000000;\">Os seus dados ser\u00e3o protegidos e seguros com Mart\u00ednez Caballero Abogados.<\/span><\/p>\n<p><span style=\"color: #000000;\"><a style=\"color: #000000;\" href=\"https:\/\/martinezcaballeroabogados.com\/pt-pt\/\">Voltar ao topo<\/a><\/span><\/p>\n\t\t\t\t\t\t\t\t<\/div>\n\t\t\t\t<\/div>\n\t\t\t\t<div class=\"elementor-element elementor-element-14ed701 sc_fly_static elementor-widget elementor-widget-heading\" data-id=\"14ed701\" data-element_type=\"widget\" data-e-type=\"widget\" data-widget_type=\"heading.default\">\n\t\t\t\t<div class=\"elementor-widget-container\">\n\t\t\t\t\t<h2 class=\"elementor-heading-title elementor-size-default\">Outros procedimentos e servi\u00e7os que podes pagar e contratar online na M&amp;C Abogados.<\/h2>\t\t\t\t<\/div>\n\t\t\t\t<\/div>\n\t\t\t\t<div class=\"elementor-element elementor-element-dcaf1a8 sc_fly_static elementor-widget elementor-widget-eael-woo-product-list\" data-id=\"dcaf1a8\" data-element_type=\"widget\" data-e-type=\"widget\" data-widget_type=\"eael-woo-product-list.default\">\n\t\t\t\t<div class=\"elementor-widget-container\">\n\t\t\t\t\t\n        <div class=\"eael-product-list-wrapper preset-1\">\n            <div class=\"eael-product-list-body woocommerce\">\n                <div class=\"eael-product-list-container\">\n                    <div class=\"eael-post-appender\">\n                        <p class=\"no-posts-found\">\u00a1No se han encontrado productos!<\/p>                    <\/div>\n\n                    \n                <\/div>\n            <\/div>\n        <\/div>\n\n\t\t\t\t\t\t<\/div>\n\t\t\t\t<\/div>\n\t\t\t\t\t<\/div>\n\t\t<\/div>\n\t\t\t\t\t<\/div>\n\t\t<\/section>\n\t\t\t\t<\/div>\n\t\t","protected":false},"excerpt":{"rendered":"<p>Obrigado por confiares em Mart\u00ednez Caballero Abogados, tomaste a decis\u00e3o certa! Obrigado por confiar em Mart\u00ednez Caballero Abogados. Tomou a decis\u00e3o certa! Um dos nossos especialistas entrar\u00e1 em contacto contigo em breve. Os seus dados ser\u00e3o protegidos e seguros com Mart\u00ednez Caballero Abogados. Voltar ao topo Outros procedimentos e servi\u00e7os que podes pagar e contratar online na M&amp;C Abogados. A\u00f1adir al carrito Valorado en 0 de 5 N\u00famero de Afiliaci\u00f3n a la Seguridad Social Obtenci\u00f3n de NAF Tramita tu n\u00famero&hellip;<\/p>\n","protected":false},"author":1,"featured_media":0,"parent":0,"menu_order":0,"comment_status":"closed","ping_status":"closed","template":"","meta":{"_monsterinsights_skip_tracking":false,"_monsterinsights_sitenote_active":false,"_monsterinsights_sitenote_note":"","_monsterinsights_sitenote_category":0,"_joinchat":[],"footnotes":""},"class_list":["post-19651","page","type-page","status-publish","hentry"],"yoast_head":"<!-- This site is optimized with the Yoast SEO plugin v26.8 - https:\/\/yoast.com\/product\/yoast-seo-wordpress\/ -->\n<title>Obrigado por confiares na M&amp;C Abogados - Carta de condu\u00e7\u00e3o - Martinez Caballero Abogados<\/title>\n<meta name=\"robots\" content=\"index, follow, max-snippet:-1, max-image-preview:large, max-video-preview:-1\" \/>\n<link rel=\"canonical\" href=\"https:\/\/martinezcaballeroabogados.com\/pt-pt\/obrigado-por-confiares-na-mc-abogados-carta-de-conducao\/\" \/>\n<meta property=\"og:locale\" content=\"pt_PT\" \/>\n<meta property=\"og:type\" content=\"article\" \/>\n<meta property=\"og:title\" content=\"Obrigado por confiares na M&amp;C Abogados - Carta de condu\u00e7\u00e3o - Martinez Caballero Abogados\" \/>\n<meta property=\"og:description\" content=\"Obrigado por confiares em Mart\u00ednez Caballero Abogados, tomaste a decis\u00e3o certa! Obrigado por confiar em Mart\u00ednez Caballero Abogados. Tomou a decis\u00e3o certa! Um dos nossos especialistas entrar\u00e1 em contacto contigo em breve. Os seus dados ser\u00e3o protegidos e seguros com Mart\u00ednez Caballero Abogados. Voltar ao topo Outros procedimentos e servi\u00e7os que podes pagar e contratar online na M&amp;C Abogados. A\u00f1adir al carrito Valorado en 0 de 5 N\u00famero de Afiliaci\u00f3n a la Seguridad Social Obtenci\u00f3n de NAF Tramita tu n\u00famero&hellip;\" \/>\n<meta property=\"og:url\" content=\"https:\/\/martinezcaballeroabogados.com\/pt-pt\/obrigado-por-confiares-na-mc-abogados-carta-de-conducao\/\" \/>\n<meta property=\"og:site_name\" content=\"Martinez Caballero Abogados\" \/>\n<meta property=\"article:publisher\" content=\"https:\/\/www.facebook.com\/martinezcaballeroabogados\/\" \/>\n<meta property=\"article:modified_time\" content=\"2024-11-17T13:49:58+00:00\" \/>\n<meta property=\"og:image\" content=\"https:\/\/martinezcaballeroabogados.com\/wp-content\/uploads\/2024\/02\/Obtencion-de-NAF-300x300.jpg\" \/>\n<meta name=\"twitter:card\" content=\"summary_large_image\" \/>\n<meta name=\"twitter:site\" content=\"@MC_abogados_\" \/>\n<meta name=\"twitter:label1\" content=\"Tempo estimado de leitura\" \/>\n\t<meta name=\"twitter:data1\" content=\"1 minuto\" \/>\n<script type=\"application\/ld+json\" class=\"yoast-schema-graph\">{\"@context\":\"https:\/\/schema.org\",\"@graph\":[{\"@type\":\"WebPage\",\"@id\":\"https:\/\/martinezcaballeroabogados.com\/pt-pt\/obrigado-por-confiares-na-mc-abogados-carta-de-conducao\/\",\"url\":\"https:\/\/martinezcaballeroabogados.com\/pt-pt\/obrigado-por-confiares-na-mc-abogados-carta-de-conducao\/\",\"name\":\"Obrigado por confiares na M&amp;C Abogados - Carta de condu\u00e7\u00e3o - Martinez Caballero Abogados\",\"isPartOf\":{\"@id\":\"https:\/\/martinezcaballeroabogados.com\/pt-pt\/#website\"},\"primaryImageOfPage\":{\"@id\":\"https:\/\/martinezcaballeroabogados.com\/pt-pt\/obrigado-por-confiares-na-mc-abogados-carta-de-conducao\/#primaryimage\"},\"image\":{\"@id\":\"https:\/\/martinezcaballeroabogados.com\/pt-pt\/obrigado-por-confiares-na-mc-abogados-carta-de-conducao\/#primaryimage\"},\"thumbnailUrl\":\"https:\/\/martinezcaballeroabogados.com\/wp-content\/uploads\/2024\/02\/Obtencion-de-NAF-300x300.jpg\",\"datePublished\":\"2024-11-04T13:48:48+00:00\",\"dateModified\":\"2024-11-17T13:49:58+00:00\",\"breadcrumb\":{\"@id\":\"https:\/\/martinezcaballeroabogados.com\/pt-pt\/obrigado-por-confiares-na-mc-abogados-carta-de-conducao\/#breadcrumb\"},\"inLanguage\":\"pt-PT\",\"potentialAction\":[{\"@type\":\"ReadAction\",\"target\":[\"https:\/\/martinezcaballeroabogados.com\/pt-pt\/obrigado-por-confiares-na-mc-abogados-carta-de-conducao\/\"]}]},{\"@type\":\"ImageObject\",\"inLanguage\":\"pt-PT\",\"@id\":\"https:\/\/martinezcaballeroabogados.com\/pt-pt\/obrigado-por-confiares-na-mc-abogados-carta-de-conducao\/#primaryimage\",\"url\":\"https:\/\/martinezcaballeroabogados.com\/wp-content\/uploads\/2024\/02\/Obtencion-de-NAF-300x300.jpg\",\"contentUrl\":\"https:\/\/martinezcaballeroabogados.com\/wp-content\/uploads\/2024\/02\/Obtencion-de-NAF-300x300.jpg\"},{\"@type\":\"BreadcrumbList\",\"@id\":\"https:\/\/martinezcaballeroabogados.com\/pt-pt\/obrigado-por-confiares-na-mc-abogados-carta-de-conducao\/#breadcrumb\",\"itemListElement\":[{\"@type\":\"ListItem\",\"position\":1,\"name\":\"Portada\",\"item\":\"https:\/\/martinezcaballeroabogados.com\/pt-pt\/advogados-em-barcelona\/\"},{\"@type\":\"ListItem\",\"position\":2,\"name\":\"Obrigado por confiares na M&amp;C Abogados &#8211; Carta de condu\u00e7\u00e3o\"}]},{\"@type\":\"WebSite\",\"@id\":\"https:\/\/martinezcaballeroabogados.com\/pt-pt\/#website\",\"url\":\"https:\/\/martinezcaballeroabogados.com\/pt-pt\/\",\"name\":\"Martinez & Caballero Abogados\",\"description\":\"Advogados abrangentes em Barcelona\",\"publisher\":{\"@id\":\"https:\/\/martinezcaballeroabogados.com\/pt-pt\/#organization\"},\"potentialAction\":[{\"@type\":\"SearchAction\",\"target\":{\"@type\":\"EntryPoint\",\"urlTemplate\":\"https:\/\/martinezcaballeroabogados.com\/pt-pt\/?s={search_term_string}\"},\"query-input\":{\"@type\":\"PropertyValueSpecification\",\"valueRequired\":true,\"valueName\":\"search_term_string\"}}],\"inLanguage\":\"pt-PT\"},{\"@type\":\"Organization\",\"@id\":\"https:\/\/martinezcaballeroabogados.com\/pt-pt\/#organization\",\"name\":\"Martinez & Caballero Abogados\",\"url\":\"https:\/\/martinezcaballeroabogados.com\/pt-pt\/\",\"logo\":{\"@type\":\"ImageObject\",\"inLanguage\":\"pt-PT\",\"@id\":\"https:\/\/martinezcaballeroabogados.com\/pt-pt\/#\/schema\/logo\/image\/\",\"url\":\"https:\/\/martinezcaballeroabogados.com\/wp-content\/uploads\/2020\/02\/cropped-cropped-logo-mc-abogados-web-1-e1497812507401-1.png\",\"contentUrl\":\"https:\/\/martinezcaballeroabogados.com\/wp-content\/uploads\/2020\/02\/cropped-cropped-logo-mc-abogados-web-1-e1497812507401-1.png\",\"width\":300,\"height\":150,\"caption\":\"Martinez & Caballero Abogados\"},\"image\":{\"@id\":\"https:\/\/martinezcaballeroabogados.com\/pt-pt\/#\/schema\/logo\/image\/\"},\"sameAs\":[\"https:\/\/www.facebook.com\/martinezcaballeroabogados\/\",\"https:\/\/x.com\/MC_abogados_\",\"https:\/\/www.instagram.com\/extranjeriabarcelonaabogados\/\"]}]}<\/script>\n<!-- \/ Yoast SEO plugin. -->","yoast_head_json":{"title":"Obrigado por confiares na M&amp;C Abogados - Carta de condu\u00e7\u00e3o - Martinez Caballero Abogados","robots":{"index":"index","follow":"follow","max-snippet":"max-snippet:-1","max-image-preview":"max-image-preview:large","max-video-preview":"max-video-preview:-1"},"canonical":"https:\/\/martinezcaballeroabogados.com\/pt-pt\/obrigado-por-confiares-na-mc-abogados-carta-de-conducao\/","og_locale":"pt_PT","og_type":"article","og_title":"Obrigado por confiares na M&amp;C Abogados - Carta de condu\u00e7\u00e3o - Martinez Caballero Abogados","og_description":"Obrigado por confiares em Mart\u00ednez Caballero Abogados, tomaste a decis\u00e3o certa! Obrigado por confiar em Mart\u00ednez Caballero Abogados. Tomou a decis\u00e3o certa! Um dos nossos especialistas entrar\u00e1 em contacto contigo em breve. Os seus dados ser\u00e3o protegidos e seguros com Mart\u00ednez Caballero Abogados. Voltar ao topo Outros procedimentos e servi\u00e7os que podes pagar e contratar online na M&amp;C Abogados. A\u00f1adir al carrito Valorado en 0 de 5 N\u00famero de Afiliaci\u00f3n a la Seguridad Social Obtenci\u00f3n de NAF Tramita tu n\u00famero&hellip;","og_url":"https:\/\/martinezcaballeroabogados.com\/pt-pt\/obrigado-por-confiares-na-mc-abogados-carta-de-conducao\/","og_site_name":"Martinez Caballero Abogados","article_publisher":"https:\/\/www.facebook.com\/martinezcaballeroabogados\/","article_modified_time":"2024-11-17T13:49:58+00:00","og_image":[{"url":"https:\/\/martinezcaballeroabogados.com\/wp-content\/uploads\/2024\/02\/Obtencion-de-NAF-300x300.jpg","type":"","width":"","height":""}],"twitter_card":"summary_large_image","twitter_site":"@MC_abogados_","twitter_misc":{"Tempo estimado de leitura":"1 minuto"},"schema":{"@context":"https:\/\/schema.org","@graph":[{"@type":"WebPage","@id":"https:\/\/martinezcaballeroabogados.com\/pt-pt\/obrigado-por-confiares-na-mc-abogados-carta-de-conducao\/","url":"https:\/\/martinezcaballeroabogados.com\/pt-pt\/obrigado-por-confiares-na-mc-abogados-carta-de-conducao\/","name":"Obrigado por confiares na M&amp;C Abogados - Carta de condu\u00e7\u00e3o - Martinez Caballero Abogados","isPartOf":{"@id":"https:\/\/martinezcaballeroabogados.com\/pt-pt\/#website"},"primaryImageOfPage":{"@id":"https:\/\/martinezcaballeroabogados.com\/pt-pt\/obrigado-por-confiares-na-mc-abogados-carta-de-conducao\/#primaryimage"},"image":{"@id":"https:\/\/martinezcaballeroabogados.com\/pt-pt\/obrigado-por-confiares-na-mc-abogados-carta-de-conducao\/#primaryimage"},"thumbnailUrl":"https:\/\/martinezcaballeroabogados.com\/wp-content\/uploads\/2024\/02\/Obtencion-de-NAF-300x300.jpg","datePublished":"2024-11-04T13:48:48+00:00","dateModified":"2024-11-17T13:49:58+00:00","breadcrumb":{"@id":"https:\/\/martinezcaballeroabogados.com\/pt-pt\/obrigado-por-confiares-na-mc-abogados-carta-de-conducao\/#breadcrumb"},"inLanguage":"pt-PT","potentialAction":[{"@type":"ReadAction","target":["https:\/\/martinezcaballeroabogados.com\/pt-pt\/obrigado-por-confiares-na-mc-abogados-carta-de-conducao\/"]}]},{"@type":"ImageObject","inLanguage":"pt-PT","@id":"https:\/\/martinezcaballeroabogados.com\/pt-pt\/obrigado-por-confiares-na-mc-abogados-carta-de-conducao\/#primaryimage","url":"https:\/\/martinezcaballeroabogados.com\/wp-content\/uploads\/2024\/02\/Obtencion-de-NAF-300x300.jpg","contentUrl":"https:\/\/martinezcaballeroabogados.com\/wp-content\/uploads\/2024\/02\/Obtencion-de-NAF-300x300.jpg"},{"@type":"BreadcrumbList","@id":"https:\/\/martinezcaballeroabogados.com\/pt-pt\/obrigado-por-confiares-na-mc-abogados-carta-de-conducao\/#breadcrumb","itemListElement":[{"@type":"ListItem","position":1,"name":"Portada","item":"https:\/\/martinezcaballeroabogados.com\/pt-pt\/advogados-em-barcelona\/"},{"@type":"ListItem","position":2,"name":"Obrigado por confiares na M&amp;C Abogados &#8211; Carta de condu\u00e7\u00e3o"}]},{"@type":"WebSite","@id":"https:\/\/martinezcaballeroabogados.com\/pt-pt\/#website","url":"https:\/\/martinezcaballeroabogados.com\/pt-pt\/","name":"Martinez & Caballero Abogados","description":"Advogados abrangentes em Barcelona","publisher":{"@id":"https:\/\/martinezcaballeroabogados.com\/pt-pt\/#organization"},"potentialAction":[{"@type":"SearchAction","target":{"@type":"EntryPoint","urlTemplate":"https:\/\/martinezcaballeroabogados.com\/pt-pt\/?s={search_term_string}"},"query-input":{"@type":"PropertyValueSpecification","valueRequired":true,"valueName":"search_term_string"}}],"inLanguage":"pt-PT"},{"@type":"Organization","@id":"https:\/\/martinezcaballeroabogados.com\/pt-pt\/#organization","name":"Martinez & Caballero Abogados","url":"https:\/\/martinezcaballeroabogados.com\/pt-pt\/","logo":{"@type":"ImageObject","inLanguage":"pt-PT","@id":"https:\/\/martinezcaballeroabogados.com\/pt-pt\/#\/schema\/logo\/image\/","url":"https:\/\/martinezcaballeroabogados.com\/wp-content\/uploads\/2020\/02\/cropped-cropped-logo-mc-abogados-web-1-e1497812507401-1.png","contentUrl":"https:\/\/martinezcaballeroabogados.com\/wp-content\/uploads\/2020\/02\/cropped-cropped-logo-mc-abogados-web-1-e1497812507401-1.png","width":300,"height":150,"caption":"Martinez & Caballero Abogados"},"image":{"@id":"https:\/\/martinezcaballeroabogados.com\/pt-pt\/#\/schema\/logo\/image\/"},"sameAs":["https:\/\/www.facebook.com\/martinezcaballeroabogados\/","https:\/\/x.com\/MC_abogados_","https:\/\/www.instagram.com\/extranjeriabarcelonaabogados\/"]}]}},"_links":{"self":[{"href":"https:\/\/martinezcaballeroabogados.com\/pt-pt\/wp-json\/wp\/v2\/pages\/19651","targetHints":{"allow":["GET"]}}],"collection":[{"href":"https:\/\/martinezcaballeroabogados.com\/pt-pt\/wp-json\/wp\/v2\/pages"}],"about":[{"href":"https:\/\/martinezcaballeroabogados.com\/pt-pt\/wp-json\/wp\/v2\/types\/page"}],"author":[{"embeddable":true,"href":"https:\/\/martinezcaballeroabogados.com\/pt-pt\/wp-json\/wp\/v2\/users\/1"}],"replies":[{"embeddable":true,"href":"https:\/\/martinezcaballeroabogados.com\/pt-pt\/wp-json\/wp\/v2\/comments?post=19651"}],"version-history":[{"count":1,"href":"https:\/\/martinezcaballeroabogados.com\/pt-pt\/wp-json\/wp\/v2\/pages\/19651\/revisions"}],"predecessor-version":[{"id":19652,"href":"https:\/\/martinezcaballeroabogados.com\/pt-pt\/wp-json\/wp\/v2\/pages\/19651\/revisions\/19652"}],"wp:attachment":[{"href":"https:\/\/martinezcaballeroabogados.com\/pt-pt\/wp-json\/wp\/v2\/media?parent=19651"}],"curies":[{"name":"wp","href":"https:\/\/api.w.org\/{rel}","templated":true}]}}