{"id":11955,"date":"2021-05-18T10:12:10","date_gmt":"2021-05-18T10:12:10","guid":{"rendered":"https:\/\/martinezcaballeroabogados.com\/product\/procedure-de-declaration-dimpot-sur-le-revenu\/"},"modified":"2023-07-14T08:22:38","modified_gmt":"2023-07-14T08:22:38","slug":"tramite-declaracion-de-la-renta","status":"publish","type":"product","link":"https:\/\/martinezcaballeroabogados.com\/fr\/producto\/tramite-declaracion-de-la-renta\/","title":{"rendered":"Proc\u00e9dure de d\u00e9claration d&rsquo;imp\u00f4t sur le revenu"},"content":{"rendered":"<p>Payez en ligne et traitez votre d\u00e9claration d&rsquo;imp\u00f4ts avec Martinez &amp; Caballero Abogados de la mani\u00e8re la plus pratique qui soit, \u00e0 un prix imbattable. Notre m\u00e9thode de paiement est enti\u00e8rement s\u00e9curis\u00e9e. Une fois que nous aurons re\u00e7u votre paiement et vos coordonn\u00e9es, nous vous contacterons dans les 24 heures pour entamer la proc\u00e9dure.<\/p>\n","protected":false},"excerpt":{"rendered":"<p>R\u00e9servez le paiement de votre d\u00e9claration d&rsquo;imp\u00f4ts en ligne, sans quitter votre domicile. Nous nous occupons de tout.<\/p>\n","protected":false},"featured_media":20693,"comment_status":"closed","ping_status":"closed","template":"","meta":{"_monsterinsights_skip_tracking":false,"_monsterinsights_sitenote_active":false,"_monsterinsights_sitenote_note":"","_monsterinsights_sitenote_category":0},"product_brand":[],"product_cat":[563,562],"product_tag":[566,565,564],"class_list":{"0":"post-11955","1":"product","2":"type-product","3":"status-publish","4":"has-post-thumbnail","6":"product_cat-impots","7":"product_cat-revenu","8":"product_tag-declaration","9":"product_tag-impots","10":"product_tag-revenus","12":"first","13":"instock","14":"virtual","15":"sold-individually","16":"taxable","17":"purchasable","18":"product-type-simple"},"yoast_head":"<!-- This site is optimized with the Yoast SEO plugin v26.8 - https:\/\/yoast.com\/product\/yoast-seo-wordpress\/ -->\n<title>Proc\u00e9dure de d\u00e9claration d&#039;imp\u00f4t sur le revenu - Martinez Caballero Abogados<\/title>\n<meta name=\"description\" content=\"Payez en ligne et traitez votre d\u00e9claration d&#039;imp\u00f4ts de la mani\u00e8re la plus pratique qui soit, \u00e0 un prix imbattable. Le mode de paiement est enti\u00e8rement s\u00e9curis\u00e9.\" \/>\n<meta name=\"robots\" content=\"index, follow, max-snippet:-1, max-image-preview:large, max-video-preview:-1\" \/>\n<link rel=\"canonical\" href=\"https:\/\/martinezcaballeroabogados.com\/fr\/producto\/tramite-declaracion-de-la-renta\/\" \/>\n<meta property=\"og:locale\" content=\"fr_FR\" \/>\n<meta property=\"og:type\" content=\"article\" \/>\n<meta property=\"og:title\" content=\"Proc\u00e9dure de d\u00e9claration d&#039;imp\u00f4t sur le revenu - Martinez Caballero Abogados\" \/>\n<meta property=\"og:description\" content=\"Payez en ligne et traitez votre d\u00e9claration d&#039;imp\u00f4ts de la mani\u00e8re la plus pratique qui soit, \u00e0 un prix imbattable. Le mode de paiement est enti\u00e8rement s\u00e9curis\u00e9.\" \/>\n<meta property=\"og:url\" content=\"https:\/\/martinezcaballeroabogados.com\/fr\/producto\/tramite-declaracion-de-la-renta\/\" \/>\n<meta property=\"og:site_name\" content=\"Martinez Caballero Abogados\" \/>\n<meta property=\"article:publisher\" content=\"https:\/\/www.facebook.com\/martinezcaballeroabogados\/\" \/>\n<meta property=\"article:modified_time\" content=\"2023-07-14T08:22:38+00:00\" \/>\n<meta property=\"og:image\" content=\"https:\/\/martinezcaballeroabogados.com\/wp-content\/uploads\/2023\/03\/renta-frances-1.webp\" \/>\n\t<meta property=\"og:image:width\" content=\"1080\" \/>\n\t<meta property=\"og:image:height\" content=\"1080\" \/>\n\t<meta property=\"og:image:type\" content=\"image\/webp\" \/>\n<meta name=\"twitter:card\" content=\"summary_large_image\" \/>\n<meta name=\"twitter:site\" content=\"@MC_abogados_\" \/>\n<script type=\"application\/ld+json\" class=\"yoast-schema-graph\">{\"@context\":\"https:\/\/schema.org\",\"@graph\":[{\"@type\":\"WebPage\",\"@id\":\"https:\/\/martinezcaballeroabogados.com\/fr\/producto\/tramite-declaracion-de-la-renta\/\",\"url\":\"https:\/\/martinezcaballeroabogados.com\/fr\/producto\/tramite-declaracion-de-la-renta\/\",\"name\":\"Proc\u00e9dure de d\u00e9claration d'imp\u00f4t sur le revenu - Martinez Caballero Abogados\",\"isPartOf\":{\"@id\":\"https:\/\/martinezcaballeroabogados.com\/fr\/#website\"},\"primaryImageOfPage\":{\"@id\":\"https:\/\/martinezcaballeroabogados.com\/fr\/producto\/tramite-declaracion-de-la-renta\/#primaryimage\"},\"image\":{\"@id\":\"https:\/\/martinezcaballeroabogados.com\/fr\/producto\/tramite-declaracion-de-la-renta\/#primaryimage\"},\"thumbnailUrl\":\"https:\/\/martinezcaballeroabogados.com\/wp-content\/uploads\/2021\/05\/declaracion-renta.jpg\",\"datePublished\":\"2021-05-18T10:12:10+00:00\",\"dateModified\":\"2023-07-14T08:22:38+00:00\",\"description\":\"Payez en ligne et traitez votre d\u00e9claration d'imp\u00f4ts de la mani\u00e8re la plus pratique qui soit, \u00e0 un prix imbattable. Le mode de paiement est enti\u00e8rement s\u00e9curis\u00e9.\",\"breadcrumb\":{\"@id\":\"https:\/\/martinezcaballeroabogados.com\/fr\/producto\/tramite-declaracion-de-la-renta\/#breadcrumb\"},\"inLanguage\":\"fr-FR\",\"potentialAction\":[{\"@type\":\"ReadAction\",\"target\":[\"https:\/\/martinezcaballeroabogados.com\/fr\/producto\/tramite-declaracion-de-la-renta\/\"]}]},{\"@type\":\"ImageObject\",\"inLanguage\":\"fr-FR\",\"@id\":\"https:\/\/martinezcaballeroabogados.com\/fr\/producto\/tramite-declaracion-de-la-renta\/#primaryimage\",\"url\":\"https:\/\/martinezcaballeroabogados.com\/wp-content\/uploads\/2021\/05\/declaracion-renta.jpg\",\"contentUrl\":\"https:\/\/martinezcaballeroabogados.com\/wp-content\/uploads\/2021\/05\/declaracion-renta.jpg\",\"width\":1080,\"height\":1080,\"caption\":\"Tr\u00e1mite online de la declaraci\u00f3n de la renta en Espa\u00f1a\"},{\"@type\":\"BreadcrumbList\",\"@id\":\"https:\/\/martinezcaballeroabogados.com\/fr\/producto\/tramite-declaracion-de-la-renta\/#breadcrumb\",\"itemListElement\":[{\"@type\":\"ListItem\",\"position\":1,\"name\":\"Portada\",\"item\":\"https:\/\/martinezcaballeroabogados.com\/fr\/avocats-a-barcelone\/\"},{\"@type\":\"ListItem\",\"position\":2,\"name\":\"Proc\u00e9dure de d\u00e9claration d&#8217;imp\u00f4t sur le revenu\"}]},{\"@type\":\"WebSite\",\"@id\":\"https:\/\/martinezcaballeroabogados.com\/fr\/#website\",\"url\":\"https:\/\/martinezcaballeroabogados.com\/fr\/\",\"name\":\"Martinez & Caballero Abogados\",\"description\":\"Cabinets d'avocats g\u00e9n\u00e9ralistes \u00e0 Barcelone\",\"publisher\":{\"@id\":\"https:\/\/martinezcaballeroabogados.com\/fr\/#organization\"},\"potentialAction\":[{\"@type\":\"SearchAction\",\"target\":{\"@type\":\"EntryPoint\",\"urlTemplate\":\"https:\/\/martinezcaballeroabogados.com\/fr\/?s={search_term_string}\"},\"query-input\":{\"@type\":\"PropertyValueSpecification\",\"valueRequired\":true,\"valueName\":\"search_term_string\"}}],\"inLanguage\":\"fr-FR\"},{\"@type\":\"Organization\",\"@id\":\"https:\/\/martinezcaballeroabogados.com\/fr\/#organization\",\"name\":\"Martinez & Caballero Abogados\",\"url\":\"https:\/\/martinezcaballeroabogados.com\/fr\/\",\"logo\":{\"@type\":\"ImageObject\",\"inLanguage\":\"fr-FR\",\"@id\":\"https:\/\/martinezcaballeroabogados.com\/fr\/#\/schema\/logo\/image\/\",\"url\":\"https:\/\/martinezcaballeroabogados.com\/wp-content\/uploads\/2020\/02\/cropped-cropped-logo-mc-abogados-web-1-e1497812507401-1.png\",\"contentUrl\":\"https:\/\/martinezcaballeroabogados.com\/wp-content\/uploads\/2020\/02\/cropped-cropped-logo-mc-abogados-web-1-e1497812507401-1.png\",\"width\":300,\"height\":150,\"caption\":\"Martinez & Caballero Abogados\"},\"image\":{\"@id\":\"https:\/\/martinezcaballeroabogados.com\/fr\/#\/schema\/logo\/image\/\"},\"sameAs\":[\"https:\/\/www.facebook.com\/martinezcaballeroabogados\/\",\"https:\/\/x.com\/MC_abogados_\",\"https:\/\/www.instagram.com\/extranjeriabarcelonaabogados\/\"]}]}<\/script>\n<!-- \/ Yoast SEO plugin. -->","yoast_head_json":{"title":"Proc\u00e9dure de d\u00e9claration d'imp\u00f4t sur le revenu - Martinez Caballero Abogados","description":"Payez en ligne et traitez votre d\u00e9claration d'imp\u00f4ts de la mani\u00e8re la plus pratique qui soit, \u00e0 un prix imbattable. Le mode de paiement est enti\u00e8rement s\u00e9curis\u00e9.","robots":{"index":"index","follow":"follow","max-snippet":"max-snippet:-1","max-image-preview":"max-image-preview:large","max-video-preview":"max-video-preview:-1"},"canonical":"https:\/\/martinezcaballeroabogados.com\/fr\/producto\/tramite-declaracion-de-la-renta\/","og_locale":"fr_FR","og_type":"article","og_title":"Proc\u00e9dure de d\u00e9claration d'imp\u00f4t sur le revenu - Martinez Caballero Abogados","og_description":"Payez en ligne et traitez votre d\u00e9claration d'imp\u00f4ts de la mani\u00e8re la plus pratique qui soit, \u00e0 un prix imbattable. Le mode de paiement est enti\u00e8rement s\u00e9curis\u00e9.","og_url":"https:\/\/martinezcaballeroabogados.com\/fr\/producto\/tramite-declaracion-de-la-renta\/","og_site_name":"Martinez Caballero Abogados","article_publisher":"https:\/\/www.facebook.com\/martinezcaballeroabogados\/","article_modified_time":"2023-07-14T08:22:38+00:00","og_image":[{"width":1080,"height":1080,"url":"https:\/\/martinezcaballeroabogados.com\/wp-content\/uploads\/2023\/03\/renta-frances-1.webp","type":"image\/webp"}],"twitter_card":"summary_large_image","twitter_site":"@MC_abogados_","schema":{"@context":"https:\/\/schema.org","@graph":[{"@type":"WebPage","@id":"https:\/\/martinezcaballeroabogados.com\/fr\/producto\/tramite-declaracion-de-la-renta\/","url":"https:\/\/martinezcaballeroabogados.com\/fr\/producto\/tramite-declaracion-de-la-renta\/","name":"Proc\u00e9dure de d\u00e9claration d'imp\u00f4t sur le revenu - Martinez Caballero Abogados","isPartOf":{"@id":"https:\/\/martinezcaballeroabogados.com\/fr\/#website"},"primaryImageOfPage":{"@id":"https:\/\/martinezcaballeroabogados.com\/fr\/producto\/tramite-declaracion-de-la-renta\/#primaryimage"},"image":{"@id":"https:\/\/martinezcaballeroabogados.com\/fr\/producto\/tramite-declaracion-de-la-renta\/#primaryimage"},"thumbnailUrl":"https:\/\/martinezcaballeroabogados.com\/wp-content\/uploads\/2021\/05\/declaracion-renta.jpg","datePublished":"2021-05-18T10:12:10+00:00","dateModified":"2023-07-14T08:22:38+00:00","description":"Payez en ligne et traitez votre d\u00e9claration d'imp\u00f4ts de la mani\u00e8re la plus pratique qui soit, \u00e0 un prix imbattable. Le mode de paiement est enti\u00e8rement s\u00e9curis\u00e9.","breadcrumb":{"@id":"https:\/\/martinezcaballeroabogados.com\/fr\/producto\/tramite-declaracion-de-la-renta\/#breadcrumb"},"inLanguage":"fr-FR","potentialAction":[{"@type":"ReadAction","target":["https:\/\/martinezcaballeroabogados.com\/fr\/producto\/tramite-declaracion-de-la-renta\/"]}]},{"@type":"ImageObject","inLanguage":"fr-FR","@id":"https:\/\/martinezcaballeroabogados.com\/fr\/producto\/tramite-declaracion-de-la-renta\/#primaryimage","url":"https:\/\/martinezcaballeroabogados.com\/wp-content\/uploads\/2021\/05\/declaracion-renta.jpg","contentUrl":"https:\/\/martinezcaballeroabogados.com\/wp-content\/uploads\/2021\/05\/declaracion-renta.jpg","width":1080,"height":1080,"caption":"Tr\u00e1mite online de la declaraci\u00f3n de la renta en Espa\u00f1a"},{"@type":"BreadcrumbList","@id":"https:\/\/martinezcaballeroabogados.com\/fr\/producto\/tramite-declaracion-de-la-renta\/#breadcrumb","itemListElement":[{"@type":"ListItem","position":1,"name":"Portada","item":"https:\/\/martinezcaballeroabogados.com\/fr\/avocats-a-barcelone\/"},{"@type":"ListItem","position":2,"name":"Proc\u00e9dure de d\u00e9claration d&#8217;imp\u00f4t sur le revenu"}]},{"@type":"WebSite","@id":"https:\/\/martinezcaballeroabogados.com\/fr\/#website","url":"https:\/\/martinezcaballeroabogados.com\/fr\/","name":"Martinez & Caballero Abogados","description":"Cabinets d'avocats g\u00e9n\u00e9ralistes \u00e0 Barcelone","publisher":{"@id":"https:\/\/martinezcaballeroabogados.com\/fr\/#organization"},"potentialAction":[{"@type":"SearchAction","target":{"@type":"EntryPoint","urlTemplate":"https:\/\/martinezcaballeroabogados.com\/fr\/?s={search_term_string}"},"query-input":{"@type":"PropertyValueSpecification","valueRequired":true,"valueName":"search_term_string"}}],"inLanguage":"fr-FR"},{"@type":"Organization","@id":"https:\/\/martinezcaballeroabogados.com\/fr\/#organization","name":"Martinez & Caballero Abogados","url":"https:\/\/martinezcaballeroabogados.com\/fr\/","logo":{"@type":"ImageObject","inLanguage":"fr-FR","@id":"https:\/\/martinezcaballeroabogados.com\/fr\/#\/schema\/logo\/image\/","url":"https:\/\/martinezcaballeroabogados.com\/wp-content\/uploads\/2020\/02\/cropped-cropped-logo-mc-abogados-web-1-e1497812507401-1.png","contentUrl":"https:\/\/martinezcaballeroabogados.com\/wp-content\/uploads\/2020\/02\/cropped-cropped-logo-mc-abogados-web-1-e1497812507401-1.png","width":300,"height":150,"caption":"Martinez & Caballero Abogados"},"image":{"@id":"https:\/\/martinezcaballeroabogados.com\/fr\/#\/schema\/logo\/image\/"},"sameAs":["https:\/\/www.facebook.com\/martinezcaballeroabogados\/","https:\/\/x.com\/MC_abogados_","https:\/\/www.instagram.com\/extranjeriabarcelonaabogados\/"]}]}},"_links":{"self":[{"href":"https:\/\/martinezcaballeroabogados.com\/fr\/wp-json\/wp\/v2\/product\/11955","targetHints":{"allow":["GET"]}}],"collection":[{"href":"https:\/\/martinezcaballeroabogados.com\/fr\/wp-json\/wp\/v2\/product"}],"about":[{"href":"https:\/\/martinezcaballeroabogados.com\/fr\/wp-json\/wp\/v2\/types\/product"}],"replies":[{"embeddable":true,"href":"https:\/\/martinezcaballeroabogados.com\/fr\/wp-json\/wp\/v2\/comments?post=11955"}],"version-history":[{"count":1,"href":"https:\/\/martinezcaballeroabogados.com\/fr\/wp-json\/wp\/v2\/product\/11955\/revisions"}],"predecessor-version":[{"id":12710,"href":"https:\/\/martinezcaballeroabogados.com\/fr\/wp-json\/wp\/v2\/product\/11955\/revisions\/12710"}],"wp:featuredmedia":[{"embeddable":true,"href":"https:\/\/martinezcaballeroabogados.com\/fr\/wp-json\/wp\/v2\/media\/20693"}],"wp:attachment":[{"href":"https:\/\/martinezcaballeroabogados.com\/fr\/wp-json\/wp\/v2\/media?parent=11955"}],"wp:term":[{"taxonomy":"product_brand","embeddable":true,"href":"https:\/\/martinezcaballeroabogados.com\/fr\/wp-json\/wp\/v2\/product_brand?post=11955"},{"taxonomy":"product_cat","embeddable":true,"href":"https:\/\/martinezcaballeroabogados.com\/fr\/wp-json\/wp\/v2\/product_cat?post=11955"},{"taxonomy":"product_tag","embeddable":true,"href":"https:\/\/martinezcaballeroabogados.com\/fr\/wp-json\/wp\/v2\/product_tag?post=11955"}],"curies":[{"name":"wp","href":"https:\/\/api.w.org\/{rel}","templated":true}]}}