{"id":23609,"date":"2025-10-03T09:39:27","date_gmt":"2025-10-03T09:39:27","guid":{"rendered":"https:\/\/martinezcaballeroabogados.com\/politique-et-conditions-relatives-aux-premiers-conseils\/"},"modified":"2025-10-03T09:50:01","modified_gmt":"2025-10-03T09:50:01","slug":"politique-et-conditions-relatives-aux-premiers-conseils","status":"publish","type":"page","link":"https:\/\/martinezcaballeroabogados.com\/fr\/politique-et-conditions-relatives-aux-premiers-conseils\/","title":{"rendered":"Politique et conditions relatives aux premiers conseils"},"content":{"rendered":"\t\t<div data-elementor-type=\"wp-page\" data-elementor-id=\"23609\" class=\"elementor elementor-23609 elementor-23586\" data-elementor-post-type=\"page\">\n\t\t\t\t\t\t<section class=\"elementor-section elementor-top-section elementor-element elementor-element-1f0604aa elementor-section-boxed elementor-section-height-default elementor-section-height-default\" data-id=\"1f0604aa\" data-element_type=\"section\" data-e-type=\"section\">\n\t\t\t\t\t\t<div class=\"elementor-container elementor-column-gap-extended\">\n\t\t\t\t\t<div class=\"elementor-column elementor-col-100 elementor-top-column elementor-element elementor-element-15c65bef sc_inner_width_none sc_layouts_column_icons_position_left\" data-id=\"15c65bef\" data-element_type=\"column\" data-e-type=\"column\">\n\t\t\t<div class=\"elementor-widget-wrap elementor-element-populated\">\n\t\t\t\t\t\t<div class=\"elementor-element elementor-element-36fa305 sc_fly_static elementor-widget elementor-widget-spacer\" data-id=\"36fa305\" data-element_type=\"widget\" data-e-type=\"widget\" data-widget_type=\"spacer.default\">\n\t\t\t\t<div class=\"elementor-widget-container\">\n\t\t\t\t\t\t\t<div class=\"elementor-spacer\">\n\t\t\t<div class=\"elementor-spacer-inner\"><\/div>\n\t\t<\/div>\n\t\t\t\t\t\t<\/div>\n\t\t\t\t<\/div>\n\t\t\t\t<div class=\"elementor-element elementor-element-cc58771 sc_fly_static elementor-widget elementor-widget-heading\" data-id=\"cc58771\" data-element_type=\"widget\" data-e-type=\"widget\" data-widget_type=\"heading.default\">\n\t\t\t\t<div class=\"elementor-widget-container\">\n\t\t\t\t\t<h1 class=\"elementor-heading-title elementor-size-default\">POLITIQUES ET CONDITIONS PREMIER CONSEIL MC<\/h1>\t\t\t\t<\/div>\n\t\t\t\t<\/div>\n\t\t\t\t<div class=\"elementor-element elementor-element-4a67828c sc_fly_static elementor-widget elementor-widget-text-editor\" data-id=\"4a67828c\" data-element_type=\"widget\" data-e-type=\"widget\" data-widget_type=\"text-editor.default\">\n\t\t\t\t<div class=\"elementor-widget-container\">\n\t\t\t\t\t\t\t\t\t<p><b style=\"font-family: inherit; font-size: 14.8571px; font-style: inherit; letter-spacing: 0px;\">Conditions du premier conseil juridique<\/b><\/p>\n<ol>\n<li><b><i>  Co\u00fbt de la consultation<\/i><\/b><\/li>\n<\/ol>\n<ul>\n<li style=\"font-weight: 400;\" aria-level=\"1\"><span style=\"font-weight: 400;\">Le co\u00fbt du service de conseil chez MC Abogados pour 2025-2026, que ce soit en ligne ou en personne, sera de 60,50 \u20ac. Pour r\u00e9server un jour et une heure, un paiement pr\u00e9alable doit \u00eatre effectu\u00e9, conform\u00e9ment aux m\u00e9thodes de paiement indiqu\u00e9es dans les conditions g\u00e9n\u00e9rales.<\/span><\/li>\n<\/ul>\n<ol start=\"2\">\n<li><b><i>  Confirmation de r\u00e9servation<\/i><\/b><\/li>\n<\/ol>\n<p><span style=\"font-weight: 400;\">Une fois le paiement re\u00e7u, l&rsquo;entreprise confirmera le rendez-vous par les canaux de communication habituels (courriel, WhatsApp ou appel t\u00e9l\u00e9phonique).<\/span><\/p>\n<p><span style=\"font-weight: 400;\">La confirmation comprendra :<\/span><\/p>\n<ul>\n<li style=\"font-weight: 400;\" aria-level=\"1\"><span style=\"font-weight: 400;\">Date et heure.<\/span><\/li>\n<li style=\"font-weight: 400;\" aria-level=\"1\"><span style=\"font-weight: 400;\">Mode (face \u00e0 face\/virtuel).<\/span><\/li>\n<li style=\"font-weight: 400;\" aria-level=\"1\"><span style=\"font-weight: 400;\">Adresse ou lien de connexion.<\/span><\/li>\n<li style=\"font-weight: 400;\" aria-level=\"1\"><span style=\"font-weight: 400;\">Informations compl\u00e9mentaires int\u00e9ressantes.<\/span><\/li>\n<\/ul>\n<ol start=\"3\">\n<li><b><i>  Annulations et remboursements<\/i><\/b><\/li>\n<\/ol>\n<ul>\n<li style=\"font-weight: 400;\" aria-level=\"1\"><b>Avec pr\u00e9avis :<\/b><span style=\"font-weight: 400;\"> si le client annule au moins 24 heures \u00e0 l&rsquo;avance, le montant pay\u00e9 sera rembours\u00e9 par le m\u00eame moyen de paiement que celui utilis\u00e9. En cas d&rsquo;impossibilit\u00e9, le remboursement sera effectu\u00e9 en esp\u00e8ces \u00e0 l&rsquo;adresse suivante : Pl. Tetu\u00e1n 40-41, \u00e9tage 1, bureau 21.<\/span><\/li>\n<li style=\"font-weight: 400;\" aria-level=\"1\"><b>Avec un pr\u00e9avis tardif<\/b><span style=\"font-weight: 400;\"> (moins de 24 heures) : il n&rsquo;y a pas de droit au remboursement, mais la consultation peut \u00eatre reprogramm\u00e9e dans les 15 jours civils suivants, en fonction de la disponibilit\u00e9 de l&rsquo;agenda. Le conseil peut se d\u00e9rouler selon n&rsquo;importe quelle modalit\u00e9 (face \u00e0 face, virtuelle ou t\u00e9l\u00e9phonique).<\/span><\/li>\n<li style=\"font-weight: 400;\" aria-level=\"1\"><b>Absence de convocation<\/b><span style=\"font-weight: 400;\">Si le client confirme sa pr\u00e9sence, mais ne se pr\u00e9sente pas ou ne se connecte pas en mode virtuel ou ne se pr\u00e9sente pas au bureau, le rendez-vous sera consid\u00e9r\u00e9 comme annul\u00e9 apr\u00e8s 15 minutes d&rsquo;attente. Dans ce cas, il n&rsquo;y aura pas de droit \u00e0 un remboursement et une nouvelle redevance de conseil sera factur\u00e9e.<\/span><\/li>\n<\/ul>\n<ol start=\"4\">\n<li><b><i>  Changements par envoi<\/i><\/b><\/li>\n<\/ol>\n<p><span style=\"font-weight: 400;\">Le bureau peut modifier la date et l&rsquo;heure de la premi\u00e8re consultation avec un pr\u00e9avis d&rsquo;au moins 48 heures.<\/span><\/p>\n<p><span style=\"font-weight: 400;\">En l&rsquo;occurrence :<\/span><\/p>\n<ul>\n<li style=\"font-weight: 400;\" aria-level=\"1\"><span style=\"font-weight: 400;\">Le client se verra proposer en priorit\u00e9 un nouveau rendez-vous en personne, virtuellement ou par t\u00e9l\u00e9phone.<\/span><\/li>\n<li style=\"font-weight: 400;\" aria-level=\"1\"><span style=\"font-weight: 400;\">Si le client n&rsquo;accepte pas la nouvelle date propos\u00e9e, il aura droit au remboursement int\u00e9gral du montant pay\u00e9.<\/span><\/li>\n<\/ul>\n<ol start=\"5\">\n<li><b><i>  Acceptation des conditions<\/i><\/b><\/li>\n<\/ol>\n<p><span style=\"font-weight: 400;\">Le paiement de la premi\u00e8re consultation implique l&rsquo;acceptation expresse des pr\u00e9sentes conditions sp\u00e9cifiques et des conditions g\u00e9n\u00e9rales de l&rsquo;entreprise.<\/span><\/p>\n<p><b>Politiques de validit\u00e9 budg\u00e9taire<\/b><\/p>\n<ol>\n<li><b>  Validit\u00e9<\/b><\/li>\n<\/ol>\n<ul>\n<li style=\"font-weight: 400;\" aria-level=\"1\"><span style=\"font-weight: 400;\">Tous les devis \u00e9mis par Mart\u00ednez Caballero Abogados sont valables pendant 15 jours calendaires \u00e0 compter de la date d&rsquo;\u00e9mission.<\/span><\/li>\n<li style=\"font-weight: 400;\" aria-level=\"1\"><span style=\"font-weight: 400;\">Si le client paie dans ce d\u00e9lai, le montant et les conditions convenus seront maintenus.<\/span><\/li>\n<\/ul>\n<ol start=\"2\">\n<li><b>  R\u00e9troactivit\u00e9<\/b><\/li>\n<\/ol>\n<p><span style=\"font-weight: 400;\">Un budget peut \u00eatre appliqu\u00e9 r\u00e9troactivement jusqu&rsquo;\u00e0 un maximum de 3 mois avant son \u00e9mission, \u00e0 condition que<br><\/span><span style=\"font-size: 14.8571px; font-weight: 400; letter-spacing: 0px;\"><br>a<\/span><span style=\"font-size: 14.8571px; letter-spacing: 0px;\">\n  <b>)<\/b>\n<\/span><span style=\"font-size: 14.8571px; font-weight: 400; letter-spacing: 0px;\">  Le client pr\u00e9sente des documents \u00e0 l&rsquo;appui de sa demande.<br><\/span> <span style=\"font-size: 14.8571px; font-weight: 400; letter-spacing: 0px;\">b<\/span><span style=\"font-size: 14.8571px; letter-spacing: 0px;\">\n  <b>)<\/b>\n<\/span><span style=\"font-size: 14.8571px; font-weight: 400; letter-spacing: 0px;\">  Un associ\u00e9 ou un directeur de l&rsquo;entreprise approuve la r\u00e9troactivit\u00e9.<br><\/span> <span style=\"font-size: 14.8571px; font-weight: 400; letter-spacing: 0px;\">c<\/span><span style=\"font-size: 14.8571px; letter-spacing: 0px;\">\n  <b>) <\/b>\n<\/span><span style=\"font-size: 14.8571px; font-weight: 400; letter-spacing: 0px;\"> Le budget est susceptible d&rsquo;\u00eatre r\u00e9vis\u00e9 en fonction des services effectivement rendus au cours de cette p\u00e9riode.<\/span><\/p>\n<ol start=\"3\">\n<li><b>  Validation<\/b><\/li>\n<\/ol>\n<p><span style=\"font-weight: 400;\">Pour valider un devis, le client doit<\/span><\/p>\n<ul>\n<li style=\"font-weight: 400;\" aria-level=\"1\"><span style=\"font-weight: 400;\">Confirmez votre acceptation par \u00e9crit (e-mail ou signature physique).<\/span><\/li>\n<li style=\"font-weight: 400;\" aria-level=\"1\"><span style=\"font-weight: 400;\">Effectuez le paiement dans la p\u00e9riode de validit\u00e9.<\/span><\/li>\n<\/ul>\n<p><span style=\"font-weight: 400;\">Si ces conditions ne sont pas remplies, le budget devient caduc et un nouveau budget doit \u00eatre \u00e9tabli.<\/span><\/p>\n<ol start=\"4\">\n<li><b>  R\u00e9vision et ajustements<\/b><\/li>\n<\/ol>\n<p><span style=\"font-weight: 400;\">L&rsquo;entreprise peut modifier les devis en cas de :<\/span><\/p>\n<ul>\n<li style=\"font-weight: 400;\" aria-level=\"1\"><span style=\"font-weight: 400;\">Changements dans les co\u00fbts du march\u00e9.<\/span><\/li>\n<li style=\"font-weight: 400;\" aria-level=\"1\"><span style=\"font-weight: 400;\">Ajustements juridiques ou administratifs.<\/span><\/li>\n<li style=\"font-weight: 400;\" aria-level=\"1\"><span style=\"font-weight: 400;\">Autres circonstances pertinentes.<\/span><\/li>\n<\/ul>\n<p><span style=\"font-weight: 400;\">Le client sera inform\u00e9 avant la confirmation finale.<\/span><\/p>\n<ol start=\"5\">\n<li><b>  Acceptation de la politique<\/b><\/li>\n<\/ol>\n<p><span style=\"font-weight: 400;\">La demande ou l&rsquo;acceptation d&rsquo;un devis implique l&rsquo;accord du client sur ces conditions.<\/span><\/p>\n<ol start=\"6\">\n<li><b>  Contact<\/b><\/li>\n<\/ol>\n<p><span style=\"font-weight: 400;\">Pour les <\/span><span style=\"font-size: 14.8571px; font-weight: 400; letter-spacing: 0px;\">les demandes de renseignements : <\/span><a href=\"mailto:info@martinezcaballeroabogados.com\" style=\"font-size: 14.8571px; background-color: rgb(255, 255, 255); letter-spacing: 0px;\">\n  <span style=\"font-weight: 400;\">info@martinezcaballeroabogados.com<\/span>\n<\/a><\/p>\n<p><span style=\"font-weight: 400;\">Num\u00e9ros de t\u00e9l\u00e9phone : 936 323 236 | +34 628 379 016<\/span><\/p>\t\t\t\t\t\t\t\t<\/div>\n\t\t\t\t<\/div>\n\t\t\t\t\t<\/div>\n\t\t<\/div>\n\t\t\t\t\t<\/div>\n\t\t<\/section>\n\t\t\t\t<\/div>\n\t\t","protected":false},"excerpt":{"rendered":"<p>POLITIQUES ET CONDITIONS PREMIER CONSEIL MC Conditions du premier conseil juridique Co\u00fbt de la consultation Le co\u00fbt du service de conseil chez MC Abogados pour 2025-2026, que ce soit en ligne ou en personne, sera de 60,50 \u20ac. Pour r\u00e9server un jour et une heure, un paiement pr\u00e9alable doit \u00eatre effectu\u00e9, conform\u00e9ment aux m\u00e9thodes de paiement indiqu\u00e9es dans les conditions g\u00e9n\u00e9rales. Confirmation de r\u00e9servation Une fois le paiement re\u00e7u, l&rsquo;entreprise confirmera le rendez-vous par les canaux de communication habituels (courriel,&hellip;<\/p>\n","protected":false},"author":1,"featured_media":0,"parent":0,"menu_order":0,"comment_status":"closed","ping_status":"closed","template":"","meta":{"_monsterinsights_skip_tracking":false,"_monsterinsights_sitenote_active":false,"_monsterinsights_sitenote_note":"","_monsterinsights_sitenote_category":0,"_joinchat":[],"footnotes":""},"class_list":["post-23609","page","type-page","status-publish","hentry"],"yoast_head":"<!-- This site is optimized with the Yoast SEO plugin v26.8 - https:\/\/yoast.com\/product\/yoast-seo-wordpress\/ -->\n<title>Politique et conditions relatives aux premiers conseils - Martinez Caballero Abogados<\/title>\n<meta name=\"robots\" content=\"index, follow, max-snippet:-1, max-image-preview:large, max-video-preview:-1\" \/>\n<link rel=\"canonical\" href=\"https:\/\/martinezcaballeroabogados.com\/fr\/politique-et-conditions-relatives-aux-premiers-conseils\/\" \/>\n<meta property=\"og:locale\" content=\"fr_FR\" \/>\n<meta property=\"og:type\" content=\"article\" \/>\n<meta property=\"og:title\" content=\"Politique et conditions relatives aux premiers conseils - Martinez Caballero Abogados\" \/>\n<meta property=\"og:description\" content=\"POLITIQUES ET CONDITIONS PREMIER CONSEIL MC Conditions du premier conseil juridique Co\u00fbt de la consultation Le co\u00fbt du service de conseil chez MC Abogados pour 2025-2026, que ce soit en ligne ou en personne, sera de 60,50 \u20ac. Pour r\u00e9server un jour et une heure, un paiement pr\u00e9alable doit \u00eatre effectu\u00e9, conform\u00e9ment aux m\u00e9thodes de paiement indiqu\u00e9es dans les conditions g\u00e9n\u00e9rales. Confirmation de r\u00e9servation Une fois le paiement re\u00e7u, l&rsquo;entreprise confirmera le rendez-vous par les canaux de communication habituels (courriel,&hellip;\" \/>\n<meta property=\"og:url\" content=\"https:\/\/martinezcaballeroabogados.com\/fr\/politique-et-conditions-relatives-aux-premiers-conseils\/\" \/>\n<meta property=\"og:site_name\" content=\"Martinez Caballero Abogados\" \/>\n<meta property=\"article:publisher\" content=\"https:\/\/www.facebook.com\/martinezcaballeroabogados\/\" \/>\n<meta property=\"article:modified_time\" content=\"2025-10-03T09:50:01+00:00\" \/>\n<meta name=\"twitter:card\" content=\"summary_large_image\" \/>\n<meta name=\"twitter:site\" content=\"@MC_abogados_\" \/>\n<meta name=\"twitter:label1\" content=\"Dur\u00e9e de lecture estim\u00e9e\" \/>\n\t<meta name=\"twitter:data1\" content=\"3 minutes\" \/>\n<script type=\"application\/ld+json\" class=\"yoast-schema-graph\">{\"@context\":\"https:\/\/schema.org\",\"@graph\":[{\"@type\":\"WebPage\",\"@id\":\"https:\/\/martinezcaballeroabogados.com\/fr\/politique-et-conditions-relatives-aux-premiers-conseils\/\",\"url\":\"https:\/\/martinezcaballeroabogados.com\/fr\/politique-et-conditions-relatives-aux-premiers-conseils\/\",\"name\":\"Politique et conditions relatives aux premiers conseils - Martinez Caballero Abogados\",\"isPartOf\":{\"@id\":\"https:\/\/martinezcaballeroabogados.com\/fr\/#website\"},\"datePublished\":\"2025-10-03T09:39:27+00:00\",\"dateModified\":\"2025-10-03T09:50:01+00:00\",\"breadcrumb\":{\"@id\":\"https:\/\/martinezcaballeroabogados.com\/fr\/politique-et-conditions-relatives-aux-premiers-conseils\/#breadcrumb\"},\"inLanguage\":\"fr-FR\",\"potentialAction\":[{\"@type\":\"ReadAction\",\"target\":[\"https:\/\/martinezcaballeroabogados.com\/fr\/politique-et-conditions-relatives-aux-premiers-conseils\/\"]}]},{\"@type\":\"BreadcrumbList\",\"@id\":\"https:\/\/martinezcaballeroabogados.com\/fr\/politique-et-conditions-relatives-aux-premiers-conseils\/#breadcrumb\",\"itemListElement\":[{\"@type\":\"ListItem\",\"position\":1,\"name\":\"Portada\",\"item\":\"https:\/\/martinezcaballeroabogados.com\/fr\/avocats-a-barcelone\/\"},{\"@type\":\"ListItem\",\"position\":2,\"name\":\"Politique et conditions relatives aux premiers conseils\"}]},{\"@type\":\"WebSite\",\"@id\":\"https:\/\/martinezcaballeroabogados.com\/fr\/#website\",\"url\":\"https:\/\/martinezcaballeroabogados.com\/fr\/\",\"name\":\"Martinez & Caballero Abogados\",\"description\":\"Cabinets d'avocats g\u00e9n\u00e9ralistes \u00e0 Barcelone\",\"publisher\":{\"@id\":\"https:\/\/martinezcaballeroabogados.com\/fr\/#organization\"},\"potentialAction\":[{\"@type\":\"SearchAction\",\"target\":{\"@type\":\"EntryPoint\",\"urlTemplate\":\"https:\/\/martinezcaballeroabogados.com\/fr\/?s={search_term_string}\"},\"query-input\":{\"@type\":\"PropertyValueSpecification\",\"valueRequired\":true,\"valueName\":\"search_term_string\"}}],\"inLanguage\":\"fr-FR\"},{\"@type\":\"Organization\",\"@id\":\"https:\/\/martinezcaballeroabogados.com\/fr\/#organization\",\"name\":\"Martinez & Caballero Abogados\",\"url\":\"https:\/\/martinezcaballeroabogados.com\/fr\/\",\"logo\":{\"@type\":\"ImageObject\",\"inLanguage\":\"fr-FR\",\"@id\":\"https:\/\/martinezcaballeroabogados.com\/fr\/#\/schema\/logo\/image\/\",\"url\":\"https:\/\/martinezcaballeroabogados.com\/wp-content\/uploads\/2020\/02\/cropped-cropped-logo-mc-abogados-web-1-e1497812507401-1.png\",\"contentUrl\":\"https:\/\/martinezcaballeroabogados.com\/wp-content\/uploads\/2020\/02\/cropped-cropped-logo-mc-abogados-web-1-e1497812507401-1.png\",\"width\":300,\"height\":150,\"caption\":\"Martinez & Caballero Abogados\"},\"image\":{\"@id\":\"https:\/\/martinezcaballeroabogados.com\/fr\/#\/schema\/logo\/image\/\"},\"sameAs\":[\"https:\/\/www.facebook.com\/martinezcaballeroabogados\/\",\"https:\/\/x.com\/MC_abogados_\",\"https:\/\/www.instagram.com\/extranjeriabarcelonaabogados\/\"]}]}<\/script>\n<!-- \/ Yoast SEO plugin. -->","yoast_head_json":{"title":"Politique et conditions relatives aux premiers conseils - Martinez Caballero Abogados","robots":{"index":"index","follow":"follow","max-snippet":"max-snippet:-1","max-image-preview":"max-image-preview:large","max-video-preview":"max-video-preview:-1"},"canonical":"https:\/\/martinezcaballeroabogados.com\/fr\/politique-et-conditions-relatives-aux-premiers-conseils\/","og_locale":"fr_FR","og_type":"article","og_title":"Politique et conditions relatives aux premiers conseils - Martinez Caballero Abogados","og_description":"POLITIQUES ET CONDITIONS PREMIER CONSEIL MC Conditions du premier conseil juridique Co\u00fbt de la consultation Le co\u00fbt du service de conseil chez MC Abogados pour 2025-2026, que ce soit en ligne ou en personne, sera de 60,50 \u20ac. Pour r\u00e9server un jour et une heure, un paiement pr\u00e9alable doit \u00eatre effectu\u00e9, conform\u00e9ment aux m\u00e9thodes de paiement indiqu\u00e9es dans les conditions g\u00e9n\u00e9rales. Confirmation de r\u00e9servation Une fois le paiement re\u00e7u, l&rsquo;entreprise confirmera le rendez-vous par les canaux de communication habituels (courriel,&hellip;","og_url":"https:\/\/martinezcaballeroabogados.com\/fr\/politique-et-conditions-relatives-aux-premiers-conseils\/","og_site_name":"Martinez Caballero Abogados","article_publisher":"https:\/\/www.facebook.com\/martinezcaballeroabogados\/","article_modified_time":"2025-10-03T09:50:01+00:00","twitter_card":"summary_large_image","twitter_site":"@MC_abogados_","twitter_misc":{"Dur\u00e9e de lecture estim\u00e9e":"3 minutes"},"schema":{"@context":"https:\/\/schema.org","@graph":[{"@type":"WebPage","@id":"https:\/\/martinezcaballeroabogados.com\/fr\/politique-et-conditions-relatives-aux-premiers-conseils\/","url":"https:\/\/martinezcaballeroabogados.com\/fr\/politique-et-conditions-relatives-aux-premiers-conseils\/","name":"Politique et conditions relatives aux premiers conseils - Martinez Caballero Abogados","isPartOf":{"@id":"https:\/\/martinezcaballeroabogados.com\/fr\/#website"},"datePublished":"2025-10-03T09:39:27+00:00","dateModified":"2025-10-03T09:50:01+00:00","breadcrumb":{"@id":"https:\/\/martinezcaballeroabogados.com\/fr\/politique-et-conditions-relatives-aux-premiers-conseils\/#breadcrumb"},"inLanguage":"fr-FR","potentialAction":[{"@type":"ReadAction","target":["https:\/\/martinezcaballeroabogados.com\/fr\/politique-et-conditions-relatives-aux-premiers-conseils\/"]}]},{"@type":"BreadcrumbList","@id":"https:\/\/martinezcaballeroabogados.com\/fr\/politique-et-conditions-relatives-aux-premiers-conseils\/#breadcrumb","itemListElement":[{"@type":"ListItem","position":1,"name":"Portada","item":"https:\/\/martinezcaballeroabogados.com\/fr\/avocats-a-barcelone\/"},{"@type":"ListItem","position":2,"name":"Politique et conditions relatives aux premiers conseils"}]},{"@type":"WebSite","@id":"https:\/\/martinezcaballeroabogados.com\/fr\/#website","url":"https:\/\/martinezcaballeroabogados.com\/fr\/","name":"Martinez & Caballero Abogados","description":"Cabinets d'avocats g\u00e9n\u00e9ralistes \u00e0 Barcelone","publisher":{"@id":"https:\/\/martinezcaballeroabogados.com\/fr\/#organization"},"potentialAction":[{"@type":"SearchAction","target":{"@type":"EntryPoint","urlTemplate":"https:\/\/martinezcaballeroabogados.com\/fr\/?s={search_term_string}"},"query-input":{"@type":"PropertyValueSpecification","valueRequired":true,"valueName":"search_term_string"}}],"inLanguage":"fr-FR"},{"@type":"Organization","@id":"https:\/\/martinezcaballeroabogados.com\/fr\/#organization","name":"Martinez & Caballero Abogados","url":"https:\/\/martinezcaballeroabogados.com\/fr\/","logo":{"@type":"ImageObject","inLanguage":"fr-FR","@id":"https:\/\/martinezcaballeroabogados.com\/fr\/#\/schema\/logo\/image\/","url":"https:\/\/martinezcaballeroabogados.com\/wp-content\/uploads\/2020\/02\/cropped-cropped-logo-mc-abogados-web-1-e1497812507401-1.png","contentUrl":"https:\/\/martinezcaballeroabogados.com\/wp-content\/uploads\/2020\/02\/cropped-cropped-logo-mc-abogados-web-1-e1497812507401-1.png","width":300,"height":150,"caption":"Martinez & Caballero Abogados"},"image":{"@id":"https:\/\/martinezcaballeroabogados.com\/fr\/#\/schema\/logo\/image\/"},"sameAs":["https:\/\/www.facebook.com\/martinezcaballeroabogados\/","https:\/\/x.com\/MC_abogados_","https:\/\/www.instagram.com\/extranjeriabarcelonaabogados\/"]}]}},"_links":{"self":[{"href":"https:\/\/martinezcaballeroabogados.com\/fr\/wp-json\/wp\/v2\/pages\/23609","targetHints":{"allow":["GET"]}}],"collection":[{"href":"https:\/\/martinezcaballeroabogados.com\/fr\/wp-json\/wp\/v2\/pages"}],"about":[{"href":"https:\/\/martinezcaballeroabogados.com\/fr\/wp-json\/wp\/v2\/types\/page"}],"author":[{"embeddable":true,"href":"https:\/\/martinezcaballeroabogados.com\/fr\/wp-json\/wp\/v2\/users\/1"}],"replies":[{"embeddable":true,"href":"https:\/\/martinezcaballeroabogados.com\/fr\/wp-json\/wp\/v2\/comments?post=23609"}],"version-history":[{"count":1,"href":"https:\/\/martinezcaballeroabogados.com\/fr\/wp-json\/wp\/v2\/pages\/23609\/revisions"}],"predecessor-version":[{"id":23610,"href":"https:\/\/martinezcaballeroabogados.com\/fr\/wp-json\/wp\/v2\/pages\/23609\/revisions\/23610"}],"wp:attachment":[{"href":"https:\/\/martinezcaballeroabogados.com\/fr\/wp-json\/wp\/v2\/media?parent=23609"}],"curies":[{"name":"wp","href":"https:\/\/api.w.org\/{rel}","templated":true}]}}