{"id":21600,"date":"2025-06-30T09:15:06","date_gmt":"2025-06-30T09:15:06","guid":{"rendered":"https:\/\/martinezcaballeroabogados.com\/protection-contre-le-phishing-martinez-caballero-abogados\/"},"modified":"2025-06-30T11:11:53","modified_gmt":"2025-06-30T11:11:53","slug":"protection-contre-le-phishing-martinez-caballero-abogados","status":"publish","type":"page","link":"https:\/\/martinezcaballeroabogados.com\/fr\/protection-contre-le-phishing-martinez-caballero-abogados\/","title":{"rendered":"Protection contre le phishing &#8211; Mart\u00ednez &amp; Caballero Abogados"},"content":{"rendered":"\t\t<div data-elementor-type=\"wp-page\" data-elementor-id=\"21600\" class=\"elementor elementor-21600 elementor-21492\" data-elementor-post-type=\"page\">\n\t\t\t\t\t\t<section class=\"elementor-section elementor-top-section elementor-element elementor-element-04902e5 elementor-section-boxed elementor-section-height-default elementor-section-height-default\" data-id=\"04902e5\" data-element_type=\"section\" data-e-type=\"section\">\n\t\t\t\t\t\t<div class=\"elementor-container elementor-column-gap-extended\">\n\t\t\t\t\t<div class=\"elementor-column elementor-col-100 elementor-top-column elementor-element elementor-element-4c66dc5 sc_inner_width_none sc_layouts_column_icons_position_left\" data-id=\"4c66dc5\" data-element_type=\"column\" data-e-type=\"column\">\n\t\t\t<div class=\"elementor-widget-wrap elementor-element-populated\">\n\t\t\t\t\t\t<div class=\"elementor-element elementor-element-015fb9f sc_fly_static elementor-widget elementor-widget-spacer\" data-id=\"015fb9f\" data-element_type=\"widget\" data-e-type=\"widget\" data-widget_type=\"spacer.default\">\n\t\t\t\t<div class=\"elementor-widget-container\">\n\t\t\t\t\t\t\t<div class=\"elementor-spacer\">\n\t\t\t<div class=\"elementor-spacer-inner\"><\/div>\n\t\t<\/div>\n\t\t\t\t\t\t<\/div>\n\t\t\t\t<\/div>\n\t\t\t\t<div class=\"elementor-element elementor-element-2229f26 sc_fly_static elementor-widget elementor-widget-heading\" data-id=\"2229f26\" data-element_type=\"widget\" data-e-type=\"widget\" data-widget_type=\"heading.default\">\n\t\t\t\t<div class=\"elementor-widget-container\">\n\t\t\t\t\t<h1 class=\"elementor-heading-title elementor-size-default\">Protection contre le phishing  <\/h1>\t\t\t\t<\/div>\n\t\t\t\t<\/div>\n\t\t\t\t<div class=\"elementor-element elementor-element-0314e1d sc_fly_static elementor-widget elementor-widget-text-editor\" data-id=\"0314e1d\" data-element_type=\"widget\" data-e-type=\"widget\" data-widget_type=\"text-editor.default\">\n\t\t\t\t<div class=\"elementor-widget-container\">\n\t\t\t\t\t\t\t\t\t<p><b>1) Qu&rsquo;est-ce que l&rsquo;hame\u00e7onnage ?<\/b><\/p><p><span style=\"font-weight: 400;\">Le phishing est une technique de cybercriminalit\u00e9 qui tente de vous inciter \u00e0 fournir volontairement des donn\u00e9es personnelles ou financi\u00e8res en usurpant l&rsquo;identit\u00e9 de personnes ou d&rsquo;organisations de confiance.<\/span><\/p><p><b>2. comment pouvez-vous vous prot\u00e9ger ?<\/b><\/p><ul><li style=\"font-weight: 400;\" aria-level=\"1\"><b>V\u00e9rifiez le domaine de l&rsquo;exp\u00e9diteur<\/b><span style=\"font-weight: 400;\">Tous les courriels officiels de l&rsquo;entreprise proviennent du domaine <\/span><span style=\"font-weight: 400;\">@martinezcaballeroabogados.com<\/span><span style=\"font-weight: 400;\">. Si ce n&rsquo;est pas le cas, m\u00e9fiez-vous.<\/span><span style=\"font-weight: 400;\"><br><br><\/span><\/li><li style=\"font-weight: 400;\" aria-level=\"1\"><b>M\u00e9fiez-vous des liens ou des pi\u00e8ces jointes inattendus.<\/b><span style=\"font-weight: 400;\">Surtout si vous n&rsquo;avez pas \u00e9tabli de contact pr\u00e9alable avec l&rsquo;exp\u00e9diteur.<\/span><span style=\"font-weight: 400;\"><br><br><\/span><\/li><li style=\"font-weight: 400;\" aria-level=\"1\"><b>Faites attention \u00e0 la langue du message<\/b><span style=\"font-weight: 400;\">Les communications officielles \u00e9vitent les fautes d&rsquo;orthographe et les expressions mal formul\u00e9es.<\/span><span style=\"font-weight: 400;\"><br><br><\/span><\/li><li style=\"font-weight: 400;\" aria-level=\"1\"><b>Ne partagez pas de donn\u00e9es sensibles<\/b><span style=\"font-weight: 400;\">Ne communiquez jamais d&rsquo;informations personnelles, de coordonn\u00e9es bancaires ou de mots de passe par courrier \u00e9lectronique ou par message.<\/span><span style=\"font-weight: 400;\"><br><br><\/span><\/li><li style=\"font-weight: 400;\" aria-level=\"1\"><b>M\u00e9fiez-vous des demandes urgentes<\/b><span style=\"font-weight: 400;\">Les escroqueries suscitent souvent l&rsquo;inqui\u00e9tude afin que vous agissiez sans v\u00e9rifier. Par exemple, m\u00e9fiez-vous des courriels qui vous disent \u00ab\u00a0urgent : changez vos coordonn\u00e9es bancaires\u00a0\u00bb. <\/span><span style=\"font-weight: 400;\"><br><br><\/span><\/li><\/ul><p><b>3. Formes courantes d&rsquo;hame\u00e7onnage dans les cabinets juridiques<\/b><\/p><ul><li style=\"font-weight: 400;\" aria-level=\"1\"><b>Infractions pr\u00e9sum\u00e9es \u00e0 la propri\u00e9t\u00e9 intellectuelle<\/b><span style=\"font-weight: 400;\">Messages simulant des avertissements d&rsquo;utilisation non autoris\u00e9e du contenu d&rsquo;un client.<\/span><span style=\"font-weight: 400;\"><br><br><\/span><\/li><li style=\"font-weight: 400;\" aria-level=\"1\"><b>Faux changements de comptes bancaires<\/b><span style=\"font-weight: 400;\">Les courriers \u00e9lectroniques indiquant que \u00ab\u00a0le compte pour le paiement des frais a chang\u00e9\u00a0\u00bb et fournissant de fausses informations.<\/span><span style=\"font-weight: 400;\"><br><br><\/span><\/li><\/ul><p><b>4. Si vous recevez un courriel suspect, proc\u00e9dez comme suit<\/b><\/p><ul><li style=\"font-weight: 400;\" aria-level=\"1\"><b>Ne r\u00e9pondez pas, ne cliquez pas sur les liens et n&rsquo;ouvrez pas de fichiers.<\/b><span style=\"font-weight: 400;\">.<\/span><span style=\"font-weight: 400;\"><br><br><\/span><\/li><li style=\"font-weight: 400;\" aria-level=\"1\"><b>N&rsquo;effectuez pas de paiements sur la base d&rsquo;instructions contenues dans des courriers suspects.<\/b><span style=\"font-weight: 400;\">. Les coordonn\u00e9es bancaires figurent sur la facture imprim\u00e9e ou le PDF officiel.<\/span><span style=\"font-weight: 400;\"><br><br><\/span><\/li><li style=\"font-weight: 400;\" aria-level=\"1\"><b>V\u00e9rifiez aupr\u00e8s de votre contact habituel<\/b><span style=\"font-weight: 400;\"> s&rsquo;il y a des changements officiels.<\/span><span style=\"font-weight: 400;\"><br><br><\/span><\/li><\/ul><p><b>5. comment le signaler ?<\/b><\/p><p><span style=\"font-weight: 400;\">Envoyez-nous imm\u00e9diatement un courriel \u00e0 <\/span><b><a href=\"mailto:info@martinezcaballeroabogados.com\">info@martinezcaballeroabogados.com<\/a> <\/b> <span style=\"font-weight: 400;\">  (ou \u00e0 l&rsquo;adresse interne que vous aurez d\u00e9sign\u00e9e) avec le message suspect en pi\u00e8ce jointe. Si vous \u00eates client, contactez \u00e9galement votre avocat habituel. <\/span><\/p><p><b>6. Notre engagement<\/b><\/p><ul><li style=\"font-weight: 400;\" aria-level=\"1\"><span style=\"font-weight: 400;\">Nous analyserons et, le cas \u00e9ch\u00e9ant, signalerons les tentatives d&rsquo;hame\u00e7onnage aux autorit\u00e9s comp\u00e9tentes.<\/span><span style=\"font-weight: 400;\"><br><br><\/span><\/li><li style=\"font-weight: 400;\" aria-level=\"1\"><span style=\"font-weight: 400;\">Nous formons r\u00e9guli\u00e8rement notre \u00e9quipe et nos clients aux derni\u00e8res tactiques d&rsquo;escroquerie par courriel.<\/span><span style=\"font-weight: 400;\"><br><br><\/span><\/li><li style=\"font-weight: 400;\" aria-level=\"1\"><span style=\"font-weight: 400;\">Nous mettons en \u0153uvre des contr\u00f4les techniques tels que des filtres antivirus, une protection des liens dans les courriels et des alertes pour d\u00e9tecter les campagnes suspectes.<\/span><\/li><\/ul>\t\t\t\t\t\t\t\t<\/div>\n\t\t\t\t<\/div>\n\t\t\t\t<div class=\"elementor-element elementor-element-85d00f4 sc_fly_static elementor-widget elementor-widget-spacer\" data-id=\"85d00f4\" data-element_type=\"widget\" data-e-type=\"widget\" data-widget_type=\"spacer.default\">\n\t\t\t\t<div class=\"elementor-widget-container\">\n\t\t\t\t\t\t\t<div class=\"elementor-spacer\">\n\t\t\t<div class=\"elementor-spacer-inner\"><\/div>\n\t\t<\/div>\n\t\t\t\t\t\t<\/div>\n\t\t\t\t<\/div>\n\t\t\t\t\t<\/div>\n\t\t<\/div>\n\t\t\t\t\t<\/div>\n\t\t<\/section>\n\t\t\t\t<\/div>\n\t\t","protected":false},"excerpt":{"rendered":"<p>Protection contre le phishing 1) Qu&rsquo;est-ce que l&rsquo;hame\u00e7onnage ? Le phishing est une technique de cybercriminalit\u00e9 qui tente de vous inciter \u00e0 fournir volontairement des donn\u00e9es personnelles ou financi\u00e8res en usurpant l&rsquo;identit\u00e9 de personnes ou d&rsquo;organisations de confiance. 2. comment pouvez-vous vous prot\u00e9ger ? V\u00e9rifiez le domaine de l&rsquo;exp\u00e9diteurTous les courriels officiels de l&rsquo;entreprise proviennent du domaine @martinezcaballeroabogados.com. Si ce n&rsquo;est pas le cas, m\u00e9fiez-vous. M\u00e9fiez-vous des liens ou des pi\u00e8ces jointes inattendus.Surtout si vous n&rsquo;avez pas \u00e9tabli de contact&hellip;<\/p>\n","protected":false},"author":1,"featured_media":0,"parent":0,"menu_order":0,"comment_status":"closed","ping_status":"closed","template":"","meta":{"_monsterinsights_skip_tracking":false,"_monsterinsights_sitenote_active":false,"_monsterinsights_sitenote_note":"","_monsterinsights_sitenote_category":0,"_joinchat":[],"footnotes":""},"class_list":["post-21600","page","type-page","status-publish","hentry"],"yoast_head":"<!-- This site is optimized with the Yoast SEO plugin v26.8 - https:\/\/yoast.com\/product\/yoast-seo-wordpress\/ -->\n<title>Protection contre le phishing | Martinez &amp; Caballero Abogados - Martinez Caballero Abogados<\/title>\n<meta name=\"description\" content=\"D\u00e9couvrez comment vous prot\u00e9ger du phishing gr\u00e2ce aux mesures l\u00e9gales et pratiques de Mart\u00ednez &amp; Caballero Abogados. S\u00e9curit\u00e9 garantie de vos informations.\" \/>\n<meta name=\"robots\" content=\"index, follow, max-snippet:-1, max-image-preview:large, max-video-preview:-1\" \/>\n<link rel=\"canonical\" href=\"https:\/\/martinezcaballeroabogados.com\/fr\/protection-contre-le-phishing-martinez-caballero-abogados\/\" \/>\n<meta property=\"og:locale\" content=\"fr_FR\" \/>\n<meta property=\"og:type\" content=\"article\" \/>\n<meta property=\"og:title\" content=\"Protection contre le phishing | Martinez &amp; Caballero Abogados - Martinez Caballero Abogados\" \/>\n<meta property=\"og:description\" content=\"D\u00e9couvrez comment vous prot\u00e9ger du phishing gr\u00e2ce aux mesures l\u00e9gales et pratiques de Mart\u00ednez &amp; Caballero Abogados. S\u00e9curit\u00e9 garantie de vos informations.\" \/>\n<meta property=\"og:url\" content=\"https:\/\/martinezcaballeroabogados.com\/fr\/protection-contre-le-phishing-martinez-caballero-abogados\/\" \/>\n<meta property=\"og:site_name\" content=\"Martinez Caballero Abogados\" \/>\n<meta property=\"article:publisher\" content=\"https:\/\/www.facebook.com\/martinezcaballeroabogados\/\" \/>\n<meta property=\"article:modified_time\" content=\"2025-06-30T11:11:53+00:00\" \/>\n<meta name=\"twitter:card\" content=\"summary_large_image\" \/>\n<meta name=\"twitter:site\" content=\"@MC_abogados_\" \/>\n<meta name=\"twitter:label1\" content=\"Dur\u00e9e de lecture estim\u00e9e\" \/>\n\t<meta name=\"twitter:data1\" content=\"2 minutes\" \/>\n<script type=\"application\/ld+json\" class=\"yoast-schema-graph\">{\"@context\":\"https:\/\/schema.org\",\"@graph\":[{\"@type\":\"WebPage\",\"@id\":\"https:\/\/martinezcaballeroabogados.com\/fr\/protection-contre-le-phishing-martinez-caballero-abogados\/\",\"url\":\"https:\/\/martinezcaballeroabogados.com\/fr\/protection-contre-le-phishing-martinez-caballero-abogados\/\",\"name\":\"Protection contre le phishing | Martinez & Caballero Abogados - Martinez Caballero Abogados\",\"isPartOf\":{\"@id\":\"https:\/\/martinezcaballeroabogados.com\/fr\/#website\"},\"datePublished\":\"2025-06-30T09:15:06+00:00\",\"dateModified\":\"2025-06-30T11:11:53+00:00\",\"description\":\"D\u00e9couvrez comment vous prot\u00e9ger du phishing gr\u00e2ce aux mesures l\u00e9gales et pratiques de Mart\u00ednez & Caballero Abogados. S\u00e9curit\u00e9 garantie de vos informations.\",\"breadcrumb\":{\"@id\":\"https:\/\/martinezcaballeroabogados.com\/fr\/protection-contre-le-phishing-martinez-caballero-abogados\/#breadcrumb\"},\"inLanguage\":\"fr-FR\",\"potentialAction\":[{\"@type\":\"ReadAction\",\"target\":[\"https:\/\/martinezcaballeroabogados.com\/fr\/protection-contre-le-phishing-martinez-caballero-abogados\/\"]}]},{\"@type\":\"BreadcrumbList\",\"@id\":\"https:\/\/martinezcaballeroabogados.com\/fr\/protection-contre-le-phishing-martinez-caballero-abogados\/#breadcrumb\",\"itemListElement\":[{\"@type\":\"ListItem\",\"position\":1,\"name\":\"Portada\",\"item\":\"https:\/\/martinezcaballeroabogados.com\/fr\/avocats-a-barcelone\/\"},{\"@type\":\"ListItem\",\"position\":2,\"name\":\"Protection contre le phishing &#8211; Mart\u00ednez &amp; Caballero Abogados\"}]},{\"@type\":\"WebSite\",\"@id\":\"https:\/\/martinezcaballeroabogados.com\/fr\/#website\",\"url\":\"https:\/\/martinezcaballeroabogados.com\/fr\/\",\"name\":\"Martinez & Caballero Abogados\",\"description\":\"Cabinets d'avocats g\u00e9n\u00e9ralistes \u00e0 Barcelone\",\"publisher\":{\"@id\":\"https:\/\/martinezcaballeroabogados.com\/fr\/#organization\"},\"potentialAction\":[{\"@type\":\"SearchAction\",\"target\":{\"@type\":\"EntryPoint\",\"urlTemplate\":\"https:\/\/martinezcaballeroabogados.com\/fr\/?s={search_term_string}\"},\"query-input\":{\"@type\":\"PropertyValueSpecification\",\"valueRequired\":true,\"valueName\":\"search_term_string\"}}],\"inLanguage\":\"fr-FR\"},{\"@type\":\"Organization\",\"@id\":\"https:\/\/martinezcaballeroabogados.com\/fr\/#organization\",\"name\":\"Martinez & Caballero Abogados\",\"url\":\"https:\/\/martinezcaballeroabogados.com\/fr\/\",\"logo\":{\"@type\":\"ImageObject\",\"inLanguage\":\"fr-FR\",\"@id\":\"https:\/\/martinezcaballeroabogados.com\/fr\/#\/schema\/logo\/image\/\",\"url\":\"https:\/\/martinezcaballeroabogados.com\/wp-content\/uploads\/2020\/02\/cropped-cropped-logo-mc-abogados-web-1-e1497812507401-1.png\",\"contentUrl\":\"https:\/\/martinezcaballeroabogados.com\/wp-content\/uploads\/2020\/02\/cropped-cropped-logo-mc-abogados-web-1-e1497812507401-1.png\",\"width\":300,\"height\":150,\"caption\":\"Martinez & Caballero Abogados\"},\"image\":{\"@id\":\"https:\/\/martinezcaballeroabogados.com\/fr\/#\/schema\/logo\/image\/\"},\"sameAs\":[\"https:\/\/www.facebook.com\/martinezcaballeroabogados\/\",\"https:\/\/x.com\/MC_abogados_\",\"https:\/\/www.instagram.com\/extranjeriabarcelonaabogados\/\"]}]}<\/script>\n<!-- \/ Yoast SEO plugin. -->","yoast_head_json":{"title":"Protection contre le phishing | Martinez & Caballero Abogados - Martinez Caballero Abogados","description":"D\u00e9couvrez comment vous prot\u00e9ger du phishing gr\u00e2ce aux mesures l\u00e9gales et pratiques de Mart\u00ednez & Caballero Abogados. S\u00e9curit\u00e9 garantie de vos informations.","robots":{"index":"index","follow":"follow","max-snippet":"max-snippet:-1","max-image-preview":"max-image-preview:large","max-video-preview":"max-video-preview:-1"},"canonical":"https:\/\/martinezcaballeroabogados.com\/fr\/protection-contre-le-phishing-martinez-caballero-abogados\/","og_locale":"fr_FR","og_type":"article","og_title":"Protection contre le phishing | Martinez & Caballero Abogados - Martinez Caballero Abogados","og_description":"D\u00e9couvrez comment vous prot\u00e9ger du phishing gr\u00e2ce aux mesures l\u00e9gales et pratiques de Mart\u00ednez & Caballero Abogados. S\u00e9curit\u00e9 garantie de vos informations.","og_url":"https:\/\/martinezcaballeroabogados.com\/fr\/protection-contre-le-phishing-martinez-caballero-abogados\/","og_site_name":"Martinez Caballero Abogados","article_publisher":"https:\/\/www.facebook.com\/martinezcaballeroabogados\/","article_modified_time":"2025-06-30T11:11:53+00:00","twitter_card":"summary_large_image","twitter_site":"@MC_abogados_","twitter_misc":{"Dur\u00e9e de lecture estim\u00e9e":"2 minutes"},"schema":{"@context":"https:\/\/schema.org","@graph":[{"@type":"WebPage","@id":"https:\/\/martinezcaballeroabogados.com\/fr\/protection-contre-le-phishing-martinez-caballero-abogados\/","url":"https:\/\/martinezcaballeroabogados.com\/fr\/protection-contre-le-phishing-martinez-caballero-abogados\/","name":"Protection contre le phishing | Martinez & Caballero Abogados - Martinez Caballero Abogados","isPartOf":{"@id":"https:\/\/martinezcaballeroabogados.com\/fr\/#website"},"datePublished":"2025-06-30T09:15:06+00:00","dateModified":"2025-06-30T11:11:53+00:00","description":"D\u00e9couvrez comment vous prot\u00e9ger du phishing gr\u00e2ce aux mesures l\u00e9gales et pratiques de Mart\u00ednez & Caballero Abogados. S\u00e9curit\u00e9 garantie de vos informations.","breadcrumb":{"@id":"https:\/\/martinezcaballeroabogados.com\/fr\/protection-contre-le-phishing-martinez-caballero-abogados\/#breadcrumb"},"inLanguage":"fr-FR","potentialAction":[{"@type":"ReadAction","target":["https:\/\/martinezcaballeroabogados.com\/fr\/protection-contre-le-phishing-martinez-caballero-abogados\/"]}]},{"@type":"BreadcrumbList","@id":"https:\/\/martinezcaballeroabogados.com\/fr\/protection-contre-le-phishing-martinez-caballero-abogados\/#breadcrumb","itemListElement":[{"@type":"ListItem","position":1,"name":"Portada","item":"https:\/\/martinezcaballeroabogados.com\/fr\/avocats-a-barcelone\/"},{"@type":"ListItem","position":2,"name":"Protection contre le phishing &#8211; Mart\u00ednez &amp; Caballero Abogados"}]},{"@type":"WebSite","@id":"https:\/\/martinezcaballeroabogados.com\/fr\/#website","url":"https:\/\/martinezcaballeroabogados.com\/fr\/","name":"Martinez & Caballero Abogados","description":"Cabinets d'avocats g\u00e9n\u00e9ralistes \u00e0 Barcelone","publisher":{"@id":"https:\/\/martinezcaballeroabogados.com\/fr\/#organization"},"potentialAction":[{"@type":"SearchAction","target":{"@type":"EntryPoint","urlTemplate":"https:\/\/martinezcaballeroabogados.com\/fr\/?s={search_term_string}"},"query-input":{"@type":"PropertyValueSpecification","valueRequired":true,"valueName":"search_term_string"}}],"inLanguage":"fr-FR"},{"@type":"Organization","@id":"https:\/\/martinezcaballeroabogados.com\/fr\/#organization","name":"Martinez & Caballero Abogados","url":"https:\/\/martinezcaballeroabogados.com\/fr\/","logo":{"@type":"ImageObject","inLanguage":"fr-FR","@id":"https:\/\/martinezcaballeroabogados.com\/fr\/#\/schema\/logo\/image\/","url":"https:\/\/martinezcaballeroabogados.com\/wp-content\/uploads\/2020\/02\/cropped-cropped-logo-mc-abogados-web-1-e1497812507401-1.png","contentUrl":"https:\/\/martinezcaballeroabogados.com\/wp-content\/uploads\/2020\/02\/cropped-cropped-logo-mc-abogados-web-1-e1497812507401-1.png","width":300,"height":150,"caption":"Martinez & Caballero Abogados"},"image":{"@id":"https:\/\/martinezcaballeroabogados.com\/fr\/#\/schema\/logo\/image\/"},"sameAs":["https:\/\/www.facebook.com\/martinezcaballeroabogados\/","https:\/\/x.com\/MC_abogados_","https:\/\/www.instagram.com\/extranjeriabarcelonaabogados\/"]}]}},"_links":{"self":[{"href":"https:\/\/martinezcaballeroabogados.com\/fr\/wp-json\/wp\/v2\/pages\/21600","targetHints":{"allow":["GET"]}}],"collection":[{"href":"https:\/\/martinezcaballeroabogados.com\/fr\/wp-json\/wp\/v2\/pages"}],"about":[{"href":"https:\/\/martinezcaballeroabogados.com\/fr\/wp-json\/wp\/v2\/types\/page"}],"author":[{"embeddable":true,"href":"https:\/\/martinezcaballeroabogados.com\/fr\/wp-json\/wp\/v2\/users\/1"}],"replies":[{"embeddable":true,"href":"https:\/\/martinezcaballeroabogados.com\/fr\/wp-json\/wp\/v2\/comments?post=21600"}],"version-history":[{"count":1,"href":"https:\/\/martinezcaballeroabogados.com\/fr\/wp-json\/wp\/v2\/pages\/21600\/revisions"}],"predecessor-version":[{"id":21601,"href":"https:\/\/martinezcaballeroabogados.com\/fr\/wp-json\/wp\/v2\/pages\/21600\/revisions\/21601"}],"wp:attachment":[{"href":"https:\/\/martinezcaballeroabogados.com\/fr\/wp-json\/wp\/v2\/media?parent=21600"}],"curies":[{"name":"wp","href":"https:\/\/api.w.org\/{rel}","templated":true}]}}