{"id":21585,"date":"2025-06-30T09:02:30","date_gmt":"2025-06-30T09:02:30","guid":{"rendered":"https:\/\/martinezcaballeroabogados.com\/politique-de-securite-de-linformation\/"},"modified":"2025-06-30T10:49:38","modified_gmt":"2025-06-30T10:49:38","slug":"politique-de-securite-de-linformation","status":"publish","type":"page","link":"https:\/\/martinezcaballeroabogados.com\/fr\/politique-de-securite-de-linformation\/","title":{"rendered":"Politique de s\u00e9curit\u00e9 de l&rsquo;information"},"content":{"rendered":"\t\t<div data-elementor-type=\"wp-page\" data-elementor-id=\"21585\" class=\"elementor elementor-21585 elementor-21481\" data-elementor-post-type=\"page\">\n\t\t\t\t\t\t<section class=\"elementor-section elementor-top-section elementor-element elementor-element-ef5a1c7 elementor-section-boxed elementor-section-height-default elementor-section-height-default\" data-id=\"ef5a1c7\" data-element_type=\"section\" data-e-type=\"section\">\n\t\t\t\t\t\t<div class=\"elementor-container elementor-column-gap-extended\">\n\t\t\t\t\t<div class=\"elementor-column elementor-col-100 elementor-top-column elementor-element elementor-element-b79da07 sc_inner_width_none sc_layouts_column_icons_position_left\" data-id=\"b79da07\" data-element_type=\"column\" data-e-type=\"column\">\n\t\t\t<div class=\"elementor-widget-wrap elementor-element-populated\">\n\t\t\t\t\t\t<div class=\"elementor-element elementor-element-f4639de sc_fly_static elementor-widget elementor-widget-spacer\" data-id=\"f4639de\" data-element_type=\"widget\" data-e-type=\"widget\" data-widget_type=\"spacer.default\">\n\t\t\t\t<div class=\"elementor-widget-container\">\n\t\t\t\t\t\t\t<div class=\"elementor-spacer\">\n\t\t\t<div class=\"elementor-spacer-inner\"><\/div>\n\t\t<\/div>\n\t\t\t\t\t\t<\/div>\n\t\t\t\t<\/div>\n\t\t\t\t<div class=\"elementor-element elementor-element-7ddb79a sc_fly_static elementor-widget elementor-widget-heading\" data-id=\"7ddb79a\" data-element_type=\"widget\" data-e-type=\"widget\" data-widget_type=\"heading.default\">\n\t\t\t\t<div class=\"elementor-widget-container\">\n\t\t\t\t\t<h1 class=\"elementor-heading-title elementor-size-default\">Politique de s\u00e9curit\u00e9 de l'information<\/h1>\t\t\t\t<\/div>\n\t\t\t\t<\/div>\n\t\t\t\t<div class=\"elementor-element elementor-element-04b4a91 sc_fly_static elementor-widget elementor-widget-text-editor\" data-id=\"04b4a91\" data-element_type=\"widget\" data-e-type=\"widget\" data-widget_type=\"text-editor.default\">\n\t\t\t\t<div class=\"elementor-widget-container\">\n\t\t\t\t\t\t\t\t\t<p><span style=\"font-weight: 400;\">Cabinet juridique : M&amp;C Abogados (Apna Advocats SLP)<\/span><\/p><p><strong>Version : 1.0<\/strong><\/p><p><span style=\"font-weight: 400;\">Date d&rsquo;approbation : 26\/06\/2025<\/span><\/p><p><span style=\"font-weight: 400;\">Approuv\u00e9 par : Diana Caballero Aguirre, PDG et responsable de la s\u00e9curit\u00e9 de l&rsquo;information<\/span><\/p><p><span style=\"font-weight: 400;\">Niveau de confidentialit\u00e9 : interne<\/span><\/p><p><b>1. introduction<\/b><\/p><p><span style=\"font-weight: 400;\">L&rsquo;information et les syst\u00e8mes qui la g\u00e8rent sont des actifs critiques pour M&amp;C Abogados. La d\u00e9pendance croissante \u00e0 l&rsquo;\u00e9gard des technologies num\u00e9riques, le traitement de donn\u00e9es sensibles et la n\u00e9cessit\u00e9 de pr\u00e9server la confiance des clients requi\u00e8rent la mise en place d&rsquo;une politique de s\u00e9curit\u00e9 formelle. Cette politique d\u00e9finit les principes, les r\u00f4les, les responsabilit\u00e9s et les contr\u00f4les n\u00e9cessaires pour prot\u00e9ger les informations contre les menaces internes et externes.  <\/span><\/p><p><b>2. la mission et les objectifs<\/b><\/p><p><span style=\"font-weight: 400;\">La mission de cette politique est d&rsquo;assurer la confidentialit\u00e9, l&rsquo;int\u00e9grit\u00e9, la disponibilit\u00e9, l&rsquo;authenticit\u00e9 et la tra\u00e7abilit\u00e9 des informations trait\u00e9es par l&rsquo;entreprise. Ses principaux objectifs sont les suivants <\/span><\/p><ul><li style=\"font-weight: 400;\" aria-level=\"1\"><span style=\"font-weight: 400;\">Respecter les r\u00e9glementations en vigueur (RGPD, LOPDGDD, LSSI).<\/span><\/li><li style=\"font-weight: 400;\" aria-level=\"1\"><span style=\"font-weight: 400;\">R\u00e9duire les risques de violation ou de perte de donn\u00e9es.<\/span><\/li><li style=\"font-weight: 400;\" aria-level=\"1\"><span style=\"font-weight: 400;\">Assurer la continuit\u00e9 des op\u00e9rations.<\/span><\/li><li style=\"font-weight: 400;\" aria-level=\"1\"><span style=\"font-weight: 400;\">Sensibiliser l&rsquo;\u00e9quipe \u00e0 son r\u00f4le dans la protection de l&rsquo;information.<\/span><\/li><\/ul><p><b>3. Sensibilisation<\/b><\/p><p><span style=\"font-weight: 400;\">Il s&rsquo;applique \u00e0 tous les syst\u00e8mes, personnes, dispositifs et processus impliqu\u00e9s dans le traitement de l&rsquo;information au sein de M&amp;C Abogados. Elle inclut les informations num\u00e9riques et papier, quel que soit leur format ou leur support. <\/span><\/p><p><b>4. Le cadre r\u00e9glementaire<\/b><\/p><p><span style=\"font-weight: 400;\">Cette politique est bas\u00e9e sur :<\/span><\/p><ul><li style=\"font-weight: 400;\" aria-level=\"1\"><span style=\"font-weight: 400;\">R\u00e8glement (UE) 2016\/679 (GDPR).<\/span><\/li><li style=\"font-weight: 400;\" aria-level=\"1\"><span style=\"font-weight: 400;\">Loi organique 3\/2018, sur la protection des donn\u00e9es et la garantie des droits num\u00e9riques.<\/span><\/li><li style=\"font-weight: 400;\" aria-level=\"1\"><span style=\"font-weight: 400;\">Loi 34\/2002 (LSSI).<\/span><\/li><li style=\"font-weight: 400;\" aria-level=\"1\"><span style=\"font-weight: 400;\">Principes de la norme ISO\/IEC 27001.<\/span><\/li><\/ul><p><b>5. Classification des informations<\/b><\/p><p><span style=\"font-weight: 400;\">Les informations de dispatching sont class\u00e9es \u00e0 trois niveaux :<\/span><\/p><ul><li style=\"font-weight: 400;\" aria-level=\"1\"><span style=\"font-weight: 400;\">Confidentiel : fichiers, donn\u00e9es de sant\u00e9, mineurs, proc\u00e9dures p\u00e9nales.<\/span><\/li><li style=\"font-weight: 400;\" aria-level=\"1\"><span style=\"font-weight: 400;\">Usage interne : communication interne, ressources humaines, documents de travail.<\/span><\/li><li style=\"font-weight: 400;\" aria-level=\"1\"><span style=\"font-weight: 400;\">Public : contenu publi\u00e9 sur le web et les r\u00e9seaux sociaux.<\/span><\/li><\/ul><p><b>6. Organisation de la s\u00e9curit\u00e9<\/b><\/p><ul><li style=\"font-weight: 400;\" aria-level=\"1\"><span style=\"font-weight: 400;\">Chef de la s\u00e9curit\u00e9 : Diana Caballero Aguirre (PDG).<\/span><\/li><li style=\"font-weight: 400;\" aria-level=\"1\"><span style=\"font-weight: 400;\">D\u00e9l\u00e9gu\u00e9 \u00e0 la protection des donn\u00e9es : Equal Data Protection (externe).<\/span><\/li><li style=\"font-weight: 400;\" aria-level=\"1\"><span style=\"font-weight: 400;\">Responsable des canaux num\u00e9riques : Responsable du marketing num\u00e9rique.<\/span><\/li><li style=\"font-weight: 400;\" aria-level=\"1\"><span style=\"font-weight: 400;\">Assistance informatique : fournisseur externe, sur demande.<\/span><\/li><\/ul><p><span style=\"font-weight: 400;\">Il incombe \u00e0 l&rsquo;ensemble du personnel de se conformer \u00e0 cette politique et de signaler les incidents ou les faiblesses.<\/span><\/p><p><b>7. Gestion des risques<\/b><\/p><p><span style=\"font-weight: 400;\">Bien qu&rsquo;aucun audit formel n&rsquo;ait \u00e9t\u00e9 r\u00e9alis\u00e9, l&rsquo;entreprise s&rsquo;est engag\u00e9e \u00e0.. :<\/span><\/p><ul><li style=\"font-weight: 400;\" aria-level=\"1\"><span style=\"font-weight: 400;\">Examinez les risques au moins une fois par an.<\/span><\/li><li style=\"font-weight: 400;\" aria-level=\"1\"><span style=\"font-weight: 400;\">R\u00e9agir aux incidents de s\u00e9curit\u00e9.<\/span><\/li><li style=\"font-weight: 400;\" aria-level=\"1\"><span style=\"font-weight: 400;\">\u00c9valuer les changements technologiques ou r\u00e9glementaires.<\/span><\/li><\/ul><p><b>8. Contr\u00f4les techniques et acc\u00e8s<\/b><\/p><ul><li style=\"font-weight: 400;\" aria-level=\"1\"><span style=\"font-weight: 400;\">Mots de passe forts et authentification en deux \u00e9tapes.<\/span><\/li><li style=\"font-weight: 400;\" aria-level=\"1\"><span style=\"font-weight: 400;\">Stockage crypt\u00e9 sur Google Drive et OneDrive.<\/span><\/li><li style=\"font-weight: 400;\" aria-level=\"1\"><span style=\"font-weight: 400;\">Protection des sites web avec Wordfence et Limiter les tentatives de connexion.<\/span><\/li><li style=\"font-weight: 400;\" aria-level=\"1\"><span style=\"font-weight: 400;\">Acc\u00e8s \u00e0 distance contr\u00f4l\u00e9 et utilisation responsable des appareils personnels.<\/span><\/li><\/ul><p><b>9. Gestion des incidents<\/b><\/p><p><span style=\"font-weight: 400;\">Les incidents sont imm\u00e9diatement signal\u00e9s au responsable de la s\u00e9curit\u00e9. Leur impact est \u00e9valu\u00e9 et l&rsquo;AEPD est notifi\u00e9 le cas \u00e9ch\u00e9ant. Tous les cas sont document\u00e9s afin d&rsquo;\u00e9viter qu&rsquo;ils ne se reproduisent.  <\/span><\/p><p><b>10. Relations avec les tiers<\/b><\/p><p><span style=\"font-weight: 400;\">Les tiers qui acc\u00e8dent aux donn\u00e9es de l&rsquo;entreprise doivent signer des accords de confidentialit\u00e9 et se conformer \u00e0 la pr\u00e9sente politique. \u00c0 la fin de la relation, ils doivent supprimer toutes les informations dans le cadre de garanties v\u00e9rifiables. <\/span><\/p><p><b>11. Formation et sensibilisation<\/b><\/p><p><span style=\"font-weight: 400;\">L&rsquo;ensemble du personnel recevra une formation de base annuelle sur la cybers\u00e9curit\u00e9, les meilleures pratiques et la protection des donn\u00e9es. Une culture de la s\u00e9curit\u00e9 active sera encourag\u00e9e. <\/span><\/p><p><b>12. Mise \u00e0 jour et am\u00e9lioration continue<\/b><\/p><p><span style=\"font-weight: 400;\">La pr\u00e9sente politique est r\u00e9examin\u00e9e chaque ann\u00e9e ou lorsque des changements pertinents interviennent. Toutes les modifications sont approuv\u00e9es par la direction et communiqu\u00e9es au personnel. <\/span><\/p><p><b>13. Documents justificatifs<\/b><\/p><p><span style=\"font-weight: 400;\">Cette politique sera d\u00e9velopp\u00e9e par le biais de<\/span><\/p><ul><li style=\"font-weight: 400;\" aria-level=\"1\"><span style=\"font-weight: 400;\">Normes de s\u00e9curit\u00e9 interne.<\/span><\/li><li style=\"font-weight: 400;\" aria-level=\"1\"><span style=\"font-weight: 400;\">Proc\u00e9dures de travail s\u00fbres.<\/span><\/li><li style=\"font-weight: 400;\" aria-level=\"1\"><span style=\"font-weight: 400;\">Guides de bonnes pratiques pour les employ\u00e9s.<\/span><\/li><\/ul><p><b>Approuv\u00e9 par :<\/b><\/p><p><span style=\"font-weight: 400;\">Diana Caballero Aguirre<\/span><span style=\"font-weight: 400;\"><br><\/span><span style=\"font-weight: 400;\">Directrice g\u00e9n\u00e9rale et responsable de la s\u00e9curit\u00e9 de l&rsquo;information<\/span><\/p>\t\t\t\t\t\t\t\t<\/div>\n\t\t\t\t<\/div>\n\t\t\t\t<div class=\"elementor-element elementor-element-a4cb518 sc_fly_static elementor-widget elementor-widget-spacer\" data-id=\"a4cb518\" data-element_type=\"widget\" data-e-type=\"widget\" data-widget_type=\"spacer.default\">\n\t\t\t\t<div class=\"elementor-widget-container\">\n\t\t\t\t\t\t\t<div class=\"elementor-spacer\">\n\t\t\t<div class=\"elementor-spacer-inner\"><\/div>\n\t\t<\/div>\n\t\t\t\t\t\t<\/div>\n\t\t\t\t<\/div>\n\t\t\t\t\t<\/div>\n\t\t<\/div>\n\t\t\t\t\t<\/div>\n\t\t<\/section>\n\t\t\t\t<\/div>\n\t\t","protected":false},"excerpt":{"rendered":"<p>Politique de s\u00e9curit\u00e9 de l&rsquo;information Cabinet juridique : M&amp;C Abogados (Apna Advocats SLP) Version : 1.0 Date d&rsquo;approbation : 26\/06\/2025 Approuv\u00e9 par : Diana Caballero Aguirre, PDG et responsable de la s\u00e9curit\u00e9 de l&rsquo;information Niveau de confidentialit\u00e9 : interne 1. introduction L&rsquo;information et les syst\u00e8mes qui la g\u00e8rent sont des actifs critiques pour M&amp;C Abogados. La d\u00e9pendance croissante \u00e0 l&rsquo;\u00e9gard des technologies num\u00e9riques, le traitement de donn\u00e9es sensibles et la n\u00e9cessit\u00e9 de pr\u00e9server la confiance des clients requi\u00e8rent la mise&hellip;<\/p>\n","protected":false},"author":1,"featured_media":0,"parent":0,"menu_order":0,"comment_status":"closed","ping_status":"closed","template":"","meta":{"_monsterinsights_skip_tracking":false,"_monsterinsights_sitenote_active":false,"_monsterinsights_sitenote_note":"","_monsterinsights_sitenote_category":0,"_joinchat":[],"footnotes":""},"class_list":["post-21585","page","type-page","status-publish","hentry"],"yoast_head":"<!-- This site is optimized with the Yoast SEO plugin v26.8 - https:\/\/yoast.com\/product\/yoast-seo-wordpress\/ -->\n<title>Politique de s\u00e9curit\u00e9 de l&#039;information - M&amp;C Abogados - Martinez Caballero Abogados<\/title>\n<meta name=\"description\" content=\"Consultez notre politique de s\u00e9curit\u00e9 de l&#039;information : mesures techniques et organisationnelles pour prot\u00e9ger vos donn\u00e9es confi\u00e9es \u00e0 Mart\u00ednez &amp; Caballero Abogados.\" \/>\n<meta name=\"robots\" content=\"index, follow, max-snippet:-1, max-image-preview:large, max-video-preview:-1\" \/>\n<link rel=\"canonical\" href=\"https:\/\/martinezcaballeroabogados.com\/fr\/politique-de-securite-de-linformation\/\" \/>\n<meta property=\"og:locale\" content=\"fr_FR\" \/>\n<meta property=\"og:type\" content=\"article\" \/>\n<meta property=\"og:title\" content=\"Politique de s\u00e9curit\u00e9 de l&#039;information - M&amp;C Abogados - Martinez Caballero Abogados\" \/>\n<meta property=\"og:description\" content=\"Consultez notre politique de s\u00e9curit\u00e9 de l&#039;information : mesures techniques et organisationnelles pour prot\u00e9ger vos donn\u00e9es confi\u00e9es \u00e0 Mart\u00ednez &amp; Caballero Abogados.\" \/>\n<meta property=\"og:url\" content=\"https:\/\/martinezcaballeroabogados.com\/fr\/politique-de-securite-de-linformation\/\" \/>\n<meta property=\"og:site_name\" content=\"Martinez Caballero Abogados\" \/>\n<meta property=\"article:publisher\" content=\"https:\/\/www.facebook.com\/martinezcaballeroabogados\/\" \/>\n<meta property=\"article:modified_time\" content=\"2025-06-30T10:49:38+00:00\" \/>\n<meta name=\"twitter:card\" content=\"summary_large_image\" \/>\n<meta name=\"twitter:site\" content=\"@MC_abogados_\" \/>\n<meta name=\"twitter:label1\" content=\"Dur\u00e9e de lecture estim\u00e9e\" \/>\n\t<meta name=\"twitter:data1\" content=\"3 minutes\" \/>\n<script type=\"application\/ld+json\" class=\"yoast-schema-graph\">{\"@context\":\"https:\/\/schema.org\",\"@graph\":[{\"@type\":\"WebPage\",\"@id\":\"https:\/\/martinezcaballeroabogados.com\/fr\/politique-de-securite-de-linformation\/\",\"url\":\"https:\/\/martinezcaballeroabogados.com\/fr\/politique-de-securite-de-linformation\/\",\"name\":\"Politique de s\u00e9curit\u00e9 de l'information - M&C Abogados - Martinez Caballero Abogados\",\"isPartOf\":{\"@id\":\"https:\/\/martinezcaballeroabogados.com\/fr\/#website\"},\"datePublished\":\"2025-06-30T09:02:30+00:00\",\"dateModified\":\"2025-06-30T10:49:38+00:00\",\"description\":\"Consultez notre politique de s\u00e9curit\u00e9 de l'information : mesures techniques et organisationnelles pour prot\u00e9ger vos donn\u00e9es confi\u00e9es \u00e0 Mart\u00ednez & Caballero Abogados.\",\"breadcrumb\":{\"@id\":\"https:\/\/martinezcaballeroabogados.com\/fr\/politique-de-securite-de-linformation\/#breadcrumb\"},\"inLanguage\":\"fr-FR\",\"potentialAction\":[{\"@type\":\"ReadAction\",\"target\":[\"https:\/\/martinezcaballeroabogados.com\/fr\/politique-de-securite-de-linformation\/\"]}]},{\"@type\":\"BreadcrumbList\",\"@id\":\"https:\/\/martinezcaballeroabogados.com\/fr\/politique-de-securite-de-linformation\/#breadcrumb\",\"itemListElement\":[{\"@type\":\"ListItem\",\"position\":1,\"name\":\"Portada\",\"item\":\"https:\/\/martinezcaballeroabogados.com\/fr\/avocats-a-barcelone\/\"},{\"@type\":\"ListItem\",\"position\":2,\"name\":\"Politique de s\u00e9curit\u00e9 de l&rsquo;information\"}]},{\"@type\":\"WebSite\",\"@id\":\"https:\/\/martinezcaballeroabogados.com\/fr\/#website\",\"url\":\"https:\/\/martinezcaballeroabogados.com\/fr\/\",\"name\":\"Martinez & Caballero Abogados\",\"description\":\"Cabinets d'avocats g\u00e9n\u00e9ralistes \u00e0 Barcelone\",\"publisher\":{\"@id\":\"https:\/\/martinezcaballeroabogados.com\/fr\/#organization\"},\"potentialAction\":[{\"@type\":\"SearchAction\",\"target\":{\"@type\":\"EntryPoint\",\"urlTemplate\":\"https:\/\/martinezcaballeroabogados.com\/fr\/?s={search_term_string}\"},\"query-input\":{\"@type\":\"PropertyValueSpecification\",\"valueRequired\":true,\"valueName\":\"search_term_string\"}}],\"inLanguage\":\"fr-FR\"},{\"@type\":\"Organization\",\"@id\":\"https:\/\/martinezcaballeroabogados.com\/fr\/#organization\",\"name\":\"Martinez & Caballero Abogados\",\"url\":\"https:\/\/martinezcaballeroabogados.com\/fr\/\",\"logo\":{\"@type\":\"ImageObject\",\"inLanguage\":\"fr-FR\",\"@id\":\"https:\/\/martinezcaballeroabogados.com\/fr\/#\/schema\/logo\/image\/\",\"url\":\"https:\/\/martinezcaballeroabogados.com\/wp-content\/uploads\/2020\/02\/cropped-cropped-logo-mc-abogados-web-1-e1497812507401-1.png\",\"contentUrl\":\"https:\/\/martinezcaballeroabogados.com\/wp-content\/uploads\/2020\/02\/cropped-cropped-logo-mc-abogados-web-1-e1497812507401-1.png\",\"width\":300,\"height\":150,\"caption\":\"Martinez & Caballero Abogados\"},\"image\":{\"@id\":\"https:\/\/martinezcaballeroabogados.com\/fr\/#\/schema\/logo\/image\/\"},\"sameAs\":[\"https:\/\/www.facebook.com\/martinezcaballeroabogados\/\",\"https:\/\/x.com\/MC_abogados_\",\"https:\/\/www.instagram.com\/extranjeriabarcelonaabogados\/\"]}]}<\/script>\n<!-- \/ Yoast SEO plugin. -->","yoast_head_json":{"title":"Politique de s\u00e9curit\u00e9 de l'information - M&C Abogados - Martinez Caballero Abogados","description":"Consultez notre politique de s\u00e9curit\u00e9 de l'information : mesures techniques et organisationnelles pour prot\u00e9ger vos donn\u00e9es confi\u00e9es \u00e0 Mart\u00ednez & Caballero Abogados.","robots":{"index":"index","follow":"follow","max-snippet":"max-snippet:-1","max-image-preview":"max-image-preview:large","max-video-preview":"max-video-preview:-1"},"canonical":"https:\/\/martinezcaballeroabogados.com\/fr\/politique-de-securite-de-linformation\/","og_locale":"fr_FR","og_type":"article","og_title":"Politique de s\u00e9curit\u00e9 de l'information - M&C Abogados - Martinez Caballero Abogados","og_description":"Consultez notre politique de s\u00e9curit\u00e9 de l'information : mesures techniques et organisationnelles pour prot\u00e9ger vos donn\u00e9es confi\u00e9es \u00e0 Mart\u00ednez & Caballero Abogados.","og_url":"https:\/\/martinezcaballeroabogados.com\/fr\/politique-de-securite-de-linformation\/","og_site_name":"Martinez Caballero Abogados","article_publisher":"https:\/\/www.facebook.com\/martinezcaballeroabogados\/","article_modified_time":"2025-06-30T10:49:38+00:00","twitter_card":"summary_large_image","twitter_site":"@MC_abogados_","twitter_misc":{"Dur\u00e9e de lecture estim\u00e9e":"3 minutes"},"schema":{"@context":"https:\/\/schema.org","@graph":[{"@type":"WebPage","@id":"https:\/\/martinezcaballeroabogados.com\/fr\/politique-de-securite-de-linformation\/","url":"https:\/\/martinezcaballeroabogados.com\/fr\/politique-de-securite-de-linformation\/","name":"Politique de s\u00e9curit\u00e9 de l'information - M&C Abogados - Martinez Caballero Abogados","isPartOf":{"@id":"https:\/\/martinezcaballeroabogados.com\/fr\/#website"},"datePublished":"2025-06-30T09:02:30+00:00","dateModified":"2025-06-30T10:49:38+00:00","description":"Consultez notre politique de s\u00e9curit\u00e9 de l'information : mesures techniques et organisationnelles pour prot\u00e9ger vos donn\u00e9es confi\u00e9es \u00e0 Mart\u00ednez & Caballero Abogados.","breadcrumb":{"@id":"https:\/\/martinezcaballeroabogados.com\/fr\/politique-de-securite-de-linformation\/#breadcrumb"},"inLanguage":"fr-FR","potentialAction":[{"@type":"ReadAction","target":["https:\/\/martinezcaballeroabogados.com\/fr\/politique-de-securite-de-linformation\/"]}]},{"@type":"BreadcrumbList","@id":"https:\/\/martinezcaballeroabogados.com\/fr\/politique-de-securite-de-linformation\/#breadcrumb","itemListElement":[{"@type":"ListItem","position":1,"name":"Portada","item":"https:\/\/martinezcaballeroabogados.com\/fr\/avocats-a-barcelone\/"},{"@type":"ListItem","position":2,"name":"Politique de s\u00e9curit\u00e9 de l&rsquo;information"}]},{"@type":"WebSite","@id":"https:\/\/martinezcaballeroabogados.com\/fr\/#website","url":"https:\/\/martinezcaballeroabogados.com\/fr\/","name":"Martinez & Caballero Abogados","description":"Cabinets d'avocats g\u00e9n\u00e9ralistes \u00e0 Barcelone","publisher":{"@id":"https:\/\/martinezcaballeroabogados.com\/fr\/#organization"},"potentialAction":[{"@type":"SearchAction","target":{"@type":"EntryPoint","urlTemplate":"https:\/\/martinezcaballeroabogados.com\/fr\/?s={search_term_string}"},"query-input":{"@type":"PropertyValueSpecification","valueRequired":true,"valueName":"search_term_string"}}],"inLanguage":"fr-FR"},{"@type":"Organization","@id":"https:\/\/martinezcaballeroabogados.com\/fr\/#organization","name":"Martinez & Caballero Abogados","url":"https:\/\/martinezcaballeroabogados.com\/fr\/","logo":{"@type":"ImageObject","inLanguage":"fr-FR","@id":"https:\/\/martinezcaballeroabogados.com\/fr\/#\/schema\/logo\/image\/","url":"https:\/\/martinezcaballeroabogados.com\/wp-content\/uploads\/2020\/02\/cropped-cropped-logo-mc-abogados-web-1-e1497812507401-1.png","contentUrl":"https:\/\/martinezcaballeroabogados.com\/wp-content\/uploads\/2020\/02\/cropped-cropped-logo-mc-abogados-web-1-e1497812507401-1.png","width":300,"height":150,"caption":"Martinez & Caballero Abogados"},"image":{"@id":"https:\/\/martinezcaballeroabogados.com\/fr\/#\/schema\/logo\/image\/"},"sameAs":["https:\/\/www.facebook.com\/martinezcaballeroabogados\/","https:\/\/x.com\/MC_abogados_","https:\/\/www.instagram.com\/extranjeriabarcelonaabogados\/"]}]}},"_links":{"self":[{"href":"https:\/\/martinezcaballeroabogados.com\/fr\/wp-json\/wp\/v2\/pages\/21585","targetHints":{"allow":["GET"]}}],"collection":[{"href":"https:\/\/martinezcaballeroabogados.com\/fr\/wp-json\/wp\/v2\/pages"}],"about":[{"href":"https:\/\/martinezcaballeroabogados.com\/fr\/wp-json\/wp\/v2\/types\/page"}],"author":[{"embeddable":true,"href":"https:\/\/martinezcaballeroabogados.com\/fr\/wp-json\/wp\/v2\/users\/1"}],"replies":[{"embeddable":true,"href":"https:\/\/martinezcaballeroabogados.com\/fr\/wp-json\/wp\/v2\/comments?post=21585"}],"version-history":[{"count":1,"href":"https:\/\/martinezcaballeroabogados.com\/fr\/wp-json\/wp\/v2\/pages\/21585\/revisions"}],"predecessor-version":[{"id":21586,"href":"https:\/\/martinezcaballeroabogados.com\/fr\/wp-json\/wp\/v2\/pages\/21585\/revisions\/21586"}],"wp:attachment":[{"href":"https:\/\/martinezcaballeroabogados.com\/fr\/wp-json\/wp\/v2\/media?parent=21585"}],"curies":[{"name":"wp","href":"https:\/\/api.w.org\/{rel}","templated":true}]}}