{"id":21552,"date":"2025-06-30T09:42:48","date_gmt":"2025-06-30T09:42:48","guid":{"rendered":"https:\/\/martinezcaballeroabogados.com\/declaration-daccessibilite-martinez-caballero-abogados\/"},"modified":"2025-06-30T10:19:34","modified_gmt":"2025-06-30T10:19:34","slug":"declaration-daccessibilite-martinez-caballero-abogados","status":"publish","type":"page","link":"https:\/\/martinezcaballeroabogados.com\/fr\/declaration-daccessibilite-martinez-caballero-abogados\/","title":{"rendered":"D\u00e9claration d&rsquo;accessibilit\u00e9 &#8211; Mart\u00ednez &amp; Caballero Abogados"},"content":{"rendered":"\t\t<div data-elementor-type=\"wp-page\" data-elementor-id=\"21552\" class=\"elementor elementor-21552 elementor-21507\" data-elementor-post-type=\"page\">\n\t\t\t\t\t\t<section class=\"elementor-section elementor-top-section elementor-element elementor-element-6a2bafb elementor-section-boxed elementor-section-height-default elementor-section-height-default\" data-id=\"6a2bafb\" data-element_type=\"section\" data-e-type=\"section\">\n\t\t\t\t\t\t<div class=\"elementor-container elementor-column-gap-extended\">\n\t\t\t\t\t<div class=\"elementor-column elementor-col-100 elementor-top-column elementor-element elementor-element-6fa373a sc_inner_width_none sc_layouts_column_icons_position_left\" data-id=\"6fa373a\" data-element_type=\"column\" data-e-type=\"column\">\n\t\t\t<div class=\"elementor-widget-wrap elementor-element-populated\">\n\t\t\t\t\t\t<div class=\"elementor-element elementor-element-fed0e85 sc_fly_static elementor-widget elementor-widget-spacer\" data-id=\"fed0e85\" data-element_type=\"widget\" data-e-type=\"widget\" data-widget_type=\"spacer.default\">\n\t\t\t\t<div class=\"elementor-widget-container\">\n\t\t\t\t\t\t\t<div class=\"elementor-spacer\">\n\t\t\t<div class=\"elementor-spacer-inner\"><\/div>\n\t\t<\/div>\n\t\t\t\t\t\t<\/div>\n\t\t\t\t<\/div>\n\t\t\t\t<div class=\"elementor-element elementor-element-b91076b sc_fly_static elementor-widget elementor-widget-heading\" data-id=\"b91076b\" data-element_type=\"widget\" data-e-type=\"widget\" data-widget_type=\"heading.default\">\n\t\t\t\t<div class=\"elementor-widget-container\">\n\t\t\t\t\t<h1 class=\"elementor-heading-title elementor-size-default\">D\u00e9claration d'accessibilit\u00e9<\/h1>\t\t\t\t<\/div>\n\t\t\t\t<\/div>\n\t\t\t\t<div class=\"elementor-element elementor-element-3f87708 sc_fly_static elementor-widget elementor-widget-text-editor\" data-id=\"3f87708\" data-element_type=\"widget\" data-e-type=\"widget\" data-widget_type=\"text-editor.default\">\n\t\t\t\t<div class=\"elementor-widget-container\">\n\t\t\t\t\t\t\t\t\t<ol>\n<li><b>Conformit\u00e9 r\u00e9glementaire<\/b><b><br><\/b><span style=\"font-weight: 400;\"> Ce site web vise \u00e0 respecter le d\u00e9cret royal 1112\/2018 (\u00e9v\u00e9nement de la loi 11\/2021) et \u00e0 se conformer, dans la mesure du possible, aux crit\u00e8res du niveau <\/span><b>AA<\/b><span style=\"font-weight: 400;\"><span style=\"font-weight: 400;\"> des WCAG 2.1.<\/span><\/span>\n<p><\/p>\n<\/li>\n<li><b>  \u00c9tat actuel de l&rsquo;accessibilit\u00e9<\/b><\/li>\n<\/ol>\n<ul>\n<li style=\"font-weight: 400;\" aria-level=\"1\"><b>Domaines conformes<\/b><span style=\"font-weight: 400;\">Textes alternatifs dans les images, utilisation correcte des titres, navigation au clavier, utilisation des balises ARIA.<\/span>\n<p><\/p>\n<\/li>\n<li style=\"font-weight: 400;\" aria-level=\"1\"><b>Le contenu ci-dessous n&rsquo;est pas accessible pour les raisons suivantes :<\/b><b> <\/b>\n<p><\/p>\n<\/li>\n<li style=\"font-weight: 400;\" aria-level=\"1\"><span style=\"font-weight: 400;\">Non-conformit\u00e9 avec le RD 1112\/2018.<\/span><\/li>\n<li style=\"font-weight: 400;\" aria-level=\"1\"><span style=\"font-weight: 400;\">Il est possible que certains aspects du contraste ne respectent pas le minimum requis de 3:1 par rapport aux couleurs adjacentes de l&rsquo;arri\u00e8re-plan de la section du site web en question. [9.1.4.11 Contraste non textuel]. <\/span><\/li>\n<li style=\"font-weight: 400;\" aria-level=\"1\"><span style=\"font-weight: 400;\">Il se peut que certaines \u00e9tiquettes ou instructions ne soient pas correctement \u00e9tiquet\u00e9es [9.3.3.2 \u00c9tiquettes ou instructions].<\/span><\/li>\n<li style=\"font-weight: 400;\" aria-level=\"1\"><span style=\"font-weight: 400;\">Certains messages d&rsquo;\u00e9tat peuvent ne pas r\u00e9pondre aux exigences minimales [9.4.1.3 Messages d&rsquo;\u00e9tat].<\/span><\/li>\n<li style=\"font-weight: 400;\" aria-level=\"1\"><span style=\"font-weight: 400;\">Il peut y avoir des suggestions d&rsquo;erreurs qui ne r\u00e9pondent pas aux exigences minimales [9.3.3.3.3 Suggestions d&rsquo;erreurs (conditionnel)].<\/span><\/li>\n<li style=\"font-weight: 400;\" aria-level=\"1\"><span style=\"font-weight: 400;\">Certaines pages web peuvent contenir des erreurs d&rsquo;\u00e9dition occasionnelles.<\/span><\/li>\n<li style=\"font-weight: 400;\" aria-level=\"1\"><span style=\"font-weight: 400;\">Charge disproportionn\u00e9e.<\/span>\n<p><\/p>\n<\/li>\n<\/ul>\n<ol start=\"3\">\n<li><b>  Actions d&rsquo;am\u00e9lioration<\/b><\/li>\n<\/ol>\n<ul>\n<li style=\"font-weight: 400;\" aria-level=\"1\"><span style=\"font-weight: 400;\">\u00c0 partir de juin 2025, les contenus PDF et multim\u00e9dias seront r\u00e9vis\u00e9s et adapt\u00e9s pour \u00eatre conformes aux WCAG 2.1 AA.<\/span>\n<p><\/p>\n<\/li>\n<li style=\"font-weight: 400;\" aria-level=\"1\"><span style=\"font-weight: 400;\">Un test semestriel sera effectu\u00e9 \u00e0 l&rsquo;aide d&rsquo;outils (par exemple Axe ou WAVE).<\/span>\n<p><\/p>\n<\/li>\n<\/ul>\n<ol start=\"4\">\n<li><b>  Proc\u00e9dures de notification<\/b><b><br><\/b> <span style=\"font-weight: 400;\"> Si vous d\u00e9tectez des probl\u00e8mes d&rsquo;accessibilit\u00e9, veuillez les signaler \u00e0 : <\/span><b style=\"font-family: inherit; font-size: 14.8571px; font-style: inherit; letter-spacing: 0px;\">info@martinezcaballeroabogados.com. <\/b>Indiquez l&rsquo;URL probl\u00e9matique et votre recommandation. Nous examinerons la situation et vous r\u00e9pondrons dans un d\u00e9lai de <b style=\"font-family: inherit; font-size: 14.8571px; font-style: inherit; letter-spacing: 0px;\">5 jours ouvrables<\/b><span style=\"font-size: 14.8571px; font-weight: 400; letter-spacing: 0px;\">.<\/span> <\/li>\n<\/ol>\n<ol start=\"5\">\n<li><b>  Outils et crit\u00e8res utilis\u00e9s<\/b><b><br><\/b><span style=\"font-weight: 400;\">  Des outils automatis\u00e9s (Axe DevTools, WAVE) et des examens manuels r\u00e9guliers par l&rsquo;\u00e9quipe de marketing num\u00e9rique et les fournisseurs UX sont utilis\u00e9s.\n<p><\/p><\/span><\/li>\n<li><b>  Date et personne responsable<\/b><\/li>\n<\/ol>\n<ul>\n<li style=\"font-weight: 400;\" aria-level=\"1\"><b>Date de la derni\u00e8re r\u00e9vision :<\/b><span style=\"font-weight: 400;\"> 30 juin 2025<\/span>\n<p><\/p>\n<\/li>\n<li style=\"font-weight: 400;\" aria-level=\"1\"><b>Responsable de la conformit\u00e9 en mati\u00e8re d&rsquo;accessibilit\u00e9 :<\/b><span style=\"font-weight: 400;\"> Responsable du marketing num\u00e9rique (en charge des canaux web)<\/span>\n<p><\/p>\n<\/li>\n<\/ul>\n<p><b>7. Informations compl\u00e9mentaires et contact<\/b><b><br><\/b><span style=\"font-weight: 400;\"> Si vous souhaitez recevoir cette d\u00e9claration dans un format accessible (par exemple PDF\/taggable ou audio-description), vous pouvez en faire la demande par le biais du courrier indiqu\u00e9.<\/span><\/p>\t\t\t\t\t\t\t\t<\/div>\n\t\t\t\t<\/div>\n\t\t\t\t<div class=\"elementor-element elementor-element-f8ae51a sc_fly_static elementor-widget elementor-widget-spacer\" data-id=\"f8ae51a\" data-element_type=\"widget\" data-e-type=\"widget\" data-widget_type=\"spacer.default\">\n\t\t\t\t<div class=\"elementor-widget-container\">\n\t\t\t\t\t\t\t<div class=\"elementor-spacer\">\n\t\t\t<div class=\"elementor-spacer-inner\"><\/div>\n\t\t<\/div>\n\t\t\t\t\t\t<\/div>\n\t\t\t\t<\/div>\n\t\t\t\t\t<\/div>\n\t\t<\/div>\n\t\t\t\t\t<\/div>\n\t\t<\/section>\n\t\t\t\t<\/div>\n\t\t","protected":false},"excerpt":{"rendered":"<p>D\u00e9claration d&rsquo;accessibilit\u00e9 Conformit\u00e9 r\u00e9glementaire Ce site web vise \u00e0 respecter le d\u00e9cret royal 1112\/2018 (\u00e9v\u00e9nement de la loi 11\/2021) et \u00e0 se conformer, dans la mesure du possible, aux crit\u00e8res du niveau AA des WCAG 2.1. \u00c9tat actuel de l&rsquo;accessibilit\u00e9 Domaines conformesTextes alternatifs dans les images, utilisation correcte des titres, navigation au clavier, utilisation des balises ARIA. Le contenu ci-dessous n&rsquo;est pas accessible pour les raisons suivantes : Non-conformit\u00e9 avec le RD 1112\/2018. Il est possible que certains aspects du&hellip;<\/p>\n","protected":false},"author":1,"featured_media":0,"parent":0,"menu_order":0,"comment_status":"closed","ping_status":"closed","template":"","meta":{"_monsterinsights_skip_tracking":false,"_monsterinsights_sitenote_active":false,"_monsterinsights_sitenote_note":"","_monsterinsights_sitenote_category":0,"_joinchat":[],"footnotes":""},"class_list":["post-21552","page","type-page","status-publish","hentry"],"yoast_head":"<!-- This site is optimized with the Yoast SEO plugin v26.8 - https:\/\/yoast.com\/product\/yoast-seo-wordpress\/ -->\n<title>D\u00e9claration d&#039;accessibilit\u00e9 du web | M&amp;C Abogados - Martinez Caballero Abogados<\/title>\n<meta name=\"description\" content=\"Consultez la d\u00e9claration d&#039;accessibilit\u00e9 de Mart\u00ednez &amp; Caballero Abogados : engagement en faveur de la conformit\u00e9 aux WCAG et de la navigation inclusive.\" \/>\n<meta name=\"robots\" content=\"index, follow, max-snippet:-1, max-image-preview:large, max-video-preview:-1\" \/>\n<link rel=\"canonical\" href=\"https:\/\/martinezcaballeroabogados.com\/fr\/declaration-daccessibilite-martinez-caballero-abogados\/\" \/>\n<meta property=\"og:locale\" content=\"fr_FR\" \/>\n<meta property=\"og:type\" content=\"article\" \/>\n<meta property=\"og:title\" content=\"D\u00e9claration d&#039;accessibilit\u00e9 du web | M&amp;C Abogados - Martinez Caballero Abogados\" \/>\n<meta property=\"og:description\" content=\"Consultez la d\u00e9claration d&#039;accessibilit\u00e9 de Mart\u00ednez &amp; Caballero Abogados : engagement en faveur de la conformit\u00e9 aux WCAG et de la navigation inclusive.\" \/>\n<meta property=\"og:url\" content=\"https:\/\/martinezcaballeroabogados.com\/fr\/declaration-daccessibilite-martinez-caballero-abogados\/\" \/>\n<meta property=\"og:site_name\" content=\"Martinez Caballero Abogados\" \/>\n<meta property=\"article:publisher\" content=\"https:\/\/www.facebook.com\/martinezcaballeroabogados\/\" \/>\n<meta property=\"article:modified_time\" content=\"2025-06-30T10:19:34+00:00\" \/>\n<meta name=\"twitter:card\" content=\"summary_large_image\" \/>\n<meta name=\"twitter:site\" content=\"@MC_abogados_\" \/>\n<meta name=\"twitter:label1\" content=\"Dur\u00e9e de lecture estim\u00e9e\" \/>\n\t<meta name=\"twitter:data1\" content=\"2 minutes\" \/>\n<script type=\"application\/ld+json\" class=\"yoast-schema-graph\">{\"@context\":\"https:\/\/schema.org\",\"@graph\":[{\"@type\":\"WebPage\",\"@id\":\"https:\/\/martinezcaballeroabogados.com\/fr\/declaration-daccessibilite-martinez-caballero-abogados\/\",\"url\":\"https:\/\/martinezcaballeroabogados.com\/fr\/declaration-daccessibilite-martinez-caballero-abogados\/\",\"name\":\"D\u00e9claration d'accessibilit\u00e9 du web | M&C Abogados - Martinez Caballero Abogados\",\"isPartOf\":{\"@id\":\"https:\/\/martinezcaballeroabogados.com\/fr\/#website\"},\"datePublished\":\"2025-06-30T09:42:48+00:00\",\"dateModified\":\"2025-06-30T10:19:34+00:00\",\"description\":\"Consultez la d\u00e9claration d'accessibilit\u00e9 de Mart\u00ednez & Caballero Abogados : engagement en faveur de la conformit\u00e9 aux WCAG et de la navigation inclusive.\",\"breadcrumb\":{\"@id\":\"https:\/\/martinezcaballeroabogados.com\/fr\/declaration-daccessibilite-martinez-caballero-abogados\/#breadcrumb\"},\"inLanguage\":\"fr-FR\",\"potentialAction\":[{\"@type\":\"ReadAction\",\"target\":[\"https:\/\/martinezcaballeroabogados.com\/fr\/declaration-daccessibilite-martinez-caballero-abogados\/\"]}]},{\"@type\":\"BreadcrumbList\",\"@id\":\"https:\/\/martinezcaballeroabogados.com\/fr\/declaration-daccessibilite-martinez-caballero-abogados\/#breadcrumb\",\"itemListElement\":[{\"@type\":\"ListItem\",\"position\":1,\"name\":\"Portada\",\"item\":\"https:\/\/martinezcaballeroabogados.com\/fr\/avocats-a-barcelone\/\"},{\"@type\":\"ListItem\",\"position\":2,\"name\":\"D\u00e9claration d&rsquo;accessibilit\u00e9 &#8211; Mart\u00ednez &amp; Caballero Abogados\"}]},{\"@type\":\"WebSite\",\"@id\":\"https:\/\/martinezcaballeroabogados.com\/fr\/#website\",\"url\":\"https:\/\/martinezcaballeroabogados.com\/fr\/\",\"name\":\"Martinez & Caballero Abogados\",\"description\":\"Cabinets d'avocats g\u00e9n\u00e9ralistes \u00e0 Barcelone\",\"publisher\":{\"@id\":\"https:\/\/martinezcaballeroabogados.com\/fr\/#organization\"},\"potentialAction\":[{\"@type\":\"SearchAction\",\"target\":{\"@type\":\"EntryPoint\",\"urlTemplate\":\"https:\/\/martinezcaballeroabogados.com\/fr\/?s={search_term_string}\"},\"query-input\":{\"@type\":\"PropertyValueSpecification\",\"valueRequired\":true,\"valueName\":\"search_term_string\"}}],\"inLanguage\":\"fr-FR\"},{\"@type\":\"Organization\",\"@id\":\"https:\/\/martinezcaballeroabogados.com\/fr\/#organization\",\"name\":\"Martinez & Caballero Abogados\",\"url\":\"https:\/\/martinezcaballeroabogados.com\/fr\/\",\"logo\":{\"@type\":\"ImageObject\",\"inLanguage\":\"fr-FR\",\"@id\":\"https:\/\/martinezcaballeroabogados.com\/fr\/#\/schema\/logo\/image\/\",\"url\":\"https:\/\/martinezcaballeroabogados.com\/wp-content\/uploads\/2020\/02\/cropped-cropped-logo-mc-abogados-web-1-e1497812507401-1.png\",\"contentUrl\":\"https:\/\/martinezcaballeroabogados.com\/wp-content\/uploads\/2020\/02\/cropped-cropped-logo-mc-abogados-web-1-e1497812507401-1.png\",\"width\":300,\"height\":150,\"caption\":\"Martinez & Caballero Abogados\"},\"image\":{\"@id\":\"https:\/\/martinezcaballeroabogados.com\/fr\/#\/schema\/logo\/image\/\"},\"sameAs\":[\"https:\/\/www.facebook.com\/martinezcaballeroabogados\/\",\"https:\/\/x.com\/MC_abogados_\",\"https:\/\/www.instagram.com\/extranjeriabarcelonaabogados\/\"]}]}<\/script>\n<!-- \/ Yoast SEO plugin. -->","yoast_head_json":{"title":"D\u00e9claration d'accessibilit\u00e9 du web | M&C Abogados - Martinez Caballero Abogados","description":"Consultez la d\u00e9claration d'accessibilit\u00e9 de Mart\u00ednez & Caballero Abogados : engagement en faveur de la conformit\u00e9 aux WCAG et de la navigation inclusive.","robots":{"index":"index","follow":"follow","max-snippet":"max-snippet:-1","max-image-preview":"max-image-preview:large","max-video-preview":"max-video-preview:-1"},"canonical":"https:\/\/martinezcaballeroabogados.com\/fr\/declaration-daccessibilite-martinez-caballero-abogados\/","og_locale":"fr_FR","og_type":"article","og_title":"D\u00e9claration d'accessibilit\u00e9 du web | M&C Abogados - Martinez Caballero Abogados","og_description":"Consultez la d\u00e9claration d'accessibilit\u00e9 de Mart\u00ednez & Caballero Abogados : engagement en faveur de la conformit\u00e9 aux WCAG et de la navigation inclusive.","og_url":"https:\/\/martinezcaballeroabogados.com\/fr\/declaration-daccessibilite-martinez-caballero-abogados\/","og_site_name":"Martinez Caballero Abogados","article_publisher":"https:\/\/www.facebook.com\/martinezcaballeroabogados\/","article_modified_time":"2025-06-30T10:19:34+00:00","twitter_card":"summary_large_image","twitter_site":"@MC_abogados_","twitter_misc":{"Dur\u00e9e de lecture estim\u00e9e":"2 minutes"},"schema":{"@context":"https:\/\/schema.org","@graph":[{"@type":"WebPage","@id":"https:\/\/martinezcaballeroabogados.com\/fr\/declaration-daccessibilite-martinez-caballero-abogados\/","url":"https:\/\/martinezcaballeroabogados.com\/fr\/declaration-daccessibilite-martinez-caballero-abogados\/","name":"D\u00e9claration d'accessibilit\u00e9 du web | M&C Abogados - Martinez Caballero Abogados","isPartOf":{"@id":"https:\/\/martinezcaballeroabogados.com\/fr\/#website"},"datePublished":"2025-06-30T09:42:48+00:00","dateModified":"2025-06-30T10:19:34+00:00","description":"Consultez la d\u00e9claration d'accessibilit\u00e9 de Mart\u00ednez & Caballero Abogados : engagement en faveur de la conformit\u00e9 aux WCAG et de la navigation inclusive.","breadcrumb":{"@id":"https:\/\/martinezcaballeroabogados.com\/fr\/declaration-daccessibilite-martinez-caballero-abogados\/#breadcrumb"},"inLanguage":"fr-FR","potentialAction":[{"@type":"ReadAction","target":["https:\/\/martinezcaballeroabogados.com\/fr\/declaration-daccessibilite-martinez-caballero-abogados\/"]}]},{"@type":"BreadcrumbList","@id":"https:\/\/martinezcaballeroabogados.com\/fr\/declaration-daccessibilite-martinez-caballero-abogados\/#breadcrumb","itemListElement":[{"@type":"ListItem","position":1,"name":"Portada","item":"https:\/\/martinezcaballeroabogados.com\/fr\/avocats-a-barcelone\/"},{"@type":"ListItem","position":2,"name":"D\u00e9claration d&rsquo;accessibilit\u00e9 &#8211; Mart\u00ednez &amp; Caballero Abogados"}]},{"@type":"WebSite","@id":"https:\/\/martinezcaballeroabogados.com\/fr\/#website","url":"https:\/\/martinezcaballeroabogados.com\/fr\/","name":"Martinez & Caballero Abogados","description":"Cabinets d'avocats g\u00e9n\u00e9ralistes \u00e0 Barcelone","publisher":{"@id":"https:\/\/martinezcaballeroabogados.com\/fr\/#organization"},"potentialAction":[{"@type":"SearchAction","target":{"@type":"EntryPoint","urlTemplate":"https:\/\/martinezcaballeroabogados.com\/fr\/?s={search_term_string}"},"query-input":{"@type":"PropertyValueSpecification","valueRequired":true,"valueName":"search_term_string"}}],"inLanguage":"fr-FR"},{"@type":"Organization","@id":"https:\/\/martinezcaballeroabogados.com\/fr\/#organization","name":"Martinez & Caballero Abogados","url":"https:\/\/martinezcaballeroabogados.com\/fr\/","logo":{"@type":"ImageObject","inLanguage":"fr-FR","@id":"https:\/\/martinezcaballeroabogados.com\/fr\/#\/schema\/logo\/image\/","url":"https:\/\/martinezcaballeroabogados.com\/wp-content\/uploads\/2020\/02\/cropped-cropped-logo-mc-abogados-web-1-e1497812507401-1.png","contentUrl":"https:\/\/martinezcaballeroabogados.com\/wp-content\/uploads\/2020\/02\/cropped-cropped-logo-mc-abogados-web-1-e1497812507401-1.png","width":300,"height":150,"caption":"Martinez & Caballero Abogados"},"image":{"@id":"https:\/\/martinezcaballeroabogados.com\/fr\/#\/schema\/logo\/image\/"},"sameAs":["https:\/\/www.facebook.com\/martinezcaballeroabogados\/","https:\/\/x.com\/MC_abogados_","https:\/\/www.instagram.com\/extranjeriabarcelonaabogados\/"]}]}},"_links":{"self":[{"href":"https:\/\/martinezcaballeroabogados.com\/fr\/wp-json\/wp\/v2\/pages\/21552","targetHints":{"allow":["GET"]}}],"collection":[{"href":"https:\/\/martinezcaballeroabogados.com\/fr\/wp-json\/wp\/v2\/pages"}],"about":[{"href":"https:\/\/martinezcaballeroabogados.com\/fr\/wp-json\/wp\/v2\/types\/page"}],"author":[{"embeddable":true,"href":"https:\/\/martinezcaballeroabogados.com\/fr\/wp-json\/wp\/v2\/users\/1"}],"replies":[{"embeddable":true,"href":"https:\/\/martinezcaballeroabogados.com\/fr\/wp-json\/wp\/v2\/comments?post=21552"}],"version-history":[{"count":1,"href":"https:\/\/martinezcaballeroabogados.com\/fr\/wp-json\/wp\/v2\/pages\/21552\/revisions"}],"predecessor-version":[{"id":21553,"href":"https:\/\/martinezcaballeroabogados.com\/fr\/wp-json\/wp\/v2\/pages\/21552\/revisions\/21553"}],"wp:attachment":[{"href":"https:\/\/martinezcaballeroabogados.com\/fr\/wp-json\/wp\/v2\/media?parent=21552"}],"curies":[{"name":"wp","href":"https:\/\/api.w.org\/{rel}","templated":true}]}}