{"id":10049,"date":"2021-10-11T16:14:33","date_gmt":"2021-10-11T16:14:33","guid":{"rendered":"https:\/\/martinezcaballeroabogados.com\/boutique\/"},"modified":"2023-07-14T08:27:09","modified_gmt":"2023-07-14T08:27:09","slug":"boutique","status":"publish","type":"page","link":"https:\/\/martinezcaballeroabogados.com\/fr\/boutique\/","title":{"rendered":"Boutique"},"content":{"rendered":"\t\t<div data-elementor-type=\"wp-page\" data-elementor-id=\"10049\" class=\"elementor elementor-10049 elementor-5486\" data-elementor-post-type=\"page\">\n\t\t\t\t\t\t<section class=\"elementor-section elementor-top-section elementor-element elementor-element-d917995 elementor-section-boxed elementor-section-height-default elementor-section-height-default\" data-id=\"d917995\" data-element_type=\"section\" data-e-type=\"section\">\n\t\t\t\t\t\t<div class=\"elementor-container elementor-column-gap-extended\">\n\t\t\t\t\t<div class=\"elementor-column elementor-col-100 elementor-top-column elementor-element elementor-element-839c86c sc_inner_width_none sc_layouts_column_icons_position_left\" data-id=\"839c86c\" data-element_type=\"column\" data-e-type=\"column\">\n\t\t\t<div class=\"elementor-widget-wrap elementor-element-populated\">\n\t\t\t\t\t\t<div class=\"elementor-element elementor-element-63a4291 sc_fly_static elementor-widget elementor-widget-heading\" data-id=\"63a4291\" data-element_type=\"widget\" data-e-type=\"widget\" data-widget_type=\"heading.default\">\n\t\t\t\t<div class=\"elementor-widget-container\">\n\t\t\t\t\t<h3 class=\"elementor-heading-title elementor-size-default\">Payez vos d\u00e9marches juridiques en ligne ici<\/h3>\t\t\t\t<\/div>\n\t\t\t\t<\/div>\n\t\t\t\t<div class=\"elementor-element elementor-element-052562d sc_fly_static elementor-widget elementor-widget-text-editor\" data-id=\"052562d\" data-element_type=\"widget\" data-e-type=\"widget\" data-widget_type=\"text-editor.default\">\n\t\t\t\t<div class=\"elementor-widget-container\">\n\t\t\t\t\t\t\t\t\t<p>Payez ici de mani\u00e8re simple et s\u00e9curis\u00e9e les proc\u00e9dures et les processus juridiques que Martinez &amp; Caballero Abogados met \u00e0 votre disposition en ligne&#8230;<\/p>\n\t\t\t\t\t\t\t\t<\/div>\n\t\t\t\t<\/div>\n\t\t\t\t\t<\/div>\n\t\t<\/div>\n\t\t\t\t\t<\/div>\n\t\t<\/section>\n\t\t\t\t<\/div>\n\t\t","protected":false},"excerpt":{"rendered":"<p>Payez vos d\u00e9marches juridiques en ligne ici Payez ici de mani\u00e8re simple et s\u00e9curis\u00e9e les proc\u00e9dures et les processus juridiques que Martinez &amp; Caballero Abogados met \u00e0 votre disposition en ligne&#8230;<\/p>\n","protected":false},"author":1,"featured_media":0,"parent":0,"menu_order":0,"comment_status":"closed","ping_status":"closed","template":"","meta":{"_monsterinsights_skip_tracking":false,"_monsterinsights_sitenote_active":false,"_monsterinsights_sitenote_note":"","_monsterinsights_sitenote_category":0,"_joinchat":[],"footnotes":""},"class_list":["post-10049","page","type-page","status-publish","hentry"],"yoast_head":"<!-- This site is optimized with the Yoast SEO plugin v26.8 - https:\/\/yoast.com\/product\/yoast-seo-wordpress\/ -->\n<title>Payez vos frais de justice en ligne - Martinez Caballero Abogados<\/title>\n<meta name=\"description\" content=\"Payez ici facilement et en toute s\u00e9curit\u00e9 pour les proc\u00e9dures et processus juridiques que Martinez &amp; Caballero Abogados met \u00e0 votre disposition en ligne.\" \/>\n<meta name=\"robots\" content=\"index, follow, max-snippet:-1, max-image-preview:large, max-video-preview:-1\" \/>\n<link rel=\"canonical\" href=\"https:\/\/martinezcaballeroabogados.com\/fr\/boutique\/\" \/>\n<meta property=\"og:locale\" content=\"fr_FR\" \/>\n<meta property=\"og:type\" content=\"article\" \/>\n<meta property=\"og:title\" content=\"Payez vos frais de justice en ligne - Martinez Caballero Abogados\" \/>\n<meta property=\"og:description\" content=\"Payez ici facilement et en toute s\u00e9curit\u00e9 pour les proc\u00e9dures et processus juridiques que Martinez &amp; Caballero Abogados met \u00e0 votre disposition en ligne.\" \/>\n<meta property=\"og:url\" content=\"https:\/\/martinezcaballeroabogados.com\/fr\/boutique\/\" \/>\n<meta property=\"og:site_name\" content=\"Martinez Caballero Abogados\" \/>\n<meta property=\"article:publisher\" content=\"https:\/\/www.facebook.com\/martinezcaballeroabogados\/\" \/>\n<meta property=\"article:modified_time\" content=\"2023-07-14T08:27:09+00:00\" \/>\n<meta name=\"twitter:card\" content=\"summary_large_image\" \/>\n<meta name=\"twitter:site\" content=\"@MC_abogados_\" \/>\n<script type=\"application\/ld+json\" class=\"yoast-schema-graph\">{\"@context\":\"https:\/\/schema.org\",\"@graph\":[{\"@type\":\"WebPage\",\"@id\":\"https:\/\/martinezcaballeroabogados.com\/fr\/boutique\/\",\"url\":\"https:\/\/martinezcaballeroabogados.com\/fr\/boutique\/\",\"name\":\"Payez vos frais de justice en ligne - Martinez Caballero Abogados\",\"isPartOf\":{\"@id\":\"https:\/\/martinezcaballeroabogados.com\/fr\/#website\"},\"datePublished\":\"2021-10-11T16:14:33+00:00\",\"dateModified\":\"2023-07-14T08:27:09+00:00\",\"description\":\"Payez ici facilement et en toute s\u00e9curit\u00e9 pour les proc\u00e9dures et processus juridiques que Martinez & Caballero Abogados met \u00e0 votre disposition en ligne.\",\"breadcrumb\":{\"@id\":\"https:\/\/martinezcaballeroabogados.com\/fr\/boutique\/#breadcrumb\"},\"inLanguage\":\"fr-FR\",\"potentialAction\":[{\"@type\":\"ReadAction\",\"target\":[\"https:\/\/martinezcaballeroabogados.com\/fr\/boutique\/\"]}]},{\"@type\":\"BreadcrumbList\",\"@id\":\"https:\/\/martinezcaballeroabogados.com\/fr\/boutique\/#breadcrumb\",\"itemListElement\":[{\"@type\":\"ListItem\",\"position\":1,\"name\":\"Portada\",\"item\":\"https:\/\/martinezcaballeroabogados.com\/fr\/avocats-a-barcelone\/\"},{\"@type\":\"ListItem\",\"position\":2,\"name\":\"Boutique\"}]},{\"@type\":\"WebSite\",\"@id\":\"https:\/\/martinezcaballeroabogados.com\/fr\/#website\",\"url\":\"https:\/\/martinezcaballeroabogados.com\/fr\/\",\"name\":\"Martinez & Caballero Abogados\",\"description\":\"Cabinets d'avocats g\u00e9n\u00e9ralistes \u00e0 Barcelone\",\"publisher\":{\"@id\":\"https:\/\/martinezcaballeroabogados.com\/fr\/#organization\"},\"potentialAction\":[{\"@type\":\"SearchAction\",\"target\":{\"@type\":\"EntryPoint\",\"urlTemplate\":\"https:\/\/martinezcaballeroabogados.com\/fr\/?s={search_term_string}\"},\"query-input\":{\"@type\":\"PropertyValueSpecification\",\"valueRequired\":true,\"valueName\":\"search_term_string\"}}],\"inLanguage\":\"fr-FR\"},{\"@type\":\"Organization\",\"@id\":\"https:\/\/martinezcaballeroabogados.com\/fr\/#organization\",\"name\":\"Martinez & Caballero Abogados\",\"url\":\"https:\/\/martinezcaballeroabogados.com\/fr\/\",\"logo\":{\"@type\":\"ImageObject\",\"inLanguage\":\"fr-FR\",\"@id\":\"https:\/\/martinezcaballeroabogados.com\/fr\/#\/schema\/logo\/image\/\",\"url\":\"https:\/\/martinezcaballeroabogados.com\/wp-content\/uploads\/2020\/02\/cropped-cropped-logo-mc-abogados-web-1-e1497812507401-1.png\",\"contentUrl\":\"https:\/\/martinezcaballeroabogados.com\/wp-content\/uploads\/2020\/02\/cropped-cropped-logo-mc-abogados-web-1-e1497812507401-1.png\",\"width\":300,\"height\":150,\"caption\":\"Martinez & Caballero Abogados\"},\"image\":{\"@id\":\"https:\/\/martinezcaballeroabogados.com\/fr\/#\/schema\/logo\/image\/\"},\"sameAs\":[\"https:\/\/www.facebook.com\/martinezcaballeroabogados\/\",\"https:\/\/x.com\/MC_abogados_\",\"https:\/\/www.instagram.com\/extranjeriabarcelonaabogados\/\"]}]}<\/script>\n<!-- \/ Yoast SEO plugin. -->","yoast_head_json":{"title":"Payez vos frais de justice en ligne - Martinez Caballero Abogados","description":"Payez ici facilement et en toute s\u00e9curit\u00e9 pour les proc\u00e9dures et processus juridiques que Martinez & Caballero Abogados met \u00e0 votre disposition en ligne.","robots":{"index":"index","follow":"follow","max-snippet":"max-snippet:-1","max-image-preview":"max-image-preview:large","max-video-preview":"max-video-preview:-1"},"canonical":"https:\/\/martinezcaballeroabogados.com\/fr\/boutique\/","og_locale":"fr_FR","og_type":"article","og_title":"Payez vos frais de justice en ligne - Martinez Caballero Abogados","og_description":"Payez ici facilement et en toute s\u00e9curit\u00e9 pour les proc\u00e9dures et processus juridiques que Martinez & Caballero Abogados met \u00e0 votre disposition en ligne.","og_url":"https:\/\/martinezcaballeroabogados.com\/fr\/boutique\/","og_site_name":"Martinez Caballero Abogados","article_publisher":"https:\/\/www.facebook.com\/martinezcaballeroabogados\/","article_modified_time":"2023-07-14T08:27:09+00:00","twitter_card":"summary_large_image","twitter_site":"@MC_abogados_","schema":{"@context":"https:\/\/schema.org","@graph":[{"@type":"WebPage","@id":"https:\/\/martinezcaballeroabogados.com\/fr\/boutique\/","url":"https:\/\/martinezcaballeroabogados.com\/fr\/boutique\/","name":"Payez vos frais de justice en ligne - Martinez Caballero Abogados","isPartOf":{"@id":"https:\/\/martinezcaballeroabogados.com\/fr\/#website"},"datePublished":"2021-10-11T16:14:33+00:00","dateModified":"2023-07-14T08:27:09+00:00","description":"Payez ici facilement et en toute s\u00e9curit\u00e9 pour les proc\u00e9dures et processus juridiques que Martinez & Caballero Abogados met \u00e0 votre disposition en ligne.","breadcrumb":{"@id":"https:\/\/martinezcaballeroabogados.com\/fr\/boutique\/#breadcrumb"},"inLanguage":"fr-FR","potentialAction":[{"@type":"ReadAction","target":["https:\/\/martinezcaballeroabogados.com\/fr\/boutique\/"]}]},{"@type":"BreadcrumbList","@id":"https:\/\/martinezcaballeroabogados.com\/fr\/boutique\/#breadcrumb","itemListElement":[{"@type":"ListItem","position":1,"name":"Portada","item":"https:\/\/martinezcaballeroabogados.com\/fr\/avocats-a-barcelone\/"},{"@type":"ListItem","position":2,"name":"Boutique"}]},{"@type":"WebSite","@id":"https:\/\/martinezcaballeroabogados.com\/fr\/#website","url":"https:\/\/martinezcaballeroabogados.com\/fr\/","name":"Martinez & Caballero Abogados","description":"Cabinets d'avocats g\u00e9n\u00e9ralistes \u00e0 Barcelone","publisher":{"@id":"https:\/\/martinezcaballeroabogados.com\/fr\/#organization"},"potentialAction":[{"@type":"SearchAction","target":{"@type":"EntryPoint","urlTemplate":"https:\/\/martinezcaballeroabogados.com\/fr\/?s={search_term_string}"},"query-input":{"@type":"PropertyValueSpecification","valueRequired":true,"valueName":"search_term_string"}}],"inLanguage":"fr-FR"},{"@type":"Organization","@id":"https:\/\/martinezcaballeroabogados.com\/fr\/#organization","name":"Martinez & Caballero Abogados","url":"https:\/\/martinezcaballeroabogados.com\/fr\/","logo":{"@type":"ImageObject","inLanguage":"fr-FR","@id":"https:\/\/martinezcaballeroabogados.com\/fr\/#\/schema\/logo\/image\/","url":"https:\/\/martinezcaballeroabogados.com\/wp-content\/uploads\/2020\/02\/cropped-cropped-logo-mc-abogados-web-1-e1497812507401-1.png","contentUrl":"https:\/\/martinezcaballeroabogados.com\/wp-content\/uploads\/2020\/02\/cropped-cropped-logo-mc-abogados-web-1-e1497812507401-1.png","width":300,"height":150,"caption":"Martinez & Caballero Abogados"},"image":{"@id":"https:\/\/martinezcaballeroabogados.com\/fr\/#\/schema\/logo\/image\/"},"sameAs":["https:\/\/www.facebook.com\/martinezcaballeroabogados\/","https:\/\/x.com\/MC_abogados_","https:\/\/www.instagram.com\/extranjeriabarcelonaabogados\/"]}]}},"_links":{"self":[{"href":"https:\/\/martinezcaballeroabogados.com\/fr\/wp-json\/wp\/v2\/pages\/10049","targetHints":{"allow":["GET"]}}],"collection":[{"href":"https:\/\/martinezcaballeroabogados.com\/fr\/wp-json\/wp\/v2\/pages"}],"about":[{"href":"https:\/\/martinezcaballeroabogados.com\/fr\/wp-json\/wp\/v2\/types\/page"}],"author":[{"embeddable":true,"href":"https:\/\/martinezcaballeroabogados.com\/fr\/wp-json\/wp\/v2\/users\/1"}],"replies":[{"embeddable":true,"href":"https:\/\/martinezcaballeroabogados.com\/fr\/wp-json\/wp\/v2\/comments?post=10049"}],"version-history":[{"count":1,"href":"https:\/\/martinezcaballeroabogados.com\/fr\/wp-json\/wp\/v2\/pages\/10049\/revisions"}],"predecessor-version":[{"id":10050,"href":"https:\/\/martinezcaballeroabogados.com\/fr\/wp-json\/wp\/v2\/pages\/10049\/revisions\/10050"}],"wp:attachment":[{"href":"https:\/\/martinezcaballeroabogados.com\/fr\/wp-json\/wp\/v2\/media?parent=10049"}],"curies":[{"name":"wp","href":"https:\/\/api.w.org\/{rel}","templated":true}]}}