{"id":10047,"date":"2020-03-04T22:59:31","date_gmt":"2020-03-04T22:59:31","guid":{"rendered":"https:\/\/martinezcaballeroabogados.com\/politique-en-matiere-de-cookies\/"},"modified":"2025-06-30T10:25:24","modified_gmt":"2025-06-30T10:25:24","slug":"politique-en-matiere-de-cookies","status":"publish","type":"page","link":"https:\/\/martinezcaballeroabogados.com\/fr\/politique-en-matiere-de-cookies\/","title":{"rendered":"Politique en mati\u00e8re de cookies"},"content":{"rendered":"\t\t<div data-elementor-type=\"wp-post\" data-elementor-id=\"10047\" class=\"elementor elementor-10047 elementor-3236\" data-elementor-post-type=\"page\">\n\t\t\t\t\t\t<section class=\"elementor-section elementor-top-section elementor-element elementor-element-5c147bee elementor-section-boxed elementor-section-height-default elementor-section-height-default\" data-id=\"5c147bee\" data-element_type=\"section\" data-e-type=\"section\" data-settings=\"{&quot;background_background&quot;:&quot;classic&quot;}\">\n\t\t\t\t\t\t<div class=\"elementor-container elementor-column-gap-extended\">\n\t\t\t\t\t<div class=\"elementor-column elementor-col-100 elementor-top-column elementor-element elementor-element-16063d6f sc_inner_width_none sc_layouts_column_icons_position_left\" data-id=\"16063d6f\" data-element_type=\"column\" data-e-type=\"column\">\n\t\t\t<div class=\"elementor-widget-wrap elementor-element-populated\">\n\t\t\t\t\t\t<div class=\"elementor-element elementor-element-7455919 sc_fly_static elementor-widget elementor-widget-spacer\" data-id=\"7455919\" data-element_type=\"widget\" data-e-type=\"widget\" data-widget_type=\"spacer.default\">\n\t\t\t\t<div class=\"elementor-widget-container\">\n\t\t\t\t\t\t\t<div class=\"elementor-spacer\">\n\t\t\t<div class=\"elementor-spacer-inner\"><\/div>\n\t\t<\/div>\n\t\t\t\t\t\t<\/div>\n\t\t\t\t<\/div>\n\t\t\t\t<div class=\"elementor-element elementor-element-0b6be3c sc_fly_static elementor-widget elementor-widget-heading\" data-id=\"0b6be3c\" data-element_type=\"widget\" data-e-type=\"widget\" data-widget_type=\"heading.default\">\n\t\t\t\t<div class=\"elementor-widget-container\">\n\t\t\t\t\t<h1 class=\"elementor-heading-title elementor-size-default\">Politique en mati\u00e8re de cookies<\/h1>\t\t\t\t<\/div>\n\t\t\t\t<\/div>\n\t\t\t\t<div class=\"elementor-element elementor-element-46dbddf7 sc_fly_static elementor-widget elementor-widget-text-editor\" data-id=\"46dbddf7\" data-element_type=\"widget\" data-e-type=\"widget\" data-widget_type=\"text-editor.default\">\n\t\t\t\t<div class=\"elementor-widget-container\">\n\t\t\t\t\t\t\t\t\t<p>Un \u00ab\u00a0cookie\u00a0\u00bb est un petit fichier qui est stock\u00e9 sur l&rsquo;ordinateur de l&rsquo;utilisateur et qui nous permet de reconna\u00eetre l&rsquo;utilisateur. Cet ensemble de cookies nous aide \u00e0 am\u00e9liorer la qualit\u00e9 de notre site web en nous permettant de surveiller les pages que nos utilisateurs trouvent utiles et celles qu&rsquo;ils ne trouvent pas.<\/p>\n<p>Les cookies sont essentiels au fonctionnement d&rsquo;Internet, offrant d&rsquo;innombrables avantages dans la fourniture de services interactifs, facilitant la navigation et la convivialit\u00e9 de notre site web. Veuillez noter que les cookies ne peuvent pas endommager votre ordinateur et que si les cookies sont activ\u00e9s, ils nous aident \u00e0 identifier et \u00e0 r\u00e9soudre les erreurs.<\/p>\n<p>Les informations fournies ci-dessous vous aideront \u00e0 comprendre les diff\u00e9rents types de cookies :<\/p>\n<ul>\n<li><b>Cookies de session :<\/b> il s&rsquo;agit de cookies temporaires qui restent dans le fichier de cookies de votre navigateur jusqu&rsquo;\u00e0 ce que vous quittiez le site web, de sorte qu&rsquo;aucun d&rsquo;entre eux ne reste enregistr\u00e9 sur le disque dur de l&rsquo;utilisateur. Les informations obtenues gr\u00e2ce \u00e0 ces cookies sont utilis\u00e9es pour analyser les sch\u00e9mas de trafic web. En fin de compte, cela nous permet de fournir une meilleure exp\u00e9rience pour am\u00e9liorer le contenu et le rendre plus facile \u00e0 utiliser.<\/li>\n<li><b>Cookies persistants :<\/b> ils sont stock\u00e9s sur votre disque dur et sont lus par notre site web \u00e0 chaque nouvelle visite. Un cookie persistant a une date d&rsquo;expiration fixe. Le cookie cessera de fonctionner apr\u00e8s cette date.<\/li>\n<\/ul>\n<p>Nous publions ci-dessous une liste des principaux cookies utilis\u00e9s sur notre site web, en les distinguant :<\/p>\n<ul>\n<li><b>Les cookies strictement n\u00e9cessaires<\/b>, par exemple ceux qui sont utilis\u00e9s pour une navigation correcte ou ceux qui permettent les services demand\u00e9s par l&rsquo;utilisateur ou les cookies qui sont utilis\u00e9s pour garantir que le contenu du site web se charge efficacement.<\/li>\n<li><b>Les cookies de tiers<\/b>, tels que ceux utilis\u00e9s par les r\u00e9seaux sociaux ou les plugins de contenu externe.<\/li>\n<li><b>Cookies analytiques<\/b> \u00e0 des fins de maintenance p\u00e9riodique, et afin de garantir le meilleur service possible \u00e0 l&rsquo;utilisateur, les sites web utilisent g\u00e9n\u00e9ralement des cookies \u00ab\u00a0analytiques\u00a0\u00bb pour collecter des donn\u00e9es statistiques sur l&rsquo;activit\u00e9.<\/li>\n<\/ul>\n<p><b>Garanties compl\u00e9mentaires &#8211; Gestion des cookies :<\/b><\/p>\n<p><span style=\"font-weight: 400;\">Comme garantie compl\u00e9mentaire \u00e0 celles d\u00e9crites ci-dessus, l&rsquo;enregistrement des cookies peut \u00eatre soumis \u00e0 leur acceptation lors de l&rsquo;installation ou de la mise \u00e0 jour du navigateur utilis\u00e9, et cette acceptation peut \u00eatre r\u00e9voqu\u00e9e \u00e0 tout moment au moyen des options de configuration des contenus et de la confidentialit\u00e9 disponibles.<\/span><\/p>\n<p><span style=\"font-weight: 400;\">De nombreux navigateurs vous permettent d&rsquo;activer un mode priv\u00e9 dans lequel les cookies sont toujours supprim\u00e9s apr\u00e8s votre visite. Selon le navigateur, ce mode priv\u00e9 peut avoir des noms diff\u00e9rents. Vous trouverez ci-dessous une liste des navigateurs les plus courants et les diff\u00e9rents noms de ce \u00ab\u00a0mode priv\u00e9\u00a0\u00bb :<\/span><\/p>\n<p><b>Internet Explorer 8<\/b><span style=\"font-weight: 400;\"> et sup\u00e9rieur ; InPrivate <\/span><b>Safari 2<\/b><span style=\"font-weight: 400;\"> et versions ult\u00e9rieures ; navigation priv\u00e9e <\/span><b>Opera 10.5 et sup\u00e9rieur<\/b><span style=\"font-weight: 400;\"> et sup\u00e9rieur ; navigation priv\u00e9e <\/span><b>FireFox 3.5<\/b><span style=\"font-weight: 400;\"> et sup\u00e9rieur ; navigation priv\u00e9e <\/span><b>Google Chrome 10<\/b><span style=\"font-weight: 400;\"> et sup\u00e9rieur ; Incognito<\/span><\/p>\n<p><b>Important :<\/b><span style=\"font-weight: 400;\">  Veuillez lire attentivement la section d&rsquo;aide de votre navigateur pour savoir comment activer le \u00ab\u00a0mode priv\u00e9\u00a0\u00bb. Vous pourrez toujours visiter notre site web m\u00eame si votre navigateur est en \u00ab\u00a0mode priv\u00e9\u00a0\u00bb.   <\/span><b>cependant, votre navigation sur notre site web peut ne pas \u00eatre optimale et certains utilitaires peuvent ne pas fonctionner correctement.<\/b><span style=\"font-weight: 400;\">.<\/span><\/p>\n<p><b>LISTE ET DESCRIPTION DES COOKIES QUE NOUS UTILISONS SUR LE SITE WEB :<\/b><\/p>\n<p>Le tableau ci-dessous r\u00e9sume les cookies que nous utilisons sur notre site web :<\/p>\n<table border=\"1\">\n<tbody>\n<tr>\n<td><span style=\"color: #ffffff;\"><b>Cookie<\/b><\/span><\/td>\n<td><span style=\"color: #ffffff;\"><b>Nom de l&rsquo;entreprise<\/b><\/span><\/td>\n<td><span style=\"color: #ffffff;\"><b>Objectif \/ Informations compl\u00e9mentaires<\/b><\/span><\/td>\n<td><span style=\"color: #ffffff;\"><b>Expiration<\/b><\/span><\/td>\n<\/tr>\n<tr>\n<td> <\/td>\n<td><span style=\"color: #ffffff;\">419\u00aa6F17ACB<\/span><br><span style=\"color: #ffffff;\">2CAC9810D93<\/span><br><span style=\"color: #ffffff;\">1150D119930<\/span><\/td>\n<td><span style=\"color: #ffffff;\">Ce cookie est un identifiant de session fourni par le serveur.<\/span><\/td>\n<td> <\/td>\n<\/tr>\n<tr>\n<td> <\/td>\n<td><span style=\"color: #ffffff;\">cookieaccept<\/span><\/td>\n<td><span style=\"color: #ffffff;\">Enregistre l&rsquo;acceptation par l&rsquo;utilisateur de l&rsquo;installation de cookies afin que le m\u00eame message ne soit pas affich\u00e9 \u00e0 plusieurs reprises.<\/span><\/td>\n<td><span style=\"color: #ffffff;\">1 an<\/span><\/td>\n<\/tr>\n<tr>\n<td><span style=\"color: #ffffff;\">Google Analytics<\/span><\/td>\n<td><span style=\"color: #ffffff;\">_utma<\/span><\/td>\n<td><span style=\"color: #ffffff;\"><b>PROTECTION DES DONN\u00c9ES DATAX, SL<\/b> soutient l&rsquo;utilisation de Google Analytics sur le site Web afin de pouvoir contr\u00f4ler l&rsquo;activit\u00e9 qui y est r\u00e9alis\u00e9e.<\/span><\/td>\n<td><span style=\"color: #ffffff;\">2 ans<\/span><\/td>\n<\/tr>\n<tr>\n<td> <\/td>\n<td><span style=\"color: #ffffff;\">_utmb<\/span><\/td>\n<td><span style=\"color: #ffffff;\">Les cookies de Google Analytics collectent des informations standard et des donn\u00e9es sur les habitudes des visiteurs sous une forme anonyme.<\/span><\/td>\n<td><span style=\"color: #ffffff;\">30 minutes<\/span><\/td>\n<\/tr>\n<tr>\n<td> <\/td>\n<td><span style=\"color: #ffffff;\">utmc<\/span><\/td>\n<td><span style=\"color: #ffffff;\">D\u00e9termine si une nouvelle session doit \u00eatre \u00e9tablie<\/span><\/td>\n<td><span style=\"color: #ffffff;\">Session<\/span><\/td>\n<\/tr>\n<tr>\n<td> <\/td>\n<td><span style=\"color: #ffffff;\">_utmt<\/span><\/td>\n<td><span style=\"color: #ffffff;\">Utilis\u00e9 pour traiter le type de requ\u00eate demand\u00e9 par l&rsquo;utilisateur.<\/span><\/td>\n<td><span style=\"color: #ffffff;\">Session<\/span><\/td>\n<\/tr>\n<tr>\n<td> <\/td>\n<td><span style=\"color: #ffffff;\">_utmz<\/span><\/td>\n<td><span style=\"color: #ffffff;\">Enregistre l&rsquo;origine du visiteur et le chemin emprunt\u00e9 pour acc\u00e9der au site web.<\/span><\/td>\n<td><span style=\"color: #ffffff;\">6 mois<\/span><\/td>\n<\/tr>\n<tr>\n<td> <\/td>\n<td><span style=\"color: #ffffff;\">_ga<\/span><\/td>\n<td><span style=\"color: #ffffff;\">Utilis\u00e9 pour distinguer les utilisateurs.<\/span><\/td>\n<td><span style=\"color: #ffffff;\">2 ans<\/span><\/td>\n<\/tr>\n<tr>\n<td>&nbsp;<\/td>\n<td><span style=\"color: #ffffff;\">_gat<\/span><\/td>\n<td><span style=\"color: #ffffff;\">Utilis\u00e9 pour diff\u00e9rencier les diff\u00e9rents objets de suivi cr\u00e9\u00e9s dans la session. Le cookie est cr\u00e9\u00e9 lorsque la biblioth\u00e8que javascript est charg\u00e9e et il n&rsquo;existe pas de version ant\u00e9rieure du cookie _gat. Ce cookie est mis \u00e0 jour chaque fois que vous envoyez des donn\u00e9es \u00e0 Google Analytics.<\/span><\/td>\n<td><span style=\"color: #ffffff;\">10 minutes<\/span><\/td>\n<\/tr>\n<tr>\n<td><span style=\"color: #ffffff;\">Cookies google.com<\/span><\/td>\n<td><span style=\"color: #ffffff;\">PREF<\/span><\/td>\n<td><span style=\"color: #ffffff;\">L&rsquo;utilisation de services de g\u00e9olocalisation tels que Google Maps implique l&rsquo;installation de ces cookies.<\/span><\/td>\n<td><span style=\"color: #ffffff;\">2 ans<\/span><\/td>\n<\/tr>\n<tr>\n<td> <\/td>\n<td><span style=\"color: #ffffff;\">APISID<\/span><\/td>\n<td><span style=\"color: #ffffff;\">Ils sont utilis\u00e9s pour m\u00e9moriser les pr\u00e9f\u00e9rences de l&rsquo;utilisateur pendant la navigation.<\/span><\/td>\n<td><span style=\"color: #ffffff;\">2 ans<\/span><\/td>\n<\/tr>\n<tr>\n<td> <\/td>\n<td><span style=\"color: #ffffff;\">SAPISID<\/span><\/td>\n<td> <\/td>\n<td><span style=\"color: #ffffff;\">2 ans<\/span><\/td>\n<\/tr>\n<tr>\n<td> <\/td>\n<td><span style=\"color: #ffffff;\">SSID<\/span><\/td>\n<td><span style=\"color: #ffffff;\">Egalement pour le comptage par Google du nombre d&rsquo;utilisateurs utilisant les cartes.<\/span><\/td>\n<td><span style=\"color: #ffffff;\">2 ans<\/span><\/td>\n<\/tr>\n<tr>\n<td> <\/td>\n<td><span style=\"color: #ffffff;\">NID<\/span><\/td>\n<td><span style=\"color: #ffffff;\">Rendre la publicit\u00e9 plus attrayante<\/span><\/td>\n<td><span style=\"color: #ffffff;\">6 mois<\/span><\/td>\n<\/tr>\n<tr>\n<td> <\/td>\n<td><span style=\"color: #ffffff;\">HSID, SID<\/span><\/td>\n<td><span style=\"color: #ffffff;\">Et de fournir des m\u00e9canismes de s\u00e9curit\u00e9 pour emp\u00eacher tout acc\u00e8s non autoris\u00e9 aux donn\u00e9es d&rsquo;acc\u00e8s des utilisateurs ou aux informations fournies par les utilisateurs dans les formulaires de contact.<\/span><\/td>\n<td><span style=\"color: #ffffff;\">2 ans<\/span><\/td>\n<\/tr>\n<tr>\n<td><span style=\"color: #ffffff;\">Cookies Facebook<\/span><\/td>\n<td><span style=\"color: #ffffff;\">Lu, cuser, csm, fr, s, xs<\/span><\/td>\n<td><span style=\"color: #ffffff;\">Leurs objectifs sont d\u00e9crits \u00e0 l&rsquo;<a style=\"color: #ffffff;\" href=\"https:\/\/www.facebook.com\/policies\/cookies\/\" target=\"_blank\" rel=\"noopener\">adresse suivante : www.facebook.com\/ help\/cookies<\/a><\/span><\/td>\n<td> <\/td>\n<\/tr>\n<tr>\n<td><span style=\"color: #ffffff;\">Compte Google<\/span><\/td>\n<td><span style=\"color: #ffffff;\">LACUNES, LSID, LSOSID, UTMA, UTZ<\/span><\/td>\n<td><span style=\"color: #ffffff;\">Outil Google+ gr\u00e2ce \u00e0 des boutons d&rsquo;action permettant \u00e0 l&rsquo;utilisateur de partager du contenu via Google+. Ces cookies permettent \u00e0 Google d&rsquo;authentifier si le site est partag\u00e9 avec ce bouton. Vous trouverez plus d&rsquo;informations sur les cookies de Google \u00e0 l&rsquo;adresse suivante&nbsp;<a style=\"color: #ffffff;\" href=\"http:\/\/www.google.com\/intl\/es\/policies\/technologies\/types\" target=\"_blank\" rel=\"noopener\">www.google.com\/intl\/es\/ politiques\/technologies\/types<\/a> (anglais)<\/span><\/td>\n<td>&nbsp;<\/td>\n<\/tr>\n<tr>\n<td><span style=\"color: #ffffff;\">GOOGLE APIS<\/span><\/td>\n<td>&nbsp;<\/td>\n<td><span style=\"color: #ffffff;\">Ces cookies Google Maps enregistrent l&rsquo;origine de l&rsquo;utilisateur, ainsi que les mots-cl\u00e9s. Un pr\u00e9fixe unique est \u00e9galement g\u00e9n\u00e9r\u00e9, qui est utilis\u00e9 pour compter le nombre de fois qu&rsquo;un utilisateur visite le site.&nbsp;<a style=\"color: #ffffff;\" href=\"http:\/\/www.google.com\/intl\/es\/policies\/technologies\/types\" target=\"_blank\" rel=\"noopener\">www.google.com\/intl\/es\/ politiques\/technologies\/types<\/a> (anglais)<\/span><\/td>\n<td>&nbsp;<\/td>\n<\/tr>\n<\/tbody>\n<\/table>\t\t\t\t\t\t\t\t<\/div>\n\t\t\t\t<\/div>\n\t\t\t\t\t<\/div>\n\t\t<\/div>\n\t\t\t\t\t<\/div>\n\t\t<\/section>\n\t\t\t\t<section class=\"elementor-section elementor-top-section elementor-element elementor-element-570847f2 elementor-section-boxed elementor-section-height-default elementor-section-height-default\" data-id=\"570847f2\" data-element_type=\"section\" data-e-type=\"section\" data-settings=\"{&quot;background_background&quot;:&quot;classic&quot;}\">\n\t\t\t\t\t\t<div class=\"elementor-container elementor-column-gap-extended\">\n\t\t\t\t\t<div class=\"elementor-column elementor-col-100 elementor-top-column elementor-element elementor-element-46a5d2bd sc_inner_width_none sc_layouts_column_icons_position_left\" data-id=\"46a5d2bd\" data-element_type=\"column\" data-e-type=\"column\">\n\t\t\t<div class=\"elementor-widget-wrap elementor-element-populated\">\n\t\t\t\t\t\t<div class=\"elementor-element elementor-element-56197f0 sc_fly_static elementor-widget elementor-widget-spacer\" data-id=\"56197f0\" data-element_type=\"widget\" data-e-type=\"widget\" data-widget_type=\"spacer.default\">\n\t\t\t\t<div class=\"elementor-widget-container\">\n\t\t\t\t\t\t\t<div class=\"elementor-spacer\">\n\t\t\t<div class=\"elementor-spacer-inner\"><\/div>\n\t\t<\/div>\n\t\t\t\t\t\t<\/div>\n\t\t\t\t<\/div>\n\t\t\t\t\t<\/div>\n\t\t<\/div>\n\t\t\t\t\t<\/div>\n\t\t<\/section>\n\t\t\t\t<\/div>\n\t\t","protected":false},"excerpt":{"rendered":"<p>Politique en mati\u00e8re de cookies Un \u00ab\u00a0cookie\u00a0\u00bb est un petit fichier qui est stock\u00e9 sur l&rsquo;ordinateur de l&rsquo;utilisateur et qui nous permet de reconna\u00eetre l&rsquo;utilisateur. Cet ensemble de cookies nous aide \u00e0 am\u00e9liorer la qualit\u00e9 de notre site web en nous permettant de surveiller les pages que nos utilisateurs trouvent utiles et celles qu&rsquo;ils ne trouvent pas. Les cookies sont essentiels au fonctionnement d&rsquo;Internet, offrant d&rsquo;innombrables avantages dans la fourniture de services interactifs, facilitant la navigation et la convivialit\u00e9 de&hellip;<\/p>\n","protected":false},"author":1,"featured_media":0,"parent":0,"menu_order":0,"comment_status":"closed","ping_status":"closed","template":"","meta":{"_monsterinsights_skip_tracking":false,"_monsterinsights_sitenote_active":false,"_monsterinsights_sitenote_note":"","_monsterinsights_sitenote_category":0,"_joinchat":[],"footnotes":""},"class_list":["post-10047","page","type-page","status-publish","hentry"],"yoast_head":"<!-- This site is optimized with the Yoast SEO plugin v26.8 - https:\/\/yoast.com\/product\/yoast-seo-wordpress\/ -->\n<title>Politique en mati\u00e8re de cookies - Martinez Caballero Abogados<\/title>\n<meta name=\"description\" content=\"Vous trouverez ici la politique en mati\u00e8re de cookies de Martinez Caballero Abogados. Tout sur les cookies que nous utilisons et les informations que nous utilisons\" \/>\n<meta name=\"robots\" content=\"index, follow, max-snippet:-1, max-image-preview:large, max-video-preview:-1\" \/>\n<link rel=\"canonical\" href=\"https:\/\/martinezcaballeroabogados.com\/fr\/politique-en-matiere-de-cookies\/\" \/>\n<meta property=\"og:locale\" content=\"fr_FR\" \/>\n<meta property=\"og:type\" content=\"article\" \/>\n<meta property=\"og:title\" content=\"Politique en mati\u00e8re de cookies - Martinez Caballero Abogados\" \/>\n<meta property=\"og:description\" content=\"Vous trouverez ici la politique en mati\u00e8re de cookies de Martinez Caballero Abogados. Tout sur les cookies que nous utilisons et les informations que nous utilisons\" \/>\n<meta property=\"og:url\" content=\"https:\/\/martinezcaballeroabogados.com\/fr\/politique-en-matiere-de-cookies\/\" \/>\n<meta property=\"og:site_name\" content=\"Martinez Caballero Abogados\" \/>\n<meta property=\"article:publisher\" content=\"https:\/\/www.facebook.com\/martinezcaballeroabogados\/\" \/>\n<meta property=\"article:modified_time\" content=\"2025-06-30T10:25:24+00:00\" \/>\n<meta name=\"twitter:card\" content=\"summary_large_image\" \/>\n<meta name=\"twitter:site\" content=\"@MC_abogados_\" \/>\n<meta name=\"twitter:label1\" content=\"Dur\u00e9e de lecture estim\u00e9e\" \/>\n\t<meta name=\"twitter:data1\" content=\"5 minutes\" \/>\n<script type=\"application\/ld+json\" class=\"yoast-schema-graph\">{\"@context\":\"https:\/\/schema.org\",\"@graph\":[{\"@type\":\"WebPage\",\"@id\":\"https:\/\/martinezcaballeroabogados.com\/fr\/politique-en-matiere-de-cookies\/\",\"url\":\"https:\/\/martinezcaballeroabogados.com\/fr\/politique-en-matiere-de-cookies\/\",\"name\":\"Politique en mati\u00e8re de cookies - Martinez Caballero Abogados\",\"isPartOf\":{\"@id\":\"https:\/\/martinezcaballeroabogados.com\/fr\/#website\"},\"datePublished\":\"2020-03-04T22:59:31+00:00\",\"dateModified\":\"2025-06-30T10:25:24+00:00\",\"description\":\"Vous trouverez ici la politique en mati\u00e8re de cookies de Martinez Caballero Abogados. Tout sur les cookies que nous utilisons et les informations que nous utilisons\",\"breadcrumb\":{\"@id\":\"https:\/\/martinezcaballeroabogados.com\/fr\/politique-en-matiere-de-cookies\/#breadcrumb\"},\"inLanguage\":\"fr-FR\",\"potentialAction\":[{\"@type\":\"ReadAction\",\"target\":[\"https:\/\/martinezcaballeroabogados.com\/fr\/politique-en-matiere-de-cookies\/\"]}]},{\"@type\":\"BreadcrumbList\",\"@id\":\"https:\/\/martinezcaballeroabogados.com\/fr\/politique-en-matiere-de-cookies\/#breadcrumb\",\"itemListElement\":[{\"@type\":\"ListItem\",\"position\":1,\"name\":\"Portada\",\"item\":\"https:\/\/martinezcaballeroabogados.com\/fr\/avocats-a-barcelone\/\"},{\"@type\":\"ListItem\",\"position\":2,\"name\":\"Politique en mati\u00e8re de cookies\"}]},{\"@type\":\"WebSite\",\"@id\":\"https:\/\/martinezcaballeroabogados.com\/fr\/#website\",\"url\":\"https:\/\/martinezcaballeroabogados.com\/fr\/\",\"name\":\"Martinez & Caballero Abogados\",\"description\":\"Cabinets d'avocats g\u00e9n\u00e9ralistes \u00e0 Barcelone\",\"publisher\":{\"@id\":\"https:\/\/martinezcaballeroabogados.com\/fr\/#organization\"},\"potentialAction\":[{\"@type\":\"SearchAction\",\"target\":{\"@type\":\"EntryPoint\",\"urlTemplate\":\"https:\/\/martinezcaballeroabogados.com\/fr\/?s={search_term_string}\"},\"query-input\":{\"@type\":\"PropertyValueSpecification\",\"valueRequired\":true,\"valueName\":\"search_term_string\"}}],\"inLanguage\":\"fr-FR\"},{\"@type\":\"Organization\",\"@id\":\"https:\/\/martinezcaballeroabogados.com\/fr\/#organization\",\"name\":\"Martinez & Caballero Abogados\",\"url\":\"https:\/\/martinezcaballeroabogados.com\/fr\/\",\"logo\":{\"@type\":\"ImageObject\",\"inLanguage\":\"fr-FR\",\"@id\":\"https:\/\/martinezcaballeroabogados.com\/fr\/#\/schema\/logo\/image\/\",\"url\":\"https:\/\/martinezcaballeroabogados.com\/wp-content\/uploads\/2020\/02\/cropped-cropped-logo-mc-abogados-web-1-e1497812507401-1.png\",\"contentUrl\":\"https:\/\/martinezcaballeroabogados.com\/wp-content\/uploads\/2020\/02\/cropped-cropped-logo-mc-abogados-web-1-e1497812507401-1.png\",\"width\":300,\"height\":150,\"caption\":\"Martinez & Caballero Abogados\"},\"image\":{\"@id\":\"https:\/\/martinezcaballeroabogados.com\/fr\/#\/schema\/logo\/image\/\"},\"sameAs\":[\"https:\/\/www.facebook.com\/martinezcaballeroabogados\/\",\"https:\/\/x.com\/MC_abogados_\",\"https:\/\/www.instagram.com\/extranjeriabarcelonaabogados\/\"]}]}<\/script>\n<!-- \/ Yoast SEO plugin. -->","yoast_head_json":{"title":"Politique en mati\u00e8re de cookies - Martinez Caballero Abogados","description":"Vous trouverez ici la politique en mati\u00e8re de cookies de Martinez Caballero Abogados. Tout sur les cookies que nous utilisons et les informations que nous utilisons","robots":{"index":"index","follow":"follow","max-snippet":"max-snippet:-1","max-image-preview":"max-image-preview:large","max-video-preview":"max-video-preview:-1"},"canonical":"https:\/\/martinezcaballeroabogados.com\/fr\/politique-en-matiere-de-cookies\/","og_locale":"fr_FR","og_type":"article","og_title":"Politique en mati\u00e8re de cookies - Martinez Caballero Abogados","og_description":"Vous trouverez ici la politique en mati\u00e8re de cookies de Martinez Caballero Abogados. Tout sur les cookies que nous utilisons et les informations que nous utilisons","og_url":"https:\/\/martinezcaballeroabogados.com\/fr\/politique-en-matiere-de-cookies\/","og_site_name":"Martinez Caballero Abogados","article_publisher":"https:\/\/www.facebook.com\/martinezcaballeroabogados\/","article_modified_time":"2025-06-30T10:25:24+00:00","twitter_card":"summary_large_image","twitter_site":"@MC_abogados_","twitter_misc":{"Dur\u00e9e de lecture estim\u00e9e":"5 minutes"},"schema":{"@context":"https:\/\/schema.org","@graph":[{"@type":"WebPage","@id":"https:\/\/martinezcaballeroabogados.com\/fr\/politique-en-matiere-de-cookies\/","url":"https:\/\/martinezcaballeroabogados.com\/fr\/politique-en-matiere-de-cookies\/","name":"Politique en mati\u00e8re de cookies - Martinez Caballero Abogados","isPartOf":{"@id":"https:\/\/martinezcaballeroabogados.com\/fr\/#website"},"datePublished":"2020-03-04T22:59:31+00:00","dateModified":"2025-06-30T10:25:24+00:00","description":"Vous trouverez ici la politique en mati\u00e8re de cookies de Martinez Caballero Abogados. Tout sur les cookies que nous utilisons et les informations que nous utilisons","breadcrumb":{"@id":"https:\/\/martinezcaballeroabogados.com\/fr\/politique-en-matiere-de-cookies\/#breadcrumb"},"inLanguage":"fr-FR","potentialAction":[{"@type":"ReadAction","target":["https:\/\/martinezcaballeroabogados.com\/fr\/politique-en-matiere-de-cookies\/"]}]},{"@type":"BreadcrumbList","@id":"https:\/\/martinezcaballeroabogados.com\/fr\/politique-en-matiere-de-cookies\/#breadcrumb","itemListElement":[{"@type":"ListItem","position":1,"name":"Portada","item":"https:\/\/martinezcaballeroabogados.com\/fr\/avocats-a-barcelone\/"},{"@type":"ListItem","position":2,"name":"Politique en mati\u00e8re de cookies"}]},{"@type":"WebSite","@id":"https:\/\/martinezcaballeroabogados.com\/fr\/#website","url":"https:\/\/martinezcaballeroabogados.com\/fr\/","name":"Martinez & Caballero Abogados","description":"Cabinets d'avocats g\u00e9n\u00e9ralistes \u00e0 Barcelone","publisher":{"@id":"https:\/\/martinezcaballeroabogados.com\/fr\/#organization"},"potentialAction":[{"@type":"SearchAction","target":{"@type":"EntryPoint","urlTemplate":"https:\/\/martinezcaballeroabogados.com\/fr\/?s={search_term_string}"},"query-input":{"@type":"PropertyValueSpecification","valueRequired":true,"valueName":"search_term_string"}}],"inLanguage":"fr-FR"},{"@type":"Organization","@id":"https:\/\/martinezcaballeroabogados.com\/fr\/#organization","name":"Martinez & Caballero Abogados","url":"https:\/\/martinezcaballeroabogados.com\/fr\/","logo":{"@type":"ImageObject","inLanguage":"fr-FR","@id":"https:\/\/martinezcaballeroabogados.com\/fr\/#\/schema\/logo\/image\/","url":"https:\/\/martinezcaballeroabogados.com\/wp-content\/uploads\/2020\/02\/cropped-cropped-logo-mc-abogados-web-1-e1497812507401-1.png","contentUrl":"https:\/\/martinezcaballeroabogados.com\/wp-content\/uploads\/2020\/02\/cropped-cropped-logo-mc-abogados-web-1-e1497812507401-1.png","width":300,"height":150,"caption":"Martinez & Caballero Abogados"},"image":{"@id":"https:\/\/martinezcaballeroabogados.com\/fr\/#\/schema\/logo\/image\/"},"sameAs":["https:\/\/www.facebook.com\/martinezcaballeroabogados\/","https:\/\/x.com\/MC_abogados_","https:\/\/www.instagram.com\/extranjeriabarcelonaabogados\/"]}]}},"_links":{"self":[{"href":"https:\/\/martinezcaballeroabogados.com\/fr\/wp-json\/wp\/v2\/pages\/10047","targetHints":{"allow":["GET"]}}],"collection":[{"href":"https:\/\/martinezcaballeroabogados.com\/fr\/wp-json\/wp\/v2\/pages"}],"about":[{"href":"https:\/\/martinezcaballeroabogados.com\/fr\/wp-json\/wp\/v2\/types\/page"}],"author":[{"embeddable":true,"href":"https:\/\/martinezcaballeroabogados.com\/fr\/wp-json\/wp\/v2\/users\/1"}],"replies":[{"embeddable":true,"href":"https:\/\/martinezcaballeroabogados.com\/fr\/wp-json\/wp\/v2\/comments?post=10047"}],"version-history":[{"count":4,"href":"https:\/\/martinezcaballeroabogados.com\/fr\/wp-json\/wp\/v2\/pages\/10047\/revisions"}],"predecessor-version":[{"id":21566,"href":"https:\/\/martinezcaballeroabogados.com\/fr\/wp-json\/wp\/v2\/pages\/10047\/revisions\/21566"}],"wp:attachment":[{"href":"https:\/\/martinezcaballeroabogados.com\/fr\/wp-json\/wp\/v2\/media?parent=10047"}],"curies":[{"name":"wp","href":"https:\/\/api.w.org\/{rel}","templated":true}]}}