{"id":11954,"date":"2021-05-18T10:12:10","date_gmt":"2021-05-18T10:12:10","guid":{"rendered":"https:\/\/martinezcaballeroabogados.com\/product\/income-tax-return-procedure\/"},"modified":"2023-07-14T08:22:37","modified_gmt":"2023-07-14T08:22:37","slug":"income-tax-declaration-process","status":"publish","type":"product","link":"https:\/\/martinezcaballeroabogados.com\/en\/producto\/income-tax-declaration-process\/","title":{"rendered":"Income Tax Return Procedure"},"content":{"rendered":"<p>Pay online and process your tax return with Martinez &amp; Caballero Abogados in the most comfortable way for an unbeatable price. Our payment method is completely secure. Once we receive your payment with your data, we will contact you within the next 24 hours to start the process.<\/p>\n","protected":false},"excerpt":{"rendered":"<p>Book your tax return payment online, without leaving your home. We take care of everything.<\/p>\n","protected":false},"featured_media":20692,"comment_status":"closed","ping_status":"closed","template":"","meta":{"_monsterinsights_skip_tracking":false,"_monsterinsights_sitenote_active":false,"_monsterinsights_sitenote_note":"","_monsterinsights_sitenote_category":0},"product_brand":[],"product_cat":[557,558],"product_tag":[559,561,560],"class_list":{"0":"post-11954","1":"product","2":"type-product","3":"status-publish","4":"has-post-thumbnail","6":"product_cat-rent","7":"product_cat-taxes","8":"product_tag-income","9":"product_tag-statement","10":"product_tag-taxes","12":"first","13":"instock","14":"virtual","15":"sold-individually","16":"taxable","17":"purchasable","18":"product-type-simple"},"yoast_head":"<!-- This site is optimized with the Yoast SEO plugin v26.8 - https:\/\/yoast.com\/product\/yoast-seo-wordpress\/ -->\n<title>Income Tax Return Procedure - Martinez Caballero Abogados<\/title>\n<meta name=\"description\" content=\"Pay online and process your tax return in the most convenient way for an unbeatable price. Payment method is completely secure.\" \/>\n<meta name=\"robots\" content=\"index, follow, max-snippet:-1, max-image-preview:large, max-video-preview:-1\" \/>\n<link rel=\"canonical\" href=\"https:\/\/martinezcaballeroabogados.com\/en\/producto\/income-tax-declaration-process\/\" \/>\n<meta property=\"og:locale\" content=\"en_US\" \/>\n<meta property=\"og:type\" content=\"article\" \/>\n<meta property=\"og:title\" content=\"Income Tax Return Procedure - Martinez Caballero Abogados\" \/>\n<meta property=\"og:description\" content=\"Pay online and process your tax return in the most convenient way for an unbeatable price. Payment method is completely secure.\" \/>\n<meta property=\"og:url\" content=\"https:\/\/martinezcaballeroabogados.com\/en\/producto\/income-tax-declaration-process\/\" \/>\n<meta property=\"og:site_name\" content=\"Martinez Caballero Abogados\" \/>\n<meta property=\"article:publisher\" content=\"https:\/\/www.facebook.com\/martinezcaballeroabogados\/\" \/>\n<meta property=\"article:modified_time\" content=\"2023-07-14T08:22:37+00:00\" \/>\n<meta property=\"og:image\" content=\"https:\/\/martinezcaballeroabogados.com\/wp-content\/uploads\/2023\/03\/renta-ingles.webp\" \/>\n\t<meta property=\"og:image:width\" content=\"1080\" \/>\n\t<meta property=\"og:image:height\" content=\"1080\" \/>\n\t<meta property=\"og:image:type\" content=\"image\/webp\" \/>\n<meta name=\"twitter:card\" content=\"summary_large_image\" \/>\n<meta name=\"twitter:site\" content=\"@MC_abogados_\" \/>\n<script type=\"application\/ld+json\" class=\"yoast-schema-graph\">{\"@context\":\"https:\/\/schema.org\",\"@graph\":[{\"@type\":\"WebPage\",\"@id\":\"https:\/\/martinezcaballeroabogados.com\/en\/producto\/income-tax-declaration-process\/\",\"url\":\"https:\/\/martinezcaballeroabogados.com\/en\/producto\/income-tax-declaration-process\/\",\"name\":\"Income Tax Return Procedure - Martinez Caballero Abogados\",\"isPartOf\":{\"@id\":\"https:\/\/martinezcaballeroabogados.com\/en\/#website\"},\"primaryImageOfPage\":{\"@id\":\"https:\/\/martinezcaballeroabogados.com\/en\/producto\/income-tax-declaration-process\/#primaryimage\"},\"image\":{\"@id\":\"https:\/\/martinezcaballeroabogados.com\/en\/producto\/income-tax-declaration-process\/#primaryimage\"},\"thumbnailUrl\":\"https:\/\/martinezcaballeroabogados.com\/wp-content\/uploads\/2021\/05\/declaracion-renta.jpg\",\"datePublished\":\"2021-05-18T10:12:10+00:00\",\"dateModified\":\"2023-07-14T08:22:37+00:00\",\"description\":\"Pay online and process your tax return in the most convenient way for an unbeatable price. Payment method is completely secure.\",\"breadcrumb\":{\"@id\":\"https:\/\/martinezcaballeroabogados.com\/en\/producto\/income-tax-declaration-process\/#breadcrumb\"},\"inLanguage\":\"en-US\",\"potentialAction\":[{\"@type\":\"ReadAction\",\"target\":[\"https:\/\/martinezcaballeroabogados.com\/en\/producto\/income-tax-declaration-process\/\"]}]},{\"@type\":\"ImageObject\",\"inLanguage\":\"en-US\",\"@id\":\"https:\/\/martinezcaballeroabogados.com\/en\/producto\/income-tax-declaration-process\/#primaryimage\",\"url\":\"https:\/\/martinezcaballeroabogados.com\/wp-content\/uploads\/2021\/05\/declaracion-renta.jpg\",\"contentUrl\":\"https:\/\/martinezcaballeroabogados.com\/wp-content\/uploads\/2021\/05\/declaracion-renta.jpg\",\"width\":1080,\"height\":1080,\"caption\":\"Tr\u00e1mite online de la declaraci\u00f3n de la renta en Espa\u00f1a\"},{\"@type\":\"BreadcrumbList\",\"@id\":\"https:\/\/martinezcaballeroabogados.com\/en\/producto\/income-tax-declaration-process\/#breadcrumb\",\"itemListElement\":[{\"@type\":\"ListItem\",\"position\":1,\"name\":\"Portada\",\"item\":\"https:\/\/martinezcaballeroabogados.com\/en\/lawyers-in-barcelona\/\"},{\"@type\":\"ListItem\",\"position\":2,\"name\":\"Income Tax Return Procedure\"}]},{\"@type\":\"WebSite\",\"@id\":\"https:\/\/martinezcaballeroabogados.com\/en\/#website\",\"url\":\"https:\/\/martinezcaballeroabogados.com\/en\/\",\"name\":\"Martinez & Caballero Abogados\",\"description\":\"Comprehensive Lawyers in Barcelona\",\"publisher\":{\"@id\":\"https:\/\/martinezcaballeroabogados.com\/en\/#organization\"},\"potentialAction\":[{\"@type\":\"SearchAction\",\"target\":{\"@type\":\"EntryPoint\",\"urlTemplate\":\"https:\/\/martinezcaballeroabogados.com\/en\/?s={search_term_string}\"},\"query-input\":{\"@type\":\"PropertyValueSpecification\",\"valueRequired\":true,\"valueName\":\"search_term_string\"}}],\"inLanguage\":\"en-US\"},{\"@type\":\"Organization\",\"@id\":\"https:\/\/martinezcaballeroabogados.com\/en\/#organization\",\"name\":\"Martinez & Caballero Abogados\",\"url\":\"https:\/\/martinezcaballeroabogados.com\/en\/\",\"logo\":{\"@type\":\"ImageObject\",\"inLanguage\":\"en-US\",\"@id\":\"https:\/\/martinezcaballeroabogados.com\/en\/#\/schema\/logo\/image\/\",\"url\":\"https:\/\/martinezcaballeroabogados.com\/wp-content\/uploads\/2020\/02\/cropped-cropped-logo-mc-abogados-web-1-e1497812507401-1.png\",\"contentUrl\":\"https:\/\/martinezcaballeroabogados.com\/wp-content\/uploads\/2020\/02\/cropped-cropped-logo-mc-abogados-web-1-e1497812507401-1.png\",\"width\":300,\"height\":150,\"caption\":\"Martinez & Caballero Abogados\"},\"image\":{\"@id\":\"https:\/\/martinezcaballeroabogados.com\/en\/#\/schema\/logo\/image\/\"},\"sameAs\":[\"https:\/\/www.facebook.com\/martinezcaballeroabogados\/\",\"https:\/\/x.com\/MC_abogados_\",\"https:\/\/www.instagram.com\/extranjeriabarcelonaabogados\/\"]}]}<\/script>\n<!-- \/ Yoast SEO plugin. -->","yoast_head_json":{"title":"Income Tax Return Procedure - Martinez Caballero Abogados","description":"Pay online and process your tax return in the most convenient way for an unbeatable price. Payment method is completely secure.","robots":{"index":"index","follow":"follow","max-snippet":"max-snippet:-1","max-image-preview":"max-image-preview:large","max-video-preview":"max-video-preview:-1"},"canonical":"https:\/\/martinezcaballeroabogados.com\/en\/producto\/income-tax-declaration-process\/","og_locale":"en_US","og_type":"article","og_title":"Income Tax Return Procedure - Martinez Caballero Abogados","og_description":"Pay online and process your tax return in the most convenient way for an unbeatable price. Payment method is completely secure.","og_url":"https:\/\/martinezcaballeroabogados.com\/en\/producto\/income-tax-declaration-process\/","og_site_name":"Martinez Caballero Abogados","article_publisher":"https:\/\/www.facebook.com\/martinezcaballeroabogados\/","article_modified_time":"2023-07-14T08:22:37+00:00","og_image":[{"width":1080,"height":1080,"url":"https:\/\/martinezcaballeroabogados.com\/wp-content\/uploads\/2023\/03\/renta-ingles.webp","type":"image\/webp"}],"twitter_card":"summary_large_image","twitter_site":"@MC_abogados_","schema":{"@context":"https:\/\/schema.org","@graph":[{"@type":"WebPage","@id":"https:\/\/martinezcaballeroabogados.com\/en\/producto\/income-tax-declaration-process\/","url":"https:\/\/martinezcaballeroabogados.com\/en\/producto\/income-tax-declaration-process\/","name":"Income Tax Return Procedure - Martinez Caballero Abogados","isPartOf":{"@id":"https:\/\/martinezcaballeroabogados.com\/en\/#website"},"primaryImageOfPage":{"@id":"https:\/\/martinezcaballeroabogados.com\/en\/producto\/income-tax-declaration-process\/#primaryimage"},"image":{"@id":"https:\/\/martinezcaballeroabogados.com\/en\/producto\/income-tax-declaration-process\/#primaryimage"},"thumbnailUrl":"https:\/\/martinezcaballeroabogados.com\/wp-content\/uploads\/2021\/05\/declaracion-renta.jpg","datePublished":"2021-05-18T10:12:10+00:00","dateModified":"2023-07-14T08:22:37+00:00","description":"Pay online and process your tax return in the most convenient way for an unbeatable price. Payment method is completely secure.","breadcrumb":{"@id":"https:\/\/martinezcaballeroabogados.com\/en\/producto\/income-tax-declaration-process\/#breadcrumb"},"inLanguage":"en-US","potentialAction":[{"@type":"ReadAction","target":["https:\/\/martinezcaballeroabogados.com\/en\/producto\/income-tax-declaration-process\/"]}]},{"@type":"ImageObject","inLanguage":"en-US","@id":"https:\/\/martinezcaballeroabogados.com\/en\/producto\/income-tax-declaration-process\/#primaryimage","url":"https:\/\/martinezcaballeroabogados.com\/wp-content\/uploads\/2021\/05\/declaracion-renta.jpg","contentUrl":"https:\/\/martinezcaballeroabogados.com\/wp-content\/uploads\/2021\/05\/declaracion-renta.jpg","width":1080,"height":1080,"caption":"Tr\u00e1mite online de la declaraci\u00f3n de la renta en Espa\u00f1a"},{"@type":"BreadcrumbList","@id":"https:\/\/martinezcaballeroabogados.com\/en\/producto\/income-tax-declaration-process\/#breadcrumb","itemListElement":[{"@type":"ListItem","position":1,"name":"Portada","item":"https:\/\/martinezcaballeroabogados.com\/en\/lawyers-in-barcelona\/"},{"@type":"ListItem","position":2,"name":"Income Tax Return Procedure"}]},{"@type":"WebSite","@id":"https:\/\/martinezcaballeroabogados.com\/en\/#website","url":"https:\/\/martinezcaballeroabogados.com\/en\/","name":"Martinez & Caballero Abogados","description":"Comprehensive Lawyers in Barcelona","publisher":{"@id":"https:\/\/martinezcaballeroabogados.com\/en\/#organization"},"potentialAction":[{"@type":"SearchAction","target":{"@type":"EntryPoint","urlTemplate":"https:\/\/martinezcaballeroabogados.com\/en\/?s={search_term_string}"},"query-input":{"@type":"PropertyValueSpecification","valueRequired":true,"valueName":"search_term_string"}}],"inLanguage":"en-US"},{"@type":"Organization","@id":"https:\/\/martinezcaballeroabogados.com\/en\/#organization","name":"Martinez & Caballero Abogados","url":"https:\/\/martinezcaballeroabogados.com\/en\/","logo":{"@type":"ImageObject","inLanguage":"en-US","@id":"https:\/\/martinezcaballeroabogados.com\/en\/#\/schema\/logo\/image\/","url":"https:\/\/martinezcaballeroabogados.com\/wp-content\/uploads\/2020\/02\/cropped-cropped-logo-mc-abogados-web-1-e1497812507401-1.png","contentUrl":"https:\/\/martinezcaballeroabogados.com\/wp-content\/uploads\/2020\/02\/cropped-cropped-logo-mc-abogados-web-1-e1497812507401-1.png","width":300,"height":150,"caption":"Martinez & Caballero Abogados"},"image":{"@id":"https:\/\/martinezcaballeroabogados.com\/en\/#\/schema\/logo\/image\/"},"sameAs":["https:\/\/www.facebook.com\/martinezcaballeroabogados\/","https:\/\/x.com\/MC_abogados_","https:\/\/www.instagram.com\/extranjeriabarcelonaabogados\/"]}]}},"_links":{"self":[{"href":"https:\/\/martinezcaballeroabogados.com\/en\/wp-json\/wp\/v2\/product\/11954","targetHints":{"allow":["GET"]}}],"collection":[{"href":"https:\/\/martinezcaballeroabogados.com\/en\/wp-json\/wp\/v2\/product"}],"about":[{"href":"https:\/\/martinezcaballeroabogados.com\/en\/wp-json\/wp\/v2\/types\/product"}],"replies":[{"embeddable":true,"href":"https:\/\/martinezcaballeroabogados.com\/en\/wp-json\/wp\/v2\/comments?post=11954"}],"version-history":[{"count":1,"href":"https:\/\/martinezcaballeroabogados.com\/en\/wp-json\/wp\/v2\/product\/11954\/revisions"}],"predecessor-version":[{"id":12709,"href":"https:\/\/martinezcaballeroabogados.com\/en\/wp-json\/wp\/v2\/product\/11954\/revisions\/12709"}],"wp:featuredmedia":[{"embeddable":true,"href":"https:\/\/martinezcaballeroabogados.com\/en\/wp-json\/wp\/v2\/media\/20692"}],"wp:attachment":[{"href":"https:\/\/martinezcaballeroabogados.com\/en\/wp-json\/wp\/v2\/media?parent=11954"}],"wp:term":[{"taxonomy":"product_brand","embeddable":true,"href":"https:\/\/martinezcaballeroabogados.com\/en\/wp-json\/wp\/v2\/product_brand?post=11954"},{"taxonomy":"product_cat","embeddable":true,"href":"https:\/\/martinezcaballeroabogados.com\/en\/wp-json\/wp\/v2\/product_cat?post=11954"},{"taxonomy":"product_tag","embeddable":true,"href":"https:\/\/martinezcaballeroabogados.com\/en\/wp-json\/wp\/v2\/product_tag?post=11954"}],"curies":[{"name":"wp","href":"https:\/\/api.w.org\/{rel}","templated":true}]}}