{"id":11956,"date":"2021-05-18T10:12:10","date_gmt":"2021-05-18T10:12:10","guid":{"rendered":"https:\/\/martinezcaballeroabogados.com\/product\/verfahren-der-einkommensteuererklaerung\/"},"modified":"2023-07-14T08:22:39","modified_gmt":"2023-07-14T08:22:39","slug":"verfahren-erklarung-des-einkommens","status":"publish","type":"product","link":"https:\/\/martinezcaballeroabogados.com\/de\/producto\/verfahren-erklarung-des-einkommens\/","title":{"rendered":"Verfahren der Einkommensteuererkl\u00e4rung"},"content":{"rendered":"<p>Bezahlen Sie online und bearbeiten Sie Ihre Steuererkl\u00e4rung mit Martinez &amp; Caballero Abogados auf die bequemste Weise und zu einem unschlagbaren Preis. Unsere Zahlungsmethode ist absolut sicher. Sobald wir Ihre Zahlung mit Ihren Angaben erhalten haben, werden wir uns innerhalb von 24 Stunden mit Ihnen in Verbindung setzen, um den Vorgang zu starten.<\/p>\n","protected":false},"excerpt":{"rendered":"<p>Buchen Sie die Zahlung Ihrer Steuererkl\u00e4rung online, ohne Ihr Haus zu verlassen. Wir k\u00fcmmern uns um alles.<\/p>\n","protected":false},"featured_media":20694,"comment_status":"closed","ping_status":"closed","template":"","meta":{"_monsterinsights_skip_tracking":false,"_monsterinsights_sitenote_active":false,"_monsterinsights_sitenote_note":"","_monsterinsights_sitenote_category":0},"product_brand":[],"product_cat":[567,568],"product_tag":[569,571,570],"class_list":{"0":"post-11956","1":"product","2":"type-product","3":"status-publish","4":"has-post-thumbnail","6":"product_cat-einkommen","7":"product_cat-steuern","8":"product_tag-einkommen","9":"product_tag-erklarung","10":"product_tag-steuern","12":"first","13":"instock","14":"virtual","15":"sold-individually","16":"taxable","17":"purchasable","18":"product-type-simple"},"yoast_head":"<!-- This site is optimized with the Yoast SEO plugin v26.8 - https:\/\/yoast.com\/product\/yoast-seo-wordpress\/ -->\n<title>Verfahren der Einkommensteuererkl\u00e4rung - Martinez Caballero Abogados<\/title>\n<meta name=\"description\" content=\"Bezahlen Sie online und bearbeiten Sie Ihre Steuererkl\u00e4rung auf die bequemste Weise zu einem unschlagbaren Preis. Die Zahlungsmethode ist absolut sicher.\" \/>\n<meta name=\"robots\" content=\"index, follow, max-snippet:-1, max-image-preview:large, max-video-preview:-1\" \/>\n<link rel=\"canonical\" href=\"https:\/\/martinezcaballeroabogados.com\/de\/producto\/verfahren-erklarung-des-einkommens\/\" \/>\n<meta property=\"og:locale\" content=\"de_DE\" \/>\n<meta property=\"og:type\" content=\"article\" \/>\n<meta property=\"og:title\" content=\"Verfahren der Einkommensteuererkl\u00e4rung - Martinez Caballero Abogados\" \/>\n<meta property=\"og:description\" content=\"Bezahlen Sie online und bearbeiten Sie Ihre Steuererkl\u00e4rung auf die bequemste Weise zu einem unschlagbaren Preis. Die Zahlungsmethode ist absolut sicher.\" \/>\n<meta property=\"og:url\" content=\"https:\/\/martinezcaballeroabogados.com\/de\/producto\/verfahren-erklarung-des-einkommens\/\" \/>\n<meta property=\"og:site_name\" content=\"Martinez Caballero Abogados\" \/>\n<meta property=\"article:publisher\" content=\"https:\/\/www.facebook.com\/martinezcaballeroabogados\/\" \/>\n<meta property=\"article:modified_time\" content=\"2023-07-14T08:22:39+00:00\" \/>\n<meta property=\"og:image\" content=\"https:\/\/martinezcaballeroabogados.com\/wp-content\/uploads\/2023\/03\/renta-aleman.webp\" \/>\n\t<meta property=\"og:image:width\" content=\"1080\" \/>\n\t<meta property=\"og:image:height\" content=\"1080\" \/>\n\t<meta property=\"og:image:type\" content=\"image\/webp\" \/>\n<meta name=\"twitter:card\" content=\"summary_large_image\" \/>\n<meta name=\"twitter:site\" content=\"@MC_abogados_\" \/>\n<script type=\"application\/ld+json\" class=\"yoast-schema-graph\">{\"@context\":\"https:\/\/schema.org\",\"@graph\":[{\"@type\":\"WebPage\",\"@id\":\"https:\/\/martinezcaballeroabogados.com\/de\/producto\/verfahren-erklarung-des-einkommens\/\",\"url\":\"https:\/\/martinezcaballeroabogados.com\/de\/producto\/verfahren-erklarung-des-einkommens\/\",\"name\":\"Verfahren der Einkommensteuererkl\u00e4rung - Martinez Caballero Abogados\",\"isPartOf\":{\"@id\":\"https:\/\/martinezcaballeroabogados.com\/de\/#website\"},\"primaryImageOfPage\":{\"@id\":\"https:\/\/martinezcaballeroabogados.com\/de\/producto\/verfahren-erklarung-des-einkommens\/#primaryimage\"},\"image\":{\"@id\":\"https:\/\/martinezcaballeroabogados.com\/de\/producto\/verfahren-erklarung-des-einkommens\/#primaryimage\"},\"thumbnailUrl\":\"https:\/\/martinezcaballeroabogados.com\/wp-content\/uploads\/2021\/05\/declaracion-renta.jpg\",\"datePublished\":\"2021-05-18T10:12:10+00:00\",\"dateModified\":\"2023-07-14T08:22:39+00:00\",\"description\":\"Bezahlen Sie online und bearbeiten Sie Ihre Steuererkl\u00e4rung auf die bequemste Weise zu einem unschlagbaren Preis. Die Zahlungsmethode ist absolut sicher.\",\"breadcrumb\":{\"@id\":\"https:\/\/martinezcaballeroabogados.com\/de\/producto\/verfahren-erklarung-des-einkommens\/#breadcrumb\"},\"inLanguage\":\"de\",\"potentialAction\":[{\"@type\":\"ReadAction\",\"target\":[\"https:\/\/martinezcaballeroabogados.com\/de\/producto\/verfahren-erklarung-des-einkommens\/\"]}]},{\"@type\":\"ImageObject\",\"inLanguage\":\"de\",\"@id\":\"https:\/\/martinezcaballeroabogados.com\/de\/producto\/verfahren-erklarung-des-einkommens\/#primaryimage\",\"url\":\"https:\/\/martinezcaballeroabogados.com\/wp-content\/uploads\/2021\/05\/declaracion-renta.jpg\",\"contentUrl\":\"https:\/\/martinezcaballeroabogados.com\/wp-content\/uploads\/2021\/05\/declaracion-renta.jpg\",\"width\":1080,\"height\":1080,\"caption\":\"Tr\u00e1mite online de la declaraci\u00f3n de la renta en Espa\u00f1a\"},{\"@type\":\"BreadcrumbList\",\"@id\":\"https:\/\/martinezcaballeroabogados.com\/de\/producto\/verfahren-erklarung-des-einkommens\/#breadcrumb\",\"itemListElement\":[{\"@type\":\"ListItem\",\"position\":1,\"name\":\"Portada\",\"item\":\"https:\/\/martinezcaballeroabogados.com\/de\/anwalte-in-barcelona\/\"},{\"@type\":\"ListItem\",\"position\":2,\"name\":\"Verfahren der Einkommensteuererkl\u00e4rung\"}]},{\"@type\":\"WebSite\",\"@id\":\"https:\/\/martinezcaballeroabogados.com\/de\/#website\",\"url\":\"https:\/\/martinezcaballeroabogados.com\/de\/\",\"name\":\"Martinez & Caballero Abogados\",\"description\":\"Umfassende Rechtsberatung in Barcelona\",\"publisher\":{\"@id\":\"https:\/\/martinezcaballeroabogados.com\/de\/#organization\"},\"potentialAction\":[{\"@type\":\"SearchAction\",\"target\":{\"@type\":\"EntryPoint\",\"urlTemplate\":\"https:\/\/martinezcaballeroabogados.com\/de\/?s={search_term_string}\"},\"query-input\":{\"@type\":\"PropertyValueSpecification\",\"valueRequired\":true,\"valueName\":\"search_term_string\"}}],\"inLanguage\":\"de\"},{\"@type\":\"Organization\",\"@id\":\"https:\/\/martinezcaballeroabogados.com\/de\/#organization\",\"name\":\"Martinez & Caballero Abogados\",\"url\":\"https:\/\/martinezcaballeroabogados.com\/de\/\",\"logo\":{\"@type\":\"ImageObject\",\"inLanguage\":\"de\",\"@id\":\"https:\/\/martinezcaballeroabogados.com\/de\/#\/schema\/logo\/image\/\",\"url\":\"https:\/\/martinezcaballeroabogados.com\/wp-content\/uploads\/2020\/02\/cropped-cropped-logo-mc-abogados-web-1-e1497812507401-1.png\",\"contentUrl\":\"https:\/\/martinezcaballeroabogados.com\/wp-content\/uploads\/2020\/02\/cropped-cropped-logo-mc-abogados-web-1-e1497812507401-1.png\",\"width\":300,\"height\":150,\"caption\":\"Martinez & Caballero Abogados\"},\"image\":{\"@id\":\"https:\/\/martinezcaballeroabogados.com\/de\/#\/schema\/logo\/image\/\"},\"sameAs\":[\"https:\/\/www.facebook.com\/martinezcaballeroabogados\/\",\"https:\/\/x.com\/MC_abogados_\",\"https:\/\/www.instagram.com\/extranjeriabarcelonaabogados\/\"]}]}<\/script>\n<!-- \/ Yoast SEO plugin. -->","yoast_head_json":{"title":"Verfahren der Einkommensteuererkl\u00e4rung - Martinez Caballero Abogados","description":"Bezahlen Sie online und bearbeiten Sie Ihre Steuererkl\u00e4rung auf die bequemste Weise zu einem unschlagbaren Preis. Die Zahlungsmethode ist absolut sicher.","robots":{"index":"index","follow":"follow","max-snippet":"max-snippet:-1","max-image-preview":"max-image-preview:large","max-video-preview":"max-video-preview:-1"},"canonical":"https:\/\/martinezcaballeroabogados.com\/de\/producto\/verfahren-erklarung-des-einkommens\/","og_locale":"de_DE","og_type":"article","og_title":"Verfahren der Einkommensteuererkl\u00e4rung - Martinez Caballero Abogados","og_description":"Bezahlen Sie online und bearbeiten Sie Ihre Steuererkl\u00e4rung auf die bequemste Weise zu einem unschlagbaren Preis. Die Zahlungsmethode ist absolut sicher.","og_url":"https:\/\/martinezcaballeroabogados.com\/de\/producto\/verfahren-erklarung-des-einkommens\/","og_site_name":"Martinez Caballero Abogados","article_publisher":"https:\/\/www.facebook.com\/martinezcaballeroabogados\/","article_modified_time":"2023-07-14T08:22:39+00:00","og_image":[{"width":1080,"height":1080,"url":"https:\/\/martinezcaballeroabogados.com\/wp-content\/uploads\/2023\/03\/renta-aleman.webp","type":"image\/webp"}],"twitter_card":"summary_large_image","twitter_site":"@MC_abogados_","schema":{"@context":"https:\/\/schema.org","@graph":[{"@type":"WebPage","@id":"https:\/\/martinezcaballeroabogados.com\/de\/producto\/verfahren-erklarung-des-einkommens\/","url":"https:\/\/martinezcaballeroabogados.com\/de\/producto\/verfahren-erklarung-des-einkommens\/","name":"Verfahren der Einkommensteuererkl\u00e4rung - Martinez Caballero Abogados","isPartOf":{"@id":"https:\/\/martinezcaballeroabogados.com\/de\/#website"},"primaryImageOfPage":{"@id":"https:\/\/martinezcaballeroabogados.com\/de\/producto\/verfahren-erklarung-des-einkommens\/#primaryimage"},"image":{"@id":"https:\/\/martinezcaballeroabogados.com\/de\/producto\/verfahren-erklarung-des-einkommens\/#primaryimage"},"thumbnailUrl":"https:\/\/martinezcaballeroabogados.com\/wp-content\/uploads\/2021\/05\/declaracion-renta.jpg","datePublished":"2021-05-18T10:12:10+00:00","dateModified":"2023-07-14T08:22:39+00:00","description":"Bezahlen Sie online und bearbeiten Sie Ihre Steuererkl\u00e4rung auf die bequemste Weise zu einem unschlagbaren Preis. Die Zahlungsmethode ist absolut sicher.","breadcrumb":{"@id":"https:\/\/martinezcaballeroabogados.com\/de\/producto\/verfahren-erklarung-des-einkommens\/#breadcrumb"},"inLanguage":"de","potentialAction":[{"@type":"ReadAction","target":["https:\/\/martinezcaballeroabogados.com\/de\/producto\/verfahren-erklarung-des-einkommens\/"]}]},{"@type":"ImageObject","inLanguage":"de","@id":"https:\/\/martinezcaballeroabogados.com\/de\/producto\/verfahren-erklarung-des-einkommens\/#primaryimage","url":"https:\/\/martinezcaballeroabogados.com\/wp-content\/uploads\/2021\/05\/declaracion-renta.jpg","contentUrl":"https:\/\/martinezcaballeroabogados.com\/wp-content\/uploads\/2021\/05\/declaracion-renta.jpg","width":1080,"height":1080,"caption":"Tr\u00e1mite online de la declaraci\u00f3n de la renta en Espa\u00f1a"},{"@type":"BreadcrumbList","@id":"https:\/\/martinezcaballeroabogados.com\/de\/producto\/verfahren-erklarung-des-einkommens\/#breadcrumb","itemListElement":[{"@type":"ListItem","position":1,"name":"Portada","item":"https:\/\/martinezcaballeroabogados.com\/de\/anwalte-in-barcelona\/"},{"@type":"ListItem","position":2,"name":"Verfahren der Einkommensteuererkl\u00e4rung"}]},{"@type":"WebSite","@id":"https:\/\/martinezcaballeroabogados.com\/de\/#website","url":"https:\/\/martinezcaballeroabogados.com\/de\/","name":"Martinez & Caballero Abogados","description":"Umfassende Rechtsberatung in Barcelona","publisher":{"@id":"https:\/\/martinezcaballeroabogados.com\/de\/#organization"},"potentialAction":[{"@type":"SearchAction","target":{"@type":"EntryPoint","urlTemplate":"https:\/\/martinezcaballeroabogados.com\/de\/?s={search_term_string}"},"query-input":{"@type":"PropertyValueSpecification","valueRequired":true,"valueName":"search_term_string"}}],"inLanguage":"de"},{"@type":"Organization","@id":"https:\/\/martinezcaballeroabogados.com\/de\/#organization","name":"Martinez & Caballero Abogados","url":"https:\/\/martinezcaballeroabogados.com\/de\/","logo":{"@type":"ImageObject","inLanguage":"de","@id":"https:\/\/martinezcaballeroabogados.com\/de\/#\/schema\/logo\/image\/","url":"https:\/\/martinezcaballeroabogados.com\/wp-content\/uploads\/2020\/02\/cropped-cropped-logo-mc-abogados-web-1-e1497812507401-1.png","contentUrl":"https:\/\/martinezcaballeroabogados.com\/wp-content\/uploads\/2020\/02\/cropped-cropped-logo-mc-abogados-web-1-e1497812507401-1.png","width":300,"height":150,"caption":"Martinez & Caballero Abogados"},"image":{"@id":"https:\/\/martinezcaballeroabogados.com\/de\/#\/schema\/logo\/image\/"},"sameAs":["https:\/\/www.facebook.com\/martinezcaballeroabogados\/","https:\/\/x.com\/MC_abogados_","https:\/\/www.instagram.com\/extranjeriabarcelonaabogados\/"]}]}},"_links":{"self":[{"href":"https:\/\/martinezcaballeroabogados.com\/de\/wp-json\/wp\/v2\/product\/11956","targetHints":{"allow":["GET"]}}],"collection":[{"href":"https:\/\/martinezcaballeroabogados.com\/de\/wp-json\/wp\/v2\/product"}],"about":[{"href":"https:\/\/martinezcaballeroabogados.com\/de\/wp-json\/wp\/v2\/types\/product"}],"replies":[{"embeddable":true,"href":"https:\/\/martinezcaballeroabogados.com\/de\/wp-json\/wp\/v2\/comments?post=11956"}],"version-history":[{"count":1,"href":"https:\/\/martinezcaballeroabogados.com\/de\/wp-json\/wp\/v2\/product\/11956\/revisions"}],"predecessor-version":[{"id":12711,"href":"https:\/\/martinezcaballeroabogados.com\/de\/wp-json\/wp\/v2\/product\/11956\/revisions\/12711"}],"wp:featuredmedia":[{"embeddable":true,"href":"https:\/\/martinezcaballeroabogados.com\/de\/wp-json\/wp\/v2\/media\/20694"}],"wp:attachment":[{"href":"https:\/\/martinezcaballeroabogados.com\/de\/wp-json\/wp\/v2\/media?parent=11956"}],"wp:term":[{"taxonomy":"product_brand","embeddable":true,"href":"https:\/\/martinezcaballeroabogados.com\/de\/wp-json\/wp\/v2\/product_brand?post=11956"},{"taxonomy":"product_cat","embeddable":true,"href":"https:\/\/martinezcaballeroabogados.com\/de\/wp-json\/wp\/v2\/product_cat?post=11956"},{"taxonomy":"product_tag","embeddable":true,"href":"https:\/\/martinezcaballeroabogados.com\/de\/wp-json\/wp\/v2\/product_tag?post=11956"}],"curies":[{"name":"wp","href":"https:\/\/api.w.org\/{rel}","templated":true}]}}