{"id":11951,"date":"2021-10-11T16:03:26","date_gmt":"2021-10-11T16:03:26","guid":{"rendered":"https:\/\/martinezcaballeroabogados.com\/product\/beratung-per-videoanruf\/"},"modified":"2023-07-14T08:22:46","modified_gmt":"2023-07-14T08:22:46","slug":"video-call-beratung","status":"publish","type":"product","link":"https:\/\/martinezcaballeroabogados.com\/de\/producto\/video-call-beratung\/","title":{"rendered":"Beratung per Videoanruf"},"content":{"rendered":"<p>Buchen Sie Ihren Termin per Videoanruf bei Martinez &amp; Caballero Abogados.<\/p>\n<p><strong>WARNUNG!<\/strong> Lesen Sie den Beschreibungstext unten f\u00fcr wichtige Informationen.<\/p>\n","protected":false},"excerpt":{"rendered":"<p><span style=\"font-weight: 400;\">Videoanruf mit einem unserer Rechtsspezialisten nach Ihren Bed\u00fcrfnissen. <strong>Bitte geben Sie im Feld &#8222;Zus\u00e4tzliche Informationen&#8220; an, welchen Fachanwalt Sie ben\u00f6tigen<\/strong>, und wir werden Ihnen unseren besten Anwalt in diesem Bereich zur Verf\u00fcgung stellen.<\/span> Sie m\u00fcssen auch ein Datum und eine Uhrzeit angeben, zu der wir Sie anrufen k\u00f6nnen, um den Tag und die Uhrzeit des Videoanrufs zu vereinbaren. Sobald der Vorgang abgeschlossen ist, setzen wir uns innerhalb von 24 Stunden mit Ihnen in Verbindung, um ein Datum und eine Uhrzeit f\u00fcr den Videoanruf festzulegen.<\/p>\n","protected":false},"featured_media":7932,"comment_status":"closed","ping_status":"closed","template":"","meta":{"_monsterinsights_skip_tracking":false,"_monsterinsights_sitenote_active":false,"_monsterinsights_sitenote_note":"","_monsterinsights_sitenote_category":0},"product_brand":[],"product_cat":[546],"product_tag":[548,547],"class_list":{"0":"post-11951","1":"product","2":"type-product","3":"status-publish","4":"has-post-thumbnail","6":"product_cat-videoanruf","7":"product_tag-online-konsultation","8":"product_tag-videoanruf","10":"first","11":"instock","12":"virtual","13":"sold-individually","14":"taxable","15":"purchasable","16":"product-type-simple"},"yoast_head":"<!-- This site is optimized with the Yoast SEO plugin v26.8 - https:\/\/yoast.com\/product\/yoast-seo-wordpress\/ -->\n<title>Beratung per Videoanruf - Martinez Caballero Abogados<\/title>\n<meta name=\"description\" content=\"Sie k\u00f6nnen alle unsere Dienstleistungen \u00fcber eine Videokonferenz in Anspruch nehmen, ohne zu reisen oder von Ihrem Heimatland aus.\" \/>\n<meta name=\"robots\" content=\"index, follow, max-snippet:-1, max-image-preview:large, max-video-preview:-1\" \/>\n<link rel=\"canonical\" href=\"https:\/\/martinezcaballeroabogados.com\/de\/producto\/video-call-beratung\/\" \/>\n<meta property=\"og:locale\" content=\"de_DE\" \/>\n<meta property=\"og:type\" content=\"article\" \/>\n<meta property=\"og:title\" content=\"Beratung per Videoanruf - Martinez Caballero Abogados\" \/>\n<meta property=\"og:description\" content=\"Sie k\u00f6nnen alle unsere Dienstleistungen \u00fcber eine Videokonferenz in Anspruch nehmen, ohne zu reisen oder von Ihrem Heimatland aus.\" \/>\n<meta property=\"og:url\" content=\"https:\/\/martinezcaballeroabogados.com\/de\/producto\/video-call-beratung\/\" \/>\n<meta property=\"og:site_name\" content=\"Martinez Caballero Abogados\" \/>\n<meta property=\"article:publisher\" content=\"https:\/\/www.facebook.com\/martinezcaballeroabogados\/\" \/>\n<meta property=\"article:modified_time\" content=\"2023-07-14T08:22:46+00:00\" \/>\n<meta property=\"og:image\" content=\"https:\/\/martinezcaballeroabogados.com\/wp-content\/uploads\/2023\/03\/videollamada-producto-aleman.webp\" \/>\n\t<meta property=\"og:image:width\" content=\"1080\" \/>\n\t<meta property=\"og:image:height\" content=\"1174\" \/>\n\t<meta property=\"og:image:type\" content=\"image\/webp\" \/>\n<meta name=\"twitter:card\" content=\"summary_large_image\" \/>\n<meta name=\"twitter:site\" content=\"@MC_abogados_\" \/>\n<script type=\"application\/ld+json\" class=\"yoast-schema-graph\">{\"@context\":\"https:\/\/schema.org\",\"@graph\":[{\"@type\":\"WebPage\",\"@id\":\"https:\/\/martinezcaballeroabogados.com\/de\/producto\/video-call-beratung\/\",\"url\":\"https:\/\/martinezcaballeroabogados.com\/de\/producto\/video-call-beratung\/\",\"name\":\"Beratung per Videoanruf - Martinez Caballero Abogados\",\"isPartOf\":{\"@id\":\"https:\/\/martinezcaballeroabogados.com\/de\/#website\"},\"primaryImageOfPage\":{\"@id\":\"https:\/\/martinezcaballeroabogados.com\/de\/producto\/video-call-beratung\/#primaryimage\"},\"image\":{\"@id\":\"https:\/\/martinezcaballeroabogados.com\/de\/producto\/video-call-beratung\/#primaryimage\"},\"thumbnailUrl\":\"https:\/\/martinezcaballeroabogados.com\/wp-content\/uploads\/2023\/03\/videollamada-producto-aleman.webp\",\"datePublished\":\"2021-10-11T16:03:26+00:00\",\"dateModified\":\"2023-07-14T08:22:46+00:00\",\"description\":\"Sie k\u00f6nnen alle unsere Dienstleistungen \u00fcber eine Videokonferenz in Anspruch nehmen, ohne zu reisen oder von Ihrem Heimatland aus.\",\"breadcrumb\":{\"@id\":\"https:\/\/martinezcaballeroabogados.com\/de\/producto\/video-call-beratung\/#breadcrumb\"},\"inLanguage\":\"de\",\"potentialAction\":[{\"@type\":\"ReadAction\",\"target\":[\"https:\/\/martinezcaballeroabogados.com\/de\/producto\/video-call-beratung\/\"]}]},{\"@type\":\"ImageObject\",\"inLanguage\":\"de\",\"@id\":\"https:\/\/martinezcaballeroabogados.com\/de\/producto\/video-call-beratung\/#primaryimage\",\"url\":\"https:\/\/martinezcaballeroabogados.com\/wp-content\/uploads\/2023\/03\/videollamada-producto-aleman.webp\",\"contentUrl\":\"https:\/\/martinezcaballeroabogados.com\/wp-content\/uploads\/2023\/03\/videollamada-producto-aleman.webp\",\"width\":1080,\"height\":1174},{\"@type\":\"BreadcrumbList\",\"@id\":\"https:\/\/martinezcaballeroabogados.com\/de\/producto\/video-call-beratung\/#breadcrumb\",\"itemListElement\":[{\"@type\":\"ListItem\",\"position\":1,\"name\":\"Portada\",\"item\":\"https:\/\/martinezcaballeroabogados.com\/de\/anwalte-in-barcelona\/\"},{\"@type\":\"ListItem\",\"position\":2,\"name\":\"Beratung per Videoanruf\"}]},{\"@type\":\"WebSite\",\"@id\":\"https:\/\/martinezcaballeroabogados.com\/de\/#website\",\"url\":\"https:\/\/martinezcaballeroabogados.com\/de\/\",\"name\":\"Martinez & Caballero Abogados\",\"description\":\"Umfassende Rechtsberatung in Barcelona\",\"publisher\":{\"@id\":\"https:\/\/martinezcaballeroabogados.com\/de\/#organization\"},\"potentialAction\":[{\"@type\":\"SearchAction\",\"target\":{\"@type\":\"EntryPoint\",\"urlTemplate\":\"https:\/\/martinezcaballeroabogados.com\/de\/?s={search_term_string}\"},\"query-input\":{\"@type\":\"PropertyValueSpecification\",\"valueRequired\":true,\"valueName\":\"search_term_string\"}}],\"inLanguage\":\"de\"},{\"@type\":\"Organization\",\"@id\":\"https:\/\/martinezcaballeroabogados.com\/de\/#organization\",\"name\":\"Martinez & Caballero Abogados\",\"url\":\"https:\/\/martinezcaballeroabogados.com\/de\/\",\"logo\":{\"@type\":\"ImageObject\",\"inLanguage\":\"de\",\"@id\":\"https:\/\/martinezcaballeroabogados.com\/de\/#\/schema\/logo\/image\/\",\"url\":\"https:\/\/martinezcaballeroabogados.com\/wp-content\/uploads\/2020\/02\/cropped-cropped-logo-mc-abogados-web-1-e1497812507401-1.png\",\"contentUrl\":\"https:\/\/martinezcaballeroabogados.com\/wp-content\/uploads\/2020\/02\/cropped-cropped-logo-mc-abogados-web-1-e1497812507401-1.png\",\"width\":300,\"height\":150,\"caption\":\"Martinez & Caballero Abogados\"},\"image\":{\"@id\":\"https:\/\/martinezcaballeroabogados.com\/de\/#\/schema\/logo\/image\/\"},\"sameAs\":[\"https:\/\/www.facebook.com\/martinezcaballeroabogados\/\",\"https:\/\/x.com\/MC_abogados_\",\"https:\/\/www.instagram.com\/extranjeriabarcelonaabogados\/\"]}]}<\/script>\n<!-- \/ Yoast SEO plugin. -->","yoast_head_json":{"title":"Beratung per Videoanruf - Martinez Caballero Abogados","description":"Sie k\u00f6nnen alle unsere Dienstleistungen \u00fcber eine Videokonferenz in Anspruch nehmen, ohne zu reisen oder von Ihrem Heimatland aus.","robots":{"index":"index","follow":"follow","max-snippet":"max-snippet:-1","max-image-preview":"max-image-preview:large","max-video-preview":"max-video-preview:-1"},"canonical":"https:\/\/martinezcaballeroabogados.com\/de\/producto\/video-call-beratung\/","og_locale":"de_DE","og_type":"article","og_title":"Beratung per Videoanruf - Martinez Caballero Abogados","og_description":"Sie k\u00f6nnen alle unsere Dienstleistungen \u00fcber eine Videokonferenz in Anspruch nehmen, ohne zu reisen oder von Ihrem Heimatland aus.","og_url":"https:\/\/martinezcaballeroabogados.com\/de\/producto\/video-call-beratung\/","og_site_name":"Martinez Caballero Abogados","article_publisher":"https:\/\/www.facebook.com\/martinezcaballeroabogados\/","article_modified_time":"2023-07-14T08:22:46+00:00","og_image":[{"width":1080,"height":1174,"url":"https:\/\/martinezcaballeroabogados.com\/wp-content\/uploads\/2023\/03\/videollamada-producto-aleman.webp","type":"image\/webp"}],"twitter_card":"summary_large_image","twitter_site":"@MC_abogados_","schema":{"@context":"https:\/\/schema.org","@graph":[{"@type":"WebPage","@id":"https:\/\/martinezcaballeroabogados.com\/de\/producto\/video-call-beratung\/","url":"https:\/\/martinezcaballeroabogados.com\/de\/producto\/video-call-beratung\/","name":"Beratung per Videoanruf - Martinez Caballero Abogados","isPartOf":{"@id":"https:\/\/martinezcaballeroabogados.com\/de\/#website"},"primaryImageOfPage":{"@id":"https:\/\/martinezcaballeroabogados.com\/de\/producto\/video-call-beratung\/#primaryimage"},"image":{"@id":"https:\/\/martinezcaballeroabogados.com\/de\/producto\/video-call-beratung\/#primaryimage"},"thumbnailUrl":"https:\/\/martinezcaballeroabogados.com\/wp-content\/uploads\/2023\/03\/videollamada-producto-aleman.webp","datePublished":"2021-10-11T16:03:26+00:00","dateModified":"2023-07-14T08:22:46+00:00","description":"Sie k\u00f6nnen alle unsere Dienstleistungen \u00fcber eine Videokonferenz in Anspruch nehmen, ohne zu reisen oder von Ihrem Heimatland aus.","breadcrumb":{"@id":"https:\/\/martinezcaballeroabogados.com\/de\/producto\/video-call-beratung\/#breadcrumb"},"inLanguage":"de","potentialAction":[{"@type":"ReadAction","target":["https:\/\/martinezcaballeroabogados.com\/de\/producto\/video-call-beratung\/"]}]},{"@type":"ImageObject","inLanguage":"de","@id":"https:\/\/martinezcaballeroabogados.com\/de\/producto\/video-call-beratung\/#primaryimage","url":"https:\/\/martinezcaballeroabogados.com\/wp-content\/uploads\/2023\/03\/videollamada-producto-aleman.webp","contentUrl":"https:\/\/martinezcaballeroabogados.com\/wp-content\/uploads\/2023\/03\/videollamada-producto-aleman.webp","width":1080,"height":1174},{"@type":"BreadcrumbList","@id":"https:\/\/martinezcaballeroabogados.com\/de\/producto\/video-call-beratung\/#breadcrumb","itemListElement":[{"@type":"ListItem","position":1,"name":"Portada","item":"https:\/\/martinezcaballeroabogados.com\/de\/anwalte-in-barcelona\/"},{"@type":"ListItem","position":2,"name":"Beratung per Videoanruf"}]},{"@type":"WebSite","@id":"https:\/\/martinezcaballeroabogados.com\/de\/#website","url":"https:\/\/martinezcaballeroabogados.com\/de\/","name":"Martinez & Caballero Abogados","description":"Umfassende Rechtsberatung in Barcelona","publisher":{"@id":"https:\/\/martinezcaballeroabogados.com\/de\/#organization"},"potentialAction":[{"@type":"SearchAction","target":{"@type":"EntryPoint","urlTemplate":"https:\/\/martinezcaballeroabogados.com\/de\/?s={search_term_string}"},"query-input":{"@type":"PropertyValueSpecification","valueRequired":true,"valueName":"search_term_string"}}],"inLanguage":"de"},{"@type":"Organization","@id":"https:\/\/martinezcaballeroabogados.com\/de\/#organization","name":"Martinez & Caballero Abogados","url":"https:\/\/martinezcaballeroabogados.com\/de\/","logo":{"@type":"ImageObject","inLanguage":"de","@id":"https:\/\/martinezcaballeroabogados.com\/de\/#\/schema\/logo\/image\/","url":"https:\/\/martinezcaballeroabogados.com\/wp-content\/uploads\/2020\/02\/cropped-cropped-logo-mc-abogados-web-1-e1497812507401-1.png","contentUrl":"https:\/\/martinezcaballeroabogados.com\/wp-content\/uploads\/2020\/02\/cropped-cropped-logo-mc-abogados-web-1-e1497812507401-1.png","width":300,"height":150,"caption":"Martinez & Caballero Abogados"},"image":{"@id":"https:\/\/martinezcaballeroabogados.com\/de\/#\/schema\/logo\/image\/"},"sameAs":["https:\/\/www.facebook.com\/martinezcaballeroabogados\/","https:\/\/x.com\/MC_abogados_","https:\/\/www.instagram.com\/extranjeriabarcelonaabogados\/"]}]}},"_links":{"self":[{"href":"https:\/\/martinezcaballeroabogados.com\/de\/wp-json\/wp\/v2\/product\/11951","targetHints":{"allow":["GET"]}}],"collection":[{"href":"https:\/\/martinezcaballeroabogados.com\/de\/wp-json\/wp\/v2\/product"}],"about":[{"href":"https:\/\/martinezcaballeroabogados.com\/de\/wp-json\/wp\/v2\/types\/product"}],"replies":[{"embeddable":true,"href":"https:\/\/martinezcaballeroabogados.com\/de\/wp-json\/wp\/v2\/comments?post=11951"}],"version-history":[{"count":1,"href":"https:\/\/martinezcaballeroabogados.com\/de\/wp-json\/wp\/v2\/product\/11951\/revisions"}],"predecessor-version":[{"id":12714,"href":"https:\/\/martinezcaballeroabogados.com\/de\/wp-json\/wp\/v2\/product\/11951\/revisions\/12714"}],"wp:featuredmedia":[{"embeddable":true,"href":"https:\/\/martinezcaballeroabogados.com\/de\/wp-json\/wp\/v2\/media\/7932"}],"wp:attachment":[{"href":"https:\/\/martinezcaballeroabogados.com\/de\/wp-json\/wp\/v2\/media?parent=11951"}],"wp:term":[{"taxonomy":"product_brand","embeddable":true,"href":"https:\/\/martinezcaballeroabogados.com\/de\/wp-json\/wp\/v2\/product_brand?post=11951"},{"taxonomy":"product_cat","embeddable":true,"href":"https:\/\/martinezcaballeroabogados.com\/de\/wp-json\/wp\/v2\/product_cat?post=11951"},{"taxonomy":"product_tag","embeddable":true,"href":"https:\/\/martinezcaballeroabogados.com\/de\/wp-json\/wp\/v2\/product_tag?post=11951"}],"curies":[{"name":"wp","href":"https:\/\/api.w.org\/{rel}","templated":true}]}}