{"id":8366,"date":"2020-03-04T22:59:31","date_gmt":"2020-03-04T22:59:31","guid":{"rendered":"https:\/\/martinezcaballeroabogados.com\/cookies-politik\/"},"modified":"2025-06-30T10:25:19","modified_gmt":"2025-06-30T10:25:19","slug":"cookies-politik","status":"publish","type":"page","link":"https:\/\/martinezcaballeroabogados.com\/de\/cookies-politik\/","title":{"rendered":"Cookies-Politik"},"content":{"rendered":"\t\t<div data-elementor-type=\"wp-post\" data-elementor-id=\"8366\" class=\"elementor elementor-8366 elementor-3236\" data-elementor-post-type=\"page\">\n\t\t\t\t\t\t<section class=\"elementor-section elementor-top-section elementor-element elementor-element-5c147bee elementor-section-boxed elementor-section-height-default elementor-section-height-default\" data-id=\"5c147bee\" data-element_type=\"section\" data-e-type=\"section\" data-settings=\"{&quot;background_background&quot;:&quot;classic&quot;}\">\n\t\t\t\t\t\t<div class=\"elementor-container elementor-column-gap-extended\">\n\t\t\t\t\t<div class=\"elementor-column elementor-col-100 elementor-top-column elementor-element elementor-element-16063d6f sc_inner_width_none sc_layouts_column_icons_position_left\" data-id=\"16063d6f\" data-element_type=\"column\" data-e-type=\"column\">\n\t\t\t<div class=\"elementor-widget-wrap elementor-element-populated\">\n\t\t\t\t\t\t<div class=\"elementor-element elementor-element-7455919 sc_fly_static elementor-widget elementor-widget-spacer\" data-id=\"7455919\" data-element_type=\"widget\" data-e-type=\"widget\" data-widget_type=\"spacer.default\">\n\t\t\t\t<div class=\"elementor-widget-container\">\n\t\t\t\t\t\t\t<div class=\"elementor-spacer\">\n\t\t\t<div class=\"elementor-spacer-inner\"><\/div>\n\t\t<\/div>\n\t\t\t\t\t\t<\/div>\n\t\t\t\t<\/div>\n\t\t\t\t<div class=\"elementor-element elementor-element-0b6be3c sc_fly_static elementor-widget elementor-widget-heading\" data-id=\"0b6be3c\" data-element_type=\"widget\" data-e-type=\"widget\" data-widget_type=\"heading.default\">\n\t\t\t\t<div class=\"elementor-widget-container\">\n\t\t\t\t\t<h1 class=\"elementor-heading-title elementor-size-default\">Cookies-Politik<\/h1>\t\t\t\t<\/div>\n\t\t\t\t<\/div>\n\t\t\t\t<div class=\"elementor-element elementor-element-46dbddf7 sc_fly_static elementor-widget elementor-widget-text-editor\" data-id=\"46dbddf7\" data-element_type=\"widget\" data-e-type=\"widget\" data-widget_type=\"text-editor.default\">\n\t\t\t\t<div class=\"elementor-widget-container\">\n\t\t\t\t\t\t\t\t\t<p>Ein &#8222;Cookie&#8220; ist eine kleine Datei, die auf dem Computer des Nutzers gespeichert wird und es uns erm\u00f6glicht, den Nutzer zu erkennen. Die Cookies helfen uns, die Qualit\u00e4t unserer Website zu verbessern, indem wir verfolgen k\u00f6nnen, welche Seiten unsere Nutzer n\u00fctzlich finden und welche nicht.<\/p>\n<p>Cookies sind f\u00fcr das Funktionieren des Internets unerl\u00e4sslich und bieten zahlreiche Vorteile bei der Bereitstellung interaktiver Dienste, die die Navigation und die Benutzerfreundlichkeit unserer Website erleichtern. Bitte beachten Sie, dass Cookies Ihrem Computer keinen Schaden zuf\u00fcgen k\u00f6nnen und dass sie, wenn sie aktiviert sind, uns helfen, Fehler zu erkennen und zu beheben.<\/p>\n<p>Die folgenden Informationen sollen Ihnen helfen, die verschiedenen Arten von Cookies zu verstehen:<\/p>\n<ul>\n<li><b>Sitzungscookies:<\/b> Es handelt sich um tempor\u00e4re Cookies, die in der Cookie-Datei Ihres Browsers verbleiben, bis Sie die Website verlassen, so dass keine von ihnen auf der Festplatte des Nutzers registriert werden. Die durch diese Cookies gewonnenen Informationen werden zur Analyse des Internetverkehrs verwendet. Letztendlich k\u00f6nnen wir so die Inhalte verbessern und die Nutzung einfacher gestalten.<\/li>\n<li><b>Dauerhafte Cookies:<\/b> Diese werden auf Ihrer Festplatte gespeichert und von unserer Website bei jedem erneuten Besuch gelesen. Ein dauerhafter Cookie hat ein festes Verfallsdatum. Nach diesem Datum wird der Cookie nicht mehr funktionieren.<\/li>\n<\/ul>\n<p>Im Folgenden ver\u00f6ffentlichen wir eine Liste der wichtigsten Cookies, die auf unserer Website verwendet werden, wobei wir zwischen ihnen unterscheiden:<\/p>\n<ul>\n<li><b>Cookies, die unbedingt erforderlich sind<\/b>, z. B. solche, die f\u00fcr ein korrektes Surfen verwendet werden, oder solche, die vom Nutzer angeforderte Dienste erm\u00f6glichen, oder Cookies, die verwendet werden, um sicherzustellen, dass der Inhalt der Website effizient geladen wird.<\/li>\n<li><b>Cookies von Drittanbietern<\/b>, wie z. B. die von sozialen Netzwerken oder externen Inhalts-Plugins verwendeten.<\/li>\n<li><b>Analytische Cookies<\/b> Zu regelm\u00e4\u00dfigen Wartungszwecken und um den bestm\u00f6glichen Service f\u00fcr den Nutzer zu gew\u00e4hrleisten, verwenden Websites in der Regel &#8222;analytische&#8220; Cookies, um statistische Daten \u00fcber die Aktivit\u00e4ten zu sammeln.<\/li>\n<\/ul>\n<p><b>Zus\u00e4tzliche Garantien &#8211; Cookie-Verwaltung:<\/b><\/p>\n<p><span style=\"font-weight: 400;\">Erg\u00e4nzend zu den oben beschriebenen Garantien kann die Registrierung von Cookies davon abh\u00e4ngig gemacht werden, dass diese bei der Installation oder Aktualisierung des verwendeten Browsers akzeptiert werden, und diese Akzeptanz kann jederzeit \u00fcber die verf\u00fcgbaren Konfigurationsoptionen f\u00fcr Inhalte und Datenschutz widerrufen werden.<\/span><\/p>\n<p><span style=\"font-weight: 400;\">Bei vielen Browsern k\u00f6nnen Sie einen privaten Modus aktivieren, in dem die Cookies nach Ihrem Besuch immer gel\u00f6scht werden. Je nach Browser kann dieser private Modus unterschiedliche Namen haben. Nachfolgend finden Sie eine Liste der g\u00e4ngigsten Browser und die verschiedenen Bezeichnungen f\u00fcr diesen &#8222;privaten Modus&#8220;:<\/span><\/p>\n<p><b>Internet Explorer 8<\/b><span style=\"font-weight: 400;\"> und h\u00f6her; InPrivate <\/span><b>Safari 2<\/b><span style=\"font-weight: 400;\"> und h\u00f6her; Private Browsing <\/span><b>Opera 10.5 und h\u00f6her<\/b><span style=\"font-weight: 400;\"> und h\u00f6her; Private Browsing <\/span><b>FireFox 3.5<\/b><span style=\"font-weight: 400;\"> und h\u00f6her; Private Browsing <\/span><b>Google Chrome 10<\/b><span style=\"font-weight: 400;\"> und h\u00f6her; Inkognito<\/span><\/p>\n<p><b>Das ist wichtig:<\/b><span style=\"font-weight: 400;\">  Bitte lesen Sie den Hilfebereich Ihres Browsers sorgf\u00e4ltig durch, um mehr dar\u00fcber zu erfahren, wie Sie den &#8222;privaten Modus&#8220; aktivieren k\u00f6nnen. Sie k\u00f6nnen unsere Website auch dann noch besuchen, wenn sich Ihr Browser im &#8222;privaten Modus&#8220; befindet.   <\/span><b>Es kann jedoch sein, dass die Navigation auf unserer Website nicht optimal ist und dass einige Dienstprogramme nicht richtig funktionieren.<\/b><span style=\"font-weight: 400;\">.<\/span><\/p>\n<p><b>LISTE UND BESCHREIBUNG DER COOKIES, DIE WIR AUF UNSERER WEBSITE VERWENDEN:<\/b><\/p>\n<p>Die nachstehende Tabelle gibt einen \u00dcberblick \u00fcber die Cookies, die wir auf unserer Website verwenden:<\/p>\n<table border=\"1\">\n<tbody>\n<tr>\n<td><span style=\"color: #ffffff;\"><b>Keks<\/b><\/span><\/td>\n<td><span style=\"color: #ffffff;\"><b>Name<\/b><\/span><\/td>\n<td><span style=\"color: #ffffff;\"><b>Zweck \/ Weitere Informationen<\/b><\/span><\/td>\n<td><span style=\"color: #ffffff;\"><b>Ablauf<\/b><\/span><\/td>\n<\/tr>\n<tr>\n<td> <\/td>\n<td><span style=\"color: #ffffff;\">419\u00aa6F17ACB<\/span><br><span style=\"color: #ffffff;\">2CAC9810D93<\/span><br><span style=\"color: #ffffff;\">1150D119930<\/span><\/td>\n<td><span style=\"color: #ffffff;\">Dieser Cookie ist ein vom Server bereitgestellter Sitzungsidentifikator.<\/span><\/td>\n<td> <\/td>\n<\/tr>\n<tr>\n<td> <\/td>\n<td><span style=\"color: #ffffff;\">cookieaccept<\/span><\/td>\n<td><span style=\"color: #ffffff;\">Speichert das Einverst\u00e4ndnis des Nutzers mit der Installation von Cookies, damit die gleiche Meldung nicht wiederholt angezeigt wird.<\/span><\/td>\n<td><span style=\"color: #ffffff;\">1 Jahr<\/span><\/td>\n<\/tr>\n<tr>\n<td><span style=\"color: #ffffff;\">Google Analytics<\/span><\/td>\n<td><span style=\"color: #ffffff;\">_utma<\/span><\/td>\n<td><span style=\"color: #ffffff;\"><b>DATENSCHUTZ DATAX, SL<\/b> unterst\u00fctzt die Verwendung von Google Analytics auf der Website, um die auf ihr durchgef\u00fchrten Aktivit\u00e4ten zu \u00fcberwachen.<\/span><\/td>\n<td><span style=\"color: #ffffff;\">2 Jahre<\/span><\/td>\n<\/tr>\n<tr>\n<td> <\/td>\n<td><span style=\"color: #ffffff;\">_utmb<\/span><\/td>\n<td><span style=\"color: #ffffff;\">Google-Analytics-Cookies sammeln Standard-Protokollinformationen und Daten \u00fcber Besuchergewohnheiten in anonymer Form.<\/span><\/td>\n<td><span style=\"color: #ffffff;\">30 Minuten<\/span><\/td>\n<\/tr>\n<tr>\n<td> <\/td>\n<td><span style=\"color: #ffffff;\">_utmc<\/span><\/td>\n<td><span style=\"color: #ffffff;\">Ermittelt, ob eine neue Sitzung aufgebaut werden muss<\/span><\/td>\n<td><span style=\"color: #ffffff;\">Sitzung<\/span><\/td>\n<\/tr>\n<tr>\n<td> <\/td>\n<td><span style=\"color: #ffffff;\">_utmt<\/span><\/td>\n<td><span style=\"color: #ffffff;\">Wird verwendet, um die Art der vom Benutzer angeforderten Anfrage zu verarbeiten.<\/span><\/td>\n<td><span style=\"color: #ffffff;\">Sitzung<\/span><\/td>\n<\/tr>\n<tr>\n<td> <\/td>\n<td><span style=\"color: #ffffff;\">_utmz<\/span><\/td>\n<td><span style=\"color: #ffffff;\">Speichert die Herkunft des Besuchers und den Pfad, \u00fcber den er zur Website gelangt ist.<\/span><\/td>\n<td><span style=\"color: #ffffff;\">6 Monate<\/span><\/td>\n<\/tr>\n<tr>\n<td> <\/td>\n<td><span style=\"color: #ffffff;\">_ga<\/span><\/td>\n<td><span style=\"color: #ffffff;\">Dient zur Unterscheidung von Benutzern.<\/span><\/td>\n<td><span style=\"color: #ffffff;\">2 Jahre<\/span><\/td>\n<\/tr>\n<tr>\n<td>&nbsp;<\/td>\n<td><span style=\"color: #ffffff;\">_gat<\/span><\/td>\n<td><span style=\"color: #ffffff;\">Dient zur Unterscheidung zwischen den verschiedenen in der Sitzung erstellten Tracking-Objekten. Das Cookie wird erstellt, wenn die Javascript-Bibliothek geladen wird und es keine vorherige Version des _gat-Cookies gibt. Das Cookie wird jedes Mal aktualisiert, wenn Sie Daten an Google Analytics senden.<\/span><\/td>\n<td><span style=\"color: #ffffff;\">10 Minuten<\/span><\/td>\n<\/tr>\n<tr>\n<td><span style=\"color: #ffffff;\">Cookies google.de<\/span><\/td>\n<td><span style=\"color: #ffffff;\">PREF<\/span><\/td>\n<td><span style=\"color: #ffffff;\">Die Nutzung von Standortdiensten wie Google Maps setzt die Installation dieser Cookies voraus.<\/span><\/td>\n<td><span style=\"color: #ffffff;\">2 Jahre<\/span><\/td>\n<\/tr>\n<tr>\n<td> <\/td>\n<td><span style=\"color: #ffffff;\">APISID<\/span><\/td>\n<td><span style=\"color: #ffffff;\">Sie werden verwendet, um sich die Benutzerpr\u00e4ferenzen w\u00e4hrend des Browsens zu merken.<\/span><\/td>\n<td><span style=\"color: #ffffff;\">2 Jahre<\/span><\/td>\n<\/tr>\n<tr>\n<td> <\/td>\n<td><span style=\"color: #ffffff;\">SAPISID<\/span><\/td>\n<td> <\/td>\n<td><span style=\"color: #ffffff;\">2 Jahre<\/span><\/td>\n<\/tr>\n<tr>\n<td> <\/td>\n<td><span style=\"color: #ffffff;\">SSID<\/span><\/td>\n<td><span style=\"color: #ffffff;\">Auch f\u00fcr Googles Z\u00e4hlung der Anzahl der Nutzer, die die Karten verwenden.<\/span><\/td>\n<td><span style=\"color: #ffffff;\">2 Jahre<\/span><\/td>\n<\/tr>\n<tr>\n<td> <\/td>\n<td><span style=\"color: #ffffff;\">NID<\/span><\/td>\n<td><span style=\"color: #ffffff;\">So machen Sie Werbung attraktiver<\/span><\/td>\n<td><span style=\"color: #ffffff;\">6 Monate<\/span><\/td>\n<\/tr>\n<tr>\n<td> <\/td>\n<td><span style=\"color: #ffffff;\">HSID, SID<\/span><\/td>\n<td><span style=\"color: #ffffff;\">Und um Sicherheitsmechanismen bereitzustellen, die den unbefugten Zugriff auf Benutzerzugangsdaten oder von Benutzern in Kontaktformularen bereitgestellte Informationen verhindern.<\/span><\/td>\n<td><span style=\"color: #ffffff;\">2 Jahre<\/span><\/td>\n<\/tr>\n<tr>\n<td><span style=\"color: #ffffff;\">Facebook Cookies<\/span><\/td>\n<td><span style=\"color: #ffffff;\">Lu, cuser, csm, fr, s, xs<\/span><\/td>\n<td><span style=\"color: #ffffff;\">Ihr Zweck wird unter <a style=\"color: #ffffff;\" href=\"https:\/\/www.facebook.com\/policies\/cookies\/\" target=\"_blank\" rel=\"noopener\">www.facebook.com\/ help\/cookies<\/a> beschrieben.<\/span><\/td>\n<td> <\/td>\n<\/tr>\n<tr>\n<td><span style=\"color: #ffffff;\">Google-Konto<\/span><\/td>\n<td><span style=\"color: #ffffff;\">L\u00dcCKEN, LSID, LSOSID, UTMA, UTZ<\/span><\/td>\n<td><span style=\"color: #ffffff;\">Google+-Tool mit Aktionsschaltfl\u00e4chen, mit denen der Nutzer Inhalte \u00fcber Google+ teilen kann. Diese Cookies erm\u00f6glichen es Google, zu erkennen, ob die Website mit dieser Schaltfl\u00e4che geteilt wird. Weitere Informationen zu den Cookies von Google finden Sie unter&nbsp;<a style=\"color: #ffffff;\" href=\"http:\/\/www.google.com\/intl\/es\/policies\/technologies\/types\" target=\"_blank\" rel=\"noopener\">www.google.com\/intl\/es\/ Richtlinien\/Technologien\/Typen<\/a> (Englisch)<\/span><\/td>\n<td>&nbsp;<\/td>\n<\/tr>\n<tr>\n<td><span style=\"color: #ffffff;\">GOOGLE APIS<\/span><\/td>\n<td>&nbsp;<\/td>\n<td><span style=\"color: #ffffff;\">Diese Google Maps-Cookies speichern die Herkunft des Nutzers sowie die Schl\u00fcsselw\u00f6rter. Es wird auch ein eindeutiges Pr\u00e4fix generiert, mit dem gez\u00e4hlt wird, wie oft ein Benutzer die Website besucht.&nbsp;<a style=\"color: #ffffff;\" href=\"http:\/\/www.google.com\/intl\/es\/policies\/technologies\/types\" target=\"_blank\" rel=\"noopener\">www.google.com\/intl\/es\/ Richtlinien\/Technologien\/Typen<\/a> (Englisch)<\/span><\/td>\n<td>&nbsp;<\/td>\n<\/tr>\n<\/tbody>\n<\/table>\t\t\t\t\t\t\t\t<\/div>\n\t\t\t\t<\/div>\n\t\t\t\t\t<\/div>\n\t\t<\/div>\n\t\t\t\t\t<\/div>\n\t\t<\/section>\n\t\t\t\t<section class=\"elementor-section elementor-top-section elementor-element elementor-element-570847f2 elementor-section-boxed elementor-section-height-default elementor-section-height-default\" data-id=\"570847f2\" data-element_type=\"section\" data-e-type=\"section\" data-settings=\"{&quot;background_background&quot;:&quot;classic&quot;}\">\n\t\t\t\t\t\t<div class=\"elementor-container elementor-column-gap-extended\">\n\t\t\t\t\t<div class=\"elementor-column elementor-col-100 elementor-top-column elementor-element elementor-element-46a5d2bd sc_inner_width_none sc_layouts_column_icons_position_left\" data-id=\"46a5d2bd\" data-element_type=\"column\" data-e-type=\"column\">\n\t\t\t<div class=\"elementor-widget-wrap elementor-element-populated\">\n\t\t\t\t\t\t<div class=\"elementor-element elementor-element-56197f0 sc_fly_static elementor-widget elementor-widget-spacer\" data-id=\"56197f0\" data-element_type=\"widget\" data-e-type=\"widget\" data-widget_type=\"spacer.default\">\n\t\t\t\t<div class=\"elementor-widget-container\">\n\t\t\t\t\t\t\t<div class=\"elementor-spacer\">\n\t\t\t<div class=\"elementor-spacer-inner\"><\/div>\n\t\t<\/div>\n\t\t\t\t\t\t<\/div>\n\t\t\t\t<\/div>\n\t\t\t\t\t<\/div>\n\t\t<\/div>\n\t\t\t\t\t<\/div>\n\t\t<\/section>\n\t\t\t\t<\/div>\n\t\t","protected":false},"excerpt":{"rendered":"<p>Cookies-Politik Ein &#8222;Cookie&#8220; ist eine kleine Datei, die auf dem Computer des Nutzers gespeichert wird und es uns erm\u00f6glicht, den Nutzer zu erkennen. Die Cookies helfen uns, die Qualit\u00e4t unserer Website zu verbessern, indem wir verfolgen k\u00f6nnen, welche Seiten unsere Nutzer n\u00fctzlich finden und welche nicht. Cookies sind f\u00fcr das Funktionieren des Internets unerl\u00e4sslich und bieten zahlreiche Vorteile bei der Bereitstellung interaktiver Dienste, die die Navigation und die Benutzerfreundlichkeit unserer Website erleichtern. Bitte beachten Sie, dass Cookies Ihrem Computer keinen&hellip;<\/p>\n","protected":false},"author":1,"featured_media":0,"parent":0,"menu_order":0,"comment_status":"closed","ping_status":"closed","template":"","meta":{"_monsterinsights_skip_tracking":false,"_monsterinsights_sitenote_active":false,"_monsterinsights_sitenote_note":"","_monsterinsights_sitenote_category":0,"_joinchat":[],"footnotes":""},"class_list":["post-8366","page","type-page","status-publish","hentry"],"yoast_head":"<!-- This site is optimized with the Yoast SEO plugin v26.8 - https:\/\/yoast.com\/product\/yoast-seo-wordpress\/ -->\n<title>Cookie-Richtlinie - Martinez Caballero Abogados<\/title>\n<meta name=\"description\" content=\"Hier finden Sie die Cookie-Richtlinien von Martinez Caballero Abogados. Alles \u00fcber die von uns verwendeten Cookies und die von uns verwendeten Informationen\" \/>\n<meta name=\"robots\" content=\"index, follow, max-snippet:-1, max-image-preview:large, max-video-preview:-1\" \/>\n<link rel=\"canonical\" href=\"https:\/\/martinezcaballeroabogados.com\/de\/cookies-politik\/\" \/>\n<meta property=\"og:locale\" content=\"de_DE\" \/>\n<meta property=\"og:type\" content=\"article\" \/>\n<meta property=\"og:title\" content=\"Cookie-Richtlinie - Martinez Caballero Abogados\" \/>\n<meta property=\"og:description\" content=\"Hier finden Sie die Cookie-Richtlinien von Martinez Caballero Abogados. Alles \u00fcber die von uns verwendeten Cookies und die von uns verwendeten Informationen\" \/>\n<meta property=\"og:url\" content=\"https:\/\/martinezcaballeroabogados.com\/de\/cookies-politik\/\" \/>\n<meta property=\"og:site_name\" content=\"Martinez Caballero Abogados\" \/>\n<meta property=\"article:publisher\" content=\"https:\/\/www.facebook.com\/martinezcaballeroabogados\/\" \/>\n<meta property=\"article:modified_time\" content=\"2025-06-30T10:25:19+00:00\" \/>\n<meta name=\"twitter:card\" content=\"summary_large_image\" \/>\n<meta name=\"twitter:site\" content=\"@MC_abogados_\" \/>\n<meta name=\"twitter:label1\" content=\"Gesch\u00e4tzte Lesezeit\" \/>\n\t<meta name=\"twitter:data1\" content=\"5\u00a0Minuten\" \/>\n<script type=\"application\/ld+json\" class=\"yoast-schema-graph\">{\"@context\":\"https:\/\/schema.org\",\"@graph\":[{\"@type\":\"WebPage\",\"@id\":\"https:\/\/martinezcaballeroabogados.com\/de\/cookies-politik\/\",\"url\":\"https:\/\/martinezcaballeroabogados.com\/de\/cookies-politik\/\",\"name\":\"Cookie-Richtlinie - Martinez Caballero Abogados\",\"isPartOf\":{\"@id\":\"https:\/\/martinezcaballeroabogados.com\/de\/#website\"},\"datePublished\":\"2020-03-04T22:59:31+00:00\",\"dateModified\":\"2025-06-30T10:25:19+00:00\",\"description\":\"Hier finden Sie die Cookie-Richtlinien von Martinez Caballero Abogados. Alles \u00fcber die von uns verwendeten Cookies und die von uns verwendeten Informationen\",\"breadcrumb\":{\"@id\":\"https:\/\/martinezcaballeroabogados.com\/de\/cookies-politik\/#breadcrumb\"},\"inLanguage\":\"de\",\"potentialAction\":[{\"@type\":\"ReadAction\",\"target\":[\"https:\/\/martinezcaballeroabogados.com\/de\/cookies-politik\/\"]}]},{\"@type\":\"BreadcrumbList\",\"@id\":\"https:\/\/martinezcaballeroabogados.com\/de\/cookies-politik\/#breadcrumb\",\"itemListElement\":[{\"@type\":\"ListItem\",\"position\":1,\"name\":\"Portada\",\"item\":\"https:\/\/martinezcaballeroabogados.com\/de\/anwalte-in-barcelona\/\"},{\"@type\":\"ListItem\",\"position\":2,\"name\":\"Cookies-Politik\"}]},{\"@type\":\"WebSite\",\"@id\":\"https:\/\/martinezcaballeroabogados.com\/de\/#website\",\"url\":\"https:\/\/martinezcaballeroabogados.com\/de\/\",\"name\":\"Martinez & Caballero Abogados\",\"description\":\"Umfassende Rechtsberatung in Barcelona\",\"publisher\":{\"@id\":\"https:\/\/martinezcaballeroabogados.com\/de\/#organization\"},\"potentialAction\":[{\"@type\":\"SearchAction\",\"target\":{\"@type\":\"EntryPoint\",\"urlTemplate\":\"https:\/\/martinezcaballeroabogados.com\/de\/?s={search_term_string}\"},\"query-input\":{\"@type\":\"PropertyValueSpecification\",\"valueRequired\":true,\"valueName\":\"search_term_string\"}}],\"inLanguage\":\"de\"},{\"@type\":\"Organization\",\"@id\":\"https:\/\/martinezcaballeroabogados.com\/de\/#organization\",\"name\":\"Martinez & Caballero Abogados\",\"url\":\"https:\/\/martinezcaballeroabogados.com\/de\/\",\"logo\":{\"@type\":\"ImageObject\",\"inLanguage\":\"de\",\"@id\":\"https:\/\/martinezcaballeroabogados.com\/de\/#\/schema\/logo\/image\/\",\"url\":\"https:\/\/martinezcaballeroabogados.com\/wp-content\/uploads\/2020\/02\/cropped-cropped-logo-mc-abogados-web-1-e1497812507401-1.png\",\"contentUrl\":\"https:\/\/martinezcaballeroabogados.com\/wp-content\/uploads\/2020\/02\/cropped-cropped-logo-mc-abogados-web-1-e1497812507401-1.png\",\"width\":300,\"height\":150,\"caption\":\"Martinez & Caballero Abogados\"},\"image\":{\"@id\":\"https:\/\/martinezcaballeroabogados.com\/de\/#\/schema\/logo\/image\/\"},\"sameAs\":[\"https:\/\/www.facebook.com\/martinezcaballeroabogados\/\",\"https:\/\/x.com\/MC_abogados_\",\"https:\/\/www.instagram.com\/extranjeriabarcelonaabogados\/\"]}]}<\/script>\n<!-- \/ Yoast SEO plugin. -->","yoast_head_json":{"title":"Cookie-Richtlinie - Martinez Caballero Abogados","description":"Hier finden Sie die Cookie-Richtlinien von Martinez Caballero Abogados. Alles \u00fcber die von uns verwendeten Cookies und die von uns verwendeten Informationen","robots":{"index":"index","follow":"follow","max-snippet":"max-snippet:-1","max-image-preview":"max-image-preview:large","max-video-preview":"max-video-preview:-1"},"canonical":"https:\/\/martinezcaballeroabogados.com\/de\/cookies-politik\/","og_locale":"de_DE","og_type":"article","og_title":"Cookie-Richtlinie - Martinez Caballero Abogados","og_description":"Hier finden Sie die Cookie-Richtlinien von Martinez Caballero Abogados. Alles \u00fcber die von uns verwendeten Cookies und die von uns verwendeten Informationen","og_url":"https:\/\/martinezcaballeroabogados.com\/de\/cookies-politik\/","og_site_name":"Martinez Caballero Abogados","article_publisher":"https:\/\/www.facebook.com\/martinezcaballeroabogados\/","article_modified_time":"2025-06-30T10:25:19+00:00","twitter_card":"summary_large_image","twitter_site":"@MC_abogados_","twitter_misc":{"Gesch\u00e4tzte Lesezeit":"5\u00a0Minuten"},"schema":{"@context":"https:\/\/schema.org","@graph":[{"@type":"WebPage","@id":"https:\/\/martinezcaballeroabogados.com\/de\/cookies-politik\/","url":"https:\/\/martinezcaballeroabogados.com\/de\/cookies-politik\/","name":"Cookie-Richtlinie - Martinez Caballero Abogados","isPartOf":{"@id":"https:\/\/martinezcaballeroabogados.com\/de\/#website"},"datePublished":"2020-03-04T22:59:31+00:00","dateModified":"2025-06-30T10:25:19+00:00","description":"Hier finden Sie die Cookie-Richtlinien von Martinez Caballero Abogados. Alles \u00fcber die von uns verwendeten Cookies und die von uns verwendeten Informationen","breadcrumb":{"@id":"https:\/\/martinezcaballeroabogados.com\/de\/cookies-politik\/#breadcrumb"},"inLanguage":"de","potentialAction":[{"@type":"ReadAction","target":["https:\/\/martinezcaballeroabogados.com\/de\/cookies-politik\/"]}]},{"@type":"BreadcrumbList","@id":"https:\/\/martinezcaballeroabogados.com\/de\/cookies-politik\/#breadcrumb","itemListElement":[{"@type":"ListItem","position":1,"name":"Portada","item":"https:\/\/martinezcaballeroabogados.com\/de\/anwalte-in-barcelona\/"},{"@type":"ListItem","position":2,"name":"Cookies-Politik"}]},{"@type":"WebSite","@id":"https:\/\/martinezcaballeroabogados.com\/de\/#website","url":"https:\/\/martinezcaballeroabogados.com\/de\/","name":"Martinez & Caballero Abogados","description":"Umfassende Rechtsberatung in Barcelona","publisher":{"@id":"https:\/\/martinezcaballeroabogados.com\/de\/#organization"},"potentialAction":[{"@type":"SearchAction","target":{"@type":"EntryPoint","urlTemplate":"https:\/\/martinezcaballeroabogados.com\/de\/?s={search_term_string}"},"query-input":{"@type":"PropertyValueSpecification","valueRequired":true,"valueName":"search_term_string"}}],"inLanguage":"de"},{"@type":"Organization","@id":"https:\/\/martinezcaballeroabogados.com\/de\/#organization","name":"Martinez & Caballero Abogados","url":"https:\/\/martinezcaballeroabogados.com\/de\/","logo":{"@type":"ImageObject","inLanguage":"de","@id":"https:\/\/martinezcaballeroabogados.com\/de\/#\/schema\/logo\/image\/","url":"https:\/\/martinezcaballeroabogados.com\/wp-content\/uploads\/2020\/02\/cropped-cropped-logo-mc-abogados-web-1-e1497812507401-1.png","contentUrl":"https:\/\/martinezcaballeroabogados.com\/wp-content\/uploads\/2020\/02\/cropped-cropped-logo-mc-abogados-web-1-e1497812507401-1.png","width":300,"height":150,"caption":"Martinez & Caballero Abogados"},"image":{"@id":"https:\/\/martinezcaballeroabogados.com\/de\/#\/schema\/logo\/image\/"},"sameAs":["https:\/\/www.facebook.com\/martinezcaballeroabogados\/","https:\/\/x.com\/MC_abogados_","https:\/\/www.instagram.com\/extranjeriabarcelonaabogados\/"]}]}},"_links":{"self":[{"href":"https:\/\/martinezcaballeroabogados.com\/de\/wp-json\/wp\/v2\/pages\/8366","targetHints":{"allow":["GET"]}}],"collection":[{"href":"https:\/\/martinezcaballeroabogados.com\/de\/wp-json\/wp\/v2\/pages"}],"about":[{"href":"https:\/\/martinezcaballeroabogados.com\/de\/wp-json\/wp\/v2\/types\/page"}],"author":[{"embeddable":true,"href":"https:\/\/martinezcaballeroabogados.com\/de\/wp-json\/wp\/v2\/users\/1"}],"replies":[{"embeddable":true,"href":"https:\/\/martinezcaballeroabogados.com\/de\/wp-json\/wp\/v2\/comments?post=8366"}],"version-history":[{"count":5,"href":"https:\/\/martinezcaballeroabogados.com\/de\/wp-json\/wp\/v2\/pages\/8366\/revisions"}],"predecessor-version":[{"id":21565,"href":"https:\/\/martinezcaballeroabogados.com\/de\/wp-json\/wp\/v2\/pages\/8366\/revisions\/21565"}],"wp:attachment":[{"href":"https:\/\/martinezcaballeroabogados.com\/de\/wp-json\/wp\/v2\/media?parent=8366"}],"curies":[{"name":"wp","href":"https:\/\/api.w.org\/{rel}","templated":true}]}}