{"id":23605,"date":"2025-10-03T09:39:27","date_gmt":"2025-10-03T09:39:27","guid":{"rendered":"https:\/\/martinezcaballeroabogados.com\/erste-beratung-und-bedingungen\/"},"modified":"2025-10-03T09:49:52","modified_gmt":"2025-10-03T09:49:52","slug":"erste-beratung-und-bedingungen","status":"publish","type":"page","link":"https:\/\/martinezcaballeroabogados.com\/de\/erste-beratung-und-bedingungen\/","title":{"rendered":"Erste Beratung und Bedingungen"},"content":{"rendered":"\t\t<div data-elementor-type=\"wp-page\" data-elementor-id=\"23605\" class=\"elementor elementor-23605 elementor-23586\" data-elementor-post-type=\"page\">\n\t\t\t\t\t\t<section class=\"elementor-section elementor-top-section elementor-element elementor-element-1f0604aa elementor-section-boxed elementor-section-height-default elementor-section-height-default\" data-id=\"1f0604aa\" data-element_type=\"section\" data-e-type=\"section\">\n\t\t\t\t\t\t<div class=\"elementor-container elementor-column-gap-extended\">\n\t\t\t\t\t<div class=\"elementor-column elementor-col-100 elementor-top-column elementor-element elementor-element-15c65bef sc_inner_width_none sc_layouts_column_icons_position_left\" data-id=\"15c65bef\" data-element_type=\"column\" data-e-type=\"column\">\n\t\t\t<div class=\"elementor-widget-wrap elementor-element-populated\">\n\t\t\t\t\t\t<div class=\"elementor-element elementor-element-36fa305 sc_fly_static elementor-widget elementor-widget-spacer\" data-id=\"36fa305\" data-element_type=\"widget\" data-e-type=\"widget\" data-widget_type=\"spacer.default\">\n\t\t\t\t<div class=\"elementor-widget-container\">\n\t\t\t\t\t\t\t<div class=\"elementor-spacer\">\n\t\t\t<div class=\"elementor-spacer-inner\"><\/div>\n\t\t<\/div>\n\t\t\t\t\t\t<\/div>\n\t\t\t\t<\/div>\n\t\t\t\t<div class=\"elementor-element elementor-element-cc58771 sc_fly_static elementor-widget elementor-widget-heading\" data-id=\"cc58771\" data-element_type=\"widget\" data-e-type=\"widget\" data-widget_type=\"heading.default\">\n\t\t\t\t<div class=\"elementor-widget-container\">\n\t\t\t\t\t<h1 class=\"elementor-heading-title elementor-size-default\">POLITIK UND BEDINGUNGEN FIRST MC ADVICE<\/h1>\t\t\t\t<\/div>\n\t\t\t\t<\/div>\n\t\t\t\t<div class=\"elementor-element elementor-element-4a67828c sc_fly_static elementor-widget elementor-widget-text-editor\" data-id=\"4a67828c\" data-element_type=\"widget\" data-e-type=\"widget\" data-widget_type=\"text-editor.default\">\n\t\t\t\t<div class=\"elementor-widget-container\">\n\t\t\t\t\t\t\t\t\t<p><b style=\"font-family: inherit; font-size: 14.8571px; font-style: inherit; letter-spacing: 0px;\">Bedingungen f\u00fcr die erste Rechtsberatung<\/b><\/p>\n<ol>\n<li><b><i>  Kosten der Beratung<\/i><\/b><\/li>\n<\/ol>\n<ul>\n<li style=\"font-weight: 400;\" aria-level=\"1\"><span style=\"font-weight: 400;\">Die Kosten f\u00fcr die Beratung bei MC Abogados f\u00fcr die Jahre 2025-2026, ob online oder pers\u00f6nlich, belaufen sich auf 60,50 \u20ac. Um einen Tag und eine Uhrzeit zu reservieren, ist eine vorherige Zahlung gem\u00e4\u00df den in den Allgemeinen Bedingungen angegebenen Zahlungsmodalit\u00e4ten erforderlich.<\/span><\/li>\n<\/ul>\n<ol start=\"2\">\n<li><b><i>  Buchungsbest\u00e4tigung<\/i><\/b><\/li>\n<\/ol>\n<p><span style=\"font-weight: 400;\">Sobald die Zahlung eingegangen ist, wird die Firma den Termin \u00fcber die \u00fcblichen Kommunikationskan\u00e4le (E-Mail, WhatsApp oder Telefonanruf) best\u00e4tigen.<\/span><\/p>\n<p><span style=\"font-weight: 400;\">Die Konfirmation umfasst:<\/span><\/p>\n<ul>\n<li style=\"font-weight: 400;\" aria-level=\"1\"><span style=\"font-weight: 400;\">Datum und Uhrzeit.<\/span><\/li>\n<li style=\"font-weight: 400;\" aria-level=\"1\"><span style=\"font-weight: 400;\">Modus (face-to-face\/virtuell).<\/span><\/li>\n<li style=\"font-weight: 400;\" aria-level=\"1\"><span style=\"font-weight: 400;\">Adresse oder Verbindungslink.<\/span><\/li>\n<li style=\"font-weight: 400;\" aria-level=\"1\"><span style=\"font-weight: 400;\">Zus\u00e4tzliche Informationen von Interesse.<\/span><\/li>\n<\/ul>\n<ol start=\"3\">\n<li><b><i>  Stornierungen und Erstattungen<\/i><\/b><\/li>\n<\/ol>\n<ul>\n<li style=\"font-weight: 400;\" aria-level=\"1\"><b>Mit vorheriger Ank\u00fcndigung:<\/b><span style=\"font-weight: 400;\"> Wenn der Kunde mindestens 24 Stunden im Voraus storniert, wird der gezahlte Betrag mit demselben Zahlungsmittel zur\u00fcckerstattet, das er benutzt hat. Sollte dies nicht m\u00f6glich sein, erfolgt die R\u00fcckerstattung in bar bei Pl. Tetu\u00e1n 40-41, Stockwerk 1, B\u00fcro 21.<\/span><\/li>\n<li style=\"font-weight: 400;\" aria-level=\"1\"><b>Bei versp\u00e4teter Benachrichtigung<\/b><span style=\"font-weight: 400;\"> (weniger als 24 Stunden): Es besteht kein Anspruch auf R\u00fcckerstattung, aber die Beratung kann innerhalb der folgenden 15 Kalendertage verschoben werden, je nach Verf\u00fcgbarkeit der Agenda. Die Beratung kann in jeder Form erfolgen (pers\u00f6nlich, virtuell oder telefonisch).<\/span><\/li>\n<li style=\"font-weight: 400;\" aria-level=\"1\"><b>Keine Benachrichtigung\/No-Show<\/b><span style=\"font-weight: 400;\">Wenn der Kunde seine Teilnahme best\u00e4tigt, aber nicht erscheint oder sich nicht im virtuellen Modus anmeldet oder nicht im B\u00fcro erscheint, gilt der Termin nach 15 Minuten Wartezeit als abgesagt. In diesem Fall besteht kein Anspruch auf R\u00fcckerstattung und es wird eine neue Beratungsgeb\u00fchr berechnet.<\/span><\/li>\n<\/ul>\n<ol start=\"4\">\n<li><b><i>  \u00c4nderungen durch die Versendung<\/i><\/b><\/li>\n<\/ol>\n<p><span style=\"font-weight: 400;\">Das B\u00fcro kann das Datum und die Uhrzeit der ersten Beratung mit einer Vorank\u00fcndigung von mindestens 48 Stunden \u00e4ndern.<\/span><\/p>\n<p><span style=\"font-weight: 400;\">In diesem Fall:<\/span><\/p>\n<ul>\n<li style=\"font-weight: 400;\" aria-level=\"1\"><span style=\"font-weight: 400;\">Dem Kunden wird eine vorrangige Umplanung pers\u00f6nlich, virtuell oder per Telefon angeboten.<\/span><\/li>\n<li style=\"font-weight: 400;\" aria-level=\"1\"><span style=\"font-weight: 400;\">Wenn der Kunde den vorgeschlagenen neuen Termin nicht akzeptiert, hat er Anspruch auf eine vollst\u00e4ndige Erstattung des gezahlten Betrags.<\/span><\/li>\n<\/ul>\n<ol start=\"5\">\n<li><b><i>  Akzeptanz der Bedingungen<\/i><\/b><\/li>\n<\/ol>\n<p><span style=\"font-weight: 400;\">Die Zahlung der ersten Beratung impliziert die ausdr\u00fcckliche Annahme dieser besonderen Bedingungen und der Allgemeinen Gesch\u00e4ftsbedingungen der Firma.<\/span><\/p>\n<p><b>G\u00fcltigkeit des Budgets<\/b><\/p>\n<ol>\n<li><b>  G\u00fcltigkeit<\/b><\/li>\n<\/ol>\n<ul>\n<li style=\"font-weight: 400;\" aria-level=\"1\"><span style=\"font-weight: 400;\">Alle von Mart\u00ednez Caballero Abogados abgegebenen Angebote haben eine G\u00fcltigkeit von 15 Kalendertagen ab dem Datum der Abgabe.<\/span><\/li>\n<li style=\"font-weight: 400;\" aria-level=\"1\"><span style=\"font-weight: 400;\">Wenn der Kunde innerhalb dieser Frist zahlt, bleiben der vereinbarte Betrag und die Konditionen bestehen.<\/span><\/li>\n<\/ul>\n<ol start=\"2\">\n<li><b>  R\u00fcckwirkung<\/b><\/li>\n<\/ol>\n<p><span style=\"font-weight: 400;\">Ein Budget kann r\u00fcckwirkend bis zu maximal 3 Monate vor seiner Ausgabe angewandt werden, vorausgesetzt, dass:<br><\/span><span style=\"font-size: 14.8571px; font-weight: 400; letter-spacing: 0px;\"><br>a<\/span><span style=\"font-size: 14.8571px; letter-spacing: 0px;\">\n  <b>)<\/b>\n<\/span><span style=\"font-size: 14.8571px; font-weight: 400; letter-spacing: 0px;\">  Der Kunde legt Unterlagen vor, die den Antrag unterst\u00fctzen.<br><\/span> <g id=\"gid_4\">b<\/g><g id=\"gid_5\">\n  <g id=\"gid_6\">)<\/g>\n<\/g><g id=\"gid_7\"><x id=\"gid_8\"><\/x> Ein Partner oder Manager der Firma genehmigt die R\u00fcckwirkung.<br><\/g> <span style=\"font-size: 14.8571px; font-weight: 400; letter-spacing: 0px;\">c<\/span><span style=\"font-size: 14.8571px; letter-spacing: 0px;\">\n  <b>) <\/b>\n<\/span><span style=\"font-size: 14.8571px; font-weight: 400; letter-spacing: 0px;\"> Das Budget wird je nach den in diesem Zeitraum tats\u00e4chlich erbrachten Leistungen angepasst.<\/span><\/p>\n<ol start=\"3\">\n<li><b>  Validierung<\/b><\/li>\n<\/ol>\n<p><span style=\"font-weight: 400;\">Um ein Angebot zu validieren, muss der Kunde:<\/span><\/p>\n<ul>\n<li style=\"font-weight: 400;\" aria-level=\"1\"><span style=\"font-weight: 400;\">Best\u00e4tigen Sie Ihre Annahme schriftlich (per E-Mail oder mit Ihrer Unterschrift).<\/span><\/li>\n<li style=\"font-weight: 400;\" aria-level=\"1\"><span style=\"font-weight: 400;\">Nehmen Sie die Zahlung innerhalb der G\u00fcltigkeitsdauer vor.<\/span><\/li>\n<\/ul>\n<p><span style=\"font-weight: 400;\">Wenn diese Anforderungen nicht erf\u00fcllt werden, wird der Haushaltsplan ung\u00fcltig und es muss ein neuer Haushaltsplan erstellt werden.<\/span><\/p>\n<ol start=\"4\">\n<li><b>  \u00dcberpr\u00fcfung und Anpassungen<\/b><\/li>\n<\/ol>\n<p><span style=\"font-weight: 400;\">Die Firma kann die Angebote \u00e4ndern, falls:<\/span><\/p>\n<ul>\n<li style=\"font-weight: 400;\" aria-level=\"1\"><span style=\"font-weight: 400;\">\u00c4nderungen der Marktkosten.<\/span><\/li>\n<li style=\"font-weight: 400;\" aria-level=\"1\"><span style=\"font-weight: 400;\">Rechtliche oder administrative Anpassungen.<\/span><\/li>\n<li style=\"font-weight: 400;\" aria-level=\"1\"><span style=\"font-weight: 400;\">Andere relevante Umst\u00e4nde.<\/span><\/li>\n<\/ul>\n<p><span style=\"font-weight: 400;\">Der Kunde wird vor der endg\u00fcltigen Best\u00e4tigung benachrichtigt.<\/span><\/p>\n<ol start=\"5\">\n<li><b>  Akzeptanz der Politik<\/b><\/li>\n<\/ol>\n<p><span style=\"font-weight: 400;\">Die Anfrage oder Annahme eines Angebots setzt die Zustimmung des Kunden zu diesen Bedingungen voraus.<\/span><\/p>\n<ol start=\"6\">\n<li><b>  Kontakt<\/b><\/li>\n<\/ol>\n<p><span style=\"font-weight: 400;\">F\u00fcr <\/span><span style=\"font-size: 14.8571px; font-weight: 400; letter-spacing: 0px;\">Anfragen: <\/span><a href=\"mailto:info@martinezcaballeroabogados.com\" style=\"font-size: 14.8571px; background-color: rgb(255, 255, 255); letter-spacing: 0px;\">\n  <span style=\"font-weight: 400;\">info@martinezcaballeroabogados.com<\/span>\n<\/a><\/p>\n<p><span style=\"font-weight: 400;\">Telefonnummern: 936 323 236 | +34 628 379 016<\/span><\/p>\t\t\t\t\t\t\t\t<\/div>\n\t\t\t\t<\/div>\n\t\t\t\t\t<\/div>\n\t\t<\/div>\n\t\t\t\t\t<\/div>\n\t\t<\/section>\n\t\t\t\t<\/div>\n\t\t","protected":false},"excerpt":{"rendered":"<p>POLITIK UND BEDINGUNGEN FIRST MC ADVICE Bedingungen f\u00fcr die erste Rechtsberatung Kosten der Beratung Die Kosten f\u00fcr die Beratung bei MC Abogados f\u00fcr die Jahre 2025-2026, ob online oder pers\u00f6nlich, belaufen sich auf 60,50 \u20ac. Um einen Tag und eine Uhrzeit zu reservieren, ist eine vorherige Zahlung gem\u00e4\u00df den in den Allgemeinen Bedingungen angegebenen Zahlungsmodalit\u00e4ten erforderlich. Buchungsbest\u00e4tigung Sobald die Zahlung eingegangen ist, wird die Firma den Termin \u00fcber die \u00fcblichen Kommunikationskan\u00e4le (E-Mail, WhatsApp oder Telefonanruf) best\u00e4tigen. Die Konfirmation umfasst: Datum&hellip;<\/p>\n","protected":false},"author":1,"featured_media":0,"parent":0,"menu_order":0,"comment_status":"closed","ping_status":"closed","template":"","meta":{"_monsterinsights_skip_tracking":false,"_monsterinsights_sitenote_active":false,"_monsterinsights_sitenote_note":"","_monsterinsights_sitenote_category":0,"_joinchat":[],"footnotes":""},"class_list":["post-23605","page","type-page","status-publish","hentry"],"yoast_head":"<!-- This site is optimized with the Yoast SEO plugin v26.8 - https:\/\/yoast.com\/product\/yoast-seo-wordpress\/ -->\n<title>Erste Beratung und Bedingungen - Martinez Caballero Abogados<\/title>\n<meta name=\"robots\" content=\"index, follow, max-snippet:-1, max-image-preview:large, max-video-preview:-1\" \/>\n<link rel=\"canonical\" href=\"https:\/\/martinezcaballeroabogados.com\/de\/erste-beratung-und-bedingungen\/\" \/>\n<meta property=\"og:locale\" content=\"de_DE\" \/>\n<meta property=\"og:type\" content=\"article\" \/>\n<meta property=\"og:title\" content=\"Erste Beratung und Bedingungen - Martinez Caballero Abogados\" \/>\n<meta property=\"og:description\" content=\"POLITIK UND BEDINGUNGEN FIRST MC ADVICE Bedingungen f\u00fcr die erste Rechtsberatung Kosten der Beratung Die Kosten f\u00fcr die Beratung bei MC Abogados f\u00fcr die Jahre 2025-2026, ob online oder pers\u00f6nlich, belaufen sich auf 60,50 \u20ac. Um einen Tag und eine Uhrzeit zu reservieren, ist eine vorherige Zahlung gem\u00e4\u00df den in den Allgemeinen Bedingungen angegebenen Zahlungsmodalit\u00e4ten erforderlich. Buchungsbest\u00e4tigung Sobald die Zahlung eingegangen ist, wird die Firma den Termin \u00fcber die \u00fcblichen Kommunikationskan\u00e4le (E-Mail, WhatsApp oder Telefonanruf) best\u00e4tigen. Die Konfirmation umfasst: Datum&hellip;\" \/>\n<meta property=\"og:url\" content=\"https:\/\/martinezcaballeroabogados.com\/de\/erste-beratung-und-bedingungen\/\" \/>\n<meta property=\"og:site_name\" content=\"Martinez Caballero Abogados\" \/>\n<meta property=\"article:publisher\" content=\"https:\/\/www.facebook.com\/martinezcaballeroabogados\/\" \/>\n<meta property=\"article:modified_time\" content=\"2025-10-03T09:49:52+00:00\" \/>\n<meta name=\"twitter:card\" content=\"summary_large_image\" \/>\n<meta name=\"twitter:site\" content=\"@MC_abogados_\" \/>\n<meta name=\"twitter:label1\" content=\"Gesch\u00e4tzte Lesezeit\" \/>\n\t<meta name=\"twitter:data1\" content=\"3\u00a0Minuten\" \/>\n<script type=\"application\/ld+json\" class=\"yoast-schema-graph\">{\"@context\":\"https:\/\/schema.org\",\"@graph\":[{\"@type\":\"WebPage\",\"@id\":\"https:\/\/martinezcaballeroabogados.com\/de\/erste-beratung-und-bedingungen\/\",\"url\":\"https:\/\/martinezcaballeroabogados.com\/de\/erste-beratung-und-bedingungen\/\",\"name\":\"Erste Beratung und Bedingungen - Martinez Caballero Abogados\",\"isPartOf\":{\"@id\":\"https:\/\/martinezcaballeroabogados.com\/de\/#website\"},\"datePublished\":\"2025-10-03T09:39:27+00:00\",\"dateModified\":\"2025-10-03T09:49:52+00:00\",\"breadcrumb\":{\"@id\":\"https:\/\/martinezcaballeroabogados.com\/de\/erste-beratung-und-bedingungen\/#breadcrumb\"},\"inLanguage\":\"de\",\"potentialAction\":[{\"@type\":\"ReadAction\",\"target\":[\"https:\/\/martinezcaballeroabogados.com\/de\/erste-beratung-und-bedingungen\/\"]}]},{\"@type\":\"BreadcrumbList\",\"@id\":\"https:\/\/martinezcaballeroabogados.com\/de\/erste-beratung-und-bedingungen\/#breadcrumb\",\"itemListElement\":[{\"@type\":\"ListItem\",\"position\":1,\"name\":\"Portada\",\"item\":\"https:\/\/martinezcaballeroabogados.com\/de\/anwalte-in-barcelona\/\"},{\"@type\":\"ListItem\",\"position\":2,\"name\":\"Erste Beratung und Bedingungen\"}]},{\"@type\":\"WebSite\",\"@id\":\"https:\/\/martinezcaballeroabogados.com\/de\/#website\",\"url\":\"https:\/\/martinezcaballeroabogados.com\/de\/\",\"name\":\"Martinez & Caballero Abogados\",\"description\":\"Umfassende Rechtsberatung in Barcelona\",\"publisher\":{\"@id\":\"https:\/\/martinezcaballeroabogados.com\/de\/#organization\"},\"potentialAction\":[{\"@type\":\"SearchAction\",\"target\":{\"@type\":\"EntryPoint\",\"urlTemplate\":\"https:\/\/martinezcaballeroabogados.com\/de\/?s={search_term_string}\"},\"query-input\":{\"@type\":\"PropertyValueSpecification\",\"valueRequired\":true,\"valueName\":\"search_term_string\"}}],\"inLanguage\":\"de\"},{\"@type\":\"Organization\",\"@id\":\"https:\/\/martinezcaballeroabogados.com\/de\/#organization\",\"name\":\"Martinez & Caballero Abogados\",\"url\":\"https:\/\/martinezcaballeroabogados.com\/de\/\",\"logo\":{\"@type\":\"ImageObject\",\"inLanguage\":\"de\",\"@id\":\"https:\/\/martinezcaballeroabogados.com\/de\/#\/schema\/logo\/image\/\",\"url\":\"https:\/\/martinezcaballeroabogados.com\/wp-content\/uploads\/2020\/02\/cropped-cropped-logo-mc-abogados-web-1-e1497812507401-1.png\",\"contentUrl\":\"https:\/\/martinezcaballeroabogados.com\/wp-content\/uploads\/2020\/02\/cropped-cropped-logo-mc-abogados-web-1-e1497812507401-1.png\",\"width\":300,\"height\":150,\"caption\":\"Martinez & Caballero Abogados\"},\"image\":{\"@id\":\"https:\/\/martinezcaballeroabogados.com\/de\/#\/schema\/logo\/image\/\"},\"sameAs\":[\"https:\/\/www.facebook.com\/martinezcaballeroabogados\/\",\"https:\/\/x.com\/MC_abogados_\",\"https:\/\/www.instagram.com\/extranjeriabarcelonaabogados\/\"]}]}<\/script>\n<!-- \/ Yoast SEO plugin. -->","yoast_head_json":{"title":"Erste Beratung und Bedingungen - Martinez Caballero Abogados","robots":{"index":"index","follow":"follow","max-snippet":"max-snippet:-1","max-image-preview":"max-image-preview:large","max-video-preview":"max-video-preview:-1"},"canonical":"https:\/\/martinezcaballeroabogados.com\/de\/erste-beratung-und-bedingungen\/","og_locale":"de_DE","og_type":"article","og_title":"Erste Beratung und Bedingungen - Martinez Caballero Abogados","og_description":"POLITIK UND BEDINGUNGEN FIRST MC ADVICE Bedingungen f\u00fcr die erste Rechtsberatung Kosten der Beratung Die Kosten f\u00fcr die Beratung bei MC Abogados f\u00fcr die Jahre 2025-2026, ob online oder pers\u00f6nlich, belaufen sich auf 60,50 \u20ac. Um einen Tag und eine Uhrzeit zu reservieren, ist eine vorherige Zahlung gem\u00e4\u00df den in den Allgemeinen Bedingungen angegebenen Zahlungsmodalit\u00e4ten erforderlich. Buchungsbest\u00e4tigung Sobald die Zahlung eingegangen ist, wird die Firma den Termin \u00fcber die \u00fcblichen Kommunikationskan\u00e4le (E-Mail, WhatsApp oder Telefonanruf) best\u00e4tigen. Die Konfirmation umfasst: Datum&hellip;","og_url":"https:\/\/martinezcaballeroabogados.com\/de\/erste-beratung-und-bedingungen\/","og_site_name":"Martinez Caballero Abogados","article_publisher":"https:\/\/www.facebook.com\/martinezcaballeroabogados\/","article_modified_time":"2025-10-03T09:49:52+00:00","twitter_card":"summary_large_image","twitter_site":"@MC_abogados_","twitter_misc":{"Gesch\u00e4tzte Lesezeit":"3\u00a0Minuten"},"schema":{"@context":"https:\/\/schema.org","@graph":[{"@type":"WebPage","@id":"https:\/\/martinezcaballeroabogados.com\/de\/erste-beratung-und-bedingungen\/","url":"https:\/\/martinezcaballeroabogados.com\/de\/erste-beratung-und-bedingungen\/","name":"Erste Beratung und Bedingungen - Martinez Caballero Abogados","isPartOf":{"@id":"https:\/\/martinezcaballeroabogados.com\/de\/#website"},"datePublished":"2025-10-03T09:39:27+00:00","dateModified":"2025-10-03T09:49:52+00:00","breadcrumb":{"@id":"https:\/\/martinezcaballeroabogados.com\/de\/erste-beratung-und-bedingungen\/#breadcrumb"},"inLanguage":"de","potentialAction":[{"@type":"ReadAction","target":["https:\/\/martinezcaballeroabogados.com\/de\/erste-beratung-und-bedingungen\/"]}]},{"@type":"BreadcrumbList","@id":"https:\/\/martinezcaballeroabogados.com\/de\/erste-beratung-und-bedingungen\/#breadcrumb","itemListElement":[{"@type":"ListItem","position":1,"name":"Portada","item":"https:\/\/martinezcaballeroabogados.com\/de\/anwalte-in-barcelona\/"},{"@type":"ListItem","position":2,"name":"Erste Beratung und Bedingungen"}]},{"@type":"WebSite","@id":"https:\/\/martinezcaballeroabogados.com\/de\/#website","url":"https:\/\/martinezcaballeroabogados.com\/de\/","name":"Martinez & Caballero Abogados","description":"Umfassende Rechtsberatung in Barcelona","publisher":{"@id":"https:\/\/martinezcaballeroabogados.com\/de\/#organization"},"potentialAction":[{"@type":"SearchAction","target":{"@type":"EntryPoint","urlTemplate":"https:\/\/martinezcaballeroabogados.com\/de\/?s={search_term_string}"},"query-input":{"@type":"PropertyValueSpecification","valueRequired":true,"valueName":"search_term_string"}}],"inLanguage":"de"},{"@type":"Organization","@id":"https:\/\/martinezcaballeroabogados.com\/de\/#organization","name":"Martinez & Caballero Abogados","url":"https:\/\/martinezcaballeroabogados.com\/de\/","logo":{"@type":"ImageObject","inLanguage":"de","@id":"https:\/\/martinezcaballeroabogados.com\/de\/#\/schema\/logo\/image\/","url":"https:\/\/martinezcaballeroabogados.com\/wp-content\/uploads\/2020\/02\/cropped-cropped-logo-mc-abogados-web-1-e1497812507401-1.png","contentUrl":"https:\/\/martinezcaballeroabogados.com\/wp-content\/uploads\/2020\/02\/cropped-cropped-logo-mc-abogados-web-1-e1497812507401-1.png","width":300,"height":150,"caption":"Martinez & Caballero Abogados"},"image":{"@id":"https:\/\/martinezcaballeroabogados.com\/de\/#\/schema\/logo\/image\/"},"sameAs":["https:\/\/www.facebook.com\/martinezcaballeroabogados\/","https:\/\/x.com\/MC_abogados_","https:\/\/www.instagram.com\/extranjeriabarcelonaabogados\/"]}]}},"_links":{"self":[{"href":"https:\/\/martinezcaballeroabogados.com\/de\/wp-json\/wp\/v2\/pages\/23605","targetHints":{"allow":["GET"]}}],"collection":[{"href":"https:\/\/martinezcaballeroabogados.com\/de\/wp-json\/wp\/v2\/pages"}],"about":[{"href":"https:\/\/martinezcaballeroabogados.com\/de\/wp-json\/wp\/v2\/types\/page"}],"author":[{"embeddable":true,"href":"https:\/\/martinezcaballeroabogados.com\/de\/wp-json\/wp\/v2\/users\/1"}],"replies":[{"embeddable":true,"href":"https:\/\/martinezcaballeroabogados.com\/de\/wp-json\/wp\/v2\/comments?post=23605"}],"version-history":[{"count":2,"href":"https:\/\/martinezcaballeroabogados.com\/de\/wp-json\/wp\/v2\/pages\/23605\/revisions"}],"predecessor-version":[{"id":23607,"href":"https:\/\/martinezcaballeroabogados.com\/de\/wp-json\/wp\/v2\/pages\/23605\/revisions\/23607"}],"wp:attachment":[{"href":"https:\/\/martinezcaballeroabogados.com\/de\/wp-json\/wp\/v2\/media?parent=23605"}],"curies":[{"name":"wp","href":"https:\/\/api.w.org\/{rel}","templated":true}]}}