{"id":21602,"date":"2025-06-30T09:15:06","date_gmt":"2025-06-30T09:15:06","guid":{"rendered":"https:\/\/martinezcaballeroabogados.com\/schutz-vor-phishing-martinez-caballero-abogados\/"},"modified":"2025-06-30T11:12:26","modified_gmt":"2025-06-30T11:12:26","slug":"schutz-vor-phishing-martinez-caballero-abogados","status":"publish","type":"page","link":"https:\/\/martinezcaballeroabogados.com\/de\/schutz-vor-phishing-martinez-caballero-abogados\/","title":{"rendered":"Schutz vor Phishing &#8211; Martinez &amp; Caballero Abogados"},"content":{"rendered":"\t\t<div data-elementor-type=\"wp-page\" data-elementor-id=\"21602\" class=\"elementor elementor-21602 elementor-21492\" data-elementor-post-type=\"page\">\n\t\t\t\t\t\t<section class=\"elementor-section elementor-top-section elementor-element elementor-element-04902e5 elementor-section-boxed elementor-section-height-default elementor-section-height-default\" data-id=\"04902e5\" data-element_type=\"section\" data-e-type=\"section\">\n\t\t\t\t\t\t<div class=\"elementor-container elementor-column-gap-extended\">\n\t\t\t\t\t<div class=\"elementor-column elementor-col-100 elementor-top-column elementor-element elementor-element-4c66dc5 sc_inner_width_none sc_layouts_column_icons_position_left\" data-id=\"4c66dc5\" data-element_type=\"column\" data-e-type=\"column\">\n\t\t\t<div class=\"elementor-widget-wrap elementor-element-populated\">\n\t\t\t\t\t\t<div class=\"elementor-element elementor-element-015fb9f sc_fly_static elementor-widget elementor-widget-spacer\" data-id=\"015fb9f\" data-element_type=\"widget\" data-e-type=\"widget\" data-widget_type=\"spacer.default\">\n\t\t\t\t<div class=\"elementor-widget-container\">\n\t\t\t\t\t\t\t<div class=\"elementor-spacer\">\n\t\t\t<div class=\"elementor-spacer-inner\"><\/div>\n\t\t<\/div>\n\t\t\t\t\t\t<\/div>\n\t\t\t\t<\/div>\n\t\t\t\t<div class=\"elementor-element elementor-element-2229f26 sc_fly_static elementor-widget elementor-widget-heading\" data-id=\"2229f26\" data-element_type=\"widget\" data-e-type=\"widget\" data-widget_type=\"heading.default\">\n\t\t\t\t<div class=\"elementor-widget-container\">\n\t\t\t\t\t<h1 class=\"elementor-heading-title elementor-size-default\">Phishing-Schutz  <\/h1>\t\t\t\t<\/div>\n\t\t\t\t<\/div>\n\t\t\t\t<div class=\"elementor-element elementor-element-0314e1d sc_fly_static elementor-widget elementor-widget-text-editor\" data-id=\"0314e1d\" data-element_type=\"widget\" data-e-type=\"widget\" data-widget_type=\"text-editor.default\">\n\t\t\t\t<div class=\"elementor-widget-container\">\n\t\t\t\t\t\t\t\t\t<p><b>1. was ist Phishing?<\/b><\/p><p><span style=\"font-weight: 400;\">Phishing ist eine Technik der Internetkriminalit\u00e4t, bei der versucht wird, Sie zur freiwilligen Angabe pers\u00f6nlicher oder finanzieller Daten zu verleiten, indem man sich als vertrauensw\u00fcrdige Person oder Organisation ausgibt.<\/span><\/p><p><b>2. wie k\u00f6nnen Sie sich sch\u00fctzen?<\/b><\/p><ul><li style=\"font-weight: 400;\" aria-level=\"1\"><b>\u00dcberpr\u00fcfen Sie die Dom\u00e4ne des Absenders<\/b><span style=\"font-weight: 400;\">Alle offiziellen E-Mails der Anwaltskanzlei stammen von der Domain <\/span><span style=\"font-weight: 400;\">@martinezcaballeroabogados.com<\/span><span style=\"font-weight: 400;\">. Wenn es anders ist, sollten Sie misstrauisch sein.<\/span><span style=\"font-weight: 400;\"><br><br><\/span><\/li><li style=\"font-weight: 400;\" aria-level=\"1\"><b>Seien Sie vorsichtig bei unerwarteten Links oder Anh\u00e4ngen.<\/b><span style=\"font-weight: 400;\">Vor allem dann, wenn Sie mit dem Absender noch keinen Kontakt aufgenommen haben.<\/span><span style=\"font-weight: 400;\"><br><br><\/span><\/li><li style=\"font-weight: 400;\" aria-level=\"1\"><b>Achten Sie auf die Sprache der Nachricht<\/b><span style=\"font-weight: 400;\">Offizielle Mitteilungen vermeiden Rechtschreibfehler oder schlecht formulierte Ausdr\u00fccke.<\/span><span style=\"font-weight: 400;\"><br><br><\/span><\/li><li style=\"font-weight: 400;\" aria-level=\"1\"><b>Geben Sie keine sensiblen Daten weiter<\/b><span style=\"font-weight: 400;\">Geben Sie niemals pers\u00f6nliche Informationen, Bankdaten oder Passw\u00f6rter per E-Mail oder Nachricht weiter.<\/span><span style=\"font-weight: 400;\"><br><br><\/span><\/li><li style=\"font-weight: 400;\" aria-level=\"1\"><b>Seien Sie vorsichtig bei dringenden Anfragen<\/b><span style=\"font-weight: 400;\">Betr\u00fcger schlagen oft Alarm, damit Sie handeln, ohne es zu \u00fcberpr\u00fcfen. Seien Sie zum Beispiel vorsichtig bei E-Mails mit der Aufschrift &#8222;Dringend: Bankdaten \u00e4ndern&#8220;. <\/span><span style=\"font-weight: 400;\"><br><br><\/span><\/li><\/ul><p><b>3. H\u00e4ufige Formen von Phishing in Anwaltskanzleien<\/b><\/p><ul><li style=\"font-weight: 400;\" aria-level=\"1\"><b>Angebliche Verst\u00f6\u00dfe gegen geistiges Eigentum<\/b><span style=\"font-weight: 400;\">Nachrichten, die Warnungen vor der unerlaubten Nutzung von Kundeninhalten vort\u00e4uschen.<\/span><span style=\"font-weight: 400;\"><br><br><\/span><\/li><li style=\"font-weight: 400;\" aria-level=\"1\"><b>Gef\u00e4lschte \u00c4nderungen von Bankkonten<\/b><span style=\"font-weight: 400;\">Mails, in denen behauptet wird, dass sich &#8222;das Konto f\u00fcr die Zahlung von Geb\u00fchren ge\u00e4ndert hat&#8220; und in denen falsche Angaben gemacht werden.<\/span><span style=\"font-weight: 400;\"><br><br><\/span><\/li><\/ul><p><b>4. Wenn Sie eine verd\u00e4chtige E-Mail erhalten, gehen Sie wie folgt vor<\/b><\/p><ul><li style=\"font-weight: 400;\" aria-level=\"1\"><b>Antworten Sie NICHT, klicken Sie nicht auf Links und \u00f6ffnen Sie keine Dateien.<\/b><span style=\"font-weight: 400;\">.<\/span><span style=\"font-weight: 400;\"><br><br><\/span><\/li><li style=\"font-weight: 400;\" aria-level=\"1\"><b>T\u00e4tigen Sie keine Zahlungen \u00fcber Anweisungen in verd\u00e4chtigen Mailings<\/b><span style=\"font-weight: 400;\">. Die Bankverbindung finden Sie auf der gedruckten Rechnung oder der offiziellen PDF-Datei.<\/span><span style=\"font-weight: 400;\"><br><br><\/span><\/li><li style=\"font-weight: 400;\" aria-level=\"1\"><b>Erkundigen Sie sich bei Ihrem \u00fcblichen Ansprechpartner<\/b><span style=\"font-weight: 400;\"> wenn es irgendwelche offiziellen \u00c4nderungen gibt.<\/span><span style=\"font-weight: 400;\"><br><br><\/span><\/li><\/ul><p><b>5. wie kann ich es melden?<\/b><\/p><p><span style=\"font-weight: 400;\">Senden Sie uns sofort eine E-Mail an <\/span><b><a href=\"mailto:info@martinezcaballeroabogados.com\">info@martinezcaballeroabogados.com<\/a> <\/b> <span style=\"font-weight: 400;\">  (oder die von Ihnen angegebene interne Adresse) mit der verd\u00e4chtigen Nachricht als Anhang. Wenn Sie ein Kunde sind, wenden Sie sich auch an Ihren Anwalt. <\/span><\/p><p><b>6. Unser Engagement<\/b><\/p><ul><li style=\"font-weight: 400;\" aria-level=\"1\"><span style=\"font-weight: 400;\">Wir werden Phishing-Versuche analysieren und gegebenenfalls an die zust\u00e4ndigen Beh\u00f6rden melden.<\/span><span style=\"font-weight: 400;\"><br><br><\/span><\/li><li style=\"font-weight: 400;\" aria-level=\"1\"><span style=\"font-weight: 400;\">Wir schulen unser Team und unsere Kunden regelm\u00e4\u00dfig zu den neuesten Taktiken des E-Mail-Betrugs.<\/span><span style=\"font-weight: 400;\"><br><br><\/span><\/li><li style=\"font-weight: 400;\" aria-level=\"1\"><span style=\"font-weight: 400;\">Wir implementieren technische Kontrollen wie Anti-Virus-Filter, Link-Schutz in E-Mails und Warnmeldungen, um verd\u00e4chtige Kampagnen zu erkennen.<\/span><\/li><\/ul>\t\t\t\t\t\t\t\t<\/div>\n\t\t\t\t<\/div>\n\t\t\t\t<div class=\"elementor-element elementor-element-85d00f4 sc_fly_static elementor-widget elementor-widget-spacer\" data-id=\"85d00f4\" data-element_type=\"widget\" data-e-type=\"widget\" data-widget_type=\"spacer.default\">\n\t\t\t\t<div class=\"elementor-widget-container\">\n\t\t\t\t\t\t\t<div class=\"elementor-spacer\">\n\t\t\t<div class=\"elementor-spacer-inner\"><\/div>\n\t\t<\/div>\n\t\t\t\t\t\t<\/div>\n\t\t\t\t<\/div>\n\t\t\t\t\t<\/div>\n\t\t<\/div>\n\t\t\t\t\t<\/div>\n\t\t<\/section>\n\t\t\t\t<\/div>\n\t\t","protected":false},"excerpt":{"rendered":"<p>Phishing-Schutz 1. was ist Phishing? Phishing ist eine Technik der Internetkriminalit\u00e4t, bei der versucht wird, Sie zur freiwilligen Angabe pers\u00f6nlicher oder finanzieller Daten zu verleiten, indem man sich als vertrauensw\u00fcrdige Person oder Organisation ausgibt. 2. wie k\u00f6nnen Sie sich sch\u00fctzen? \u00dcberpr\u00fcfen Sie die Dom\u00e4ne des AbsendersAlle offiziellen E-Mails der Anwaltskanzlei stammen von der Domain @martinezcaballeroabogados.com. Wenn es anders ist, sollten Sie misstrauisch sein. Seien Sie vorsichtig bei unerwarteten Links oder Anh\u00e4ngen.Vor allem dann, wenn Sie mit dem Absender noch keinen&hellip;<\/p>\n","protected":false},"author":1,"featured_media":0,"parent":0,"menu_order":0,"comment_status":"closed","ping_status":"closed","template":"","meta":{"_monsterinsights_skip_tracking":false,"_monsterinsights_sitenote_active":false,"_monsterinsights_sitenote_note":"","_monsterinsights_sitenote_category":0,"_joinchat":[],"footnotes":""},"class_list":["post-21602","page","type-page","status-publish","hentry"],"yoast_head":"<!-- This site is optimized with the Yoast SEO plugin v26.8 - https:\/\/yoast.com\/product\/yoast-seo-wordpress\/ -->\n<title>Schutz vor Phishing : Mart\u00ednez &amp; Caballero Abogados - Martinez Caballero Abogados<\/title>\n<meta name=\"description\" content=\"Erfahren Sie, wie Sie sich mit den rechtlichen und praktischen Ma\u00dfnahmen von Mart\u00ednez &amp; Caballero Abogados vor Phishing sch\u00fctzen k\u00f6nnen. Garantierte Sicherheit f\u00fcr Ihre Informationen.\" \/>\n<meta name=\"robots\" content=\"index, follow, max-snippet:-1, max-image-preview:large, max-video-preview:-1\" \/>\n<link rel=\"canonical\" href=\"https:\/\/martinezcaballeroabogados.com\/de\/schutz-vor-phishing-martinez-caballero-abogados\/\" \/>\n<meta property=\"og:locale\" content=\"de_DE\" \/>\n<meta property=\"og:type\" content=\"article\" \/>\n<meta property=\"og:title\" content=\"Schutz vor Phishing : Mart\u00ednez &amp; Caballero Abogados - Martinez Caballero Abogados\" \/>\n<meta property=\"og:description\" content=\"Erfahren Sie, wie Sie sich mit den rechtlichen und praktischen Ma\u00dfnahmen von Mart\u00ednez &amp; Caballero Abogados vor Phishing sch\u00fctzen k\u00f6nnen. Garantierte Sicherheit f\u00fcr Ihre Informationen.\" \/>\n<meta property=\"og:url\" content=\"https:\/\/martinezcaballeroabogados.com\/de\/schutz-vor-phishing-martinez-caballero-abogados\/\" \/>\n<meta property=\"og:site_name\" content=\"Martinez Caballero Abogados\" \/>\n<meta property=\"article:publisher\" content=\"https:\/\/www.facebook.com\/martinezcaballeroabogados\/\" \/>\n<meta property=\"article:modified_time\" content=\"2025-06-30T11:12:26+00:00\" \/>\n<meta name=\"twitter:card\" content=\"summary_large_image\" \/>\n<meta name=\"twitter:site\" content=\"@MC_abogados_\" \/>\n<meta name=\"twitter:label1\" content=\"Gesch\u00e4tzte Lesezeit\" \/>\n\t<meta name=\"twitter:data1\" content=\"2\u00a0Minuten\" \/>\n<script type=\"application\/ld+json\" class=\"yoast-schema-graph\">{\"@context\":\"https:\/\/schema.org\",\"@graph\":[{\"@type\":\"WebPage\",\"@id\":\"https:\/\/martinezcaballeroabogados.com\/de\/schutz-vor-phishing-martinez-caballero-abogados\/\",\"url\":\"https:\/\/martinezcaballeroabogados.com\/de\/schutz-vor-phishing-martinez-caballero-abogados\/\",\"name\":\"Schutz vor Phishing : Mart\u00ednez & Caballero Abogados - Martinez Caballero Abogados\",\"isPartOf\":{\"@id\":\"https:\/\/martinezcaballeroabogados.com\/de\/#website\"},\"datePublished\":\"2025-06-30T09:15:06+00:00\",\"dateModified\":\"2025-06-30T11:12:26+00:00\",\"description\":\"Erfahren Sie, wie Sie sich mit den rechtlichen und praktischen Ma\u00dfnahmen von Mart\u00ednez & Caballero Abogados vor Phishing sch\u00fctzen k\u00f6nnen. Garantierte Sicherheit f\u00fcr Ihre Informationen.\",\"breadcrumb\":{\"@id\":\"https:\/\/martinezcaballeroabogados.com\/de\/schutz-vor-phishing-martinez-caballero-abogados\/#breadcrumb\"},\"inLanguage\":\"de\",\"potentialAction\":[{\"@type\":\"ReadAction\",\"target\":[\"https:\/\/martinezcaballeroabogados.com\/de\/schutz-vor-phishing-martinez-caballero-abogados\/\"]}]},{\"@type\":\"BreadcrumbList\",\"@id\":\"https:\/\/martinezcaballeroabogados.com\/de\/schutz-vor-phishing-martinez-caballero-abogados\/#breadcrumb\",\"itemListElement\":[{\"@type\":\"ListItem\",\"position\":1,\"name\":\"Portada\",\"item\":\"https:\/\/martinezcaballeroabogados.com\/de\/anwalte-in-barcelona\/\"},{\"@type\":\"ListItem\",\"position\":2,\"name\":\"Schutz vor Phishing &#8211; Martinez &amp; Caballero Abogados\"}]},{\"@type\":\"WebSite\",\"@id\":\"https:\/\/martinezcaballeroabogados.com\/de\/#website\",\"url\":\"https:\/\/martinezcaballeroabogados.com\/de\/\",\"name\":\"Martinez & Caballero Abogados\",\"description\":\"Umfassende Rechtsberatung in Barcelona\",\"publisher\":{\"@id\":\"https:\/\/martinezcaballeroabogados.com\/de\/#organization\"},\"potentialAction\":[{\"@type\":\"SearchAction\",\"target\":{\"@type\":\"EntryPoint\",\"urlTemplate\":\"https:\/\/martinezcaballeroabogados.com\/de\/?s={search_term_string}\"},\"query-input\":{\"@type\":\"PropertyValueSpecification\",\"valueRequired\":true,\"valueName\":\"search_term_string\"}}],\"inLanguage\":\"de\"},{\"@type\":\"Organization\",\"@id\":\"https:\/\/martinezcaballeroabogados.com\/de\/#organization\",\"name\":\"Martinez & Caballero Abogados\",\"url\":\"https:\/\/martinezcaballeroabogados.com\/de\/\",\"logo\":{\"@type\":\"ImageObject\",\"inLanguage\":\"de\",\"@id\":\"https:\/\/martinezcaballeroabogados.com\/de\/#\/schema\/logo\/image\/\",\"url\":\"https:\/\/martinezcaballeroabogados.com\/wp-content\/uploads\/2020\/02\/cropped-cropped-logo-mc-abogados-web-1-e1497812507401-1.png\",\"contentUrl\":\"https:\/\/martinezcaballeroabogados.com\/wp-content\/uploads\/2020\/02\/cropped-cropped-logo-mc-abogados-web-1-e1497812507401-1.png\",\"width\":300,\"height\":150,\"caption\":\"Martinez & Caballero Abogados\"},\"image\":{\"@id\":\"https:\/\/martinezcaballeroabogados.com\/de\/#\/schema\/logo\/image\/\"},\"sameAs\":[\"https:\/\/www.facebook.com\/martinezcaballeroabogados\/\",\"https:\/\/x.com\/MC_abogados_\",\"https:\/\/www.instagram.com\/extranjeriabarcelonaabogados\/\"]}]}<\/script>\n<!-- \/ Yoast SEO plugin. -->","yoast_head_json":{"title":"Schutz vor Phishing : Mart\u00ednez & Caballero Abogados - Martinez Caballero Abogados","description":"Erfahren Sie, wie Sie sich mit den rechtlichen und praktischen Ma\u00dfnahmen von Mart\u00ednez & Caballero Abogados vor Phishing sch\u00fctzen k\u00f6nnen. Garantierte Sicherheit f\u00fcr Ihre Informationen.","robots":{"index":"index","follow":"follow","max-snippet":"max-snippet:-1","max-image-preview":"max-image-preview:large","max-video-preview":"max-video-preview:-1"},"canonical":"https:\/\/martinezcaballeroabogados.com\/de\/schutz-vor-phishing-martinez-caballero-abogados\/","og_locale":"de_DE","og_type":"article","og_title":"Schutz vor Phishing : Mart\u00ednez & Caballero Abogados - Martinez Caballero Abogados","og_description":"Erfahren Sie, wie Sie sich mit den rechtlichen und praktischen Ma\u00dfnahmen von Mart\u00ednez & Caballero Abogados vor Phishing sch\u00fctzen k\u00f6nnen. Garantierte Sicherheit f\u00fcr Ihre Informationen.","og_url":"https:\/\/martinezcaballeroabogados.com\/de\/schutz-vor-phishing-martinez-caballero-abogados\/","og_site_name":"Martinez Caballero Abogados","article_publisher":"https:\/\/www.facebook.com\/martinezcaballeroabogados\/","article_modified_time":"2025-06-30T11:12:26+00:00","twitter_card":"summary_large_image","twitter_site":"@MC_abogados_","twitter_misc":{"Gesch\u00e4tzte Lesezeit":"2\u00a0Minuten"},"schema":{"@context":"https:\/\/schema.org","@graph":[{"@type":"WebPage","@id":"https:\/\/martinezcaballeroabogados.com\/de\/schutz-vor-phishing-martinez-caballero-abogados\/","url":"https:\/\/martinezcaballeroabogados.com\/de\/schutz-vor-phishing-martinez-caballero-abogados\/","name":"Schutz vor Phishing : Mart\u00ednez & Caballero Abogados - Martinez Caballero Abogados","isPartOf":{"@id":"https:\/\/martinezcaballeroabogados.com\/de\/#website"},"datePublished":"2025-06-30T09:15:06+00:00","dateModified":"2025-06-30T11:12:26+00:00","description":"Erfahren Sie, wie Sie sich mit den rechtlichen und praktischen Ma\u00dfnahmen von Mart\u00ednez & Caballero Abogados vor Phishing sch\u00fctzen k\u00f6nnen. Garantierte Sicherheit f\u00fcr Ihre Informationen.","breadcrumb":{"@id":"https:\/\/martinezcaballeroabogados.com\/de\/schutz-vor-phishing-martinez-caballero-abogados\/#breadcrumb"},"inLanguage":"de","potentialAction":[{"@type":"ReadAction","target":["https:\/\/martinezcaballeroabogados.com\/de\/schutz-vor-phishing-martinez-caballero-abogados\/"]}]},{"@type":"BreadcrumbList","@id":"https:\/\/martinezcaballeroabogados.com\/de\/schutz-vor-phishing-martinez-caballero-abogados\/#breadcrumb","itemListElement":[{"@type":"ListItem","position":1,"name":"Portada","item":"https:\/\/martinezcaballeroabogados.com\/de\/anwalte-in-barcelona\/"},{"@type":"ListItem","position":2,"name":"Schutz vor Phishing &#8211; Martinez &amp; Caballero Abogados"}]},{"@type":"WebSite","@id":"https:\/\/martinezcaballeroabogados.com\/de\/#website","url":"https:\/\/martinezcaballeroabogados.com\/de\/","name":"Martinez & Caballero Abogados","description":"Umfassende Rechtsberatung in Barcelona","publisher":{"@id":"https:\/\/martinezcaballeroabogados.com\/de\/#organization"},"potentialAction":[{"@type":"SearchAction","target":{"@type":"EntryPoint","urlTemplate":"https:\/\/martinezcaballeroabogados.com\/de\/?s={search_term_string}"},"query-input":{"@type":"PropertyValueSpecification","valueRequired":true,"valueName":"search_term_string"}}],"inLanguage":"de"},{"@type":"Organization","@id":"https:\/\/martinezcaballeroabogados.com\/de\/#organization","name":"Martinez & Caballero Abogados","url":"https:\/\/martinezcaballeroabogados.com\/de\/","logo":{"@type":"ImageObject","inLanguage":"de","@id":"https:\/\/martinezcaballeroabogados.com\/de\/#\/schema\/logo\/image\/","url":"https:\/\/martinezcaballeroabogados.com\/wp-content\/uploads\/2020\/02\/cropped-cropped-logo-mc-abogados-web-1-e1497812507401-1.png","contentUrl":"https:\/\/martinezcaballeroabogados.com\/wp-content\/uploads\/2020\/02\/cropped-cropped-logo-mc-abogados-web-1-e1497812507401-1.png","width":300,"height":150,"caption":"Martinez & Caballero Abogados"},"image":{"@id":"https:\/\/martinezcaballeroabogados.com\/de\/#\/schema\/logo\/image\/"},"sameAs":["https:\/\/www.facebook.com\/martinezcaballeroabogados\/","https:\/\/x.com\/MC_abogados_","https:\/\/www.instagram.com\/extranjeriabarcelonaabogados\/"]}]}},"_links":{"self":[{"href":"https:\/\/martinezcaballeroabogados.com\/de\/wp-json\/wp\/v2\/pages\/21602","targetHints":{"allow":["GET"]}}],"collection":[{"href":"https:\/\/martinezcaballeroabogados.com\/de\/wp-json\/wp\/v2\/pages"}],"about":[{"href":"https:\/\/martinezcaballeroabogados.com\/de\/wp-json\/wp\/v2\/types\/page"}],"author":[{"embeddable":true,"href":"https:\/\/martinezcaballeroabogados.com\/de\/wp-json\/wp\/v2\/users\/1"}],"replies":[{"embeddable":true,"href":"https:\/\/martinezcaballeroabogados.com\/de\/wp-json\/wp\/v2\/comments?post=21602"}],"version-history":[{"count":1,"href":"https:\/\/martinezcaballeroabogados.com\/de\/wp-json\/wp\/v2\/pages\/21602\/revisions"}],"predecessor-version":[{"id":21603,"href":"https:\/\/martinezcaballeroabogados.com\/de\/wp-json\/wp\/v2\/pages\/21602\/revisions\/21603"}],"wp:attachment":[{"href":"https:\/\/martinezcaballeroabogados.com\/de\/wp-json\/wp\/v2\/media?parent=21602"}],"curies":[{"name":"wp","href":"https:\/\/api.w.org\/{rel}","templated":true}]}}