{"id":21556,"date":"2025-06-30T09:42:48","date_gmt":"2025-06-30T09:42:48","guid":{"rendered":"https:\/\/martinezcaballeroabogados.com\/erklaerung-zur-barrierefreiheit-martinez-caballero-abogados\/"},"modified":"2025-06-30T10:20:05","modified_gmt":"2025-06-30T10:20:05","slug":"erklaerung-zur-barrierefreiheit-martinez-caballero-abogados","status":"publish","type":"page","link":"https:\/\/martinezcaballeroabogados.com\/de\/erklaerung-zur-barrierefreiheit-martinez-caballero-abogados\/","title":{"rendered":"Erkl\u00e4rung zur Barrierefreiheit &#8211; Mart\u00ednez &amp; Caballero Abogados"},"content":{"rendered":"\t\t<div data-elementor-type=\"wp-page\" data-elementor-id=\"21556\" class=\"elementor elementor-21556 elementor-21507\" data-elementor-post-type=\"page\">\n\t\t\t\t\t\t<section class=\"elementor-section elementor-top-section elementor-element elementor-element-6a2bafb elementor-section-boxed elementor-section-height-default elementor-section-height-default\" data-id=\"6a2bafb\" data-element_type=\"section\" data-e-type=\"section\">\n\t\t\t\t\t\t<div class=\"elementor-container elementor-column-gap-extended\">\n\t\t\t\t\t<div class=\"elementor-column elementor-col-100 elementor-top-column elementor-element elementor-element-6fa373a sc_inner_width_none sc_layouts_column_icons_position_left\" data-id=\"6fa373a\" data-element_type=\"column\" data-e-type=\"column\">\n\t\t\t<div class=\"elementor-widget-wrap elementor-element-populated\">\n\t\t\t\t\t\t<div class=\"elementor-element elementor-element-fed0e85 sc_fly_static elementor-widget elementor-widget-spacer\" data-id=\"fed0e85\" data-element_type=\"widget\" data-e-type=\"widget\" data-widget_type=\"spacer.default\">\n\t\t\t\t<div class=\"elementor-widget-container\">\n\t\t\t\t\t\t\t<div class=\"elementor-spacer\">\n\t\t\t<div class=\"elementor-spacer-inner\"><\/div>\n\t\t<\/div>\n\t\t\t\t\t\t<\/div>\n\t\t\t\t<\/div>\n\t\t\t\t<div class=\"elementor-element elementor-element-b91076b sc_fly_static elementor-widget elementor-widget-heading\" data-id=\"b91076b\" data-element_type=\"widget\" data-e-type=\"widget\" data-widget_type=\"heading.default\">\n\t\t\t\t<div class=\"elementor-widget-container\">\n\t\t\t\t\t<h1 class=\"elementor-heading-title elementor-size-default\">Erkl\u00e4rung zur Zug\u00e4nglichkeit<\/h1>\t\t\t\t<\/div>\n\t\t\t\t<\/div>\n\t\t\t\t<div class=\"elementor-element elementor-element-3f87708 sc_fly_static elementor-widget elementor-widget-text-editor\" data-id=\"3f87708\" data-element_type=\"widget\" data-e-type=\"widget\" data-widget_type=\"text-editor.default\">\n\t\t\t\t<div class=\"elementor-widget-container\">\n\t\t\t\t\t\t\t\t\t<ol>\n<li><b>Einhaltung der Vorschriften<\/b><b><br><\/b><span style=\"font-weight: 400;\"> Diese Website zielt darauf ab, das K\u00f6nigliche Dekret 1112\/2018 (Ereignis des Gesetzes 11\/2021) einzuhalten und, soweit m\u00f6glich, die Kriterien der Stufe <\/span><b>AA<\/b><span style=\"font-weight: 400;\"><span style=\"font-weight: 400;\"> der WCAG 2.1.<\/span><\/span>\n<p><\/p>\n<\/li>\n<li><b>  Aktueller Stand der Zug\u00e4nglichkeit<\/b><\/li>\n<\/ol>\n<ul>\n<li style=\"font-weight: 400;\" aria-level=\"1\"><b>Konforme Bereiche<\/b><span style=\"font-weight: 400;\">: alternative Texte in Bildern, korrekte Verwendung von \u00dcberschriften, Tastaturnavigation, Verwendung von ARIA-Tags.<\/span>\n<p><\/p>\n<\/li>\n<li style=\"font-weight: 400;\" aria-level=\"1\"><b>Der folgende Inhalt ist aus folgenden Gr\u00fcnden nicht zug\u00e4nglich:<\/b><b> <\/b>\n<p><\/p>\n<\/li>\n<li style=\"font-weight: 400;\" aria-level=\"1\"><span style=\"font-weight: 400;\">Nichteinhaltung des RD 1112\/2018.<\/span><\/li>\n<li style=\"font-weight: 400;\" aria-level=\"1\"><span style=\"font-weight: 400;\">Es kann einige Aspekte des Kontrasts geben, die nicht das erforderliche Minimum von 3:1 in Bezug auf die angrenzenden Farben des Hintergrunds des betreffenden Abschnitts der Website erf\u00fcllen. [9.1.4.11 Nicht-textlicher Kontrast]. <\/span><\/li>\n<li style=\"font-weight: 400;\" aria-level=\"1\"><span style=\"font-weight: 400;\">Es k\u00f6nnte sein, dass einige Etiketten oder Anweisungen nicht korrekt beschriftet sind [9.3.3.2 Etiketten oder Anweisungen].<\/span><\/li>\n<li style=\"font-weight: 400;\" aria-level=\"1\"><span style=\"font-weight: 400;\">Es kann Statusmeldungen geben, die nicht den Mindestanforderungen entsprechen [9.4.1.3 Statusmeldungen].<\/span><\/li>\n<li style=\"font-weight: 400;\" aria-level=\"1\"><span style=\"font-weight: 400;\">Es kann Vorschl\u00e4ge f\u00fcr Fehler geben, die nicht den Mindestanforderungen entsprechen [9.3.3.3.3 Vorschl\u00e4ge f\u00fcr Fehler (bedingt)].<\/span><\/li>\n<li style=\"font-weight: 400;\" aria-level=\"1\"><span style=\"font-weight: 400;\">Auf einigen Webseiten kann es gelegentlich zu Bearbeitungsfehlern kommen.<\/span><\/li>\n<li style=\"font-weight: 400;\" aria-level=\"1\"><span style=\"font-weight: 400;\">Unverh\u00e4ltnism\u00e4\u00dfige Belastung.<\/span>\n<p><\/p>\n<\/li>\n<\/ul>\n<ol start=\"3\">\n<li><b>  Ma\u00dfnahmen zur Verbesserung<\/b><\/li>\n<\/ol>\n<ul>\n<li style=\"font-weight: 400;\" aria-level=\"1\"><span style=\"font-weight: 400;\">Ab Juni 2025 werden PDF- und Multimedia-Inhalte \u00fcberarbeitet und angepasst, um den WCAG 2.1 AA zu entsprechen.<\/span>\n<p><\/p>\n<\/li>\n<li style=\"font-weight: 400;\" aria-level=\"1\"><span style=\"font-weight: 400;\">Ein halbj\u00e4hrlicher Test wird mit Hilfsmitteln (z.B. Axe oder WAVE) durchgef\u00fchrt.<\/span>\n<p><\/p>\n<\/li>\n<\/ul>\n<ol start=\"4\">\n<li><b>  Verfahren zur Benachrichtigung<\/b><b><br><\/b> <span style=\"font-weight: 400;\"> Wenn Sie Probleme mit der Zug\u00e4nglichkeit feststellen, melden Sie diese bitte an: <\/span><b style=\"font-family: inherit; font-size: 14.8571px; font-style: inherit; letter-spacing: 0px;\">info@martinezcaballeroabogados.com. <\/b>F\u00fcgen Sie die problematische URL und Ihre Empfehlung bei. Wir werden die Meldung pr\u00fcfen und innerhalb von <b style=\"font-family: inherit; font-size: 14.8571px; font-style: inherit; letter-spacing: 0px;\">5 Arbeitstagen<\/b> beantworten<span style=\"font-size: 14.8571px; font-weight: 400; letter-spacing: 0px;\">.<\/span> <\/li>\n<\/ol>\n<ol start=\"5\">\n<li><b>  Verwendete Tools und Kriterien<\/b><b><br><\/b><span style=\"font-weight: 400;\">  Es werden automatisierte Tools (Axe DevTools, WAVE) und regelm\u00e4\u00dfige manuelle \u00dcberpr\u00fcfungen durch das digitale Marketingteam und UX-Anbieter eingesetzt.\n<p><\/p><\/span><\/li>\n<li><b>  Datum und verantwortliche Person<\/b><\/li>\n<\/ol>\n<ul>\n<li style=\"font-weight: 400;\" aria-level=\"1\"><b>Datum der letzten \u00dcberpr\u00fcfung:<\/b><span style=\"font-weight: 400;\"> 30. Juni 2025<\/span>\n<p><\/p>\n<\/li>\n<li style=\"font-weight: 400;\" aria-level=\"1\"><b>Verantwortlich f\u00fcr die Einhaltung der Barrierefreiheit:<\/b><span style=\"font-weight: 400;\"> Digital Marketing Manager (verantwortlich f\u00fcr die Web-Kan\u00e4le)<\/span>\n<p><\/p>\n<\/li>\n<\/ul>\n<p><b>7. Zus\u00e4tzliche Informationen und Kontakt<\/b><b><br><\/b><span style=\"font-weight: 400;\"> Wenn Sie diese Erkl\u00e4rung in einem zug\u00e4nglichen Format (z.B. PDF\/taggable oder Audio-Beschreibung) erhalten m\u00f6chten, k\u00f6nnen Sie sie \u00fcber die angegebene E-Mail-Adresse anfordern.<\/span><\/p>\t\t\t\t\t\t\t\t<\/div>\n\t\t\t\t<\/div>\n\t\t\t\t<div class=\"elementor-element elementor-element-f8ae51a sc_fly_static elementor-widget elementor-widget-spacer\" data-id=\"f8ae51a\" data-element_type=\"widget\" data-e-type=\"widget\" data-widget_type=\"spacer.default\">\n\t\t\t\t<div class=\"elementor-widget-container\">\n\t\t\t\t\t\t\t<div class=\"elementor-spacer\">\n\t\t\t<div class=\"elementor-spacer-inner\"><\/div>\n\t\t<\/div>\n\t\t\t\t\t\t<\/div>\n\t\t\t\t<\/div>\n\t\t\t\t\t<\/div>\n\t\t<\/div>\n\t\t\t\t\t<\/div>\n\t\t<\/section>\n\t\t\t\t<\/div>\n\t\t","protected":false},"excerpt":{"rendered":"<p>Erkl\u00e4rung zur Zug\u00e4nglichkeit Einhaltung der Vorschriften Diese Website zielt darauf ab, das K\u00f6nigliche Dekret 1112\/2018 (Ereignis des Gesetzes 11\/2021) einzuhalten und, soweit m\u00f6glich, die Kriterien der Stufe AA der WCAG 2.1. Aktueller Stand der Zug\u00e4nglichkeit Konforme Bereiche: alternative Texte in Bildern, korrekte Verwendung von \u00dcberschriften, Tastaturnavigation, Verwendung von ARIA-Tags. Der folgende Inhalt ist aus folgenden Gr\u00fcnden nicht zug\u00e4nglich: Nichteinhaltung des RD 1112\/2018. Es kann einige Aspekte des Kontrasts geben, die nicht das erforderliche Minimum von 3:1 in Bezug auf die&hellip;<\/p>\n","protected":false},"author":1,"featured_media":0,"parent":0,"menu_order":0,"comment_status":"closed","ping_status":"closed","template":"","meta":{"_monsterinsights_skip_tracking":false,"_monsterinsights_sitenote_active":false,"_monsterinsights_sitenote_note":"","_monsterinsights_sitenote_category":0,"_joinchat":[],"footnotes":""},"class_list":["post-21556","page","type-page","status-publish","hentry"],"yoast_head":"<!-- This site is optimized with the Yoast SEO plugin v26.8 - https:\/\/yoast.com\/product\/yoast-seo-wordpress\/ -->\n<title>Erkl\u00e4rung zur Barrierefreiheit im Internet | M&amp;C Abogados - Martinez Caballero Abogados<\/title>\n<meta name=\"description\" content=\"Lesen Sie die Erkl\u00e4rung von Mart\u00ednez &amp; Caballero Abogados zur Barrierefreiheit: Engagement f\u00fcr WCAG-Konformit\u00e4t und inklusives Browsing.\" \/>\n<meta name=\"robots\" content=\"index, follow, max-snippet:-1, max-image-preview:large, max-video-preview:-1\" \/>\n<link rel=\"canonical\" href=\"https:\/\/martinezcaballeroabogados.com\/de\/erklaerung-zur-barrierefreiheit-martinez-caballero-abogados\/\" \/>\n<meta property=\"og:locale\" content=\"de_DE\" \/>\n<meta property=\"og:type\" content=\"article\" \/>\n<meta property=\"og:title\" content=\"Erkl\u00e4rung zur Barrierefreiheit im Internet | M&amp;C Abogados - Martinez Caballero Abogados\" \/>\n<meta property=\"og:description\" content=\"Lesen Sie die Erkl\u00e4rung von Mart\u00ednez &amp; Caballero Abogados zur Barrierefreiheit: Engagement f\u00fcr WCAG-Konformit\u00e4t und inklusives Browsing.\" \/>\n<meta property=\"og:url\" content=\"https:\/\/martinezcaballeroabogados.com\/de\/erklaerung-zur-barrierefreiheit-martinez-caballero-abogados\/\" \/>\n<meta property=\"og:site_name\" content=\"Martinez Caballero Abogados\" \/>\n<meta property=\"article:publisher\" content=\"https:\/\/www.facebook.com\/martinezcaballeroabogados\/\" \/>\n<meta property=\"article:modified_time\" content=\"2025-06-30T10:20:05+00:00\" \/>\n<meta name=\"twitter:card\" content=\"summary_large_image\" \/>\n<meta name=\"twitter:site\" content=\"@MC_abogados_\" \/>\n<meta name=\"twitter:label1\" content=\"Gesch\u00e4tzte Lesezeit\" \/>\n\t<meta name=\"twitter:data1\" content=\"2\u00a0Minuten\" \/>\n<script type=\"application\/ld+json\" class=\"yoast-schema-graph\">{\"@context\":\"https:\/\/schema.org\",\"@graph\":[{\"@type\":\"WebPage\",\"@id\":\"https:\/\/martinezcaballeroabogados.com\/de\/erklaerung-zur-barrierefreiheit-martinez-caballero-abogados\/\",\"url\":\"https:\/\/martinezcaballeroabogados.com\/de\/erklaerung-zur-barrierefreiheit-martinez-caballero-abogados\/\",\"name\":\"Erkl\u00e4rung zur Barrierefreiheit im Internet | M&C Abogados - Martinez Caballero Abogados\",\"isPartOf\":{\"@id\":\"https:\/\/martinezcaballeroabogados.com\/de\/#website\"},\"datePublished\":\"2025-06-30T09:42:48+00:00\",\"dateModified\":\"2025-06-30T10:20:05+00:00\",\"description\":\"Lesen Sie die Erkl\u00e4rung von Mart\u00ednez & Caballero Abogados zur Barrierefreiheit: Engagement f\u00fcr WCAG-Konformit\u00e4t und inklusives Browsing.\",\"breadcrumb\":{\"@id\":\"https:\/\/martinezcaballeroabogados.com\/de\/erklaerung-zur-barrierefreiheit-martinez-caballero-abogados\/#breadcrumb\"},\"inLanguage\":\"de\",\"potentialAction\":[{\"@type\":\"ReadAction\",\"target\":[\"https:\/\/martinezcaballeroabogados.com\/de\/erklaerung-zur-barrierefreiheit-martinez-caballero-abogados\/\"]}]},{\"@type\":\"BreadcrumbList\",\"@id\":\"https:\/\/martinezcaballeroabogados.com\/de\/erklaerung-zur-barrierefreiheit-martinez-caballero-abogados\/#breadcrumb\",\"itemListElement\":[{\"@type\":\"ListItem\",\"position\":1,\"name\":\"Portada\",\"item\":\"https:\/\/martinezcaballeroabogados.com\/de\/anwalte-in-barcelona\/\"},{\"@type\":\"ListItem\",\"position\":2,\"name\":\"Erkl\u00e4rung zur Barrierefreiheit &#8211; Mart\u00ednez &amp; Caballero Abogados\"}]},{\"@type\":\"WebSite\",\"@id\":\"https:\/\/martinezcaballeroabogados.com\/de\/#website\",\"url\":\"https:\/\/martinezcaballeroabogados.com\/de\/\",\"name\":\"Martinez & Caballero Abogados\",\"description\":\"Umfassende Rechtsberatung in Barcelona\",\"publisher\":{\"@id\":\"https:\/\/martinezcaballeroabogados.com\/de\/#organization\"},\"potentialAction\":[{\"@type\":\"SearchAction\",\"target\":{\"@type\":\"EntryPoint\",\"urlTemplate\":\"https:\/\/martinezcaballeroabogados.com\/de\/?s={search_term_string}\"},\"query-input\":{\"@type\":\"PropertyValueSpecification\",\"valueRequired\":true,\"valueName\":\"search_term_string\"}}],\"inLanguage\":\"de\"},{\"@type\":\"Organization\",\"@id\":\"https:\/\/martinezcaballeroabogados.com\/de\/#organization\",\"name\":\"Martinez & Caballero Abogados\",\"url\":\"https:\/\/martinezcaballeroabogados.com\/de\/\",\"logo\":{\"@type\":\"ImageObject\",\"inLanguage\":\"de\",\"@id\":\"https:\/\/martinezcaballeroabogados.com\/de\/#\/schema\/logo\/image\/\",\"url\":\"https:\/\/martinezcaballeroabogados.com\/wp-content\/uploads\/2020\/02\/cropped-cropped-logo-mc-abogados-web-1-e1497812507401-1.png\",\"contentUrl\":\"https:\/\/martinezcaballeroabogados.com\/wp-content\/uploads\/2020\/02\/cropped-cropped-logo-mc-abogados-web-1-e1497812507401-1.png\",\"width\":300,\"height\":150,\"caption\":\"Martinez & Caballero Abogados\"},\"image\":{\"@id\":\"https:\/\/martinezcaballeroabogados.com\/de\/#\/schema\/logo\/image\/\"},\"sameAs\":[\"https:\/\/www.facebook.com\/martinezcaballeroabogados\/\",\"https:\/\/x.com\/MC_abogados_\",\"https:\/\/www.instagram.com\/extranjeriabarcelonaabogados\/\"]}]}<\/script>\n<!-- \/ Yoast SEO plugin. -->","yoast_head_json":{"title":"Erkl\u00e4rung zur Barrierefreiheit im Internet | M&C Abogados - Martinez Caballero Abogados","description":"Lesen Sie die Erkl\u00e4rung von Mart\u00ednez & Caballero Abogados zur Barrierefreiheit: Engagement f\u00fcr WCAG-Konformit\u00e4t und inklusives Browsing.","robots":{"index":"index","follow":"follow","max-snippet":"max-snippet:-1","max-image-preview":"max-image-preview:large","max-video-preview":"max-video-preview:-1"},"canonical":"https:\/\/martinezcaballeroabogados.com\/de\/erklaerung-zur-barrierefreiheit-martinez-caballero-abogados\/","og_locale":"de_DE","og_type":"article","og_title":"Erkl\u00e4rung zur Barrierefreiheit im Internet | M&C Abogados - Martinez Caballero Abogados","og_description":"Lesen Sie die Erkl\u00e4rung von Mart\u00ednez & Caballero Abogados zur Barrierefreiheit: Engagement f\u00fcr WCAG-Konformit\u00e4t und inklusives Browsing.","og_url":"https:\/\/martinezcaballeroabogados.com\/de\/erklaerung-zur-barrierefreiheit-martinez-caballero-abogados\/","og_site_name":"Martinez Caballero Abogados","article_publisher":"https:\/\/www.facebook.com\/martinezcaballeroabogados\/","article_modified_time":"2025-06-30T10:20:05+00:00","twitter_card":"summary_large_image","twitter_site":"@MC_abogados_","twitter_misc":{"Gesch\u00e4tzte Lesezeit":"2\u00a0Minuten"},"schema":{"@context":"https:\/\/schema.org","@graph":[{"@type":"WebPage","@id":"https:\/\/martinezcaballeroabogados.com\/de\/erklaerung-zur-barrierefreiheit-martinez-caballero-abogados\/","url":"https:\/\/martinezcaballeroabogados.com\/de\/erklaerung-zur-barrierefreiheit-martinez-caballero-abogados\/","name":"Erkl\u00e4rung zur Barrierefreiheit im Internet | M&C Abogados - Martinez Caballero Abogados","isPartOf":{"@id":"https:\/\/martinezcaballeroabogados.com\/de\/#website"},"datePublished":"2025-06-30T09:42:48+00:00","dateModified":"2025-06-30T10:20:05+00:00","description":"Lesen Sie die Erkl\u00e4rung von Mart\u00ednez & Caballero Abogados zur Barrierefreiheit: Engagement f\u00fcr WCAG-Konformit\u00e4t und inklusives Browsing.","breadcrumb":{"@id":"https:\/\/martinezcaballeroabogados.com\/de\/erklaerung-zur-barrierefreiheit-martinez-caballero-abogados\/#breadcrumb"},"inLanguage":"de","potentialAction":[{"@type":"ReadAction","target":["https:\/\/martinezcaballeroabogados.com\/de\/erklaerung-zur-barrierefreiheit-martinez-caballero-abogados\/"]}]},{"@type":"BreadcrumbList","@id":"https:\/\/martinezcaballeroabogados.com\/de\/erklaerung-zur-barrierefreiheit-martinez-caballero-abogados\/#breadcrumb","itemListElement":[{"@type":"ListItem","position":1,"name":"Portada","item":"https:\/\/martinezcaballeroabogados.com\/de\/anwalte-in-barcelona\/"},{"@type":"ListItem","position":2,"name":"Erkl\u00e4rung zur Barrierefreiheit &#8211; Mart\u00ednez &amp; Caballero Abogados"}]},{"@type":"WebSite","@id":"https:\/\/martinezcaballeroabogados.com\/de\/#website","url":"https:\/\/martinezcaballeroabogados.com\/de\/","name":"Martinez & Caballero Abogados","description":"Umfassende Rechtsberatung in Barcelona","publisher":{"@id":"https:\/\/martinezcaballeroabogados.com\/de\/#organization"},"potentialAction":[{"@type":"SearchAction","target":{"@type":"EntryPoint","urlTemplate":"https:\/\/martinezcaballeroabogados.com\/de\/?s={search_term_string}"},"query-input":{"@type":"PropertyValueSpecification","valueRequired":true,"valueName":"search_term_string"}}],"inLanguage":"de"},{"@type":"Organization","@id":"https:\/\/martinezcaballeroabogados.com\/de\/#organization","name":"Martinez & Caballero Abogados","url":"https:\/\/martinezcaballeroabogados.com\/de\/","logo":{"@type":"ImageObject","inLanguage":"de","@id":"https:\/\/martinezcaballeroabogados.com\/de\/#\/schema\/logo\/image\/","url":"https:\/\/martinezcaballeroabogados.com\/wp-content\/uploads\/2020\/02\/cropped-cropped-logo-mc-abogados-web-1-e1497812507401-1.png","contentUrl":"https:\/\/martinezcaballeroabogados.com\/wp-content\/uploads\/2020\/02\/cropped-cropped-logo-mc-abogados-web-1-e1497812507401-1.png","width":300,"height":150,"caption":"Martinez & Caballero Abogados"},"image":{"@id":"https:\/\/martinezcaballeroabogados.com\/de\/#\/schema\/logo\/image\/"},"sameAs":["https:\/\/www.facebook.com\/martinezcaballeroabogados\/","https:\/\/x.com\/MC_abogados_","https:\/\/www.instagram.com\/extranjeriabarcelonaabogados\/"]}]}},"_links":{"self":[{"href":"https:\/\/martinezcaballeroabogados.com\/de\/wp-json\/wp\/v2\/pages\/21556","targetHints":{"allow":["GET"]}}],"collection":[{"href":"https:\/\/martinezcaballeroabogados.com\/de\/wp-json\/wp\/v2\/pages"}],"about":[{"href":"https:\/\/martinezcaballeroabogados.com\/de\/wp-json\/wp\/v2\/types\/page"}],"author":[{"embeddable":true,"href":"https:\/\/martinezcaballeroabogados.com\/de\/wp-json\/wp\/v2\/users\/1"}],"replies":[{"embeddable":true,"href":"https:\/\/martinezcaballeroabogados.com\/de\/wp-json\/wp\/v2\/comments?post=21556"}],"version-history":[{"count":1,"href":"https:\/\/martinezcaballeroabogados.com\/de\/wp-json\/wp\/v2\/pages\/21556\/revisions"}],"predecessor-version":[{"id":21557,"href":"https:\/\/martinezcaballeroabogados.com\/de\/wp-json\/wp\/v2\/pages\/21556\/revisions\/21557"}],"wp:attachment":[{"href":"https:\/\/martinezcaballeroabogados.com\/de\/wp-json\/wp\/v2\/media?parent=21556"}],"curies":[{"name":"wp","href":"https:\/\/api.w.org\/{rel}","templated":true}]}}