{"id":19671,"date":"2024-07-05T19:29:47","date_gmt":"2024-07-05T19:29:47","guid":{"rendered":"https:\/\/martinezcaballeroabogados.com\/allgemeine-zahlungspolitik-und-bedingungen\/"},"modified":"2026-02-10T12:34:02","modified_gmt":"2026-02-10T12:34:02","slug":"allgemeine-zahlungspolitik-und-bedingungen","status":"publish","type":"page","link":"https:\/\/martinezcaballeroabogados.com\/de\/allgemeine-zahlungspolitik-und-bedingungen\/","title":{"rendered":"Allgemeine Bedingungen und Konditionen"},"content":{"rendered":"\t\t<div data-elementor-type=\"wp-post\" data-elementor-id=\"19671\" class=\"elementor elementor-19671 elementor-18299\" data-elementor-post-type=\"page\">\n\t\t\t\t\t\t<section class=\"elementor-section elementor-top-section elementor-element elementor-element-5c147bee elementor-section-boxed elementor-section-height-default elementor-section-height-default\" data-id=\"5c147bee\" data-element_type=\"section\" data-e-type=\"section\" data-settings=\"{&quot;background_background&quot;:&quot;classic&quot;}\">\n\t\t\t\t\t\t<div class=\"elementor-container elementor-column-gap-extended\">\n\t\t\t\t\t<div class=\"elementor-column elementor-col-100 elementor-top-column elementor-element elementor-element-16063d6f sc_inner_width_none sc_layouts_column_icons_position_left\" data-id=\"16063d6f\" data-element_type=\"column\" data-e-type=\"column\">\n\t\t\t<div class=\"elementor-widget-wrap elementor-element-populated\">\n\t\t\t\t\t\t<div class=\"elementor-element elementor-element-3440e39 sc_fly_static elementor-widget elementor-widget-spacer\" data-id=\"3440e39\" data-element_type=\"widget\" data-e-type=\"widget\" data-widget_type=\"spacer.default\">\n\t\t\t\t<div class=\"elementor-widget-container\">\n\t\t\t\t\t\t\t<div class=\"elementor-spacer\">\n\t\t\t<div class=\"elementor-spacer-inner\"><\/div>\n\t\t<\/div>\n\t\t\t\t\t\t<\/div>\n\t\t\t\t<\/div>\n\t\t\t\t<div class=\"elementor-element elementor-element-bc2f191 sc_layouts_hide_on_mobile sc_fly_static elementor-widget elementor-widget-heading\" data-id=\"bc2f191\" data-element_type=\"widget\" data-e-type=\"widget\" data-widget_type=\"heading.default\">\n\t\t\t\t<div class=\"elementor-widget-container\">\n\t\t\t\t\t<h1 class=\"elementor-heading-title elementor-size-default\">ALLGEMEINE BEDINGUNGEN<\/h1>\t\t\t\t<\/div>\n\t\t\t\t<\/div>\n\t\t\t\t<div class=\"elementor-element elementor-element-46dbddf7 sc_fly_static elementor-widget elementor-widget-text-editor\" data-id=\"46dbddf7\" data-element_type=\"widget\" data-e-type=\"widget\" data-widget_type=\"text-editor.default\">\n\t\t\t\t<div class=\"elementor-widget-container\">\n\t\t\t\t\t\t\t\t\t<p data-start=\"268\" data-end=\"309\"><strong data-start=\"268\" data-end=\"309\">G\u00fcltig ab 30. Juli 2025<\/strong><\/p><p><b>1. zweck und Umfang der Anwendung<\/b><\/p><p data-start=\"349\" data-end=\"804\">Diese Allgemeinen Bedingungen (im Folgenden &#8222;Bedingungen&#8220;) regeln die Erbringung von Rechtsdienstleistungen und professioneller Beratung (im Folgenden &#8222;Dienstleistungen&#8220;) durch <strong data-start=\"534\" data-end=\"620\">APNA ADVOCATS, S.P.L., die unter dem Namen Mart\u00ednez &amp; Caballero Abogados<\/strong> (im Folgenden &#8222;M&amp;C Abogados&#8220;) mit Sitz in Plaza Tetuan 40-41, Planta 1\u00ba, Puerta 21, 08010 Barcelona, CIF B67183491, zugunsten eines jeden Mandanten (im Folgenden &#8222;Mandant&#8220;).<\/p><p data-start=\"806\" data-end=\"1047\">Diese Bedingungen gelten f\u00fcr alle professionellen Auftr\u00e4ge (im Folgenden als &#8222;Auftrag&#8220; oder &#8222;Auftr\u00e4ge&#8220; bezeichnet), die der Kunde erteilt, unbeschadet etwaiger spezifischer Bedingungen, die f\u00fcr eine bestimmte Angelegenheit schriftlich vereinbart werden k\u00f6nnen.<\/p><p><b>2. Allgemeine Grunds\u00e4tze<\/b><\/p><p data-start=\"1083\" data-end=\"1195\">Die professionelle Beziehung basiert auf Vertrauen, Transparenz und Zusammenarbeit zwischen M&amp;C Abogados und dem Kunden.<\/p><ul data-start=\"1196\" data-end=\"1563\"><li data-start=\"1196\" data-end=\"1339\"><p data-start=\"1198\" data-end=\"1339\">Der Kunde muss alle Informationen und Unterlagen, die f\u00fcr die korrekte Erbringung der Dienstleistungen erforderlich sind, wahrheitsgem\u00e4\u00df und vollst\u00e4ndig zur Verf\u00fcgung stellen.<\/p><\/li><li data-start=\"1340\" data-end=\"1471\"><p data-start=\"1342\" data-end=\"1471\">M&amp;C Abogados wird immer mit Unabh\u00e4ngigkeit, Sorgfalt und Respekt vor den ethischen und beruflichen Regeln des Anwaltsberufs handeln.<\/p><\/li><li data-start=\"1472\" data-end=\"1563\"><p data-start=\"1474\" data-end=\"1563\">Die Beziehung ist eine Vermietung von Dienstleistungen, ohne Verpflichtung zu einem Ergebnis.<\/p><\/li><\/ul><p><b>Professionelle Dienstleistungen<\/b><\/p><p data-start=\"1602\" data-end=\"1739\">Der Umfang und die Art der Dienstleistungen werden zu Beginn eines jeden Auftrags festgelegt und k\u00f6nnen sp\u00e4ter im gegenseitigen Einvernehmen ge\u00e4ndert werden.<\/p><ul data-start=\"1740\" data-end=\"2038\"><li data-start=\"1740\" data-end=\"1870\"><p data-start=\"1742\" data-end=\"1870\">Die Dienstleistungen werden von den Anw\u00e4lten von M&amp;C Abogados erbracht, die in der Lage sind, dem Fall das am besten geeignete professionelle Team zuzuweisen.<\/p><\/li><li data-start=\"1871\" data-end=\"2038\"><p data-start=\"1873\" data-end=\"2038\">Die Beziehung wird ausschlie\u00dflich mit dem Kunden hergestellt, ohne dass ein Rechtsverh\u00e4ltnis mit verbundenen Dritten (Tochtergesellschaften, Partnern, Beratern usw.) entsteht, es sei denn, dies wurde ausdr\u00fccklich vereinbart.<\/p><\/li><\/ul><p><b>4. Intervention durch andere Fachleute<\/b><\/p><p data-start=\"2089\" data-end=\"2262\">Wenn die Beteiligung anderer Fachleute (Anw\u00e4lte, Notare, Sachverst\u00e4ndige, ausl\u00e4ndische Anw\u00e4lte usw.) erforderlich ist, ist der Kunde f\u00fcr deren Beauftragung verantwortlich.<\/p><ul data-start=\"2263\" data-end=\"2415\"><li data-start=\"2263\" data-end=\"2415\"><p data-start=\"2265\" data-end=\"2415\">M&amp;C Abogados kann externe Fachleute empfehlen und das Management koordinieren, ist jedoch nicht f\u00fcr deren Leistung oder die Zahlung ihrer Honorare verantwortlich.<\/p><\/li><\/ul><p><b>5. Geb\u00fchren, Auslagen und Rechnungsstellung<\/b><\/p><ul data-start=\"2463\" data-end=\"2972\"><li data-start=\"2463\" data-end=\"2587\"><p data-start=\"2465\" data-end=\"2587\">Das Honorar wird zu Beginn des Auftrags vereinbart, und es k\u00f6nnen feste S\u00e4tze, Stundens\u00e4tze oder Erfolgss\u00e4tze festgelegt werden.<\/p><\/li><li data-start=\"2588\" data-end=\"2739\"><p data-start=\"2590\" data-end=\"2739\">Die anfallenden Kosten (Reisekosten, Steuern, \u00dcbersetzungen, Kurierdienste usw.) gehen zu Lasten des Kunden und k\u00f6nnen die Bereitstellung von Mitteln erfordern.<\/p><\/li><li data-start=\"2740\" data-end=\"2848\"><p data-start=\"2742\" data-end=\"2848\">Rechnungen sind auf Verlangen und in jedem Fall innerhalb von 30 Tagen nach Ausstellung zu zahlen.<\/p><\/li><li data-start=\"2849\" data-end=\"2972\"><p data-start=\"2851\" data-end=\"2972\">Im Falle einer vorzeitigen Beendigung des Auftrags zahlt der Kunde die bis zu diesem Zeitpunkt angefallenen Geb\u00fchren und Kosten.<\/p><\/li><\/ul><p><b>6. Kommunikation und elektronische Medien<\/b><\/p><p data-start=\"3024\" data-end=\"3114\">Die Kommunikation kann per E-Mail oder auf anderem elektronischen Wege erfolgen.<\/p><ul data-start=\"3115\" data-end=\"3317\"><li data-start=\"3115\" data-end=\"3233\"><p data-start=\"3117\" data-end=\"3233\">Der Kunde \u00fcbernimmt die Risiken, die mit der elektronischen \u00dcbermittlung von Daten verbunden sind (Verluste, Viren, Abfangung).<\/p><\/li><li data-start=\"3234\" data-end=\"3317\"><p data-start=\"3236\" data-end=\"3317\">Instant Messaging wird nicht f\u00fcr formelle Rechtsberatung verwendet.<\/p><\/li><\/ul><p><b>7. Vertraulichkeit und Berufsgeheimnis<\/b><\/p><p data-start=\"3371\" data-end=\"3550\">Alle Informationen und Unterlagen, die der Kunde zur Verf\u00fcgung stellt, unterliegen der Schweigepflicht, die auch nach Beendigung des Vertragsverh\u00e4ltnisses fortbesteht.<\/p><ul data-start=\"3551\" data-end=\"3655\"><li data-start=\"3551\" data-end=\"3655\"><p data-start=\"3553\" data-end=\"3655\">Informationen werden nur dann weitergegeben, wenn eine gesetzliche Verpflichtung oder eine Anforderung einer zust\u00e4ndigen Beh\u00f6rde besteht.<\/p><\/li><\/ul><p><b>8. Verhinderung von Geldw\u00e4sche und Finanzierung des Terrorismus<\/b><\/p><p data-start=\"3737\" data-end=\"3897\">In \u00dcbereinstimmung mit der geltenden Gesetzgebung kann M&amp;C Abogados Unterlagen zur Identifizierung des Kunden und seiner beruflichen oder gesch\u00e4ftlichen T\u00e4tigkeit anfordern.<\/p><ul data-start=\"3898\" data-end=\"4084\"><li data-start=\"3898\" data-end=\"4084\"><p data-start=\"3900\" data-end=\"4084\">Es kann sich als notwendig erweisen, verd\u00e4chtige Transaktionen den Beh\u00f6rden zu melden, ohne dass der Kunde davon in Kenntnis gesetzt werden kann, und kann zur Aussetzung der Dienste f\u00fchren.<\/p><\/li><\/ul><p><b>9. Geistiges Eigentum<\/b><\/p><p data-start=\"4121\" data-end=\"4209\">Die von M&amp;C Abogados erstellten Arbeiten und Dokumente sind das geistige Eigentum von M&amp;C Abogados.<\/p><ul data-start=\"4210\" data-end=\"4357\"><li data-start=\"4210\" data-end=\"4285\"><p data-start=\"4212\" data-end=\"4285\">Der Kunde darf sie ausschlie\u00dflich f\u00fcr die Zwecke des Auftrags verwenden.<\/p><\/li><li data-start=\"4286\" data-end=\"4357\"><p data-start=\"4288\" data-end=\"4357\">Die Weitergabe an Dritte bedarf der ausdr\u00fccklichen schriftlichen Genehmigung.<\/p><\/li><\/ul><p><b>10. Aufbewahrung und Lagerung der Dokumentation<\/b><\/p><p data-start=\"4420\" data-end=\"4600\">M&amp;C Abogados bewahrt die Unterlagen des Kunden f\u00fcr die Dauer des Auftrags und danach f\u00fcr die gesetzlich festgelegten Fristen auf, um eventuelle Verbindlichkeiten zu erf\u00fcllen.<\/p><ul data-start=\"4601\" data-end=\"4731\"><li data-start=\"4601\" data-end=\"4731\"><p data-start=\"4603\" data-end=\"4731\">Sie k\u00f6nnen auf physischen oder digitalen Medien, einschlie\u00dflich Cloud-Diensten, gespeichert werden, wobei die erforderlichen Sicherheitsma\u00dfnahmen getroffen werden.<\/p><\/li><\/ul><p><b>11. Umfang und Beschr\u00e4nkungen der Haftung<\/b><\/p><ul data-start=\"4789\" data-end=\"5152\"><li data-start=\"4789\" data-end=\"4923\"><p data-start=\"4791\" data-end=\"4923\">M&amp;C Abogados haftet nur f\u00fcr direkte Sch\u00e4den, die durch vors\u00e4tzliches oder grob fahrl\u00e4ssiges Handeln bei der Erbringung der Dienstleistungen verursacht wurden.<\/p><\/li><li data-start=\"4924\" data-end=\"5042\"><p data-start=\"4926\" data-end=\"5042\">Jede Beschwerde muss innerhalb von 2 Jahren nach Beendigung des Einsatzes schriftlich eingereicht werden.<\/p><\/li><li data-start=\"5043\" data-end=\"5152\"><p data-start=\"5045\" data-end=\"5152\">Die Haftung ist auf den Gesamtbetrag der f\u00fcr den betreffenden Auftrag gezahlten Geb\u00fchren beschr\u00e4nkt.<\/p><\/li><\/ul><p><b>12. Beendigung der Bestellung<\/b><\/p><p data-start=\"5192\" data-end=\"5348\">Sowohl der Mandant als auch M&amp;C Abogados k\u00f6nnen das Mandatsverh\u00e4ltnis jederzeit mit einer ausreichenden K\u00fcndigungsfrist k\u00fcndigen, um nicht schutzlos zu sein.<\/p><ul data-start=\"5349\" data-end=\"5453\"><li data-start=\"5349\" data-end=\"5453\"><p data-start=\"5351\" data-end=\"5453\">Im Falle einer K\u00fcndigung zahlt der Kunde die bis zu diesem Zeitpunkt angefallenen Geb\u00fchren und Auslagen.<\/p><\/li><\/ul><p><b>13. Schutz der pers\u00f6nlichen Daten<\/b><\/p><p data-start=\"5500\" data-end=\"5634\">M&amp;C Abogados verarbeitet die personenbezogenen Daten des Mandanten in \u00dcbereinstimmung mit der Verordnung (EU) 2016\/679 (GDPR) und den geltenden spanischen Rechtsvorschriften.<\/p><ul data-start=\"5635\" data-end=\"6183\"><li data-start=\"5635\" data-end=\"5816\"><p data-start=\"5637\" data-end=\"5816\">Es kann notwendig sein, auf die Daten von Dritten zuzugreifen, die mit dem Kunden in Verbindung stehen (Mitarbeiter, Gegenparteien, Zeugen), die ausschlie\u00dflich f\u00fcr die Erbringung der Dienstleistungen verarbeitet werden.<\/p><\/li><li data-start=\"5817\" data-end=\"5941\"><p data-start=\"5819\" data-end=\"5941\">Nach Beendigung des Auftrags werden die Daten f\u00fcr die gesetzlichen Fristen aufbewahrt, die zur Erf\u00fcllung der Pflichten erforderlich sind.<\/p><\/li><li data-start=\"5942\" data-end=\"6183\"><p data-start=\"5944\" data-end=\"6183\">Der Kunde kann seine Rechte auf Auskunft, Berichtigung, L\u00f6schung, Widerspruch, \u00dcbertragbarkeit und Einschr\u00e4nkung der Verarbeitung aus\u00fcben, indem er einen schriftlichen Antrag an <a class=\"decorated-link cursor-pointer\" rel=\"noopener\" data-start=\"6101\" data-end=\"6180\">info@martinezcaballeroabogados.com sendet .<\/a><\/p><\/li><\/ul><p><b>14. \u00c4nderung der Allgemeinen Bedingungen<\/b><\/p><p data-start=\"6241\" data-end=\"6350\">M&amp;C Abogados kann diese Bedingungen aufgrund regulatorischer, ethischer oder interner \u00c4nderungen \u00e4ndern.<\/p><ul data-start=\"6351\" data-end=\"6446\"><li data-start=\"6351\" data-end=\"6446\"><p data-start=\"6353\" data-end=\"6446\">Die \u00c4nderungen gelten f\u00fcr Bestellungen nach ihrer Ver\u00f6ffentlichung oder Mitteilung.<\/p><\/li><\/ul><p><b>15. Anwendbares Recht und Gerichtsstand<\/b><\/p><p data-start=\"6491\" data-end=\"6582\">Die vorliegenden Bedingungen und das Vertragsverh\u00e4ltnis unterliegen dem allgemeinen spanischen Recht.<\/p><ul data-start=\"6583\" data-end=\"6781\"><li data-start=\"6583\" data-end=\"6781\"><p data-start=\"6585\" data-end=\"6781\">F\u00fcr alle Streitigkeiten unterwerfen sich die Parteien den Gerichten von Barcelona, es sei denn, der Kunde ist ein Verbraucher; in diesem Fall ist die Gerichtsbarkeit seines Wohnsitzes zust\u00e4ndig.<\/p><\/li><\/ul><div><a href=\"https:\/\/martinezcaballeroabogados.com\/wp-content\/uploads\/2025\/08\/Condiciones-generales.pdf\">Laden Sie die Allgemeinen Gesch\u00e4ftsbedingungen im PDF-Format herunter.<\/a><\/div><p><strong data-start=\"6788\" data-end=\"6821\">Mart\u00ednez &amp; Caballero Abogados<\/strong><br data-start=\"6821\" data-end=\"6824\">Plaza Tetuan 40-41, Planta 1\u00ba, Puerta 21<br data-start=\"6864\" data-end=\"6867\">08010 Barcelona<br data-start=\"6882\" data-end=\"6885\">CIF B67183491<br data-start=\"6898\" data-end=\"6901\"><a class=\"decorated-link\" href=\"https:\/\/martinezcaballeroabogados.com\/de\/\" target=\"_new\" rel=\"noopener\" data-start=\"6901\" data-end=\"6976\">www.martinezcaballeroabogados.com www.martinezcaballeroabogados.com<\/a><\/p>\t\t\t\t\t\t\t\t<\/div>\n\t\t\t\t<\/div>\n\t\t\t\t\t<\/div>\n\t\t<\/div>\n\t\t\t\t\t<\/div>\n\t\t<\/section>\n\t\t\t\t<section class=\"elementor-section elementor-top-section elementor-element elementor-element-570847f2 elementor-section-boxed elementor-section-height-default elementor-section-height-default\" data-id=\"570847f2\" data-element_type=\"section\" data-e-type=\"section\" data-settings=\"{&quot;background_background&quot;:&quot;classic&quot;}\">\n\t\t\t\t\t\t<div class=\"elementor-container elementor-column-gap-extended\">\n\t\t\t\t\t<div class=\"elementor-column elementor-col-100 elementor-top-column elementor-element elementor-element-46a5d2bd sc_inner_width_none sc_layouts_column_icons_position_left\" data-id=\"46a5d2bd\" data-element_type=\"column\" data-e-type=\"column\">\n\t\t\t<div class=\"elementor-widget-wrap elementor-element-populated\">\n\t\t\t\t\t\t<div class=\"elementor-element elementor-element-56197f0 sc_fly_static elementor-widget elementor-widget-spacer\" data-id=\"56197f0\" data-element_type=\"widget\" data-e-type=\"widget\" data-widget_type=\"spacer.default\">\n\t\t\t\t<div class=\"elementor-widget-container\">\n\t\t\t\t\t\t\t<div class=\"elementor-spacer\">\n\t\t\t<div class=\"elementor-spacer-inner\"><\/div>\n\t\t<\/div>\n\t\t\t\t\t\t<\/div>\n\t\t\t\t<\/div>\n\t\t\t\t\t<\/div>\n\t\t<\/div>\n\t\t\t\t\t<\/div>\n\t\t<\/section>\n\t\t\t\t<\/div>\n\t\t","protected":false},"excerpt":{"rendered":"<p>ALLGEMEINE BEDINGUNGEN G\u00fcltig ab 30. Juli 2025 1. zweck und Umfang der Anwendung Diese Allgemeinen Bedingungen (im Folgenden &#8222;Bedingungen&#8220;) regeln die Erbringung von Rechtsdienstleistungen und professioneller Beratung (im Folgenden &#8222;Dienstleistungen&#8220;) durch APNA ADVOCATS, S.P.L., die unter dem Namen Mart\u00ednez &amp; Caballero Abogados (im Folgenden &#8222;M&amp;C Abogados&#8220;) mit Sitz in Plaza Tetuan 40-41, Planta 1\u00ba, Puerta 21, 08010 Barcelona, CIF B67183491, zugunsten eines jeden Mandanten (im Folgenden &#8222;Mandant&#8220;). Diese Bedingungen gelten f\u00fcr alle professionellen Auftr\u00e4ge (im Folgenden als &#8222;Auftrag&#8220; oder &#8222;Auftr\u00e4ge&#8220;&hellip;<\/p>\n","protected":false},"author":1,"featured_media":0,"parent":0,"menu_order":0,"comment_status":"closed","ping_status":"closed","template":"","meta":{"_monsterinsights_skip_tracking":false,"_monsterinsights_sitenote_active":false,"_monsterinsights_sitenote_note":"","_monsterinsights_sitenote_category":0,"_joinchat":[],"footnotes":""},"class_list":["post-19671","page","type-page","status-publish","hentry"],"yoast_head":"<!-- This site is optimized with the Yoast SEO plugin v26.8 - https:\/\/yoast.com\/product\/yoast-seo-wordpress\/ -->\n<title>Allgemeine Gesch\u00e4ftsbedingungen | Mart\u00ednez &amp; Caballero Abogados -% % %<\/title>\n<meta name=\"description\" content=\"Lesen Sie die Allgemeinen Gesch\u00e4ftsbedingungen von Mart\u00ednez &amp; Caballero Abogados. Transparenz bei Tarifen, Zahlungsmodalit\u00e4ten und Garantien f\u00fcr unsere Kunden.\" \/>\n<meta name=\"robots\" content=\"index, follow, max-snippet:-1, max-image-preview:large, max-video-preview:-1\" \/>\n<link rel=\"canonical\" href=\"https:\/\/martinezcaballeroabogados.com\/de\/allgemeine-zahlungspolitik-und-bedingungen\/\" \/>\n<meta property=\"og:locale\" content=\"de_DE\" \/>\n<meta property=\"og:type\" content=\"article\" \/>\n<meta property=\"og:title\" content=\"Allgemeine Gesch\u00e4ftsbedingungen | Mart\u00ednez &amp; Caballero Abogados -% % %\" \/>\n<meta property=\"og:description\" content=\"Lesen Sie die Allgemeinen Gesch\u00e4ftsbedingungen von Mart\u00ednez &amp; Caballero Abogados. Transparenz bei Tarifen, Zahlungsmodalit\u00e4ten und Garantien f\u00fcr unsere Kunden.\" \/>\n<meta property=\"og:url\" content=\"https:\/\/martinezcaballeroabogados.com\/de\/allgemeine-zahlungspolitik-und-bedingungen\/\" \/>\n<meta property=\"og:site_name\" content=\"Martinez Caballero Abogados\" \/>\n<meta property=\"article:publisher\" content=\"https:\/\/www.facebook.com\/martinezcaballeroabogados\/\" \/>\n<meta property=\"article:modified_time\" content=\"2026-02-10T12:34:02+00:00\" \/>\n<meta name=\"twitter:card\" content=\"summary_large_image\" \/>\n<meta name=\"twitter:site\" content=\"@MC_abogados_\" \/>\n<meta name=\"twitter:label1\" content=\"Gesch\u00e4tzte Lesezeit\" \/>\n\t<meta name=\"twitter:data1\" content=\"5\u00a0Minuten\" \/>\n<script type=\"application\/ld+json\" class=\"yoast-schema-graph\">{\"@context\":\"https:\/\/schema.org\",\"@graph\":[{\"@type\":\"WebPage\",\"@id\":\"https:\/\/martinezcaballeroabogados.com\/de\/allgemeine-zahlungspolitik-und-bedingungen\/\",\"url\":\"https:\/\/martinezcaballeroabogados.com\/de\/allgemeine-zahlungspolitik-und-bedingungen\/\",\"name\":\"Allgemeine Gesch\u00e4ftsbedingungen | Mart\u00ednez & Caballero Abogados -% % %\",\"isPartOf\":{\"@id\":\"https:\/\/martinezcaballeroabogados.com\/de\/#website\"},\"datePublished\":\"2024-07-05T19:29:47+00:00\",\"dateModified\":\"2026-02-10T12:34:02+00:00\",\"description\":\"Lesen Sie die Allgemeinen Gesch\u00e4ftsbedingungen von Mart\u00ednez & Caballero Abogados. Transparenz bei Tarifen, Zahlungsmodalit\u00e4ten und Garantien f\u00fcr unsere Kunden.\",\"breadcrumb\":{\"@id\":\"https:\/\/martinezcaballeroabogados.com\/de\/allgemeine-zahlungspolitik-und-bedingungen\/#breadcrumb\"},\"inLanguage\":\"de\",\"potentialAction\":[{\"@type\":\"ReadAction\",\"target\":[\"https:\/\/martinezcaballeroabogados.com\/de\/allgemeine-zahlungspolitik-und-bedingungen\/\"]}]},{\"@type\":\"BreadcrumbList\",\"@id\":\"https:\/\/martinezcaballeroabogados.com\/de\/allgemeine-zahlungspolitik-und-bedingungen\/#breadcrumb\",\"itemListElement\":[{\"@type\":\"ListItem\",\"position\":1,\"name\":\"Portada\",\"item\":\"https:\/\/martinezcaballeroabogados.com\/de\/anwalte-in-barcelona\/\"},{\"@type\":\"ListItem\",\"position\":2,\"name\":\"Allgemeine Bedingungen und Konditionen\"}]},{\"@type\":\"WebSite\",\"@id\":\"https:\/\/martinezcaballeroabogados.com\/de\/#website\",\"url\":\"https:\/\/martinezcaballeroabogados.com\/de\/\",\"name\":\"Martinez & Caballero Abogados\",\"description\":\"Umfassende Rechtsberatung in Barcelona\",\"publisher\":{\"@id\":\"https:\/\/martinezcaballeroabogados.com\/de\/#organization\"},\"potentialAction\":[{\"@type\":\"SearchAction\",\"target\":{\"@type\":\"EntryPoint\",\"urlTemplate\":\"https:\/\/martinezcaballeroabogados.com\/de\/?s={search_term_string}\"},\"query-input\":{\"@type\":\"PropertyValueSpecification\",\"valueRequired\":true,\"valueName\":\"search_term_string\"}}],\"inLanguage\":\"de\"},{\"@type\":\"Organization\",\"@id\":\"https:\/\/martinezcaballeroabogados.com\/de\/#organization\",\"name\":\"Martinez & Caballero Abogados\",\"url\":\"https:\/\/martinezcaballeroabogados.com\/de\/\",\"logo\":{\"@type\":\"ImageObject\",\"inLanguage\":\"de\",\"@id\":\"https:\/\/martinezcaballeroabogados.com\/de\/#\/schema\/logo\/image\/\",\"url\":\"https:\/\/martinezcaballeroabogados.com\/wp-content\/uploads\/2020\/02\/cropped-cropped-logo-mc-abogados-web-1-e1497812507401-1.png\",\"contentUrl\":\"https:\/\/martinezcaballeroabogados.com\/wp-content\/uploads\/2020\/02\/cropped-cropped-logo-mc-abogados-web-1-e1497812507401-1.png\",\"width\":300,\"height\":150,\"caption\":\"Martinez & Caballero Abogados\"},\"image\":{\"@id\":\"https:\/\/martinezcaballeroabogados.com\/de\/#\/schema\/logo\/image\/\"},\"sameAs\":[\"https:\/\/www.facebook.com\/martinezcaballeroabogados\/\",\"https:\/\/x.com\/MC_abogados_\",\"https:\/\/www.instagram.com\/extranjeriabarcelonaabogados\/\"]}]}<\/script>\n<!-- \/ Yoast SEO plugin. -->","yoast_head_json":{"title":"Allgemeine Gesch\u00e4ftsbedingungen | Mart\u00ednez & Caballero Abogados -% % %","description":"Lesen Sie die Allgemeinen Gesch\u00e4ftsbedingungen von Mart\u00ednez & Caballero Abogados. Transparenz bei Tarifen, Zahlungsmodalit\u00e4ten und Garantien f\u00fcr unsere Kunden.","robots":{"index":"index","follow":"follow","max-snippet":"max-snippet:-1","max-image-preview":"max-image-preview:large","max-video-preview":"max-video-preview:-1"},"canonical":"https:\/\/martinezcaballeroabogados.com\/de\/allgemeine-zahlungspolitik-und-bedingungen\/","og_locale":"de_DE","og_type":"article","og_title":"Allgemeine Gesch\u00e4ftsbedingungen | Mart\u00ednez & Caballero Abogados -% % %","og_description":"Lesen Sie die Allgemeinen Gesch\u00e4ftsbedingungen von Mart\u00ednez & Caballero Abogados. Transparenz bei Tarifen, Zahlungsmodalit\u00e4ten und Garantien f\u00fcr unsere Kunden.","og_url":"https:\/\/martinezcaballeroabogados.com\/de\/allgemeine-zahlungspolitik-und-bedingungen\/","og_site_name":"Martinez Caballero Abogados","article_publisher":"https:\/\/www.facebook.com\/martinezcaballeroabogados\/","article_modified_time":"2026-02-10T12:34:02+00:00","twitter_card":"summary_large_image","twitter_site":"@MC_abogados_","twitter_misc":{"Gesch\u00e4tzte Lesezeit":"5\u00a0Minuten"},"schema":{"@context":"https:\/\/schema.org","@graph":[{"@type":"WebPage","@id":"https:\/\/martinezcaballeroabogados.com\/de\/allgemeine-zahlungspolitik-und-bedingungen\/","url":"https:\/\/martinezcaballeroabogados.com\/de\/allgemeine-zahlungspolitik-und-bedingungen\/","name":"Allgemeine Gesch\u00e4ftsbedingungen | Mart\u00ednez & Caballero Abogados -% % %","isPartOf":{"@id":"https:\/\/martinezcaballeroabogados.com\/de\/#website"},"datePublished":"2024-07-05T19:29:47+00:00","dateModified":"2026-02-10T12:34:02+00:00","description":"Lesen Sie die Allgemeinen Gesch\u00e4ftsbedingungen von Mart\u00ednez & Caballero Abogados. Transparenz bei Tarifen, Zahlungsmodalit\u00e4ten und Garantien f\u00fcr unsere Kunden.","breadcrumb":{"@id":"https:\/\/martinezcaballeroabogados.com\/de\/allgemeine-zahlungspolitik-und-bedingungen\/#breadcrumb"},"inLanguage":"de","potentialAction":[{"@type":"ReadAction","target":["https:\/\/martinezcaballeroabogados.com\/de\/allgemeine-zahlungspolitik-und-bedingungen\/"]}]},{"@type":"BreadcrumbList","@id":"https:\/\/martinezcaballeroabogados.com\/de\/allgemeine-zahlungspolitik-und-bedingungen\/#breadcrumb","itemListElement":[{"@type":"ListItem","position":1,"name":"Portada","item":"https:\/\/martinezcaballeroabogados.com\/de\/anwalte-in-barcelona\/"},{"@type":"ListItem","position":2,"name":"Allgemeine Bedingungen und Konditionen"}]},{"@type":"WebSite","@id":"https:\/\/martinezcaballeroabogados.com\/de\/#website","url":"https:\/\/martinezcaballeroabogados.com\/de\/","name":"Martinez & Caballero Abogados","description":"Umfassende Rechtsberatung in Barcelona","publisher":{"@id":"https:\/\/martinezcaballeroabogados.com\/de\/#organization"},"potentialAction":[{"@type":"SearchAction","target":{"@type":"EntryPoint","urlTemplate":"https:\/\/martinezcaballeroabogados.com\/de\/?s={search_term_string}"},"query-input":{"@type":"PropertyValueSpecification","valueRequired":true,"valueName":"search_term_string"}}],"inLanguage":"de"},{"@type":"Organization","@id":"https:\/\/martinezcaballeroabogados.com\/de\/#organization","name":"Martinez & Caballero Abogados","url":"https:\/\/martinezcaballeroabogados.com\/de\/","logo":{"@type":"ImageObject","inLanguage":"de","@id":"https:\/\/martinezcaballeroabogados.com\/de\/#\/schema\/logo\/image\/","url":"https:\/\/martinezcaballeroabogados.com\/wp-content\/uploads\/2020\/02\/cropped-cropped-logo-mc-abogados-web-1-e1497812507401-1.png","contentUrl":"https:\/\/martinezcaballeroabogados.com\/wp-content\/uploads\/2020\/02\/cropped-cropped-logo-mc-abogados-web-1-e1497812507401-1.png","width":300,"height":150,"caption":"Martinez & Caballero Abogados"},"image":{"@id":"https:\/\/martinezcaballeroabogados.com\/de\/#\/schema\/logo\/image\/"},"sameAs":["https:\/\/www.facebook.com\/martinezcaballeroabogados\/","https:\/\/x.com\/MC_abogados_","https:\/\/www.instagram.com\/extranjeriabarcelonaabogados\/"]}]}},"_links":{"self":[{"href":"https:\/\/martinezcaballeroabogados.com\/de\/wp-json\/wp\/v2\/pages\/19671","targetHints":{"allow":["GET"]}}],"collection":[{"href":"https:\/\/martinezcaballeroabogados.com\/de\/wp-json\/wp\/v2\/pages"}],"about":[{"href":"https:\/\/martinezcaballeroabogados.com\/de\/wp-json\/wp\/v2\/types\/page"}],"author":[{"embeddable":true,"href":"https:\/\/martinezcaballeroabogados.com\/de\/wp-json\/wp\/v2\/users\/1"}],"replies":[{"embeddable":true,"href":"https:\/\/martinezcaballeroabogados.com\/de\/wp-json\/wp\/v2\/comments?post=19671"}],"version-history":[{"count":4,"href":"https:\/\/martinezcaballeroabogados.com\/de\/wp-json\/wp\/v2\/pages\/19671\/revisions"}],"predecessor-version":[{"id":24627,"href":"https:\/\/martinezcaballeroabogados.com\/de\/wp-json\/wp\/v2\/pages\/19671\/revisions\/24627"}],"wp:attachment":[{"href":"https:\/\/martinezcaballeroabogados.com\/de\/wp-json\/wp\/v2\/media?parent=19671"}],"curies":[{"name":"wp","href":"https:\/\/api.w.org\/{rel}","templated":true}]}}