{"id":11953,"date":"2021-05-18T10:12:10","date_gmt":"2021-05-18T10:12:10","guid":{"rendered":"https:\/\/martinezcaballeroabogados.com\/product\/tramit-declaracio-de-la-renda\/"},"modified":"2023-07-14T08:22:33","modified_gmt":"2023-07-14T08:22:33","slug":"tramiti-declaracion-de-la-renda","status":"publish","type":"product","link":"https:\/\/martinezcaballeroabogados.com\/ca\/producto\/tramiti-declaracion-de-la-renda\/","title":{"rendered":"Tr\u00e0mit Declaraci\u00f3 de la Renda"},"content":{"rendered":"<p>Paga en l\u00ednia i tramita la teva declaraci\u00f3 de la renda amb Martinez &amp; Caballero Advocats de la manera m\u00e9s c\u00f2moda per un preu insuperable. El nostre m\u00e8tode de pagament \u00e9s completament segur. Un cop rebut el pagament amb les teves dades, ens podrem en contacte amb tu en les properes 24 hores per comen\u00e7ar el tr\u00e0mit.<\/p>\n","protected":false},"excerpt":{"rendered":"<p>Reserva el pagament de la declaraci\u00f3 de la renda online, sense moure&#8217;t de casa. Nosaltres ens encarreguem de tot.<\/p>\n","protected":false},"featured_media":20691,"comment_status":"closed","ping_status":"closed","template":"","meta":{"_monsterinsights_skip_tracking":false,"_monsterinsights_sitenote_active":false,"_monsterinsights_sitenote_note":"","_monsterinsights_sitenote_category":0},"product_brand":[],"product_cat":[553,552],"product_tag":[556,555,554],"class_list":{"0":"post-11953","1":"product","2":"type-product","3":"status-publish","4":"has-post-thumbnail","6":"product_cat-impostos","7":"product_cat-renda","8":"product_tag-declaracio","9":"product_tag-impostos","10":"product_tag-renda","12":"first","13":"instock","14":"virtual","15":"sold-individually","16":"taxable","17":"purchasable","18":"product-type-simple"},"yoast_head":"<!-- This site is optimized with the Yoast SEO plugin v26.8 - https:\/\/yoast.com\/product\/yoast-seo-wordpress\/ -->\n<title>Tr\u00e0mit Declaraci\u00f3 de la Renda - Martinez Caballero Advocats<\/title>\n<meta name=\"description\" content=\"Paga en l\u00ednia i tramita la teva declaraci\u00f3 de la renda de la manera m\u00e9s c\u00f2moda per un preu insuperable. M\u00e8tode de pagament \u00e9s completament segur.\" \/>\n<meta name=\"robots\" content=\"index, follow, max-snippet:-1, max-image-preview:large, max-video-preview:-1\" \/>\n<link rel=\"canonical\" href=\"https:\/\/martinezcaballeroabogados.com\/ca\/producto\/tramiti-declaracion-de-la-renda\/\" \/>\n<meta property=\"og:locale\" content=\"ca_ES\" \/>\n<meta property=\"og:type\" content=\"article\" \/>\n<meta property=\"og:title\" content=\"Tr\u00e0mit Declaraci\u00f3 de la Renda - Martinez Caballero Advocats\" \/>\n<meta property=\"og:description\" content=\"Paga en l\u00ednia i tramita la teva declaraci\u00f3 de la renda de la manera m\u00e9s c\u00f2moda per un preu insuperable. M\u00e8tode de pagament \u00e9s completament segur.\" \/>\n<meta property=\"og:url\" content=\"https:\/\/martinezcaballeroabogados.com\/ca\/producto\/tramiti-declaracion-de-la-renda\/\" \/>\n<meta property=\"og:site_name\" content=\"Martinez Caballero Advocats\" \/>\n<meta property=\"article:publisher\" content=\"https:\/\/www.facebook.com\/martinezcaballeroabogados\/\" \/>\n<meta property=\"article:modified_time\" content=\"2023-07-14T08:22:33+00:00\" \/>\n<meta property=\"og:image\" content=\"https:\/\/martinezcaballeroabogados.com\/wp-content\/uploads\/2023\/03\/renta-catalan.webp\" \/>\n\t<meta property=\"og:image:width\" content=\"1080\" \/>\n\t<meta property=\"og:image:height\" content=\"1080\" \/>\n\t<meta property=\"og:image:type\" content=\"image\/webp\" \/>\n<meta name=\"twitter:card\" content=\"summary_large_image\" \/>\n<meta name=\"twitter:site\" content=\"@MC_abogados_\" \/>\n<script type=\"application\/ld+json\" class=\"yoast-schema-graph\">{\"@context\":\"https:\/\/schema.org\",\"@graph\":[{\"@type\":\"WebPage\",\"@id\":\"https:\/\/martinezcaballeroabogados.com\/ca\/producto\/tramiti-declaracion-de-la-renda\/\",\"url\":\"https:\/\/martinezcaballeroabogados.com\/ca\/producto\/tramiti-declaracion-de-la-renda\/\",\"name\":\"Tr\u00e0mit Declaraci\u00f3 de la Renda - Martinez Caballero Advocats\",\"isPartOf\":{\"@id\":\"https:\/\/martinezcaballeroabogados.com\/ca\/#website\"},\"primaryImageOfPage\":{\"@id\":\"https:\/\/martinezcaballeroabogados.com\/ca\/producto\/tramiti-declaracion-de-la-renda\/#primaryimage\"},\"image\":{\"@id\":\"https:\/\/martinezcaballeroabogados.com\/ca\/producto\/tramiti-declaracion-de-la-renda\/#primaryimage\"},\"thumbnailUrl\":\"https:\/\/martinezcaballeroabogados.com\/wp-content\/uploads\/2021\/05\/declaracion-renta.jpg\",\"datePublished\":\"2021-05-18T10:12:10+00:00\",\"dateModified\":\"2023-07-14T08:22:33+00:00\",\"description\":\"Paga en l\u00ednia i tramita la teva declaraci\u00f3 de la renda de la manera m\u00e9s c\u00f2moda per un preu insuperable. M\u00e8tode de pagament \u00e9s completament segur.\",\"breadcrumb\":{\"@id\":\"https:\/\/martinezcaballeroabogados.com\/ca\/producto\/tramiti-declaracion-de-la-renda\/#breadcrumb\"},\"inLanguage\":\"ca\",\"potentialAction\":[{\"@type\":\"ReadAction\",\"target\":[\"https:\/\/martinezcaballeroabogados.com\/ca\/producto\/tramiti-declaracion-de-la-renda\/\"]}]},{\"@type\":\"ImageObject\",\"inLanguage\":\"ca\",\"@id\":\"https:\/\/martinezcaballeroabogados.com\/ca\/producto\/tramiti-declaracion-de-la-renda\/#primaryimage\",\"url\":\"https:\/\/martinezcaballeroabogados.com\/wp-content\/uploads\/2021\/05\/declaracion-renta.jpg\",\"contentUrl\":\"https:\/\/martinezcaballeroabogados.com\/wp-content\/uploads\/2021\/05\/declaracion-renta.jpg\",\"width\":1080,\"height\":1080,\"caption\":\"Tr\u00e1mite online de la declaraci\u00f3n de la renta en Espa\u00f1a\"},{\"@type\":\"BreadcrumbList\",\"@id\":\"https:\/\/martinezcaballeroabogados.com\/ca\/producto\/tramiti-declaracion-de-la-renda\/#breadcrumb\",\"itemListElement\":[{\"@type\":\"ListItem\",\"position\":1,\"name\":\"Portada\",\"item\":\"https:\/\/martinezcaballeroabogados.com\/ca\/advocats-a-barcelona\/\"},{\"@type\":\"ListItem\",\"position\":2,\"name\":\"Tr\u00e0mit Declaraci\u00f3 de la Renda\"}]},{\"@type\":\"WebSite\",\"@id\":\"https:\/\/martinezcaballeroabogados.com\/ca\/#website\",\"url\":\"https:\/\/martinezcaballeroabogados.com\/ca\/\",\"name\":\"Martinez & Caballero Abogados\",\"description\":\"Advocats Integrals a Barcelona\",\"publisher\":{\"@id\":\"https:\/\/martinezcaballeroabogados.com\/ca\/#organization\"},\"potentialAction\":[{\"@type\":\"SearchAction\",\"target\":{\"@type\":\"EntryPoint\",\"urlTemplate\":\"https:\/\/martinezcaballeroabogados.com\/ca\/?s={search_term_string}\"},\"query-input\":{\"@type\":\"PropertyValueSpecification\",\"valueRequired\":true,\"valueName\":\"search_term_string\"}}],\"inLanguage\":\"ca\"},{\"@type\":\"Organization\",\"@id\":\"https:\/\/martinezcaballeroabogados.com\/ca\/#organization\",\"name\":\"Martinez & Caballero Abogados\",\"url\":\"https:\/\/martinezcaballeroabogados.com\/ca\/\",\"logo\":{\"@type\":\"ImageObject\",\"inLanguage\":\"ca\",\"@id\":\"https:\/\/martinezcaballeroabogados.com\/ca\/#\/schema\/logo\/image\/\",\"url\":\"https:\/\/martinezcaballeroabogados.com\/wp-content\/uploads\/2020\/02\/cropped-cropped-logo-mc-abogados-web-1-e1497812507401-1.png\",\"contentUrl\":\"https:\/\/martinezcaballeroabogados.com\/wp-content\/uploads\/2020\/02\/cropped-cropped-logo-mc-abogados-web-1-e1497812507401-1.png\",\"width\":300,\"height\":150,\"caption\":\"Martinez & Caballero Abogados\"},\"image\":{\"@id\":\"https:\/\/martinezcaballeroabogados.com\/ca\/#\/schema\/logo\/image\/\"},\"sameAs\":[\"https:\/\/www.facebook.com\/martinezcaballeroabogados\/\",\"https:\/\/x.com\/MC_abogados_\",\"https:\/\/www.instagram.com\/extranjeriabarcelonaabogados\/\"]}]}<\/script>\n<!-- \/ Yoast SEO plugin. -->","yoast_head_json":{"title":"Tr\u00e0mit Declaraci\u00f3 de la Renda - Martinez Caballero Advocats","description":"Paga en l\u00ednia i tramita la teva declaraci\u00f3 de la renda de la manera m\u00e9s c\u00f2moda per un preu insuperable. M\u00e8tode de pagament \u00e9s completament segur.","robots":{"index":"index","follow":"follow","max-snippet":"max-snippet:-1","max-image-preview":"max-image-preview:large","max-video-preview":"max-video-preview:-1"},"canonical":"https:\/\/martinezcaballeroabogados.com\/ca\/producto\/tramiti-declaracion-de-la-renda\/","og_locale":"ca_ES","og_type":"article","og_title":"Tr\u00e0mit Declaraci\u00f3 de la Renda - Martinez Caballero Advocats","og_description":"Paga en l\u00ednia i tramita la teva declaraci\u00f3 de la renda de la manera m\u00e9s c\u00f2moda per un preu insuperable. M\u00e8tode de pagament \u00e9s completament segur.","og_url":"https:\/\/martinezcaballeroabogados.com\/ca\/producto\/tramiti-declaracion-de-la-renda\/","og_site_name":"Martinez Caballero Advocats","article_publisher":"https:\/\/www.facebook.com\/martinezcaballeroabogados\/","article_modified_time":"2023-07-14T08:22:33+00:00","og_image":[{"width":1080,"height":1080,"url":"https:\/\/martinezcaballeroabogados.com\/wp-content\/uploads\/2023\/03\/renta-catalan.webp","type":"image\/webp"}],"twitter_card":"summary_large_image","twitter_site":"@MC_abogados_","schema":{"@context":"https:\/\/schema.org","@graph":[{"@type":"WebPage","@id":"https:\/\/martinezcaballeroabogados.com\/ca\/producto\/tramiti-declaracion-de-la-renda\/","url":"https:\/\/martinezcaballeroabogados.com\/ca\/producto\/tramiti-declaracion-de-la-renda\/","name":"Tr\u00e0mit Declaraci\u00f3 de la Renda - Martinez Caballero Advocats","isPartOf":{"@id":"https:\/\/martinezcaballeroabogados.com\/ca\/#website"},"primaryImageOfPage":{"@id":"https:\/\/martinezcaballeroabogados.com\/ca\/producto\/tramiti-declaracion-de-la-renda\/#primaryimage"},"image":{"@id":"https:\/\/martinezcaballeroabogados.com\/ca\/producto\/tramiti-declaracion-de-la-renda\/#primaryimage"},"thumbnailUrl":"https:\/\/martinezcaballeroabogados.com\/wp-content\/uploads\/2021\/05\/declaracion-renta.jpg","datePublished":"2021-05-18T10:12:10+00:00","dateModified":"2023-07-14T08:22:33+00:00","description":"Paga en l\u00ednia i tramita la teva declaraci\u00f3 de la renda de la manera m\u00e9s c\u00f2moda per un preu insuperable. M\u00e8tode de pagament \u00e9s completament segur.","breadcrumb":{"@id":"https:\/\/martinezcaballeroabogados.com\/ca\/producto\/tramiti-declaracion-de-la-renda\/#breadcrumb"},"inLanguage":"ca","potentialAction":[{"@type":"ReadAction","target":["https:\/\/martinezcaballeroabogados.com\/ca\/producto\/tramiti-declaracion-de-la-renda\/"]}]},{"@type":"ImageObject","inLanguage":"ca","@id":"https:\/\/martinezcaballeroabogados.com\/ca\/producto\/tramiti-declaracion-de-la-renda\/#primaryimage","url":"https:\/\/martinezcaballeroabogados.com\/wp-content\/uploads\/2021\/05\/declaracion-renta.jpg","contentUrl":"https:\/\/martinezcaballeroabogados.com\/wp-content\/uploads\/2021\/05\/declaracion-renta.jpg","width":1080,"height":1080,"caption":"Tr\u00e1mite online de la declaraci\u00f3n de la renta en Espa\u00f1a"},{"@type":"BreadcrumbList","@id":"https:\/\/martinezcaballeroabogados.com\/ca\/producto\/tramiti-declaracion-de-la-renda\/#breadcrumb","itemListElement":[{"@type":"ListItem","position":1,"name":"Portada","item":"https:\/\/martinezcaballeroabogados.com\/ca\/advocats-a-barcelona\/"},{"@type":"ListItem","position":2,"name":"Tr\u00e0mit Declaraci\u00f3 de la Renda"}]},{"@type":"WebSite","@id":"https:\/\/martinezcaballeroabogados.com\/ca\/#website","url":"https:\/\/martinezcaballeroabogados.com\/ca\/","name":"Martinez & Caballero Abogados","description":"Advocats Integrals a Barcelona","publisher":{"@id":"https:\/\/martinezcaballeroabogados.com\/ca\/#organization"},"potentialAction":[{"@type":"SearchAction","target":{"@type":"EntryPoint","urlTemplate":"https:\/\/martinezcaballeroabogados.com\/ca\/?s={search_term_string}"},"query-input":{"@type":"PropertyValueSpecification","valueRequired":true,"valueName":"search_term_string"}}],"inLanguage":"ca"},{"@type":"Organization","@id":"https:\/\/martinezcaballeroabogados.com\/ca\/#organization","name":"Martinez & Caballero Abogados","url":"https:\/\/martinezcaballeroabogados.com\/ca\/","logo":{"@type":"ImageObject","inLanguage":"ca","@id":"https:\/\/martinezcaballeroabogados.com\/ca\/#\/schema\/logo\/image\/","url":"https:\/\/martinezcaballeroabogados.com\/wp-content\/uploads\/2020\/02\/cropped-cropped-logo-mc-abogados-web-1-e1497812507401-1.png","contentUrl":"https:\/\/martinezcaballeroabogados.com\/wp-content\/uploads\/2020\/02\/cropped-cropped-logo-mc-abogados-web-1-e1497812507401-1.png","width":300,"height":150,"caption":"Martinez & Caballero Abogados"},"image":{"@id":"https:\/\/martinezcaballeroabogados.com\/ca\/#\/schema\/logo\/image\/"},"sameAs":["https:\/\/www.facebook.com\/martinezcaballeroabogados\/","https:\/\/x.com\/MC_abogados_","https:\/\/www.instagram.com\/extranjeriabarcelonaabogados\/"]}]}},"_links":{"self":[{"href":"https:\/\/martinezcaballeroabogados.com\/ca\/wp-json\/wp\/v2\/product\/11953","targetHints":{"allow":["GET"]}}],"collection":[{"href":"https:\/\/martinezcaballeroabogados.com\/ca\/wp-json\/wp\/v2\/product"}],"about":[{"href":"https:\/\/martinezcaballeroabogados.com\/ca\/wp-json\/wp\/v2\/types\/product"}],"replies":[{"embeddable":true,"href":"https:\/\/martinezcaballeroabogados.com\/ca\/wp-json\/wp\/v2\/comments?post=11953"}],"version-history":[{"count":1,"href":"https:\/\/martinezcaballeroabogados.com\/ca\/wp-json\/wp\/v2\/product\/11953\/revisions"}],"predecessor-version":[{"id":12708,"href":"https:\/\/martinezcaballeroabogados.com\/ca\/wp-json\/wp\/v2\/product\/11953\/revisions\/12708"}],"wp:featuredmedia":[{"embeddable":true,"href":"https:\/\/martinezcaballeroabogados.com\/ca\/wp-json\/wp\/v2\/media\/20691"}],"wp:attachment":[{"href":"https:\/\/martinezcaballeroabogados.com\/ca\/wp-json\/wp\/v2\/media?parent=11953"}],"wp:term":[{"taxonomy":"product_brand","embeddable":true,"href":"https:\/\/martinezcaballeroabogados.com\/ca\/wp-json\/wp\/v2\/product_brand?post=11953"},{"taxonomy":"product_cat","embeddable":true,"href":"https:\/\/martinezcaballeroabogados.com\/ca\/wp-json\/wp\/v2\/product_cat?post=11953"},{"taxonomy":"product_tag","embeddable":true,"href":"https:\/\/martinezcaballeroabogados.com\/ca\/wp-json\/wp\/v2\/product_tag?post=11953"}],"curies":[{"name":"wp","href":"https:\/\/api.w.org\/{rel}","templated":true}]}}