{"id":11947,"date":"2021-10-11T16:03:26","date_gmt":"2021-10-11T16:03:26","guid":{"rendered":"https:\/\/martinezcaballeroabogados.com\/product\/consulta-per-videotrucada\/"},"modified":"2023-07-14T08:22:53","modified_gmt":"2023-07-14T08:22:53","slug":"consulta-per-videotrucada","status":"publish","type":"product","link":"https:\/\/martinezcaballeroabogados.com\/ca\/producto\/consulta-per-videotrucada\/","title":{"rendered":"Consulta per videotrucada"},"content":{"rendered":"<p>Reserva la teva cita per videotrucada amb Martinez &amp; Caballero Advocats.<\/p>\n<p><strong>ATENCI\u00d3!<\/strong> Llegeix el text de descripci\u00f3 que es troba a sota amb indicacions importants.<\/p>\n","protected":false},"excerpt":{"rendered":"<p><span style=\"font-weight: 400;\">Videotrucada amb un dels nostres especialistes en Dret segons les teves necessitats. <strong>Si us plau, al camp &#8220;Informaci\u00f3 addicional&#8221; indica quin advocat especialista necessites<\/strong> , i posarem a la teva disposici\u00f3 el nostre millor advocat en aquesta \u00e0rea.<\/span> Tamb\u00e9 ens has d&#8217;indicar una data\/si un horari en qu\u00e8 puguem trucar-te per concretar el dia i l&#8217;hora de la v\u00eddeo trucada. Un cop completat completat el proc\u00e9s, ens posarem en contacte amb tu en un termini de 24 hores per assignar-te dia i hora per a la v\u00eddeo trucada.<\/p>\n","protected":false},"featured_media":7929,"comment_status":"closed","ping_status":"closed","template":"","meta":{"_monsterinsights_skip_tracking":false,"_monsterinsights_sitenote_active":false,"_monsterinsights_sitenote_note":"","_monsterinsights_sitenote_category":0},"product_brand":[],"product_cat":[537],"product_tag":[539,538],"class_list":{"0":"post-11947","1":"product","2":"type-product","3":"status-publish","4":"has-post-thumbnail","6":"product_cat-videotrucada","7":"product_tag-consulta-en-linia","8":"product_tag-videotrucada","10":"first","11":"instock","12":"virtual","13":"sold-individually","14":"taxable","15":"purchasable","16":"product-type-simple"},"yoast_head":"<!-- This site is optimized with the Yoast SEO plugin v26.8 - https:\/\/yoast.com\/product\/yoast-seo-wordpress\/ -->\n<title>Consulta per videotrucada - Martinez Caballero Advocats<\/title>\n<meta name=\"description\" content=\"Pots accedir a tots els nostres serveis mitjan\u00e7ant una consulta per videotrucada, sense despla\u00e7ar-te, o des del teu pa\u00eds d&#039;origen.\" \/>\n<meta name=\"robots\" content=\"index, follow, max-snippet:-1, max-image-preview:large, max-video-preview:-1\" \/>\n<link rel=\"canonical\" href=\"https:\/\/martinezcaballeroabogados.com\/ca\/producto\/consulta-per-videotrucada\/\" \/>\n<meta property=\"og:locale\" content=\"ca_ES\" \/>\n<meta property=\"og:type\" content=\"article\" \/>\n<meta property=\"og:title\" content=\"Consulta per videotrucada - Martinez Caballero Advocats\" \/>\n<meta property=\"og:description\" content=\"Pots accedir a tots els nostres serveis mitjan\u00e7ant una consulta per videotrucada, sense despla\u00e7ar-te, o des del teu pa\u00eds d&#039;origen.\" \/>\n<meta property=\"og:url\" content=\"https:\/\/martinezcaballeroabogados.com\/ca\/producto\/consulta-per-videotrucada\/\" \/>\n<meta property=\"og:site_name\" content=\"Martinez Caballero Advocats\" \/>\n<meta property=\"article:publisher\" content=\"https:\/\/www.facebook.com\/martinezcaballeroabogados\/\" \/>\n<meta property=\"article:modified_time\" content=\"2023-07-14T08:22:53+00:00\" \/>\n<meta property=\"og:image\" content=\"https:\/\/martinezcaballeroabogados.com\/wp-content\/uploads\/2023\/03\/videollamada-producto-catalan.webp\" \/>\n\t<meta property=\"og:image:width\" content=\"1080\" \/>\n\t<meta property=\"og:image:height\" content=\"1174\" \/>\n\t<meta property=\"og:image:type\" content=\"image\/webp\" \/>\n<meta name=\"twitter:card\" content=\"summary_large_image\" \/>\n<meta name=\"twitter:site\" content=\"@MC_abogados_\" \/>\n<script type=\"application\/ld+json\" class=\"yoast-schema-graph\">{\"@context\":\"https:\/\/schema.org\",\"@graph\":[{\"@type\":\"WebPage\",\"@id\":\"https:\/\/martinezcaballeroabogados.com\/ca\/producto\/consulta-per-videotrucada\/\",\"url\":\"https:\/\/martinezcaballeroabogados.com\/ca\/producto\/consulta-per-videotrucada\/\",\"name\":\"Consulta per videotrucada - Martinez Caballero Advocats\",\"isPartOf\":{\"@id\":\"https:\/\/martinezcaballeroabogados.com\/ca\/#website\"},\"primaryImageOfPage\":{\"@id\":\"https:\/\/martinezcaballeroabogados.com\/ca\/producto\/consulta-per-videotrucada\/#primaryimage\"},\"image\":{\"@id\":\"https:\/\/martinezcaballeroabogados.com\/ca\/producto\/consulta-per-videotrucada\/#primaryimage\"},\"thumbnailUrl\":\"https:\/\/martinezcaballeroabogados.com\/wp-content\/uploads\/2023\/03\/videollamada-producto-catalan.webp\",\"datePublished\":\"2021-10-11T16:03:26+00:00\",\"dateModified\":\"2023-07-14T08:22:53+00:00\",\"description\":\"Pots accedir a tots els nostres serveis mitjan\u00e7ant una consulta per videotrucada, sense despla\u00e7ar-te, o des del teu pa\u00eds d'origen.\",\"breadcrumb\":{\"@id\":\"https:\/\/martinezcaballeroabogados.com\/ca\/producto\/consulta-per-videotrucada\/#breadcrumb\"},\"inLanguage\":\"ca\",\"potentialAction\":[{\"@type\":\"ReadAction\",\"target\":[\"https:\/\/martinezcaballeroabogados.com\/ca\/producto\/consulta-per-videotrucada\/\"]}]},{\"@type\":\"ImageObject\",\"inLanguage\":\"ca\",\"@id\":\"https:\/\/martinezcaballeroabogados.com\/ca\/producto\/consulta-per-videotrucada\/#primaryimage\",\"url\":\"https:\/\/martinezcaballeroabogados.com\/wp-content\/uploads\/2023\/03\/videollamada-producto-catalan.webp\",\"contentUrl\":\"https:\/\/martinezcaballeroabogados.com\/wp-content\/uploads\/2023\/03\/videollamada-producto-catalan.webp\",\"width\":1080,\"height\":1174},{\"@type\":\"BreadcrumbList\",\"@id\":\"https:\/\/martinezcaballeroabogados.com\/ca\/producto\/consulta-per-videotrucada\/#breadcrumb\",\"itemListElement\":[{\"@type\":\"ListItem\",\"position\":1,\"name\":\"Portada\",\"item\":\"https:\/\/martinezcaballeroabogados.com\/ca\/advocats-a-barcelona\/\"},{\"@type\":\"ListItem\",\"position\":2,\"name\":\"Consulta per videotrucada\"}]},{\"@type\":\"WebSite\",\"@id\":\"https:\/\/martinezcaballeroabogados.com\/ca\/#website\",\"url\":\"https:\/\/martinezcaballeroabogados.com\/ca\/\",\"name\":\"Martinez & Caballero Abogados\",\"description\":\"Advocats Integrals a Barcelona\",\"publisher\":{\"@id\":\"https:\/\/martinezcaballeroabogados.com\/ca\/#organization\"},\"potentialAction\":[{\"@type\":\"SearchAction\",\"target\":{\"@type\":\"EntryPoint\",\"urlTemplate\":\"https:\/\/martinezcaballeroabogados.com\/ca\/?s={search_term_string}\"},\"query-input\":{\"@type\":\"PropertyValueSpecification\",\"valueRequired\":true,\"valueName\":\"search_term_string\"}}],\"inLanguage\":\"ca\"},{\"@type\":\"Organization\",\"@id\":\"https:\/\/martinezcaballeroabogados.com\/ca\/#organization\",\"name\":\"Martinez & Caballero Abogados\",\"url\":\"https:\/\/martinezcaballeroabogados.com\/ca\/\",\"logo\":{\"@type\":\"ImageObject\",\"inLanguage\":\"ca\",\"@id\":\"https:\/\/martinezcaballeroabogados.com\/ca\/#\/schema\/logo\/image\/\",\"url\":\"https:\/\/martinezcaballeroabogados.com\/wp-content\/uploads\/2020\/02\/cropped-cropped-logo-mc-abogados-web-1-e1497812507401-1.png\",\"contentUrl\":\"https:\/\/martinezcaballeroabogados.com\/wp-content\/uploads\/2020\/02\/cropped-cropped-logo-mc-abogados-web-1-e1497812507401-1.png\",\"width\":300,\"height\":150,\"caption\":\"Martinez & Caballero Abogados\"},\"image\":{\"@id\":\"https:\/\/martinezcaballeroabogados.com\/ca\/#\/schema\/logo\/image\/\"},\"sameAs\":[\"https:\/\/www.facebook.com\/martinezcaballeroabogados\/\",\"https:\/\/x.com\/MC_abogados_\",\"https:\/\/www.instagram.com\/extranjeriabarcelonaabogados\/\"]}]}<\/script>\n<!-- \/ Yoast SEO plugin. -->","yoast_head_json":{"title":"Consulta per videotrucada - Martinez Caballero Advocats","description":"Pots accedir a tots els nostres serveis mitjan\u00e7ant una consulta per videotrucada, sense despla\u00e7ar-te, o des del teu pa\u00eds d'origen.","robots":{"index":"index","follow":"follow","max-snippet":"max-snippet:-1","max-image-preview":"max-image-preview:large","max-video-preview":"max-video-preview:-1"},"canonical":"https:\/\/martinezcaballeroabogados.com\/ca\/producto\/consulta-per-videotrucada\/","og_locale":"ca_ES","og_type":"article","og_title":"Consulta per videotrucada - Martinez Caballero Advocats","og_description":"Pots accedir a tots els nostres serveis mitjan\u00e7ant una consulta per videotrucada, sense despla\u00e7ar-te, o des del teu pa\u00eds d'origen.","og_url":"https:\/\/martinezcaballeroabogados.com\/ca\/producto\/consulta-per-videotrucada\/","og_site_name":"Martinez Caballero Advocats","article_publisher":"https:\/\/www.facebook.com\/martinezcaballeroabogados\/","article_modified_time":"2023-07-14T08:22:53+00:00","og_image":[{"width":1080,"height":1174,"url":"https:\/\/martinezcaballeroabogados.com\/wp-content\/uploads\/2023\/03\/videollamada-producto-catalan.webp","type":"image\/webp"}],"twitter_card":"summary_large_image","twitter_site":"@MC_abogados_","schema":{"@context":"https:\/\/schema.org","@graph":[{"@type":"WebPage","@id":"https:\/\/martinezcaballeroabogados.com\/ca\/producto\/consulta-per-videotrucada\/","url":"https:\/\/martinezcaballeroabogados.com\/ca\/producto\/consulta-per-videotrucada\/","name":"Consulta per videotrucada - Martinez Caballero Advocats","isPartOf":{"@id":"https:\/\/martinezcaballeroabogados.com\/ca\/#website"},"primaryImageOfPage":{"@id":"https:\/\/martinezcaballeroabogados.com\/ca\/producto\/consulta-per-videotrucada\/#primaryimage"},"image":{"@id":"https:\/\/martinezcaballeroabogados.com\/ca\/producto\/consulta-per-videotrucada\/#primaryimage"},"thumbnailUrl":"https:\/\/martinezcaballeroabogados.com\/wp-content\/uploads\/2023\/03\/videollamada-producto-catalan.webp","datePublished":"2021-10-11T16:03:26+00:00","dateModified":"2023-07-14T08:22:53+00:00","description":"Pots accedir a tots els nostres serveis mitjan\u00e7ant una consulta per videotrucada, sense despla\u00e7ar-te, o des del teu pa\u00eds d'origen.","breadcrumb":{"@id":"https:\/\/martinezcaballeroabogados.com\/ca\/producto\/consulta-per-videotrucada\/#breadcrumb"},"inLanguage":"ca","potentialAction":[{"@type":"ReadAction","target":["https:\/\/martinezcaballeroabogados.com\/ca\/producto\/consulta-per-videotrucada\/"]}]},{"@type":"ImageObject","inLanguage":"ca","@id":"https:\/\/martinezcaballeroabogados.com\/ca\/producto\/consulta-per-videotrucada\/#primaryimage","url":"https:\/\/martinezcaballeroabogados.com\/wp-content\/uploads\/2023\/03\/videollamada-producto-catalan.webp","contentUrl":"https:\/\/martinezcaballeroabogados.com\/wp-content\/uploads\/2023\/03\/videollamada-producto-catalan.webp","width":1080,"height":1174},{"@type":"BreadcrumbList","@id":"https:\/\/martinezcaballeroabogados.com\/ca\/producto\/consulta-per-videotrucada\/#breadcrumb","itemListElement":[{"@type":"ListItem","position":1,"name":"Portada","item":"https:\/\/martinezcaballeroabogados.com\/ca\/advocats-a-barcelona\/"},{"@type":"ListItem","position":2,"name":"Consulta per videotrucada"}]},{"@type":"WebSite","@id":"https:\/\/martinezcaballeroabogados.com\/ca\/#website","url":"https:\/\/martinezcaballeroabogados.com\/ca\/","name":"Martinez & Caballero Abogados","description":"Advocats Integrals a Barcelona","publisher":{"@id":"https:\/\/martinezcaballeroabogados.com\/ca\/#organization"},"potentialAction":[{"@type":"SearchAction","target":{"@type":"EntryPoint","urlTemplate":"https:\/\/martinezcaballeroabogados.com\/ca\/?s={search_term_string}"},"query-input":{"@type":"PropertyValueSpecification","valueRequired":true,"valueName":"search_term_string"}}],"inLanguage":"ca"},{"@type":"Organization","@id":"https:\/\/martinezcaballeroabogados.com\/ca\/#organization","name":"Martinez & Caballero Abogados","url":"https:\/\/martinezcaballeroabogados.com\/ca\/","logo":{"@type":"ImageObject","inLanguage":"ca","@id":"https:\/\/martinezcaballeroabogados.com\/ca\/#\/schema\/logo\/image\/","url":"https:\/\/martinezcaballeroabogados.com\/wp-content\/uploads\/2020\/02\/cropped-cropped-logo-mc-abogados-web-1-e1497812507401-1.png","contentUrl":"https:\/\/martinezcaballeroabogados.com\/wp-content\/uploads\/2020\/02\/cropped-cropped-logo-mc-abogados-web-1-e1497812507401-1.png","width":300,"height":150,"caption":"Martinez & Caballero Abogados"},"image":{"@id":"https:\/\/martinezcaballeroabogados.com\/ca\/#\/schema\/logo\/image\/"},"sameAs":["https:\/\/www.facebook.com\/martinezcaballeroabogados\/","https:\/\/x.com\/MC_abogados_","https:\/\/www.instagram.com\/extranjeriabarcelonaabogados\/"]}]}},"_links":{"self":[{"href":"https:\/\/martinezcaballeroabogados.com\/ca\/wp-json\/wp\/v2\/product\/11947","targetHints":{"allow":["GET"]}}],"collection":[{"href":"https:\/\/martinezcaballeroabogados.com\/ca\/wp-json\/wp\/v2\/product"}],"about":[{"href":"https:\/\/martinezcaballeroabogados.com\/ca\/wp-json\/wp\/v2\/types\/product"}],"replies":[{"embeddable":true,"href":"https:\/\/martinezcaballeroabogados.com\/ca\/wp-json\/wp\/v2\/comments?post=11947"}],"version-history":[{"count":1,"href":"https:\/\/martinezcaballeroabogados.com\/ca\/wp-json\/wp\/v2\/product\/11947\/revisions"}],"predecessor-version":[{"id":12722,"href":"https:\/\/martinezcaballeroabogados.com\/ca\/wp-json\/wp\/v2\/product\/11947\/revisions\/12722"}],"wp:featuredmedia":[{"embeddable":true,"href":"https:\/\/martinezcaballeroabogados.com\/ca\/wp-json\/wp\/v2\/media\/7929"}],"wp:attachment":[{"href":"https:\/\/martinezcaballeroabogados.com\/ca\/wp-json\/wp\/v2\/media?parent=11947"}],"wp:term":[{"taxonomy":"product_brand","embeddable":true,"href":"https:\/\/martinezcaballeroabogados.com\/ca\/wp-json\/wp\/v2\/product_brand?post=11947"},{"taxonomy":"product_cat","embeddable":true,"href":"https:\/\/martinezcaballeroabogados.com\/ca\/wp-json\/wp\/v2\/product_cat?post=11947"},{"taxonomy":"product_tag","embeddable":true,"href":"https:\/\/martinezcaballeroabogados.com\/ca\/wp-json\/wp\/v2\/product_tag?post=11947"}],"curies":[{"name":"wp","href":"https:\/\/api.w.org\/{rel}","templated":true}]}}