{"id":8346,"date":"2020-03-04T22:59:31","date_gmt":"2020-03-04T22:59:31","guid":{"rendered":"https:\/\/martinezcaballeroabogados.com\/politica-de-cookies\/"},"modified":"2025-06-30T11:13:41","modified_gmt":"2025-06-30T11:13:41","slug":"politica-de-cookies","status":"publish","type":"page","link":"https:\/\/martinezcaballeroabogados.com\/ca\/politica-de-cookies\/","title":{"rendered":"Pol\u00edtica de cookies"},"content":{"rendered":"\t\t<div data-elementor-type=\"wp-post\" data-elementor-id=\"8346\" class=\"elementor elementor-8346 elementor-3236\" data-elementor-post-type=\"page\">\n\t\t\t\t\t\t<section class=\"elementor-section elementor-top-section elementor-element elementor-element-5c147bee elementor-section-boxed elementor-section-height-default elementor-section-height-default\" data-id=\"5c147bee\" data-element_type=\"section\" data-e-type=\"section\" data-settings=\"{&quot;background_background&quot;:&quot;classic&quot;}\">\n\t\t\t\t\t\t<div class=\"elementor-container elementor-column-gap-extended\">\n\t\t\t\t\t<div class=\"elementor-column elementor-col-100 elementor-top-column elementor-element elementor-element-16063d6f sc_inner_width_none sc_layouts_column_icons_position_left\" data-id=\"16063d6f\" data-element_type=\"column\" data-e-type=\"column\">\n\t\t\t<div class=\"elementor-widget-wrap elementor-element-populated\">\n\t\t\t\t\t\t<div class=\"elementor-element elementor-element-7455919 sc_fly_static elementor-widget elementor-widget-spacer\" data-id=\"7455919\" data-element_type=\"widget\" data-e-type=\"widget\" data-widget_type=\"spacer.default\">\n\t\t\t\t<div class=\"elementor-widget-container\">\n\t\t\t\t\t\t\t<div class=\"elementor-spacer\">\n\t\t\t<div class=\"elementor-spacer-inner\"><\/div>\n\t\t<\/div>\n\t\t\t\t\t\t<\/div>\n\t\t\t\t<\/div>\n\t\t\t\t<div class=\"elementor-element elementor-element-0b6be3c sc_fly_static elementor-widget elementor-widget-heading\" data-id=\"0b6be3c\" data-element_type=\"widget\" data-e-type=\"widget\" data-widget_type=\"heading.default\">\n\t\t\t\t<div class=\"elementor-widget-container\">\n\t\t\t\t\t<h1 class=\"elementor-heading-title elementor-size-default\">Pol\u00edtica de cookies<\/h1>\t\t\t\t<\/div>\n\t\t\t\t<\/div>\n\t\t\t\t<div class=\"elementor-element elementor-element-46dbddf7 sc_fly_static elementor-widget elementor-widget-text-editor\" data-id=\"46dbddf7\" data-element_type=\"widget\" data-e-type=\"widget\" data-widget_type=\"text-editor.default\">\n\t\t\t\t<div class=\"elementor-widget-container\">\n\t\t\t\t\t\t\t\t\t<p>Una &#8220;Cookie&#8221; \u00e9s un petit fitxer que s&#8217;emmagatzema a l&#8217;ordinador de l&#8217;usuari i ens permet recon\u00e8ixer-lo. El conjunt de &#8220;cookies&#8221; ens ajuda a millorar la qualitat de la nostra web, permetent controlar quines p\u00e0gines troben els nostres usuaris \u00fatils i quins no.<\/p>\n<p>Les galetes s\u00f3n essencials per al funcionament d&#8217;internet, aportant innombrables avantatges en la prestaci\u00f3 de serveis interactius, facilitant-li la navegaci\u00f3 i usabilitat de la nostra web. Tingueu en compte que les galetes no poden danyar el vostre equip i el que estiguin activades ens ajuden a identificar i resoldre els errors.<\/p>\n<p>La informaci\u00f3 que us proporcionem a continuaci\u00f3, us ajudar\u00e0 a comprendre els diferents tipus de cookies:<\/p>\n<ul>\n<li><b>Cookies de sessi\u00f3:<\/b> s\u00f3n cookies temporals que romanen a l&#8217;arxiu de cookies del vostre navegador fins que abandoni la p\u00e0gina web, per la qual cosa cap queda registrada al disc dur de l&#8217;usuari. La informaci\u00f3 obtinguda per mitj\u00e0 d&#8217;aquestes galetes serveixen per analitzar pautes de tr\u00e0nsit a la web. A la llarga, aix\u00f2 ens permet proporcionar una millor experi\u00e8ncia per millorar-ne el contingut i facilitar-ne l&#8217;\u00fas.<\/li>\n<li><b>Cookies permanents:<\/b> s\u00f3n emmagatzemades al disc dur i la nostra web les llegeix cada vegada que vost\u00e8 realitza una nova visita. Una galeta permanent t\u00e9 una data d&#8217;expiraci\u00f3 determinada. La galeta deixar\u00e0 de funcionar despr\u00e9s d&#8217;aquesta data.<\/li>\n<\/ul>\n<p>A continuaci\u00f3 publiquem una relaci\u00f3 de les principals cookies utilitzades a la nostra Web, distingint:<\/p>\n<ul>\n<li><b>Les cookies estrictament necess\u00e0ries<\/b> com per exemple, aquelles que serveixin per a una correcta navegaci\u00f3 o les que permetin realitzar serveis sol\u00b7licitats per l&#8217;usuari o cookies que serveixin per assegurar que el contingut de la p\u00e0gina web es carrega efica\u00e7ment.<\/li>\n<li><b>Les galetes de tercers<\/b> com per exemple, les usades per xarxes socials, o per complements externs de contingut.<\/li>\n<li><b>Les cookies anal\u00edtiques<\/b> amb prop\u00f2sits de manteniment peri\u00f2dic, i per tal de garantir el millor servei possible a l&#8217;usuari, els llocs web fan normalment \u00fas de cookies &#8220;anal\u00edtiques&#8221; per recopilar dades estad\u00edstiques de l&#8217;activitat.<\/li>\n<\/ul>\n<p><b>Garanties complement\u00e0ries \u2013 Gesti\u00f3 de cookies:<\/b><\/p>\n<p><span style=\"font-weight: 400;\">Com a garantia complement\u00e0ria a les anteriorment descrites, el registre de les cookies podr\u00e0 estar subjecte a la seva acceptaci\u00f3 durant la instal\u00b7laci\u00f3 o posada al dia del navegador usat, i aquesta acceptaci\u00f3 pot ser revocada en tot moment mitjan\u00e7ant les opcions de configuraci\u00f3 de continguts i privadesa disponibles.<\/span><\/p>\n<p><span style=\"font-weight: 400;\">Molts navegadors permeten activar un mode privat mitjan\u00e7ant el qual les cookies s&#8217;esborren sempre despr\u00e9s de la visita. Depenent de cada navegador aquest mode privat, podeu tenir diferents noms. A continuaci\u00f3 trobareu una llista dels navegadors m\u00e9s comuns i els diferents noms d&#8217;aquest \u201cmode privat\u201d:<\/span><\/p>\n<p><b>Internet Explorer 8<\/b> <span style=\"font-weight: 400;\">i superior; InPrivate<\/span> <b>Safari 2<\/b> <span style=\"font-weight: 400;\">i superior; Navegaci\u00f3 Privada<\/span> <b>Opera 10.5<\/b> <span style=\"font-weight: 400;\">i superior; Navegaci\u00f3 Privada<\/span> <b>FireFox 3.5<\/b> <span style=\"font-weight: 400;\">i superior; Navegaci\u00f3 Privada<\/span> <b>Google Chrome 10<\/b> <span style=\"font-weight: 400;\">i superior; Inc\u00f2gnit<\/span><\/p>\n<p><b>Important:<\/b><span style=\"font-weight: 400;\">  Llegiu atentament la secci\u00f3 d&#8217;ajuda del vostre navegador per con\u00e8ixer m\u00e9s sobre com activar el \u201cmode privat\u201d. Podr\u00e0 seguir visitant la nostra web encara que el seu navegador estigui en \u201cmode privat\u201d   <\/span><b>si b\u00e9, la vostra navegaci\u00f3 per la nostra web pot no ser \u00f2ptima i algunes utilitats poden no funcionar correctament<\/b> <span style=\"font-weight: 400;\">.<\/span><\/p>\n<p><b>RELACI\u00d3 I DESCRIPCI\u00d3 DE LES COOKIES QUE UTILITZEM A LA P\u00c0GINA WEB:<\/b><\/p>\n<p>La taula que publiquem a continuaci\u00f3 recull de forma esquematitzada les cookies que utilitzem a la nostra p\u00e0gina web:<\/p>\n<table border=\"1\">\n<tbody>\n<tr>\n<td><span style=\"color: #ffffff;\"><b>Cookie<\/b><\/span><\/td>\n <td><span style=\"color: #ffffff;\"><b>Nom<\/b><\/span><\/td>\n <td><span style=\"color: #ffffff;\"><b>Finalitat \/ M\u00e9s informaci\u00f3<\/b><\/span><\/td>\n <td><span style=\"color: #ffffff;\"><b>Venciment<\/b><\/span><\/td>\n<\/tr>\n<tr>\n<td> <\/td>\n<td><span style=\"color: #ffffff;\">419a6F17ACB<\/span><br> <span style=\"color: #ffffff;\">2CAC9810D93<\/span><br> <span style=\"color: #ffffff;\">1150D119930<\/span><\/td>\n <td><span style=\"color: #ffffff;\">Aquesta galeta \u00e9s un identificador de sessi\u00f3 proporcionat pel servidor.<\/span><\/td>\n<td> <\/td>\n<\/tr>\n<tr>\n<td> <\/td>\n<td><span style=\"color: #ffffff;\">cookieaccept<\/span><\/td>\n <td><span style=\"color: #ffffff;\">Emmagatzemeu l&#8217;acceptaci\u00f3 de la instal\u00b7laci\u00f3 de cookies per part de l&#8217;usuari per no mostrar repetidament el mateix missatge.<\/span><\/td>\n <td><span style=\"color: #ffffff;\">1 any<\/span><\/td>\n<\/tr>\n<tr>\n<td><span style=\"color: #ffffff;\">Google Analytics<\/span><\/td>\n <td><span style=\"color: #ffffff;\">_utma<\/span><\/td>\n <td><span style=\"color: #ffffff;\"><b>PROTECCI\u00d3 DE DADES DATAX, SL<\/b> d\u00f3na suport a l&#8217;\u00fas de Google Analytics al lloc web per poder fer un seguiment de l&#8217;activitat realitzada.<\/span><\/td>\n <td><span style=\"color: #ffffff;\">2 anys<\/span><\/td>\n<\/tr>\n<tr>\n<td> <\/td>\n<td><span style=\"color: #ffffff;\">_utmb<\/span><\/td>\n <td><span style=\"color: #ffffff;\">Les galetes de Google Analytics recopilen informaci\u00f3 de registre est\u00e0ndard i dades sobre els h\u00e0bits dels visitants de forma an\u00f2nima.<\/span><\/td>\n <td><span style=\"color: #ffffff;\">30 minuts<\/span><\/td>\n<\/tr>\n<tr>\n<td> <\/td>\n<td><span style=\"color: #ffffff;\">_utmc<\/span><\/td>\n <td><span style=\"color: #ffffff;\">Determina si cal establir nova sessi\u00f3<\/span><\/td>\n <td><span style=\"color: #ffffff;\">Sessi\u00f3<\/span><\/td>\n<\/tr>\n<tr>\n<td> <\/td>\n<td><span style=\"color: #ffffff;\">_utmt<\/span><\/td>\n <td><span style=\"color: #ffffff;\">Es fa servir per processar el tipus de sol\u00b7licitud requerida per l&#8217;usuari.<\/span><\/td>\n <td><span style=\"color: #ffffff;\">Sessi\u00f3<\/span><\/td>\n<\/tr>\n<tr>\n<td> <\/td>\n<td><span style=\"color: #ffffff;\">_utmz<\/span><\/td>\n <td><span style=\"color: #ffffff;\">Emmagatzema l&#8217;origen del visitant i el cam\u00ed que ha seguit per accedir a la web<\/span><\/td>\n <td><span style=\"color: #ffffff;\">6 mesos<\/span><\/td>\n<\/tr>\n<tr>\n<td> <\/td>\n<td><span style=\"color: #ffffff;\">_ga<\/span><\/td>\n <td><span style=\"color: #ffffff;\">Es fa servir per distingir els usuaris.<\/span><\/td>\n <td><span style=\"color: #ffffff;\">2 anys<\/span><\/td>\n<\/tr>\n<tr>\n<td>&nbsp;<\/td>\n<td><span style=\"color: #ffffff;\">_gat<\/span><\/td>\n<td><span style=\"color: #ffffff;\">S&#8217;usa per diferenciar entre els diferents objectes de seguiment creats a la sessi\u00f3. La galeta es crea en carregar la llibreria javascript i no hi ha una versi\u00f3 pr\u00e8via de la galeta _gat. La galeta s&#8217;actualitza cada vegada que envieu les dades a Google Analytics.<\/span><\/td>\n<td><span style=\"color: #ffffff;\">10 minuts<\/span><\/td>\n<\/tr>\n<tr>\n<td><span style=\"color: #ffffff;\">Cookies google.com<\/span><\/td>\n <td><span style=\"color: #ffffff;\">PREF<\/span><\/td>\n <td><span style=\"color: #ffffff;\">L&#8217;\u00fas de serveis de localitzaci\u00f3 com Google Maps implica la instal\u00b7laci\u00f3 d&#8217;aquestes galetes<\/span><\/td>\n <td><span style=\"color: #ffffff;\">2 anys<\/span><\/td>\n<\/tr>\n<tr>\n<td> <\/td>\n<td><span style=\"color: #ffffff;\">APISID<\/span><\/td>\n <td><span style=\"color: #ffffff;\">S&#8217;utilitzen per recordar prefer\u00e8ncies de l&#8217;usuari durant la navegaci\u00f3.<\/span><\/td>\n <td><span style=\"color: #ffffff;\">2 anys<\/span><\/td>\n<\/tr>\n<tr>\n<td> <\/td>\n<td><span style=\"color: #ffffff;\">SAPISID<\/span><\/td>\n<td> <\/td>\n<td><span style=\"color: #ffffff;\">2 anys<\/span><\/td>\n<\/tr>\n<tr>\n<td> <\/td>\n<td><span style=\"color: #ffffff;\">SSID<\/span><\/td>\n <td><span style=\"color: #ffffff;\">Tamb\u00e9 per al recompte, per part de Google, del nombre d&#8217;usuaris que fan servir els mapes<\/span><\/td>\n <td><span style=\"color: #ffffff;\">2 anys<\/span><\/td>\n<\/tr>\n<tr>\n<td> <\/td>\n<td><span style=\"color: #ffffff;\">NID<\/span><\/td>\n <td><span style=\"color: #ffffff;\">Per fer la publicitat m\u00e9s atractiva<\/span><\/td>\n <td><span style=\"color: #ffffff;\">6 mesos<\/span><\/td>\n<\/tr>\n<tr>\n<td> <\/td>\n<td><span style=\"color: #ffffff;\">HSID, SID<\/span><\/td>\n <td><span style=\"color: #ffffff;\">I per proveir de mecanismes de seguretat que evitin l&#8217;acc\u00e9s no autoritzat a dades d&#8217;acc\u00e9s d&#8217;usuaris o la informaci\u00f3 que faciliten en formularis de contacte.<\/span><\/td>\n <td><span style=\"color: #ffffff;\">2 anys<\/span><\/td>\n<\/tr>\n<tr>\n<td><span style=\"color: #ffffff;\">Cookies de Facebook<\/span><\/td>\n <td><span style=\"color: #ffffff;\">Lu, cuser, csm, fr, s, xs<\/span><\/td>\n <td><span style=\"color: #ffffff;\">Les seves finalitats estan descrites a <a style=\"color: #ffffff;\" href=\"https:\/\/www.facebook.com\/policies\/cookies\/\" target=\"_blank\" rel=\"noopener\">www.facebook.com\/help\/cookies<\/a><\/span><\/td>\n<td> <\/td>\n<\/tr>\n<tr>\n<td><span style=\"color: #ffffff;\">Account Google<\/span><\/td>\n<td><span style=\"color: #ffffff;\">GAPS, LSID, LSOSID, UTMA, UTZ<\/span><\/td>\n<td><span style=\"color: #ffffff;\">Eina de Google+ mitjan\u00e7ant botons d&#8217;acci\u00f3 per permetre a l&#8217;usuari compartir contingut a trav\u00e9s de Google+. Aquestes galetes permeten a Google autenticar si es comparteix el lloc amb aquest bot\u00f3. M\u00e9s informaci\u00f3 sobre les galetes de Google a&nbsp;<a style=\"color: #ffffff;\" href=\"http:\/\/www.google.com\/intl\/es\/policies\/technologies\/types\" target=\"_blank\" rel=\"noopener\">www.google.com\/intl\/es\/ policies\/technologies\/types<\/a> (castell\u00e0)<\/span><\/td>\n<td>&nbsp;<\/td>\n<\/tr>\n<tr>\n<td><span style=\"color: #ffffff;\">APIS GOOGLE<\/span><\/td>\n<td>&nbsp;<\/td>\n<td><span style=\"color: #ffffff;\">Aquestes galetes de Google Maps registren lorigen de lusuari, aix\u00ed com les keywords. Tamb\u00e9 es genera un prefix \u00fanic, que \u00e9s el que s&#8217;utilitza per fer recompte de quantes vegades visita el lloc un usuari&nbsp;<a style=\"color: #ffffff;\" href=\"http:\/\/www.google.com\/intl\/es\/policies\/technologies\/types\" target=\"_blank\" rel=\"noopener\">www.google.com\/intl\/es\/ policies\/technologies\/types<\/a> (castell\u00e0)<\/span><\/td>\n<td>&nbsp;<\/td>\n<\/tr>\n<\/tbody>\n<\/table>\t\t\t\t\t\t\t\t<\/div>\n\t\t\t\t<\/div>\n\t\t\t\t\t<\/div>\n\t\t<\/div>\n\t\t\t\t\t<\/div>\n\t\t<\/section>\n\t\t\t\t<section class=\"elementor-section elementor-top-section elementor-element elementor-element-570847f2 elementor-section-boxed elementor-section-height-default elementor-section-height-default\" data-id=\"570847f2\" data-element_type=\"section\" data-e-type=\"section\" data-settings=\"{&quot;background_background&quot;:&quot;classic&quot;}\">\n\t\t\t\t\t\t<div class=\"elementor-container elementor-column-gap-extended\">\n\t\t\t\t\t<div class=\"elementor-column elementor-col-100 elementor-top-column elementor-element elementor-element-46a5d2bd sc_inner_width_none sc_layouts_column_icons_position_left\" data-id=\"46a5d2bd\" data-element_type=\"column\" data-e-type=\"column\">\n\t\t\t<div class=\"elementor-widget-wrap elementor-element-populated\">\n\t\t\t\t\t\t<div class=\"elementor-element elementor-element-56197f0 sc_fly_static elementor-widget elementor-widget-spacer\" data-id=\"56197f0\" data-element_type=\"widget\" data-e-type=\"widget\" data-widget_type=\"spacer.default\">\n\t\t\t\t<div class=\"elementor-widget-container\">\n\t\t\t\t\t\t\t<div class=\"elementor-spacer\">\n\t\t\t<div class=\"elementor-spacer-inner\"><\/div>\n\t\t<\/div>\n\t\t\t\t\t\t<\/div>\n\t\t\t\t<\/div>\n\t\t\t\t\t<\/div>\n\t\t<\/div>\n\t\t\t\t\t<\/div>\n\t\t<\/section>\n\t\t\t\t<\/div>\n\t\t","protected":false},"excerpt":{"rendered":"<p>Pol\u00edtica de cookies Una &#8220;Cookie&#8221; \u00e9s un petit fitxer que s&#8217;emmagatzema a l&#8217;ordinador de l&#8217;usuari i ens permet recon\u00e8ixer-lo. El conjunt de &#8220;cookies&#8221; ens ajuda a millorar la qualitat de la nostra web, permetent controlar quines p\u00e0gines troben els nostres usuaris \u00fatils i quins no. Les galetes s\u00f3n essencials per al funcionament d&#8217;internet, aportant innombrables avantatges en la prestaci\u00f3 de serveis interactius, facilitant-li la navegaci\u00f3 i usabilitat de la nostra web. Tingueu en compte que les galetes no poden danyar&hellip;<\/p>\n","protected":false},"author":1,"featured_media":0,"parent":0,"menu_order":0,"comment_status":"closed","ping_status":"closed","template":"","meta":{"_monsterinsights_skip_tracking":false,"_monsterinsights_sitenote_active":false,"_monsterinsights_sitenote_note":"","_monsterinsights_sitenote_category":0,"_joinchat":[],"footnotes":""},"class_list":["post-8346","page","type-page","status-publish","hentry"],"yoast_head":"<!-- This site is optimized with the Yoast SEO plugin v26.8 - https:\/\/yoast.com\/product\/yoast-seo-wordpress\/ -->\n<title>Pol\u00edtica de cookies - Martinez Caballero Advocats<\/title>\n<meta name=\"description\" content=\"Aqu\u00ed podr\u00e0s trobar la pol\u00edtica de cookies de Martinez Caballero Advocats. Tot sobre les cookies que utilitzem i la informaci\u00f3 que fem servir\" \/>\n<meta name=\"robots\" content=\"index, follow, max-snippet:-1, max-image-preview:large, max-video-preview:-1\" \/>\n<link rel=\"canonical\" href=\"https:\/\/martinezcaballeroabogados.com\/ca\/politica-de-cookies\/\" \/>\n<meta property=\"og:locale\" content=\"ca_ES\" \/>\n<meta property=\"og:type\" content=\"article\" \/>\n<meta property=\"og:title\" content=\"Pol\u00edtica de cookies - Martinez Caballero Advocats\" \/>\n<meta property=\"og:description\" content=\"Aqu\u00ed podr\u00e0s trobar la pol\u00edtica de cookies de Martinez Caballero Advocats. Tot sobre les cookies que utilitzem i la informaci\u00f3 que fem servir\" \/>\n<meta property=\"og:url\" content=\"https:\/\/martinezcaballeroabogados.com\/ca\/politica-de-cookies\/\" \/>\n<meta property=\"og:site_name\" content=\"Martinez Caballero Advocats\" \/>\n<meta property=\"article:publisher\" content=\"https:\/\/www.facebook.com\/martinezcaballeroabogados\/\" \/>\n<meta property=\"article:modified_time\" content=\"2025-06-30T11:13:41+00:00\" \/>\n<meta name=\"twitter:card\" content=\"summary_large_image\" \/>\n<meta name=\"twitter:site\" content=\"@MC_abogados_\" \/>\n<meta name=\"twitter:label1\" content=\"Temps estimat de lectura\" \/>\n\t<meta name=\"twitter:data1\" content=\"5 minuts\" \/>\n<script type=\"application\/ld+json\" class=\"yoast-schema-graph\">{\"@context\":\"https:\/\/schema.org\",\"@graph\":[{\"@type\":\"WebPage\",\"@id\":\"https:\/\/martinezcaballeroabogados.com\/ca\/politica-de-cookies\/\",\"url\":\"https:\/\/martinezcaballeroabogados.com\/ca\/politica-de-cookies\/\",\"name\":\"Pol\u00edtica de cookies - Martinez Caballero Advocats\",\"isPartOf\":{\"@id\":\"https:\/\/martinezcaballeroabogados.com\/ca\/#website\"},\"datePublished\":\"2020-03-04T22:59:31+00:00\",\"dateModified\":\"2025-06-30T11:13:41+00:00\",\"description\":\"Aqu\u00ed podr\u00e0s trobar la pol\u00edtica de cookies de Martinez Caballero Advocats. Tot sobre les cookies que utilitzem i la informaci\u00f3 que fem servir\",\"breadcrumb\":{\"@id\":\"https:\/\/martinezcaballeroabogados.com\/ca\/politica-de-cookies\/#breadcrumb\"},\"inLanguage\":\"ca\",\"potentialAction\":[{\"@type\":\"ReadAction\",\"target\":[\"https:\/\/martinezcaballeroabogados.com\/ca\/politica-de-cookies\/\"]}]},{\"@type\":\"BreadcrumbList\",\"@id\":\"https:\/\/martinezcaballeroabogados.com\/ca\/politica-de-cookies\/#breadcrumb\",\"itemListElement\":[{\"@type\":\"ListItem\",\"position\":1,\"name\":\"Portada\",\"item\":\"https:\/\/martinezcaballeroabogados.com\/ca\/advocats-a-barcelona\/\"},{\"@type\":\"ListItem\",\"position\":2,\"name\":\"Pol\u00edtica de cookies\"}]},{\"@type\":\"WebSite\",\"@id\":\"https:\/\/martinezcaballeroabogados.com\/ca\/#website\",\"url\":\"https:\/\/martinezcaballeroabogados.com\/ca\/\",\"name\":\"Martinez & Caballero Abogados\",\"description\":\"Advocats Integrals a Barcelona\",\"publisher\":{\"@id\":\"https:\/\/martinezcaballeroabogados.com\/ca\/#organization\"},\"potentialAction\":[{\"@type\":\"SearchAction\",\"target\":{\"@type\":\"EntryPoint\",\"urlTemplate\":\"https:\/\/martinezcaballeroabogados.com\/ca\/?s={search_term_string}\"},\"query-input\":{\"@type\":\"PropertyValueSpecification\",\"valueRequired\":true,\"valueName\":\"search_term_string\"}}],\"inLanguage\":\"ca\"},{\"@type\":\"Organization\",\"@id\":\"https:\/\/martinezcaballeroabogados.com\/ca\/#organization\",\"name\":\"Martinez & Caballero Abogados\",\"url\":\"https:\/\/martinezcaballeroabogados.com\/ca\/\",\"logo\":{\"@type\":\"ImageObject\",\"inLanguage\":\"ca\",\"@id\":\"https:\/\/martinezcaballeroabogados.com\/ca\/#\/schema\/logo\/image\/\",\"url\":\"https:\/\/martinezcaballeroabogados.com\/wp-content\/uploads\/2020\/02\/cropped-cropped-logo-mc-abogados-web-1-e1497812507401-1.png\",\"contentUrl\":\"https:\/\/martinezcaballeroabogados.com\/wp-content\/uploads\/2020\/02\/cropped-cropped-logo-mc-abogados-web-1-e1497812507401-1.png\",\"width\":300,\"height\":150,\"caption\":\"Martinez & Caballero Abogados\"},\"image\":{\"@id\":\"https:\/\/martinezcaballeroabogados.com\/ca\/#\/schema\/logo\/image\/\"},\"sameAs\":[\"https:\/\/www.facebook.com\/martinezcaballeroabogados\/\",\"https:\/\/x.com\/MC_abogados_\",\"https:\/\/www.instagram.com\/extranjeriabarcelonaabogados\/\"]}]}<\/script>\n<!-- \/ Yoast SEO plugin. -->","yoast_head_json":{"title":"Pol\u00edtica de cookies - Martinez Caballero Advocats","description":"Aqu\u00ed podr\u00e0s trobar la pol\u00edtica de cookies de Martinez Caballero Advocats. Tot sobre les cookies que utilitzem i la informaci\u00f3 que fem servir","robots":{"index":"index","follow":"follow","max-snippet":"max-snippet:-1","max-image-preview":"max-image-preview:large","max-video-preview":"max-video-preview:-1"},"canonical":"https:\/\/martinezcaballeroabogados.com\/ca\/politica-de-cookies\/","og_locale":"ca_ES","og_type":"article","og_title":"Pol\u00edtica de cookies - Martinez Caballero Advocats","og_description":"Aqu\u00ed podr\u00e0s trobar la pol\u00edtica de cookies de Martinez Caballero Advocats. Tot sobre les cookies que utilitzem i la informaci\u00f3 que fem servir","og_url":"https:\/\/martinezcaballeroabogados.com\/ca\/politica-de-cookies\/","og_site_name":"Martinez Caballero Advocats","article_publisher":"https:\/\/www.facebook.com\/martinezcaballeroabogados\/","article_modified_time":"2025-06-30T11:13:41+00:00","twitter_card":"summary_large_image","twitter_site":"@MC_abogados_","twitter_misc":{"Temps estimat de lectura":"5 minuts"},"schema":{"@context":"https:\/\/schema.org","@graph":[{"@type":"WebPage","@id":"https:\/\/martinezcaballeroabogados.com\/ca\/politica-de-cookies\/","url":"https:\/\/martinezcaballeroabogados.com\/ca\/politica-de-cookies\/","name":"Pol\u00edtica de cookies - Martinez Caballero Advocats","isPartOf":{"@id":"https:\/\/martinezcaballeroabogados.com\/ca\/#website"},"datePublished":"2020-03-04T22:59:31+00:00","dateModified":"2025-06-30T11:13:41+00:00","description":"Aqu\u00ed podr\u00e0s trobar la pol\u00edtica de cookies de Martinez Caballero Advocats. Tot sobre les cookies que utilitzem i la informaci\u00f3 que fem servir","breadcrumb":{"@id":"https:\/\/martinezcaballeroabogados.com\/ca\/politica-de-cookies\/#breadcrumb"},"inLanguage":"ca","potentialAction":[{"@type":"ReadAction","target":["https:\/\/martinezcaballeroabogados.com\/ca\/politica-de-cookies\/"]}]},{"@type":"BreadcrumbList","@id":"https:\/\/martinezcaballeroabogados.com\/ca\/politica-de-cookies\/#breadcrumb","itemListElement":[{"@type":"ListItem","position":1,"name":"Portada","item":"https:\/\/martinezcaballeroabogados.com\/ca\/advocats-a-barcelona\/"},{"@type":"ListItem","position":2,"name":"Pol\u00edtica de cookies"}]},{"@type":"WebSite","@id":"https:\/\/martinezcaballeroabogados.com\/ca\/#website","url":"https:\/\/martinezcaballeroabogados.com\/ca\/","name":"Martinez & Caballero Abogados","description":"Advocats Integrals a Barcelona","publisher":{"@id":"https:\/\/martinezcaballeroabogados.com\/ca\/#organization"},"potentialAction":[{"@type":"SearchAction","target":{"@type":"EntryPoint","urlTemplate":"https:\/\/martinezcaballeroabogados.com\/ca\/?s={search_term_string}"},"query-input":{"@type":"PropertyValueSpecification","valueRequired":true,"valueName":"search_term_string"}}],"inLanguage":"ca"},{"@type":"Organization","@id":"https:\/\/martinezcaballeroabogados.com\/ca\/#organization","name":"Martinez & Caballero Abogados","url":"https:\/\/martinezcaballeroabogados.com\/ca\/","logo":{"@type":"ImageObject","inLanguage":"ca","@id":"https:\/\/martinezcaballeroabogados.com\/ca\/#\/schema\/logo\/image\/","url":"https:\/\/martinezcaballeroabogados.com\/wp-content\/uploads\/2020\/02\/cropped-cropped-logo-mc-abogados-web-1-e1497812507401-1.png","contentUrl":"https:\/\/martinezcaballeroabogados.com\/wp-content\/uploads\/2020\/02\/cropped-cropped-logo-mc-abogados-web-1-e1497812507401-1.png","width":300,"height":150,"caption":"Martinez & Caballero Abogados"},"image":{"@id":"https:\/\/martinezcaballeroabogados.com\/ca\/#\/schema\/logo\/image\/"},"sameAs":["https:\/\/www.facebook.com\/martinezcaballeroabogados\/","https:\/\/x.com\/MC_abogados_","https:\/\/www.instagram.com\/extranjeriabarcelonaabogados\/"]}]}},"_links":{"self":[{"href":"https:\/\/martinezcaballeroabogados.com\/ca\/wp-json\/wp\/v2\/pages\/8346","targetHints":{"allow":["GET"]}}],"collection":[{"href":"https:\/\/martinezcaballeroabogados.com\/ca\/wp-json\/wp\/v2\/pages"}],"about":[{"href":"https:\/\/martinezcaballeroabogados.com\/ca\/wp-json\/wp\/v2\/types\/page"}],"author":[{"embeddable":true,"href":"https:\/\/martinezcaballeroabogados.com\/ca\/wp-json\/wp\/v2\/users\/1"}],"replies":[{"embeddable":true,"href":"https:\/\/martinezcaballeroabogados.com\/ca\/wp-json\/wp\/v2\/comments?post=8346"}],"version-history":[{"count":6,"href":"https:\/\/martinezcaballeroabogados.com\/ca\/wp-json\/wp\/v2\/pages\/8346\/revisions"}],"predecessor-version":[{"id":21606,"href":"https:\/\/martinezcaballeroabogados.com\/ca\/wp-json\/wp\/v2\/pages\/8346\/revisions\/21606"}],"wp:attachment":[{"href":"https:\/\/martinezcaballeroabogados.com\/ca\/wp-json\/wp\/v2\/media?parent=8346"}],"curies":[{"name":"wp","href":"https:\/\/api.w.org\/{rel}","templated":true}]}}