{"id":23601,"date":"2025-10-03T09:39:27","date_gmt":"2025-10-03T09:39:27","guid":{"rendered":"https:\/\/martinezcaballeroabogados.com\/politica-i-condicions-de-primera-assessoria\/"},"modified":"2025-10-03T09:48:23","modified_gmt":"2025-10-03T09:48:23","slug":"politica-i-condicions-de-primera-assessoria","status":"publish","type":"page","link":"https:\/\/martinezcaballeroabogados.com\/ca\/politica-i-condicions-de-primera-assessoria\/","title":{"rendered":"Pol\u00edtica i condicions de primera assessoria"},"content":{"rendered":"\t\t<div data-elementor-type=\"wp-page\" data-elementor-id=\"23601\" class=\"elementor elementor-23601 elementor-23586\" data-elementor-post-type=\"page\">\n\t\t\t\t\t\t<section class=\"elementor-section elementor-top-section elementor-element elementor-element-1f0604aa elementor-section-boxed elementor-section-height-default elementor-section-height-default\" data-id=\"1f0604aa\" data-element_type=\"section\" data-e-type=\"section\">\n\t\t\t\t\t\t<div class=\"elementor-container elementor-column-gap-extended\">\n\t\t\t\t\t<div class=\"elementor-column elementor-col-100 elementor-top-column elementor-element elementor-element-15c65bef sc_inner_width_none sc_layouts_column_icons_position_left\" data-id=\"15c65bef\" data-element_type=\"column\" data-e-type=\"column\">\n\t\t\t<div class=\"elementor-widget-wrap elementor-element-populated\">\n\t\t\t\t\t\t<div class=\"elementor-element elementor-element-36fa305 sc_fly_static elementor-widget elementor-widget-spacer\" data-id=\"36fa305\" data-element_type=\"widget\" data-e-type=\"widget\" data-widget_type=\"spacer.default\">\n\t\t\t\t<div class=\"elementor-widget-container\">\n\t\t\t\t\t\t\t<div class=\"elementor-spacer\">\n\t\t\t<div class=\"elementor-spacer-inner\"><\/div>\n\t\t<\/div>\n\t\t\t\t\t\t<\/div>\n\t\t\t\t<\/div>\n\t\t\t\t<div class=\"elementor-element elementor-element-cc58771 sc_fly_static elementor-widget elementor-widget-heading\" data-id=\"cc58771\" data-element_type=\"widget\" data-e-type=\"widget\" data-widget_type=\"heading.default\">\n\t\t\t\t<div class=\"elementor-widget-container\">\n\t\t\t\t\t<h1 class=\"elementor-heading-title elementor-size-default\">POL\u00cdTIQUES I CONDICIONS PRIMERA ASSESSORIA MC<\/h1>\t\t\t\t<\/div>\n\t\t\t\t<\/div>\n\t\t\t\t<div class=\"elementor-element elementor-element-4a67828c sc_fly_static elementor-widget elementor-widget-text-editor\" data-id=\"4a67828c\" data-element_type=\"widget\" data-e-type=\"widget\" data-widget_type=\"text-editor.default\">\n\t\t\t\t<div class=\"elementor-widget-container\">\n\t\t\t\t\t\t\t\t\t<p><b style=\"font-family: inherit; font-size: 14.8571px; font-style: inherit; letter-spacing: 0px;\">Condicions de la Primera Assessoria Jur\u00eddica\/Legal<\/b><\/p>\n<ol>\n<li><b><i>  Cost de l&#8217;Assessoria<\/i><\/b><\/li>\n<\/ol>\n<ul>\n<li style=\"font-weight: 400;\" aria-level=\"1\"><span style=\"font-weight: 400;\">El cost de l&#8217;assessoria a MC Advocats per al 2025-2026 sigui Modalitat online i presencial ser\u00e0 60.50\u20ac Per reservar dia i hora ser\u00e0 obligatori realitzar el pagament previ, d&#8217;acord amb les formes de pagament indicades a les Condicions Generals.<\/span><\/li>\n<\/ul>\n<ol start=\"2\">\n<li><b><i>  Confirmaci\u00f3 de Reserva<\/i><\/b><\/li>\n<\/ol>\n<p><span style=\"font-weight: 400;\">Un cop rebut el pagament, el despatx confirmar\u00e0 la cita a trav\u00e9s dels canals habituals de comunicaci\u00f3 (correu electr\u00f2nic, WhatsApp o trucada telef\u00f2nica).<\/span><\/p>\n<p><span style=\"font-weight: 400;\">La confirmaci\u00f3 inclour\u00e0:<\/span><\/p>\n<ul>\n<li style=\"font-weight: 400;\" aria-level=\"1\"><span style=\"font-weight: 400;\">Data i hora.<\/span><\/li>\n<li style=\"font-weight: 400;\" aria-level=\"1\"><span style=\"font-weight: 400;\">Modalitat (presencial\/virtual).<\/span><\/li>\n<li style=\"font-weight: 400;\" aria-level=\"1\"><span style=\"font-weight: 400;\">Adre\u00e7a o enlla\u00e7 de connexi\u00f3.<\/span><\/li>\n<li style=\"font-weight: 400;\" aria-level=\"1\"><span style=\"font-weight: 400;\">Informaci\u00f3 d&#8217;inter\u00e8s addicional.<\/span><\/li>\n<\/ul>\n<ol start=\"3\">\n<li><b><i>  Cancel\u00b7lacions i Reembossaments<\/i><\/b><\/li>\n<\/ol>\n<ul>\n<li style=\"font-weight: 400;\" aria-level=\"1\"><b>Amb av\u00eds previ:<\/b> <span style=\"font-weight: 400;\">si el client cancel\u00b7la com a m\u00ednim amb 24 hores d&#8217;antelaci\u00f3, es reemborsar\u00e0 l&#8217;import abonat pel mateix mitj\u00e0 de pagament utilitzat. En cas d&#8217;impossibilitat, es realitzar\u00e0 en efectiu a la seu de Pl. Tetuan 40-41, pis 1, oficina 21.<\/span><\/li>\n<li style=\"font-weight: 400;\" aria-level=\"1\"><b>Amb av\u00eds tard\u00e0<\/b> <span style=\"font-weight: 400;\">(menys de 24h): no hi haur\u00e0 dret a reemborsament, per\u00f2 es podr\u00e0 reprogramar l&#8217;assessoria dins dels 15 dies naturals seg\u00fcents, en funci\u00f3 de la disponibilitat d&#8217;agenda. L&#8217;assessoria es pot fer en qualsevol modalitat (presencial, virtual o telef\u00f2nica).<\/span><\/li>\n<li style=\"font-weight: 400;\" aria-level=\"1\"><b>Sense av\u00eds\/no presentaci\u00f3<\/b> <span style=\"font-weight: 400;\">: si el client confirma assist\u00e8ncia, per\u00f2 no es presenta ni es connecta en modalitat virtual o no es presenta a oficines, la cita es considerar\u00e0 cancel\u00b7lada despr\u00e9s de 15 minuts d&#8217;espera. En aquest cas no hi haur\u00e0 dret a reemborsament i caldr\u00e0 abonar una nova assessoria.<\/span><\/li>\n<\/ul>\n<ol start=\"4\">\n<li><b><i>  Canvis per part del despatx<\/i><\/b><\/li>\n<\/ol>\n<p><span style=\"font-weight: 400;\">El despatx podr\u00e0 modificar la data i l&#8217;hora de la primera assessoria amb una antelaci\u00f3 m\u00ednima de 48 hores.<\/span><\/p>\n<p><span style=\"font-weight: 400;\">En aquest cas:<\/span><\/p>\n<ul>\n<li style=\"font-weight: 400;\" aria-level=\"1\"><span style=\"font-weight: 400;\">S\u00b4oferir\u00e0 al client una reprogramaci\u00f3 priorit\u00e0ria en modalitat presencial, virtual o telef\u00f2nica.<\/span><\/li>\n<li style=\"font-weight: 400;\" aria-level=\"1\"><span style=\"font-weight: 400;\">Si el client no accepta la nova data proposada, tindr\u00e0 dret al reemborsament \u00edntegre de limport abonat.<\/span><\/li>\n<\/ul>\n<ol start=\"5\">\n<li><b><i>  Acceptaci\u00f3 de condicions<\/i><\/b><\/li>\n<\/ol>\n<p><span style=\"font-weight: 400;\">El pagament de la primera assessoria implica l\u201facceptaci\u00f3 expressa d\u201faquestes condicions espec\u00edfiques i de les Condicions Generals del despatx.<\/span><\/p>\n<p><b>Pol\u00edtiques de Validesa de Pressupostos<\/b><\/p>\n<ol>\n<li><b>  Validesa<\/b><\/li>\n<\/ol>\n<ul>\n<li style=\"font-weight: 400;\" aria-level=\"1\"><span style=\"font-weight: 400;\">Tot pressupost em\u00e8s per Mart\u00ednez Caballero Advocats tindr\u00e0 una validesa de 15 dies naturals des de la data d&#8217;emissi\u00f3.<\/span><\/li>\n<li style=\"font-weight: 400;\" aria-level=\"1\"><span style=\"font-weight: 400;\">Si el client realitza el pagament dins aquest termini, es mantindran l&#8217;import i les condicions pactades.<\/span><\/li>\n<\/ul>\n<ol start=\"2\">\n<li><b>  Retroactivitat<\/b><\/li>\n<\/ol>\n<p><span style=\"font-weight: 400;\">Un pressupost es pot aplicar amb efecte retroactiu fins a un m\u00e0xim de 3 mesos abans de la seva emissi\u00f3, sempre que:<br><\/span><span style=\"font-size: 14.8571px; font-weight: 400; letter-spacing: 0px;\"><br>a<\/span><span style=\"font-size: 14.8571px; letter-spacing: 0px;\">\n  <b>)<\/b>\n<\/span> <span style=\"font-size: 14.8571px; font-weight: 400; letter-spacing: 0px;\">El client presenti documentaci\u00f3 que justifiqui la sol\u00b7licitud.<br><\/span> <span style=\"font-size: 14.8571px; font-weight: 400; letter-spacing: 0px;\">b<\/span> <span style=\"font-size: 14.8571px; letter-spacing: 0px;\">\n  <b>)<\/b>\n<\/span> <span style=\"font-size: 14.8571px; font-weight: 400; letter-spacing: 0px;\">Un soci o gerent del despatx aprovi la retroactivitat.<br><\/span> <span style=\"font-size: 14.8571px; font-weight: 400; letter-spacing: 0px;\">c<\/span> <span style=\"font-size: 14.8571px; letter-spacing: 0px;\">\n  <b>)<\/b>\n<\/span> <span style=\"font-size: 14.8571px; font-weight: 400; letter-spacing: 0px;\">El pressupost estigui subjecte a revisi\u00f3 segons els serveis efectivament prestats en aquest per\u00edode.<\/span><\/p>\n<ol start=\"3\">\n<li><b>  Validaci\u00f3<\/b><\/li>\n<\/ol>\n<p><span style=\"font-weight: 400;\">Per validar un pressupost, el client haur\u00e0 de:<\/span><\/p>\n<ul>\n<li style=\"font-weight: 400;\" aria-level=\"1\"><span style=\"font-weight: 400;\">Confirmar la seva acceptaci\u00f3 per escrit (correu electr\u00f2nic o signatura f\u00edsica).<\/span><\/li>\n<li style=\"font-weight: 400;\" aria-level=\"1\"><span style=\"font-weight: 400;\">Realitzar el pagament dins del per\u00edode de validesa.<\/span><\/li>\n<\/ul>\n<p><span style=\"font-weight: 400;\">Si no es compleixen aquests requisits, el pressupost quedar\u00e0 nul i caldr\u00e0 emetre&#8217;n un de nou.<\/span><\/p>\n<ol start=\"4\">\n<li><b>  Revisi\u00f3 i Ajustaments<\/b><\/li>\n<\/ol>\n<p><span style=\"font-weight: 400;\">El despatx podr\u00e0 modificar pressupostos en cas de:<\/span><\/p>\n<ul>\n<li style=\"font-weight: 400;\" aria-level=\"1\"><span style=\"font-weight: 400;\">Canvis als costos de mercat.<\/span><\/li>\n<li style=\"font-weight: 400;\" aria-level=\"1\"><span style=\"font-weight: 400;\">Ajustaments legals o administratius.<\/span><\/li>\n<li style=\"font-weight: 400;\" aria-level=\"1\"><span style=\"font-weight: 400;\">Altres circumst\u00e0ncies rellevants.<\/span><\/li>\n<\/ul>\n<p><span style=\"font-weight: 400;\">El client ser\u00e0 notificat abans de la confirmaci\u00f3 final.<\/span><\/p>\n<ol start=\"5\">\n<li><b>  Acceptaci\u00f3 de la Pol\u00edtica<\/b><\/li>\n<\/ol>\n<p><span style=\"font-weight: 400;\">La sol\u00b7licitud o l&#8217;acceptaci\u00f3 d&#8217;un pressupost implica la conformitat del client amb aquestes condicions.<\/span><\/p>\n<ol start=\"6\">\n<li><b>  Contacte<\/b><\/li>\n<\/ol>\n<p><span style=\"font-weight: 400;\">Per a<\/span> <span style=\"font-size: 14.8571px; font-weight: 400; letter-spacing: 0px;\">consultes:<\/span> <a href=\"mailto:info@martinezcaballeroabogados.com\" style=\"font-size: 14.8571px; background-color: rgb(255, 255, 255); letter-spacing: 0px;\">\n  <span style=\"font-weight: 400;\">info@martinezcaballeroabogados.com<\/span>\n<\/a><\/p>\n<p><span style=\"font-weight: 400;\">Tel\u00e8fons: 936 323 236 | +34 628 379 016<\/span><\/p>\t\t\t\t\t\t\t\t<\/div>\n\t\t\t\t<\/div>\n\t\t\t\t\t<\/div>\n\t\t<\/div>\n\t\t\t\t\t<\/div>\n\t\t<\/section>\n\t\t\t\t<\/div>\n\t\t","protected":false},"excerpt":{"rendered":"<p>POL\u00cdTIQUES I CONDICIONS PRIMERA ASSESSORIA MC Condicions de la Primera Assessoria Jur\u00eddica\/Legal Cost de l&#8217;Assessoria El cost de l&#8217;assessoria a MC Advocats per al 2025-2026 sigui Modalitat online i presencial ser\u00e0 60.50\u20ac Per reservar dia i hora ser\u00e0 obligatori realitzar el pagament previ, d&#8217;acord amb les formes de pagament indicades a les Condicions Generals. Confirmaci\u00f3 de Reserva Un cop rebut el pagament, el despatx confirmar\u00e0 la cita a trav\u00e9s dels canals habituals de comunicaci\u00f3 (correu electr\u00f2nic, WhatsApp o trucada telef\u00f2nica).&hellip;<\/p>\n","protected":false},"author":1,"featured_media":0,"parent":0,"menu_order":0,"comment_status":"closed","ping_status":"closed","template":"","meta":{"_monsterinsights_skip_tracking":false,"_monsterinsights_sitenote_active":false,"_monsterinsights_sitenote_note":"","_monsterinsights_sitenote_category":0,"_joinchat":[],"footnotes":""},"class_list":["post-23601","page","type-page","status-publish","hentry"],"yoast_head":"<!-- This site is optimized with the Yoast SEO plugin v26.8 - https:\/\/yoast.com\/product\/yoast-seo-wordpress\/ -->\n<title>Pol\u00edtica i condicions de primera assessoria - Martinez Caballero Advocats<\/title>\n<meta name=\"robots\" content=\"index, follow, max-snippet:-1, max-image-preview:large, max-video-preview:-1\" \/>\n<link rel=\"canonical\" href=\"https:\/\/martinezcaballeroabogados.com\/ca\/politica-i-condicions-de-primera-assessoria\/\" \/>\n<meta property=\"og:locale\" content=\"ca_ES\" \/>\n<meta property=\"og:type\" content=\"article\" \/>\n<meta property=\"og:title\" content=\"Pol\u00edtica i condicions de primera assessoria - Martinez Caballero Advocats\" \/>\n<meta property=\"og:description\" content=\"POL\u00cdTIQUES I CONDICIONS PRIMERA ASSESSORIA MC Condicions de la Primera Assessoria Jur\u00eddica\/Legal Cost de l&#8217;Assessoria El cost de l&#8217;assessoria a MC Advocats per al 2025-2026 sigui Modalitat online i presencial ser\u00e0 60.50\u20ac Per reservar dia i hora ser\u00e0 obligatori realitzar el pagament previ, d&#8217;acord amb les formes de pagament indicades a les Condicions Generals. Confirmaci\u00f3 de Reserva Un cop rebut el pagament, el despatx confirmar\u00e0 la cita a trav\u00e9s dels canals habituals de comunicaci\u00f3 (correu electr\u00f2nic, WhatsApp o trucada telef\u00f2nica).&hellip;\" \/>\n<meta property=\"og:url\" content=\"https:\/\/martinezcaballeroabogados.com\/ca\/politica-i-condicions-de-primera-assessoria\/\" \/>\n<meta property=\"og:site_name\" content=\"Martinez Caballero Advocats\" \/>\n<meta property=\"article:publisher\" content=\"https:\/\/www.facebook.com\/martinezcaballeroabogados\/\" \/>\n<meta property=\"article:modified_time\" content=\"2025-10-03T09:48:23+00:00\" \/>\n<meta name=\"twitter:card\" content=\"summary_large_image\" \/>\n<meta name=\"twitter:site\" content=\"@MC_abogados_\" \/>\n<meta name=\"twitter:label1\" content=\"Temps estimat de lectura\" \/>\n\t<meta name=\"twitter:data1\" content=\"3 minuts\" \/>\n<script type=\"application\/ld+json\" class=\"yoast-schema-graph\">{\"@context\":\"https:\/\/schema.org\",\"@graph\":[{\"@type\":\"WebPage\",\"@id\":\"https:\/\/martinezcaballeroabogados.com\/ca\/politica-i-condicions-de-primera-assessoria\/\",\"url\":\"https:\/\/martinezcaballeroabogados.com\/ca\/politica-i-condicions-de-primera-assessoria\/\",\"name\":\"Pol\u00edtica i condicions de primera assessoria - Martinez Caballero Advocats\",\"isPartOf\":{\"@id\":\"https:\/\/martinezcaballeroabogados.com\/ca\/#website\"},\"datePublished\":\"2025-10-03T09:39:27+00:00\",\"dateModified\":\"2025-10-03T09:48:23+00:00\",\"breadcrumb\":{\"@id\":\"https:\/\/martinezcaballeroabogados.com\/ca\/politica-i-condicions-de-primera-assessoria\/#breadcrumb\"},\"inLanguage\":\"ca\",\"potentialAction\":[{\"@type\":\"ReadAction\",\"target\":[\"https:\/\/martinezcaballeroabogados.com\/ca\/politica-i-condicions-de-primera-assessoria\/\"]}]},{\"@type\":\"BreadcrumbList\",\"@id\":\"https:\/\/martinezcaballeroabogados.com\/ca\/politica-i-condicions-de-primera-assessoria\/#breadcrumb\",\"itemListElement\":[{\"@type\":\"ListItem\",\"position\":1,\"name\":\"Portada\",\"item\":\"https:\/\/martinezcaballeroabogados.com\/ca\/advocats-a-barcelona\/\"},{\"@type\":\"ListItem\",\"position\":2,\"name\":\"Pol\u00edtica i condicions de primera assessoria\"}]},{\"@type\":\"WebSite\",\"@id\":\"https:\/\/martinezcaballeroabogados.com\/ca\/#website\",\"url\":\"https:\/\/martinezcaballeroabogados.com\/ca\/\",\"name\":\"Martinez & Caballero Abogados\",\"description\":\"Advocats Integrals a Barcelona\",\"publisher\":{\"@id\":\"https:\/\/martinezcaballeroabogados.com\/ca\/#organization\"},\"potentialAction\":[{\"@type\":\"SearchAction\",\"target\":{\"@type\":\"EntryPoint\",\"urlTemplate\":\"https:\/\/martinezcaballeroabogados.com\/ca\/?s={search_term_string}\"},\"query-input\":{\"@type\":\"PropertyValueSpecification\",\"valueRequired\":true,\"valueName\":\"search_term_string\"}}],\"inLanguage\":\"ca\"},{\"@type\":\"Organization\",\"@id\":\"https:\/\/martinezcaballeroabogados.com\/ca\/#organization\",\"name\":\"Martinez & Caballero Abogados\",\"url\":\"https:\/\/martinezcaballeroabogados.com\/ca\/\",\"logo\":{\"@type\":\"ImageObject\",\"inLanguage\":\"ca\",\"@id\":\"https:\/\/martinezcaballeroabogados.com\/ca\/#\/schema\/logo\/image\/\",\"url\":\"https:\/\/martinezcaballeroabogados.com\/wp-content\/uploads\/2020\/02\/cropped-cropped-logo-mc-abogados-web-1-e1497812507401-1.png\",\"contentUrl\":\"https:\/\/martinezcaballeroabogados.com\/wp-content\/uploads\/2020\/02\/cropped-cropped-logo-mc-abogados-web-1-e1497812507401-1.png\",\"width\":300,\"height\":150,\"caption\":\"Martinez & Caballero Abogados\"},\"image\":{\"@id\":\"https:\/\/martinezcaballeroabogados.com\/ca\/#\/schema\/logo\/image\/\"},\"sameAs\":[\"https:\/\/www.facebook.com\/martinezcaballeroabogados\/\",\"https:\/\/x.com\/MC_abogados_\",\"https:\/\/www.instagram.com\/extranjeriabarcelonaabogados\/\"]}]}<\/script>\n<!-- \/ Yoast SEO plugin. -->","yoast_head_json":{"title":"Pol\u00edtica i condicions de primera assessoria - Martinez Caballero Advocats","robots":{"index":"index","follow":"follow","max-snippet":"max-snippet:-1","max-image-preview":"max-image-preview:large","max-video-preview":"max-video-preview:-1"},"canonical":"https:\/\/martinezcaballeroabogados.com\/ca\/politica-i-condicions-de-primera-assessoria\/","og_locale":"ca_ES","og_type":"article","og_title":"Pol\u00edtica i condicions de primera assessoria - Martinez Caballero Advocats","og_description":"POL\u00cdTIQUES I CONDICIONS PRIMERA ASSESSORIA MC Condicions de la Primera Assessoria Jur\u00eddica\/Legal Cost de l&#8217;Assessoria El cost de l&#8217;assessoria a MC Advocats per al 2025-2026 sigui Modalitat online i presencial ser\u00e0 60.50\u20ac Per reservar dia i hora ser\u00e0 obligatori realitzar el pagament previ, d&#8217;acord amb les formes de pagament indicades a les Condicions Generals. Confirmaci\u00f3 de Reserva Un cop rebut el pagament, el despatx confirmar\u00e0 la cita a trav\u00e9s dels canals habituals de comunicaci\u00f3 (correu electr\u00f2nic, WhatsApp o trucada telef\u00f2nica).&hellip;","og_url":"https:\/\/martinezcaballeroabogados.com\/ca\/politica-i-condicions-de-primera-assessoria\/","og_site_name":"Martinez Caballero Advocats","article_publisher":"https:\/\/www.facebook.com\/martinezcaballeroabogados\/","article_modified_time":"2025-10-03T09:48:23+00:00","twitter_card":"summary_large_image","twitter_site":"@MC_abogados_","twitter_misc":{"Temps estimat de lectura":"3 minuts"},"schema":{"@context":"https:\/\/schema.org","@graph":[{"@type":"WebPage","@id":"https:\/\/martinezcaballeroabogados.com\/ca\/politica-i-condicions-de-primera-assessoria\/","url":"https:\/\/martinezcaballeroabogados.com\/ca\/politica-i-condicions-de-primera-assessoria\/","name":"Pol\u00edtica i condicions de primera assessoria - Martinez Caballero Advocats","isPartOf":{"@id":"https:\/\/martinezcaballeroabogados.com\/ca\/#website"},"datePublished":"2025-10-03T09:39:27+00:00","dateModified":"2025-10-03T09:48:23+00:00","breadcrumb":{"@id":"https:\/\/martinezcaballeroabogados.com\/ca\/politica-i-condicions-de-primera-assessoria\/#breadcrumb"},"inLanguage":"ca","potentialAction":[{"@type":"ReadAction","target":["https:\/\/martinezcaballeroabogados.com\/ca\/politica-i-condicions-de-primera-assessoria\/"]}]},{"@type":"BreadcrumbList","@id":"https:\/\/martinezcaballeroabogados.com\/ca\/politica-i-condicions-de-primera-assessoria\/#breadcrumb","itemListElement":[{"@type":"ListItem","position":1,"name":"Portada","item":"https:\/\/martinezcaballeroabogados.com\/ca\/advocats-a-barcelona\/"},{"@type":"ListItem","position":2,"name":"Pol\u00edtica i condicions de primera assessoria"}]},{"@type":"WebSite","@id":"https:\/\/martinezcaballeroabogados.com\/ca\/#website","url":"https:\/\/martinezcaballeroabogados.com\/ca\/","name":"Martinez & Caballero Abogados","description":"Advocats Integrals a Barcelona","publisher":{"@id":"https:\/\/martinezcaballeroabogados.com\/ca\/#organization"},"potentialAction":[{"@type":"SearchAction","target":{"@type":"EntryPoint","urlTemplate":"https:\/\/martinezcaballeroabogados.com\/ca\/?s={search_term_string}"},"query-input":{"@type":"PropertyValueSpecification","valueRequired":true,"valueName":"search_term_string"}}],"inLanguage":"ca"},{"@type":"Organization","@id":"https:\/\/martinezcaballeroabogados.com\/ca\/#organization","name":"Martinez & Caballero Abogados","url":"https:\/\/martinezcaballeroabogados.com\/ca\/","logo":{"@type":"ImageObject","inLanguage":"ca","@id":"https:\/\/martinezcaballeroabogados.com\/ca\/#\/schema\/logo\/image\/","url":"https:\/\/martinezcaballeroabogados.com\/wp-content\/uploads\/2020\/02\/cropped-cropped-logo-mc-abogados-web-1-e1497812507401-1.png","contentUrl":"https:\/\/martinezcaballeroabogados.com\/wp-content\/uploads\/2020\/02\/cropped-cropped-logo-mc-abogados-web-1-e1497812507401-1.png","width":300,"height":150,"caption":"Martinez & Caballero Abogados"},"image":{"@id":"https:\/\/martinezcaballeroabogados.com\/ca\/#\/schema\/logo\/image\/"},"sameAs":["https:\/\/www.facebook.com\/martinezcaballeroabogados\/","https:\/\/x.com\/MC_abogados_","https:\/\/www.instagram.com\/extranjeriabarcelonaabogados\/"]}]}},"_links":{"self":[{"href":"https:\/\/martinezcaballeroabogados.com\/ca\/wp-json\/wp\/v2\/pages\/23601","targetHints":{"allow":["GET"]}}],"collection":[{"href":"https:\/\/martinezcaballeroabogados.com\/ca\/wp-json\/wp\/v2\/pages"}],"about":[{"href":"https:\/\/martinezcaballeroabogados.com\/ca\/wp-json\/wp\/v2\/types\/page"}],"author":[{"embeddable":true,"href":"https:\/\/martinezcaballeroabogados.com\/ca\/wp-json\/wp\/v2\/users\/1"}],"replies":[{"embeddable":true,"href":"https:\/\/martinezcaballeroabogados.com\/ca\/wp-json\/wp\/v2\/comments?post=23601"}],"version-history":[{"count":2,"href":"https:\/\/martinezcaballeroabogados.com\/ca\/wp-json\/wp\/v2\/pages\/23601\/revisions"}],"predecessor-version":[{"id":23603,"href":"https:\/\/martinezcaballeroabogados.com\/ca\/wp-json\/wp\/v2\/pages\/23601\/revisions\/23603"}],"wp:attachment":[{"href":"https:\/\/martinezcaballeroabogados.com\/ca\/wp-json\/wp\/v2\/media?parent=23601"}],"curies":[{"name":"wp","href":"https:\/\/api.w.org\/{rel}","templated":true}]}}