{"id":21591,"date":"2025-06-30T09:15:06","date_gmt":"2025-06-30T09:15:06","guid":{"rendered":"https:\/\/martinezcaballeroabogados.com\/proteccio-contra-el-phishing-martinez-caballero-advocats\/"},"modified":"2025-06-30T10:59:41","modified_gmt":"2025-06-30T10:59:41","slug":"proteccio-contra-el-phishing-martinez-caballero-advocats","status":"publish","type":"page","link":"https:\/\/martinezcaballeroabogados.com\/ca\/proteccio-contra-el-phishing-martinez-caballero-advocats\/","title":{"rendered":"Protecci\u00f3 contra el phishing \u2013 Mart\u00ednez &amp; Caballero Advocats"},"content":{"rendered":"\t\t<div data-elementor-type=\"wp-page\" data-elementor-id=\"21591\" class=\"elementor elementor-21591 elementor-21492\" data-elementor-post-type=\"page\">\n\t\t\t\t\t\t<section class=\"elementor-section elementor-top-section elementor-element elementor-element-04902e5 elementor-section-boxed elementor-section-height-default elementor-section-height-default\" data-id=\"04902e5\" data-element_type=\"section\" data-e-type=\"section\">\n\t\t\t\t\t\t<div class=\"elementor-container elementor-column-gap-extended\">\n\t\t\t\t\t<div class=\"elementor-column elementor-col-100 elementor-top-column elementor-element elementor-element-4c66dc5 sc_inner_width_none sc_layouts_column_icons_position_left\" data-id=\"4c66dc5\" data-element_type=\"column\" data-e-type=\"column\">\n\t\t\t<div class=\"elementor-widget-wrap elementor-element-populated\">\n\t\t\t\t\t\t<div class=\"elementor-element elementor-element-015fb9f sc_fly_static elementor-widget elementor-widget-spacer\" data-id=\"015fb9f\" data-element_type=\"widget\" data-e-type=\"widget\" data-widget_type=\"spacer.default\">\n\t\t\t\t<div class=\"elementor-widget-container\">\n\t\t\t\t\t\t\t<div class=\"elementor-spacer\">\n\t\t\t<div class=\"elementor-spacer-inner\"><\/div>\n\t\t<\/div>\n\t\t\t\t\t\t<\/div>\n\t\t\t\t<\/div>\n\t\t\t\t<div class=\"elementor-element elementor-element-2229f26 sc_fly_static elementor-widget elementor-widget-heading\" data-id=\"2229f26\" data-element_type=\"widget\" data-e-type=\"widget\" data-widget_type=\"heading.default\">\n\t\t\t\t<div class=\"elementor-widget-container\">\n\t\t\t\t\t<h1 class=\"elementor-heading-title elementor-size-default\">Protecci\u00f3 contra el phishing  <\/h1>\t\t\t\t<\/div>\n\t\t\t\t<\/div>\n\t\t\t\t<div class=\"elementor-element elementor-element-0314e1d sc_fly_static elementor-widget elementor-widget-text-editor\" data-id=\"0314e1d\" data-element_type=\"widget\" data-e-type=\"widget\" data-widget_type=\"text-editor.default\">\n\t\t\t\t<div class=\"elementor-widget-container\">\n\t\t\t\t\t\t\t\t\t<p><b>1. Qu\u00e8 \u00e9s el phishing?<\/b><\/p><p><span style=\"font-weight: 400;\">El phishing \u00e9s una t\u00e8cnica de ciberdelinq\u00fc\u00e8ncia que intenta enganyar-te perqu\u00e8 facilitis de forma volunt\u00e0ria dades personals o financeres, suplantant la identitat de persones o organitzacions de confian\u00e7a.<\/span><\/p><p><b>2. Com et pots protegir?<\/b><\/p><ul><li style=\"font-weight: 400;\" aria-level=\"1\"><b>Verifica el domini del remitent<\/b> <span style=\"font-weight: 400;\">: Tots els correus oficials del despatx provenen del domini<\/span> <span style=\"font-weight: 400;\">@martinezcaballeroabogados.com<\/span><span style=\"font-weight: 400;\">. Si \u00e9s diferent, desconfia.<\/span><span style=\"font-weight: 400;\"><br><br><\/span><\/li><li style=\"font-weight: 400;\" aria-level=\"1\"><b>Aneu amb compte amb enlla\u00e7os o fitxers adjunts inesperats<\/b> <span style=\"font-weight: 400;\">: Sobretot si no heu establert contacte previ amb el remitent.<\/span><span style=\"font-weight: 400;\"><br><br><\/span><\/li><li style=\"font-weight: 400;\" aria-level=\"1\"><b>Para atenci\u00f3 al llenguatge del missatge<\/b> <span style=\"font-weight: 400;\">: Les comunicacions oficials eviten errors ortogr\u00e0fics o expressions mal redactades.<\/span><span style=\"font-weight: 400;\"><br><br><\/span><\/li><li style=\"font-weight: 400;\" aria-level=\"1\"><b>No comparteixis dades sensibles<\/b> <span style=\"font-weight: 400;\">: Mai facilitis informaci\u00f3 personal, banc\u00e0ria o contrasenyes per email o missatge.<\/span><span style=\"font-weight: 400;\"><br><br><\/span><\/li><li style=\"font-weight: 400;\" aria-level=\"1\"><b>Desconfia de sol\u00b7licituds urgents<\/b><span style=\"font-weight: 400;\">: Les estafes solen generar alarma perqu\u00e8 actu\u00efs sense comprovar. Per exemple, desconfia de correus que indiquin \u201curgent: canviar detalls bancaris\u201d. <\/span><span style=\"font-weight: 400;\"><br><br><\/span><\/li><\/ul><p><b>3. Formes comunes de phishing a despatxos<\/b><\/p><ul><li style=\"font-weight: 400;\" aria-level=\"1\"><b>Suposades infraccions de propietat intel\u00b7lectual<\/b> <span style=\"font-weight: 400;\">: Missatges que simulen advertiments d&#8217;\u00fas no autoritzat de contingut de clients.<\/span><span style=\"font-weight: 400;\"><br><br><\/span><\/li><li style=\"font-weight: 400;\" aria-level=\"1\"><b>Canvis falsos en comptes bancaris<\/b> <span style=\"font-weight: 400;\">: Correus que indiquen que \u201cel compte per al pagament d&#8217;honoraris ha canviat\u201d i proporcionen dades falses.<\/span><span style=\"font-weight: 400;\"><br><br><\/span><\/li><\/ul><p><b>4. Si reps un correu sospit\u00f3s, fes el seg\u00fcent<\/b><\/p><ul><li style=\"font-weight: 400;\" aria-level=\"1\"><b>NO responguis, no facis clic a enlla\u00e7os ni obris fitxers<\/b> <span style=\"font-weight: 400;\">.<\/span><span style=\"font-weight: 400;\"><br><br><\/span><\/li><li style=\"font-weight: 400;\" aria-level=\"1\"><b>No facis pagaments mitjan\u00e7ant instruccions plantejades en correus sospitosos<\/b><span style=\"font-weight: 400;\">. Les dades banc\u00e0ries s\u00f3n a la factura impresa o PDF oficial.<\/span><span style=\"font-weight: 400;\"><br><br><\/span><\/li><li style=\"font-weight: 400;\" aria-level=\"1\"><b>Revisa amb el teu contacte habitual<\/b> <span style=\"font-weight: 400;\">si hi ha algun canvi de manera oficial.<\/span><span style=\"font-weight: 400;\"><br><br><\/span><\/li><\/ul><p><b>5. Com reportar-ho?<\/b><\/p><p><span style=\"font-weight: 400;\">Envia&#8217;ns un correu immediat a<\/span> <b><a href=\"mailto:info@martinezcaballeroabogados.com\">info@martinezcaballeroabogados.com<\/a><\/b> <span style=\"font-weight: 400;\">  (o l&#8217;adre\u00e7a interna que designeu) amb el missatge sospit\u00f3s com a fitxer adjunt. Si ets client, contacta tamb\u00e9 amb el teu advocat habitual. <\/span><\/p><p><b>6. El nostre comprom\u00eds<\/b><\/p><ul><li style=\"font-weight: 400;\" aria-level=\"1\"><span style=\"font-weight: 400;\">Analitzarem i, si escau, reportarem intents de pesca a les autoritats corresponents.<\/span><span style=\"font-weight: 400;\"><br><br><\/span><\/li><li style=\"font-weight: 400;\" aria-level=\"1\"><span style=\"font-weight: 400;\">Formem regularment el nostre equip i clients sobre les darreres t\u00e0ctiques d&#8217;estafa per email.<\/span><span style=\"font-weight: 400;\"><br><br><\/span><\/li><li style=\"font-weight: 400;\" aria-level=\"1\"><span style=\"font-weight: 400;\">Implementem controls t\u00e8cnics com filtres antivirus, protecci\u00f3 d&#8217;enlla\u00e7os a correus i alertes per detectar campanyes sospitoses.<\/span><\/li><\/ul>\t\t\t\t\t\t\t\t<\/div>\n\t\t\t\t<\/div>\n\t\t\t\t<div class=\"elementor-element elementor-element-85d00f4 sc_fly_static elementor-widget elementor-widget-spacer\" data-id=\"85d00f4\" data-element_type=\"widget\" data-e-type=\"widget\" data-widget_type=\"spacer.default\">\n\t\t\t\t<div class=\"elementor-widget-container\">\n\t\t\t\t\t\t\t<div class=\"elementor-spacer\">\n\t\t\t<div class=\"elementor-spacer-inner\"><\/div>\n\t\t<\/div>\n\t\t\t\t\t\t<\/div>\n\t\t\t\t<\/div>\n\t\t\t\t\t<\/div>\n\t\t<\/div>\n\t\t\t\t\t<\/div>\n\t\t<\/section>\n\t\t\t\t<\/div>\n\t\t","protected":false},"excerpt":{"rendered":"<p>Protecci\u00f3 contra el phishing 1. Qu\u00e8 \u00e9s el phishing? El phishing \u00e9s una t\u00e8cnica de ciberdelinq\u00fc\u00e8ncia que intenta enganyar-te perqu\u00e8 facilitis de forma volunt\u00e0ria dades personals o financeres, suplantant la identitat de persones o organitzacions de confian\u00e7a. 2. Com et pots protegir? Verifica el domini del remitent : Tots els correus oficials del despatx provenen del domini @martinezcaballeroabogados.com. Si \u00e9s diferent, desconfia. Aneu amb compte amb enlla\u00e7os o fitxers adjunts inesperats : Sobretot si no heu establert contacte previ amb&hellip;<\/p>\n","protected":false},"author":1,"featured_media":0,"parent":0,"menu_order":0,"comment_status":"closed","ping_status":"closed","template":"","meta":{"_monsterinsights_skip_tracking":false,"_monsterinsights_sitenote_active":false,"_monsterinsights_sitenote_note":"","_monsterinsights_sitenote_category":0,"_joinchat":[],"footnotes":""},"class_list":["post-21591","page","type-page","status-publish","hentry"],"yoast_head":"<!-- This site is optimized with the Yoast SEO plugin v26.8 - https:\/\/yoast.com\/product\/yoast-seo-wordpress\/ -->\n<title>Protecci\u00f3 contra el phishing | Mart\u00ednez &amp; Caballero Advocats - Martinez Caballero Advocats<\/title>\n<meta name=\"description\" content=\"Informa&#039;t sobre com protegir-te del phishing amb les mesures legals i pr\u00e0ctiques de Mart\u00ednez &amp; Caballero Advocats. Seguretat a la teva informaci\u00f3 garantida.\" \/>\n<meta name=\"robots\" content=\"index, follow, max-snippet:-1, max-image-preview:large, max-video-preview:-1\" \/>\n<link rel=\"canonical\" href=\"https:\/\/martinezcaballeroabogados.com\/ca\/proteccio-contra-el-phishing-martinez-caballero-advocats\/\" \/>\n<meta property=\"og:locale\" content=\"ca_ES\" \/>\n<meta property=\"og:type\" content=\"article\" \/>\n<meta property=\"og:title\" content=\"Protecci\u00f3 contra el phishing | Mart\u00ednez &amp; Caballero Advocats - Martinez Caballero Advocats\" \/>\n<meta property=\"og:description\" content=\"Informa&#039;t sobre com protegir-te del phishing amb les mesures legals i pr\u00e0ctiques de Mart\u00ednez &amp; Caballero Advocats. Seguretat a la teva informaci\u00f3 garantida.\" \/>\n<meta property=\"og:url\" content=\"https:\/\/martinezcaballeroabogados.com\/ca\/proteccio-contra-el-phishing-martinez-caballero-advocats\/\" \/>\n<meta property=\"og:site_name\" content=\"Martinez Caballero Advocats\" \/>\n<meta property=\"article:publisher\" content=\"https:\/\/www.facebook.com\/martinezcaballeroabogados\/\" \/>\n<meta property=\"article:modified_time\" content=\"2025-06-30T10:59:41+00:00\" \/>\n<meta name=\"twitter:card\" content=\"summary_large_image\" \/>\n<meta name=\"twitter:site\" content=\"@MC_abogados_\" \/>\n<meta name=\"twitter:label1\" content=\"Temps estimat de lectura\" \/>\n\t<meta name=\"twitter:data1\" content=\"2 minuts\" \/>\n<script type=\"application\/ld+json\" class=\"yoast-schema-graph\">{\"@context\":\"https:\/\/schema.org\",\"@graph\":[{\"@type\":\"WebPage\",\"@id\":\"https:\/\/martinezcaballeroabogados.com\/ca\/proteccio-contra-el-phishing-martinez-caballero-advocats\/\",\"url\":\"https:\/\/martinezcaballeroabogados.com\/ca\/proteccio-contra-el-phishing-martinez-caballero-advocats\/\",\"name\":\"Protecci\u00f3 contra el phishing | Mart\u00ednez & Caballero Advocats - Martinez Caballero Advocats\",\"isPartOf\":{\"@id\":\"https:\/\/martinezcaballeroabogados.com\/ca\/#website\"},\"datePublished\":\"2025-06-30T09:15:06+00:00\",\"dateModified\":\"2025-06-30T10:59:41+00:00\",\"description\":\"Informa't sobre com protegir-te del phishing amb les mesures legals i pr\u00e0ctiques de Mart\u00ednez & Caballero Advocats. Seguretat a la teva informaci\u00f3 garantida.\",\"breadcrumb\":{\"@id\":\"https:\/\/martinezcaballeroabogados.com\/ca\/proteccio-contra-el-phishing-martinez-caballero-advocats\/#breadcrumb\"},\"inLanguage\":\"ca\",\"potentialAction\":[{\"@type\":\"ReadAction\",\"target\":[\"https:\/\/martinezcaballeroabogados.com\/ca\/proteccio-contra-el-phishing-martinez-caballero-advocats\/\"]}]},{\"@type\":\"BreadcrumbList\",\"@id\":\"https:\/\/martinezcaballeroabogados.com\/ca\/proteccio-contra-el-phishing-martinez-caballero-advocats\/#breadcrumb\",\"itemListElement\":[{\"@type\":\"ListItem\",\"position\":1,\"name\":\"Portada\",\"item\":\"https:\/\/martinezcaballeroabogados.com\/ca\/advocats-a-barcelona\/\"},{\"@type\":\"ListItem\",\"position\":2,\"name\":\"Protecci\u00f3 contra el phishing \u2013 Mart\u00ednez &amp; Caballero Advocats\"}]},{\"@type\":\"WebSite\",\"@id\":\"https:\/\/martinezcaballeroabogados.com\/ca\/#website\",\"url\":\"https:\/\/martinezcaballeroabogados.com\/ca\/\",\"name\":\"Martinez & Caballero Abogados\",\"description\":\"Advocats Integrals a Barcelona\",\"publisher\":{\"@id\":\"https:\/\/martinezcaballeroabogados.com\/ca\/#organization\"},\"potentialAction\":[{\"@type\":\"SearchAction\",\"target\":{\"@type\":\"EntryPoint\",\"urlTemplate\":\"https:\/\/martinezcaballeroabogados.com\/ca\/?s={search_term_string}\"},\"query-input\":{\"@type\":\"PropertyValueSpecification\",\"valueRequired\":true,\"valueName\":\"search_term_string\"}}],\"inLanguage\":\"ca\"},{\"@type\":\"Organization\",\"@id\":\"https:\/\/martinezcaballeroabogados.com\/ca\/#organization\",\"name\":\"Martinez & Caballero Abogados\",\"url\":\"https:\/\/martinezcaballeroabogados.com\/ca\/\",\"logo\":{\"@type\":\"ImageObject\",\"inLanguage\":\"ca\",\"@id\":\"https:\/\/martinezcaballeroabogados.com\/ca\/#\/schema\/logo\/image\/\",\"url\":\"https:\/\/martinezcaballeroabogados.com\/wp-content\/uploads\/2020\/02\/cropped-cropped-logo-mc-abogados-web-1-e1497812507401-1.png\",\"contentUrl\":\"https:\/\/martinezcaballeroabogados.com\/wp-content\/uploads\/2020\/02\/cropped-cropped-logo-mc-abogados-web-1-e1497812507401-1.png\",\"width\":300,\"height\":150,\"caption\":\"Martinez & Caballero Abogados\"},\"image\":{\"@id\":\"https:\/\/martinezcaballeroabogados.com\/ca\/#\/schema\/logo\/image\/\"},\"sameAs\":[\"https:\/\/www.facebook.com\/martinezcaballeroabogados\/\",\"https:\/\/x.com\/MC_abogados_\",\"https:\/\/www.instagram.com\/extranjeriabarcelonaabogados\/\"]}]}<\/script>\n<!-- \/ Yoast SEO plugin. -->","yoast_head_json":{"title":"Protecci\u00f3 contra el phishing | Mart\u00ednez & Caballero Advocats - Martinez Caballero Advocats","description":"Informa't sobre com protegir-te del phishing amb les mesures legals i pr\u00e0ctiques de Mart\u00ednez & Caballero Advocats. Seguretat a la teva informaci\u00f3 garantida.","robots":{"index":"index","follow":"follow","max-snippet":"max-snippet:-1","max-image-preview":"max-image-preview:large","max-video-preview":"max-video-preview:-1"},"canonical":"https:\/\/martinezcaballeroabogados.com\/ca\/proteccio-contra-el-phishing-martinez-caballero-advocats\/","og_locale":"ca_ES","og_type":"article","og_title":"Protecci\u00f3 contra el phishing | Mart\u00ednez & Caballero Advocats - Martinez Caballero Advocats","og_description":"Informa't sobre com protegir-te del phishing amb les mesures legals i pr\u00e0ctiques de Mart\u00ednez & Caballero Advocats. Seguretat a la teva informaci\u00f3 garantida.","og_url":"https:\/\/martinezcaballeroabogados.com\/ca\/proteccio-contra-el-phishing-martinez-caballero-advocats\/","og_site_name":"Martinez Caballero Advocats","article_publisher":"https:\/\/www.facebook.com\/martinezcaballeroabogados\/","article_modified_time":"2025-06-30T10:59:41+00:00","twitter_card":"summary_large_image","twitter_site":"@MC_abogados_","twitter_misc":{"Temps estimat de lectura":"2 minuts"},"schema":{"@context":"https:\/\/schema.org","@graph":[{"@type":"WebPage","@id":"https:\/\/martinezcaballeroabogados.com\/ca\/proteccio-contra-el-phishing-martinez-caballero-advocats\/","url":"https:\/\/martinezcaballeroabogados.com\/ca\/proteccio-contra-el-phishing-martinez-caballero-advocats\/","name":"Protecci\u00f3 contra el phishing | Mart\u00ednez & Caballero Advocats - Martinez Caballero Advocats","isPartOf":{"@id":"https:\/\/martinezcaballeroabogados.com\/ca\/#website"},"datePublished":"2025-06-30T09:15:06+00:00","dateModified":"2025-06-30T10:59:41+00:00","description":"Informa't sobre com protegir-te del phishing amb les mesures legals i pr\u00e0ctiques de Mart\u00ednez & Caballero Advocats. Seguretat a la teva informaci\u00f3 garantida.","breadcrumb":{"@id":"https:\/\/martinezcaballeroabogados.com\/ca\/proteccio-contra-el-phishing-martinez-caballero-advocats\/#breadcrumb"},"inLanguage":"ca","potentialAction":[{"@type":"ReadAction","target":["https:\/\/martinezcaballeroabogados.com\/ca\/proteccio-contra-el-phishing-martinez-caballero-advocats\/"]}]},{"@type":"BreadcrumbList","@id":"https:\/\/martinezcaballeroabogados.com\/ca\/proteccio-contra-el-phishing-martinez-caballero-advocats\/#breadcrumb","itemListElement":[{"@type":"ListItem","position":1,"name":"Portada","item":"https:\/\/martinezcaballeroabogados.com\/ca\/advocats-a-barcelona\/"},{"@type":"ListItem","position":2,"name":"Protecci\u00f3 contra el phishing \u2013 Mart\u00ednez &amp; Caballero Advocats"}]},{"@type":"WebSite","@id":"https:\/\/martinezcaballeroabogados.com\/ca\/#website","url":"https:\/\/martinezcaballeroabogados.com\/ca\/","name":"Martinez & Caballero Abogados","description":"Advocats Integrals a Barcelona","publisher":{"@id":"https:\/\/martinezcaballeroabogados.com\/ca\/#organization"},"potentialAction":[{"@type":"SearchAction","target":{"@type":"EntryPoint","urlTemplate":"https:\/\/martinezcaballeroabogados.com\/ca\/?s={search_term_string}"},"query-input":{"@type":"PropertyValueSpecification","valueRequired":true,"valueName":"search_term_string"}}],"inLanguage":"ca"},{"@type":"Organization","@id":"https:\/\/martinezcaballeroabogados.com\/ca\/#organization","name":"Martinez & Caballero Abogados","url":"https:\/\/martinezcaballeroabogados.com\/ca\/","logo":{"@type":"ImageObject","inLanguage":"ca","@id":"https:\/\/martinezcaballeroabogados.com\/ca\/#\/schema\/logo\/image\/","url":"https:\/\/martinezcaballeroabogados.com\/wp-content\/uploads\/2020\/02\/cropped-cropped-logo-mc-abogados-web-1-e1497812507401-1.png","contentUrl":"https:\/\/martinezcaballeroabogados.com\/wp-content\/uploads\/2020\/02\/cropped-cropped-logo-mc-abogados-web-1-e1497812507401-1.png","width":300,"height":150,"caption":"Martinez & Caballero Abogados"},"image":{"@id":"https:\/\/martinezcaballeroabogados.com\/ca\/#\/schema\/logo\/image\/"},"sameAs":["https:\/\/www.facebook.com\/martinezcaballeroabogados\/","https:\/\/x.com\/MC_abogados_","https:\/\/www.instagram.com\/extranjeriabarcelonaabogados\/"]}]}},"_links":{"self":[{"href":"https:\/\/martinezcaballeroabogados.com\/ca\/wp-json\/wp\/v2\/pages\/21591","targetHints":{"allow":["GET"]}}],"collection":[{"href":"https:\/\/martinezcaballeroabogados.com\/ca\/wp-json\/wp\/v2\/pages"}],"about":[{"href":"https:\/\/martinezcaballeroabogados.com\/ca\/wp-json\/wp\/v2\/types\/page"}],"author":[{"embeddable":true,"href":"https:\/\/martinezcaballeroabogados.com\/ca\/wp-json\/wp\/v2\/users\/1"}],"replies":[{"embeddable":true,"href":"https:\/\/martinezcaballeroabogados.com\/ca\/wp-json\/wp\/v2\/comments?post=21591"}],"version-history":[{"count":1,"href":"https:\/\/martinezcaballeroabogados.com\/ca\/wp-json\/wp\/v2\/pages\/21591\/revisions"}],"predecessor-version":[{"id":21592,"href":"https:\/\/martinezcaballeroabogados.com\/ca\/wp-json\/wp\/v2\/pages\/21591\/revisions\/21592"}],"wp:attachment":[{"href":"https:\/\/martinezcaballeroabogados.com\/ca\/wp-json\/wp\/v2\/media?parent=21591"}],"curies":[{"name":"wp","href":"https:\/\/api.w.org\/{rel}","templated":true}]}}