{"id":21581,"date":"2025-06-30T09:02:30","date_gmt":"2025-06-30T09:02:30","guid":{"rendered":"https:\/\/martinezcaballeroabogados.com\/politica-de-seguretat-de-la-informacio\/"},"modified":"2025-06-30T10:46:36","modified_gmt":"2025-06-30T10:46:36","slug":"politica-de-seguretat-de-la-informacio","status":"publish","type":"page","link":"https:\/\/martinezcaballeroabogados.com\/ca\/politica-de-seguretat-de-la-informacio\/","title":{"rendered":"Pol\u00edtica de seguretat de la informaci\u00f3"},"content":{"rendered":"\t\t<div data-elementor-type=\"wp-page\" data-elementor-id=\"21581\" class=\"elementor elementor-21581 elementor-21481\" data-elementor-post-type=\"page\">\n\t\t\t\t\t\t<section class=\"elementor-section elementor-top-section elementor-element elementor-element-ef5a1c7 elementor-section-boxed elementor-section-height-default elementor-section-height-default\" data-id=\"ef5a1c7\" data-element_type=\"section\" data-e-type=\"section\">\n\t\t\t\t\t\t<div class=\"elementor-container elementor-column-gap-extended\">\n\t\t\t\t\t<div class=\"elementor-column elementor-col-100 elementor-top-column elementor-element elementor-element-b79da07 sc_inner_width_none sc_layouts_column_icons_position_left\" data-id=\"b79da07\" data-element_type=\"column\" data-e-type=\"column\">\n\t\t\t<div class=\"elementor-widget-wrap elementor-element-populated\">\n\t\t\t\t\t\t<div class=\"elementor-element elementor-element-f4639de sc_fly_static elementor-widget elementor-widget-spacer\" data-id=\"f4639de\" data-element_type=\"widget\" data-e-type=\"widget\" data-widget_type=\"spacer.default\">\n\t\t\t\t<div class=\"elementor-widget-container\">\n\t\t\t\t\t\t\t<div class=\"elementor-spacer\">\n\t\t\t<div class=\"elementor-spacer-inner\"><\/div>\n\t\t<\/div>\n\t\t\t\t\t\t<\/div>\n\t\t\t\t<\/div>\n\t\t\t\t<div class=\"elementor-element elementor-element-7ddb79a sc_fly_static elementor-widget elementor-widget-heading\" data-id=\"7ddb79a\" data-element_type=\"widget\" data-e-type=\"widget\" data-widget_type=\"heading.default\">\n\t\t\t\t<div class=\"elementor-widget-container\">\n\t\t\t\t\t<h1 class=\"elementor-heading-title elementor-size-default\">Pol\u00edtica de seguretat de la informaci\u00f3<\/h1>\t\t\t\t<\/div>\n\t\t\t\t<\/div>\n\t\t\t\t<div class=\"elementor-element elementor-element-04b4a91 sc_fly_static elementor-widget elementor-widget-text-editor\" data-id=\"04b4a91\" data-element_type=\"widget\" data-e-type=\"widget\" data-widget_type=\"text-editor.default\">\n\t\t\t\t<div class=\"elementor-widget-container\">\n\t\t\t\t\t\t\t\t\t<p><span style=\"font-weight: 400;\">Despatx: M&amp;C Advocats (Apna Advocats SLP)<\/span><\/p><p><strong>Versi\u00f3: 1.0<\/strong><\/p><p><span style=\"font-weight: 400;\">Data aprovaci\u00f3: 26\/06\/2025<\/span><\/p><p><span style=\"font-weight: 400;\">Aprovat per: Diana Caballero Aguirre, CEO i Responsable de Seguretat de la Informaci\u00f3<\/span><\/p><p><span style=\"font-weight: 400;\">Nivell de confidencialitat: Intern<\/span><\/p><p><b>1. Introducci\u00f3<\/b><\/p><p><span style=\"font-weight: 400;\">La informaci\u00f3 i els sistemes que la gestionen s\u00f3n actius cr\u00edtics per a M&amp;C Advocats. La depend\u00e8ncia creixent de tecnologies digitals, el tractament de dades sensibles i la necessitat de mantenir la confian\u00e7a dels clients exigeixen establir una pol\u00edtica de seguretat formal. Aquesta pol\u00edtica defineix els principis, rols, responsabilitats i controls necessaris per protegir la informaci\u00f3 davant d&#8217;amenaces internes i externes.  <\/span><\/p><p><b>2. Missi\u00f3 i objectius<\/b><\/p><p><span style=\"font-weight: 400;\">La missi\u00f3 d&#8217;aquesta pol\u00edtica \u00e9s assegurar la confidencialitat, la integritat, la disponibilitat, l&#8217;autenticitat i la tra\u00e7abilitat de la informaci\u00f3 que maneja el despatx. Els seus objectius principals s\u00f3n: <\/span><\/p><ul><li style=\"font-weight: 400;\" aria-level=\"1\"><span style=\"font-weight: 400;\">Complir la normativa vigent (RGPD, LOPDGDD, LSSI).<\/span><\/li><li style=\"font-weight: 400;\" aria-level=\"1\"><span style=\"font-weight: 400;\">Minimitzar els riscos de bretxes o p\u00e8rdues de dades.<\/span><\/li><li style=\"font-weight: 400;\" aria-level=\"1\"><span style=\"font-weight: 400;\">Assegurar la continu\u00eftat operativa.<\/span><\/li><li style=\"font-weight: 400;\" aria-level=\"1\"><span style=\"font-weight: 400;\">Sensibilitzar l&#8217;equip sobre el rol en la protecci\u00f3 de la informaci\u00f3.<\/span><\/li><\/ul><p><b>3. Abast<\/b><\/p><p><span style=\"font-weight: 400;\">Aplica a tots els sistemes, persones, dispositius i processos que participen en el tractament d&#8217;informaci\u00f3 a M&amp;C Advocats. Inclou tant informaci\u00f3 digital com en paper, sense importar-ne el format o suport. <\/span><\/p><p><b>4. Marc normatiu<\/b><\/p><p><span style=\"font-weight: 400;\">Aquesta pol\u00edtica es basa en:<\/span><\/p><ul><li style=\"font-weight: 400;\" aria-level=\"1\"><span style=\"font-weight: 400;\">Reglament (UE) 2016\/679 (RGPD).<\/span><\/li><li style=\"font-weight: 400;\" aria-level=\"1\"><span style=\"font-weight: 400;\">Llei org\u00e0nica 3\/2018, de protecci\u00f3 de dades i garantia de drets digitals.<\/span><\/li><li style=\"font-weight: 400;\" aria-level=\"1\"><span style=\"font-weight: 400;\">Llei 34\/2002 (LSSI).<\/span><\/li><li style=\"font-weight: 400;\" aria-level=\"1\"><span style=\"font-weight: 400;\">Principis de la norma ISO\/IEC 27001.<\/span><\/li><\/ul><p><b>5. Classificaci\u00f3 de la informaci\u00f3<\/b><\/p><p><span style=\"font-weight: 400;\">La informaci\u00f3 del despatx es classificar\u00e0 en tres nivells:<\/span><\/p><ul><li style=\"font-weight: 400;\" aria-level=\"1\"><span style=\"font-weight: 400;\">Confidencial: expedients, dades de salut, menors, procediments penals.<\/span><\/li><li style=\"font-weight: 400;\" aria-level=\"1\"><span style=\"font-weight: 400;\">\u00das intern: comunicacions internes, recursos humans, documents de treball.<\/span><\/li><li style=\"font-weight: 400;\" aria-level=\"1\"><span style=\"font-weight: 400;\">P\u00fablica: continguts publicats a web i xarxes socials.<\/span><\/li><\/ul><p><b>6. Organitzaci\u00f3 de la seguretat<\/b><\/p><ul><li style=\"font-weight: 400;\" aria-level=\"1\"><span style=\"font-weight: 400;\">Responsable de Seguretat: Diana Caballero Aguirre (CEO).<\/span><\/li><li style=\"font-weight: 400;\" aria-level=\"1\"><span style=\"font-weight: 400;\">Delegat de Protecci\u00f3 de Dades: Equal Protecci\u00f3 de Dades (extern).<\/span><\/li><li style=\"font-weight: 400;\" aria-level=\"1\"><span style=\"font-weight: 400;\">Responsable de canals digitals: Responsable de m\u00e0rqueting digital.<\/span><\/li><li style=\"font-weight: 400;\" aria-level=\"1\"><span style=\"font-weight: 400;\">Suport IT: prove\u00efdor extern, sota enc\u00e0rrec puntual.<\/span><\/li><\/ul><p><span style=\"font-weight: 400;\">Tot el personal \u00e9s responsable de complir aquesta pol\u00edtica i reportar incidents o debilitats.<\/span><\/p><p><b>7. Gesti\u00f3 de riscos<\/b><\/p><p><span style=\"font-weight: 400;\">Tot i que no s&#8217;ha realitzat una auditoria formal, el despatx es compromet a:<\/span><\/p><ul><li style=\"font-weight: 400;\" aria-level=\"1\"><span style=\"font-weight: 400;\">Reviseu els riscos almenys una vegada a l&#8217;any.<\/span><\/li><li style=\"font-weight: 400;\" aria-level=\"1\"><span style=\"font-weight: 400;\">Reaccionar davant d&#8217;incidents que afectin la seguretat.<\/span><\/li><li style=\"font-weight: 400;\" aria-level=\"1\"><span style=\"font-weight: 400;\">Avaluar canvis tecnol\u00f2gics o reguladors.<\/span><\/li><\/ul><p><b>8. Controls t\u00e8cnics i accessos<\/b><\/p><ul><li style=\"font-weight: 400;\" aria-level=\"1\"><span style=\"font-weight: 400;\">Contrasenyes robustes i autenticaci\u00f3 en dues passes.<\/span><\/li><li style=\"font-weight: 400;\" aria-level=\"1\"><span style=\"font-weight: 400;\">Emmagatzematge xifrat a Google Drive i OneDrive.<\/span><\/li><li style=\"font-weight: 400;\" aria-level=\"1\"><span style=\"font-weight: 400;\">Protecci\u00f3 del lloc web amb Wordfence i Limit Login Attempts.<\/span><\/li><li style=\"font-weight: 400;\" aria-level=\"1\"><span style=\"font-weight: 400;\">Acc\u00e9s remot controlat i \u00fas responsable de dispositius personals.<\/span><\/li><\/ul><p><b>9. Gesti\u00f3 d&#8217;incidents<\/b><\/p><p><span style=\"font-weight: 400;\">Els incidents s&#8217;han de comunicar immediatament al responsable de seguretat. Se n&#8217;avaluar\u00e0 l&#8217;impacte i es notificar\u00e0 a l&#8217;AEPD si escau. Es documentaran tots els casos per prevenir futures recurr\u00e8ncies.  <\/span><\/p><p><b>10. Relaci\u00f3 amb tercers<\/b><\/p><p><span style=\"font-weight: 400;\">Els tercers que accedeixin a dades del despatx han de signar acords de confidencialitat i complir aquesta pol\u00edtica. En acabar la relaci\u00f3, han d&#8217;eliminar tota la informaci\u00f3 sota garanties auditables. <\/span><\/p><p><b>11. Formaci\u00f3 i conscienciaci\u00f3<\/b><\/p><p><span style=\"font-weight: 400;\">Tot l&#8217;equip rebr\u00e0 formaci\u00f3 b\u00e0sica anual a ciberseguretat, bones pr\u00e0ctiques i protecci\u00f3 de dades. Es promour\u00e0 una cultura de seguretat activa. <\/span><\/p><p><b>12. Actualitzaci\u00f3 i millora cont\u00ednua<\/b><\/p><p><span style=\"font-weight: 400;\">Aquesta pol\u00edtica ser\u00e0 revisada anualment o quan es produeixin canvis rellevants. Totes les modificacions seran aprovades per la Direcci\u00f3 i comunicades al personal. <\/span><\/p><p><b>13. Documentaci\u00f3 complement\u00e0ria<\/b><\/p><p><span style=\"font-weight: 400;\">Aquesta pol\u00edtica es desenvolupar\u00e0 mitjan\u00e7ant:<\/span><\/p><ul><li style=\"font-weight: 400;\" aria-level=\"1\"><span style=\"font-weight: 400;\">Normes de seguretat internes.<\/span><\/li><li style=\"font-weight: 400;\" aria-level=\"1\"><span style=\"font-weight: 400;\">Procediments de treball segur.<\/span><\/li><li style=\"font-weight: 400;\" aria-level=\"1\"><span style=\"font-weight: 400;\">Guies de bones pr\u00e0ctiques per a empleats.<\/span><\/li><\/ul><p><b>Aprovat per:<\/b><\/p><p><span style=\"font-weight: 400;\">Diana Caballero Aguirre<\/span><span style=\"font-weight: 400;\"><br><\/span> <span style=\"font-weight: 400;\">CEO i Responsable de Seguretat de la Informaci\u00f3<\/span><\/p>\t\t\t\t\t\t\t\t<\/div>\n\t\t\t\t<\/div>\n\t\t\t\t<div class=\"elementor-element elementor-element-a4cb518 sc_fly_static elementor-widget elementor-widget-spacer\" data-id=\"a4cb518\" data-element_type=\"widget\" data-e-type=\"widget\" data-widget_type=\"spacer.default\">\n\t\t\t\t<div class=\"elementor-widget-container\">\n\t\t\t\t\t\t\t<div class=\"elementor-spacer\">\n\t\t\t<div class=\"elementor-spacer-inner\"><\/div>\n\t\t<\/div>\n\t\t\t\t\t\t<\/div>\n\t\t\t\t<\/div>\n\t\t\t\t\t<\/div>\n\t\t<\/div>\n\t\t\t\t\t<\/div>\n\t\t<\/section>\n\t\t\t\t<\/div>\n\t\t","protected":false},"excerpt":{"rendered":"<p>Pol\u00edtica de seguretat de la informaci\u00f3 Despatx: M&amp;C Advocats (Apna Advocats SLP) Versi\u00f3: 1.0 Data aprovaci\u00f3: 26\/06\/2025 Aprovat per: Diana Caballero Aguirre, CEO i Responsable de Seguretat de la Informaci\u00f3 Nivell de confidencialitat: Intern 1. Introducci\u00f3 La informaci\u00f3 i els sistemes que la gestionen s\u00f3n actius cr\u00edtics per a M&amp;C Advocats. La depend\u00e8ncia creixent de tecnologies digitals, el tractament de dades sensibles i la necessitat de mantenir la confian\u00e7a dels clients exigeixen establir una pol\u00edtica de seguretat formal. Aquesta pol\u00edtica&hellip;<\/p>\n","protected":false},"author":1,"featured_media":0,"parent":0,"menu_order":0,"comment_status":"closed","ping_status":"closed","template":"","meta":{"_monsterinsights_skip_tracking":false,"_monsterinsights_sitenote_active":false,"_monsterinsights_sitenote_note":"","_monsterinsights_sitenote_category":0,"_joinchat":[],"footnotes":""},"class_list":["post-21581","page","type-page","status-publish","hentry"],"yoast_head":"<!-- This site is optimized with the Yoast SEO plugin v26.8 - https:\/\/yoast.com\/product\/yoast-seo-wordpress\/ -->\n<title>Pol\u00edtica de seguretat de la informaci\u00f3 | M&amp;C Advocats - Martinez Caballero Advocats<\/title>\n<meta name=\"description\" content=\"Consulta la nostra pol\u00edtica de seguretat de la informaci\u00f3: mesures t\u00e8cniques i organitzatives per protegir les teves dades confiades a Mart\u00ednez &amp; Caballero Advocats.\" \/>\n<meta name=\"robots\" content=\"index, follow, max-snippet:-1, max-image-preview:large, max-video-preview:-1\" \/>\n<link rel=\"canonical\" href=\"https:\/\/martinezcaballeroabogados.com\/ca\/politica-de-seguretat-de-la-informacio\/\" \/>\n<meta property=\"og:locale\" content=\"ca_ES\" \/>\n<meta property=\"og:type\" content=\"article\" \/>\n<meta property=\"og:title\" content=\"Pol\u00edtica de seguretat de la informaci\u00f3 | M&amp;C Advocats - Martinez Caballero Advocats\" \/>\n<meta property=\"og:description\" content=\"Consulta la nostra pol\u00edtica de seguretat de la informaci\u00f3: mesures t\u00e8cniques i organitzatives per protegir les teves dades confiades a Mart\u00ednez &amp; Caballero Advocats.\" \/>\n<meta property=\"og:url\" content=\"https:\/\/martinezcaballeroabogados.com\/ca\/politica-de-seguretat-de-la-informacio\/\" \/>\n<meta property=\"og:site_name\" content=\"Martinez Caballero Advocats\" \/>\n<meta property=\"article:publisher\" content=\"https:\/\/www.facebook.com\/martinezcaballeroabogados\/\" \/>\n<meta property=\"article:modified_time\" content=\"2025-06-30T10:46:36+00:00\" \/>\n<meta name=\"twitter:card\" content=\"summary_large_image\" \/>\n<meta name=\"twitter:site\" content=\"@MC_abogados_\" \/>\n<meta name=\"twitter:label1\" content=\"Temps estimat de lectura\" \/>\n\t<meta name=\"twitter:data1\" content=\"3 minuts\" \/>\n<script type=\"application\/ld+json\" class=\"yoast-schema-graph\">{\"@context\":\"https:\/\/schema.org\",\"@graph\":[{\"@type\":\"WebPage\",\"@id\":\"https:\/\/martinezcaballeroabogados.com\/ca\/politica-de-seguretat-de-la-informacio\/\",\"url\":\"https:\/\/martinezcaballeroabogados.com\/ca\/politica-de-seguretat-de-la-informacio\/\",\"name\":\"Pol\u00edtica de seguretat de la informaci\u00f3 | M&C Advocats - Martinez Caballero Advocats\",\"isPartOf\":{\"@id\":\"https:\/\/martinezcaballeroabogados.com\/ca\/#website\"},\"datePublished\":\"2025-06-30T09:02:30+00:00\",\"dateModified\":\"2025-06-30T10:46:36+00:00\",\"description\":\"Consulta la nostra pol\u00edtica de seguretat de la informaci\u00f3: mesures t\u00e8cniques i organitzatives per protegir les teves dades confiades a Mart\u00ednez & Caballero Advocats.\",\"breadcrumb\":{\"@id\":\"https:\/\/martinezcaballeroabogados.com\/ca\/politica-de-seguretat-de-la-informacio\/#breadcrumb\"},\"inLanguage\":\"ca\",\"potentialAction\":[{\"@type\":\"ReadAction\",\"target\":[\"https:\/\/martinezcaballeroabogados.com\/ca\/politica-de-seguretat-de-la-informacio\/\"]}]},{\"@type\":\"BreadcrumbList\",\"@id\":\"https:\/\/martinezcaballeroabogados.com\/ca\/politica-de-seguretat-de-la-informacio\/#breadcrumb\",\"itemListElement\":[{\"@type\":\"ListItem\",\"position\":1,\"name\":\"Portada\",\"item\":\"https:\/\/martinezcaballeroabogados.com\/ca\/advocats-a-barcelona\/\"},{\"@type\":\"ListItem\",\"position\":2,\"name\":\"Pol\u00edtica de seguretat de la informaci\u00f3\"}]},{\"@type\":\"WebSite\",\"@id\":\"https:\/\/martinezcaballeroabogados.com\/ca\/#website\",\"url\":\"https:\/\/martinezcaballeroabogados.com\/ca\/\",\"name\":\"Martinez & Caballero Abogados\",\"description\":\"Advocats Integrals a Barcelona\",\"publisher\":{\"@id\":\"https:\/\/martinezcaballeroabogados.com\/ca\/#organization\"},\"potentialAction\":[{\"@type\":\"SearchAction\",\"target\":{\"@type\":\"EntryPoint\",\"urlTemplate\":\"https:\/\/martinezcaballeroabogados.com\/ca\/?s={search_term_string}\"},\"query-input\":{\"@type\":\"PropertyValueSpecification\",\"valueRequired\":true,\"valueName\":\"search_term_string\"}}],\"inLanguage\":\"ca\"},{\"@type\":\"Organization\",\"@id\":\"https:\/\/martinezcaballeroabogados.com\/ca\/#organization\",\"name\":\"Martinez & Caballero Abogados\",\"url\":\"https:\/\/martinezcaballeroabogados.com\/ca\/\",\"logo\":{\"@type\":\"ImageObject\",\"inLanguage\":\"ca\",\"@id\":\"https:\/\/martinezcaballeroabogados.com\/ca\/#\/schema\/logo\/image\/\",\"url\":\"https:\/\/martinezcaballeroabogados.com\/wp-content\/uploads\/2020\/02\/cropped-cropped-logo-mc-abogados-web-1-e1497812507401-1.png\",\"contentUrl\":\"https:\/\/martinezcaballeroabogados.com\/wp-content\/uploads\/2020\/02\/cropped-cropped-logo-mc-abogados-web-1-e1497812507401-1.png\",\"width\":300,\"height\":150,\"caption\":\"Martinez & Caballero Abogados\"},\"image\":{\"@id\":\"https:\/\/martinezcaballeroabogados.com\/ca\/#\/schema\/logo\/image\/\"},\"sameAs\":[\"https:\/\/www.facebook.com\/martinezcaballeroabogados\/\",\"https:\/\/x.com\/MC_abogados_\",\"https:\/\/www.instagram.com\/extranjeriabarcelonaabogados\/\"]}]}<\/script>\n<!-- \/ Yoast SEO plugin. -->","yoast_head_json":{"title":"Pol\u00edtica de seguretat de la informaci\u00f3 | M&C Advocats - Martinez Caballero Advocats","description":"Consulta la nostra pol\u00edtica de seguretat de la informaci\u00f3: mesures t\u00e8cniques i organitzatives per protegir les teves dades confiades a Mart\u00ednez & Caballero Advocats.","robots":{"index":"index","follow":"follow","max-snippet":"max-snippet:-1","max-image-preview":"max-image-preview:large","max-video-preview":"max-video-preview:-1"},"canonical":"https:\/\/martinezcaballeroabogados.com\/ca\/politica-de-seguretat-de-la-informacio\/","og_locale":"ca_ES","og_type":"article","og_title":"Pol\u00edtica de seguretat de la informaci\u00f3 | M&C Advocats - Martinez Caballero Advocats","og_description":"Consulta la nostra pol\u00edtica de seguretat de la informaci\u00f3: mesures t\u00e8cniques i organitzatives per protegir les teves dades confiades a Mart\u00ednez & Caballero Advocats.","og_url":"https:\/\/martinezcaballeroabogados.com\/ca\/politica-de-seguretat-de-la-informacio\/","og_site_name":"Martinez Caballero Advocats","article_publisher":"https:\/\/www.facebook.com\/martinezcaballeroabogados\/","article_modified_time":"2025-06-30T10:46:36+00:00","twitter_card":"summary_large_image","twitter_site":"@MC_abogados_","twitter_misc":{"Temps estimat de lectura":"3 minuts"},"schema":{"@context":"https:\/\/schema.org","@graph":[{"@type":"WebPage","@id":"https:\/\/martinezcaballeroabogados.com\/ca\/politica-de-seguretat-de-la-informacio\/","url":"https:\/\/martinezcaballeroabogados.com\/ca\/politica-de-seguretat-de-la-informacio\/","name":"Pol\u00edtica de seguretat de la informaci\u00f3 | M&C Advocats - Martinez Caballero Advocats","isPartOf":{"@id":"https:\/\/martinezcaballeroabogados.com\/ca\/#website"},"datePublished":"2025-06-30T09:02:30+00:00","dateModified":"2025-06-30T10:46:36+00:00","description":"Consulta la nostra pol\u00edtica de seguretat de la informaci\u00f3: mesures t\u00e8cniques i organitzatives per protegir les teves dades confiades a Mart\u00ednez & Caballero Advocats.","breadcrumb":{"@id":"https:\/\/martinezcaballeroabogados.com\/ca\/politica-de-seguretat-de-la-informacio\/#breadcrumb"},"inLanguage":"ca","potentialAction":[{"@type":"ReadAction","target":["https:\/\/martinezcaballeroabogados.com\/ca\/politica-de-seguretat-de-la-informacio\/"]}]},{"@type":"BreadcrumbList","@id":"https:\/\/martinezcaballeroabogados.com\/ca\/politica-de-seguretat-de-la-informacio\/#breadcrumb","itemListElement":[{"@type":"ListItem","position":1,"name":"Portada","item":"https:\/\/martinezcaballeroabogados.com\/ca\/advocats-a-barcelona\/"},{"@type":"ListItem","position":2,"name":"Pol\u00edtica de seguretat de la informaci\u00f3"}]},{"@type":"WebSite","@id":"https:\/\/martinezcaballeroabogados.com\/ca\/#website","url":"https:\/\/martinezcaballeroabogados.com\/ca\/","name":"Martinez & Caballero Abogados","description":"Advocats Integrals a Barcelona","publisher":{"@id":"https:\/\/martinezcaballeroabogados.com\/ca\/#organization"},"potentialAction":[{"@type":"SearchAction","target":{"@type":"EntryPoint","urlTemplate":"https:\/\/martinezcaballeroabogados.com\/ca\/?s={search_term_string}"},"query-input":{"@type":"PropertyValueSpecification","valueRequired":true,"valueName":"search_term_string"}}],"inLanguage":"ca"},{"@type":"Organization","@id":"https:\/\/martinezcaballeroabogados.com\/ca\/#organization","name":"Martinez & Caballero Abogados","url":"https:\/\/martinezcaballeroabogados.com\/ca\/","logo":{"@type":"ImageObject","inLanguage":"ca","@id":"https:\/\/martinezcaballeroabogados.com\/ca\/#\/schema\/logo\/image\/","url":"https:\/\/martinezcaballeroabogados.com\/wp-content\/uploads\/2020\/02\/cropped-cropped-logo-mc-abogados-web-1-e1497812507401-1.png","contentUrl":"https:\/\/martinezcaballeroabogados.com\/wp-content\/uploads\/2020\/02\/cropped-cropped-logo-mc-abogados-web-1-e1497812507401-1.png","width":300,"height":150,"caption":"Martinez & Caballero Abogados"},"image":{"@id":"https:\/\/martinezcaballeroabogados.com\/ca\/#\/schema\/logo\/image\/"},"sameAs":["https:\/\/www.facebook.com\/martinezcaballeroabogados\/","https:\/\/x.com\/MC_abogados_","https:\/\/www.instagram.com\/extranjeriabarcelonaabogados\/"]}]}},"_links":{"self":[{"href":"https:\/\/martinezcaballeroabogados.com\/ca\/wp-json\/wp\/v2\/pages\/21581","targetHints":{"allow":["GET"]}}],"collection":[{"href":"https:\/\/martinezcaballeroabogados.com\/ca\/wp-json\/wp\/v2\/pages"}],"about":[{"href":"https:\/\/martinezcaballeroabogados.com\/ca\/wp-json\/wp\/v2\/types\/page"}],"author":[{"embeddable":true,"href":"https:\/\/martinezcaballeroabogados.com\/ca\/wp-json\/wp\/v2\/users\/1"}],"replies":[{"embeddable":true,"href":"https:\/\/martinezcaballeroabogados.com\/ca\/wp-json\/wp\/v2\/comments?post=21581"}],"version-history":[{"count":1,"href":"https:\/\/martinezcaballeroabogados.com\/ca\/wp-json\/wp\/v2\/pages\/21581\/revisions"}],"predecessor-version":[{"id":21582,"href":"https:\/\/martinezcaballeroabogados.com\/ca\/wp-json\/wp\/v2\/pages\/21581\/revisions\/21582"}],"wp:attachment":[{"href":"https:\/\/martinezcaballeroabogados.com\/ca\/wp-json\/wp\/v2\/media?parent=21581"}],"curies":[{"name":"wp","href":"https:\/\/api.w.org\/{rel}","templated":true}]}}