{"id":21568,"date":"2025-06-10T05:06:01","date_gmt":"2025-06-10T05:06:01","guid":{"rendered":"https:\/\/martinezcaballeroabogados.com\/politica-de-devolucions-i-reemborsament\/"},"modified":"2025-06-30T10:26:31","modified_gmt":"2025-06-30T10:26:31","slug":"politica-de-devolucions-i-reemborsament","status":"publish","type":"page","link":"https:\/\/martinezcaballeroabogados.com\/ca\/politica-de-devolucions-i-reemborsament\/","title":{"rendered":"Pol\u00edtica de devolucions i reemborsament"},"content":{"rendered":"\n<p><b>This is a sample page.<\/b><\/p>\n\n<h2 class=\"wp-block-heading\">Overview<\/h2>\n\n<p>Our refund and returns policy lasts 30 days. If 30 days have passed since your purchase, we can&#8217;t offer you a full refund or exchange. <\/p>\n\n<p>Per escollir per return, el nostre producte s&#8217;ha d&#8217;unusar i en la condici\u00f3 de temps, que vost\u00e8 ha rebut. It must also be in the original packaging. <\/p>\n\n<p>Severals tipus de goods s\u00f3n exempts de being returned. Perishable goods such as food, flowers, newspapers o magazines cannot be returned. We also no no accept productes que s\u00f3n intimats o sanitary goods, hazardous materials, or flammable liquids o gasos.  <\/p>\n\n<p>Additional non-returnable items:<\/p>\n\n<ul class=\"wp-block-list\">\n<li>Gift cards<\/li>\n<li>Downloadable software products<\/li>\n<li>Some health and personal care items<\/li>\n<\/ul>\n\n<p>Per completar la return, necessiteu receipt or proof of purchase.<\/p>\n\n<p>Si us plau, no tingueu cap amunt de la botiga.<\/p>\n\n<p>There are certain situations where only partial refunds are granted:<\/p>\n\n<ul class=\"wp-block-list\">\n<li>Book with obvious signs of use<\/li>\n<li>CD, DVD, VHS tape, programari, video game, casset tape, or vinyl record that has been opened.<\/li>\n<li>Any no s&#8217;ha trobat en l&#8217;original condition, es desamaga el missing parts per reasons no duu a l&#8217;error.<\/li>\n<li>Any item that is returned more than 30 days after delivery<\/li>\n<\/ul>\n\n<h2 class=\"wp-block-heading\">Refunds<\/h2>\n\n<p>Onze your return s\u00f3n rebuts i inspecteds, we will send you aneu e-mail a notify you that we have received your returned item. We will also notify you of the approval or rejection of your refund. <\/p>\n\n<p>Si vost\u00e8 est\u00e0 approved, la seva refundaci\u00f3 \u00e9s processada, i el cr\u00e8dit autom\u00e0ticament s&#8217;aplicar\u00e0 a la nostra targeta de seguretat oa l&#8217;original m\u00e8tode de pagament, sense certain durant els dies.<\/p>\n\n<h3 class=\"wp-block-heading\">Late or missing refunds<\/h3>\n\n<p>If you haven&#8217;t received a refund yet, first check your bank account again.<\/p>\n\n<p>El contacte de la nostra companyia de cr\u00e8dit, la teva feina \u00e9s una mica abans de la seva soluci\u00f3 \u00e9s officially posted.<\/p>\n\n<p>Next contact your bank. There is often some processing time before a refund is posted. <\/p>\n\n<p>Perqu\u00e8 us doneu all\u00e0 ia la vostra disposici\u00f3 no heu rebut cap refont i, si us plau contacteu amb l&#8217;e-mail address.<\/p>\n\n<h3 class=\"wp-block-heading\">Surt items<\/h3>\n\n<p>Only regular priced items may be refunded. Surt items cannot be refunded. <\/p>\n\n<h2 class=\"wp-block-heading\">Exchanges<\/h2>\n\n<p>We only replace items if they are defective or damaged. Per tal d&#8217;utilitzar l&#8217;exchange per a una llista de dades, send us a l&#8217;adre\u00e7a electr\u00f2nica {email address} ia send your item to: {physical address}. <\/p>\n\n<h2 class=\"wp-block-heading\">Gifts<\/h2>\n\n<p>Per tant, les etiquetes s\u00f3n gift quan purchased i shipped directament per a vost\u00e8, vost\u00e8 receive a gift cr\u00e8dit per valor de la seva tornada. Onze el returned item received, a gift certificate will be mailed to you. <\/p>\n\n<p>If el seu article no s&#8217;ha de marcar com a gift quan purchased, or el gift giver ha d&#8217;ordres shipped to themselves to dive to you later, we will send a refund to gift giver and they will find out about your return.<\/p>\n\n<h2 class=\"wp-block-heading\">Shipping returns<\/h2>\n\n<p>Return your product, should mail your product to: {physical address}.<\/p>\n\n<p>Heu de respondre a les despeses de pagament per returning item. Shipping costs are no refundable. If you receive a refund, el cost de return shipping will be deducted from your refund.  <\/p>\n\n<p>Depending on where you live, time it may take for your exchanged product to reach you may vary.<\/p>\n\n<p>Per returning m\u00e9s extenses \u00edtems, vost\u00e8 mai considera using a trackable shipping service or purchasing shipping insurance. We don&#8217;t guarantee that we will receive your returned item. <\/p>\n\n<h2 class=\"wp-block-heading\">Need help?<\/h2>\n\n<p>Contact us at{email} for questions related to refunds and returns.<\/p>\n","protected":false},"excerpt":{"rendered":"<p>This is a sample page. Overview Our refund and returns policy lasts 30 days. If 30 days have passed since your purchase, we can&#8217;t offer you a full refund or exchange. Per escollir per return, el nostre producte s&#8217;ha d&#8217;unusar i en la condici\u00f3 de temps, que vost\u00e8 ha rebut. It must also be in the original packaging. Severals tipus de goods s\u00f3n exempts de being returned. Perishable goods such as food, flowers, newspapers o magazines cannot be returned. We&hellip;<\/p>\n","protected":false},"author":1,"featured_media":0,"parent":0,"menu_order":0,"comment_status":"closed","ping_status":"closed","template":"","meta":{"_monsterinsights_skip_tracking":false,"_monsterinsights_sitenote_active":false,"_monsterinsights_sitenote_note":"","_monsterinsights_sitenote_category":0,"_joinchat":[],"footnotes":""},"class_list":["post-21568","page","type-page","status-publish","hentry"],"yoast_head":"<!-- This site is optimized with the Yoast SEO plugin v26.8 - https:\/\/yoast.com\/product\/yoast-seo-wordpress\/ -->\n<title>Pol\u00edtica de devolucions i reemborsament - Martinez Caballero Advocats<\/title>\n<meta name=\"robots\" content=\"index, follow, max-snippet:-1, max-image-preview:large, max-video-preview:-1\" \/>\n<link rel=\"canonical\" href=\"https:\/\/martinezcaballeroabogados.com\/ca\/politica-de-devolucions-i-reemborsament\/\" \/>\n<meta property=\"og:locale\" content=\"ca_ES\" \/>\n<meta property=\"og:type\" content=\"article\" \/>\n<meta property=\"og:title\" content=\"Pol\u00edtica de devolucions i reemborsament - Martinez Caballero Advocats\" \/>\n<meta property=\"og:description\" content=\"This is a sample page. Overview Our refund and returns policy lasts 30 days. If 30 days have passed since your purchase, we can&#8217;t offer you a full refund or exchange. Per escollir per return, el nostre producte s&#8217;ha d&#8217;unusar i en la condici\u00f3 de temps, que vost\u00e8 ha rebut. It must also be in the original packaging. Severals tipus de goods s\u00f3n exempts de being returned. Perishable goods such as food, flowers, newspapers o magazines cannot be returned. We&hellip;\" \/>\n<meta property=\"og:url\" content=\"https:\/\/martinezcaballeroabogados.com\/ca\/politica-de-devolucions-i-reemborsament\/\" \/>\n<meta property=\"og:site_name\" content=\"Martinez Caballero Advocats\" \/>\n<meta property=\"article:publisher\" content=\"https:\/\/www.facebook.com\/martinezcaballeroabogados\/\" \/>\n<meta property=\"article:modified_time\" content=\"2025-06-30T10:26:31+00:00\" \/>\n<meta name=\"twitter:card\" content=\"summary_large_image\" \/>\n<meta name=\"twitter:site\" content=\"@MC_abogados_\" \/>\n<meta name=\"twitter:label1\" content=\"Temps estimat de lectura\" \/>\n\t<meta name=\"twitter:data1\" content=\"3 minuts\" \/>\n<script type=\"application\/ld+json\" class=\"yoast-schema-graph\">{\"@context\":\"https:\/\/schema.org\",\"@graph\":[{\"@type\":\"WebPage\",\"@id\":\"https:\/\/martinezcaballeroabogados.com\/ca\/politica-de-devolucions-i-reemborsament\/\",\"url\":\"https:\/\/martinezcaballeroabogados.com\/ca\/politica-de-devolucions-i-reemborsament\/\",\"name\":\"Pol\u00edtica de devolucions i reemborsament - Martinez Caballero Advocats\",\"isPartOf\":{\"@id\":\"https:\/\/martinezcaballeroabogados.com\/ca\/#website\"},\"datePublished\":\"2025-06-10T05:06:01+00:00\",\"dateModified\":\"2025-06-30T10:26:31+00:00\",\"breadcrumb\":{\"@id\":\"https:\/\/martinezcaballeroabogados.com\/ca\/politica-de-devolucions-i-reemborsament\/#breadcrumb\"},\"inLanguage\":\"ca\",\"potentialAction\":[{\"@type\":\"ReadAction\",\"target\":[\"https:\/\/martinezcaballeroabogados.com\/ca\/politica-de-devolucions-i-reemborsament\/\"]}]},{\"@type\":\"BreadcrumbList\",\"@id\":\"https:\/\/martinezcaballeroabogados.com\/ca\/politica-de-devolucions-i-reemborsament\/#breadcrumb\",\"itemListElement\":[{\"@type\":\"ListItem\",\"position\":1,\"name\":\"Portada\",\"item\":\"https:\/\/martinezcaballeroabogados.com\/ca\/advocats-a-barcelona\/\"},{\"@type\":\"ListItem\",\"position\":2,\"name\":\"Pol\u00edtica de devolucions i reemborsament\"}]},{\"@type\":\"WebSite\",\"@id\":\"https:\/\/martinezcaballeroabogados.com\/ca\/#website\",\"url\":\"https:\/\/martinezcaballeroabogados.com\/ca\/\",\"name\":\"Martinez & Caballero Abogados\",\"description\":\"Advocats Integrals a Barcelona\",\"publisher\":{\"@id\":\"https:\/\/martinezcaballeroabogados.com\/ca\/#organization\"},\"potentialAction\":[{\"@type\":\"SearchAction\",\"target\":{\"@type\":\"EntryPoint\",\"urlTemplate\":\"https:\/\/martinezcaballeroabogados.com\/ca\/?s={search_term_string}\"},\"query-input\":{\"@type\":\"PropertyValueSpecification\",\"valueRequired\":true,\"valueName\":\"search_term_string\"}}],\"inLanguage\":\"ca\"},{\"@type\":\"Organization\",\"@id\":\"https:\/\/martinezcaballeroabogados.com\/ca\/#organization\",\"name\":\"Martinez & Caballero Abogados\",\"url\":\"https:\/\/martinezcaballeroabogados.com\/ca\/\",\"logo\":{\"@type\":\"ImageObject\",\"inLanguage\":\"ca\",\"@id\":\"https:\/\/martinezcaballeroabogados.com\/ca\/#\/schema\/logo\/image\/\",\"url\":\"https:\/\/martinezcaballeroabogados.com\/wp-content\/uploads\/2020\/02\/cropped-cropped-logo-mc-abogados-web-1-e1497812507401-1.png\",\"contentUrl\":\"https:\/\/martinezcaballeroabogados.com\/wp-content\/uploads\/2020\/02\/cropped-cropped-logo-mc-abogados-web-1-e1497812507401-1.png\",\"width\":300,\"height\":150,\"caption\":\"Martinez & Caballero Abogados\"},\"image\":{\"@id\":\"https:\/\/martinezcaballeroabogados.com\/ca\/#\/schema\/logo\/image\/\"},\"sameAs\":[\"https:\/\/www.facebook.com\/martinezcaballeroabogados\/\",\"https:\/\/x.com\/MC_abogados_\",\"https:\/\/www.instagram.com\/extranjeriabarcelonaabogados\/\"]}]}<\/script>\n<!-- \/ Yoast SEO plugin. -->","yoast_head_json":{"title":"Pol\u00edtica de devolucions i reemborsament - Martinez Caballero Advocats","robots":{"index":"index","follow":"follow","max-snippet":"max-snippet:-1","max-image-preview":"max-image-preview:large","max-video-preview":"max-video-preview:-1"},"canonical":"https:\/\/martinezcaballeroabogados.com\/ca\/politica-de-devolucions-i-reemborsament\/","og_locale":"ca_ES","og_type":"article","og_title":"Pol\u00edtica de devolucions i reemborsament - Martinez Caballero Advocats","og_description":"This is a sample page. Overview Our refund and returns policy lasts 30 days. If 30 days have passed since your purchase, we can&#8217;t offer you a full refund or exchange. Per escollir per return, el nostre producte s&#8217;ha d&#8217;unusar i en la condici\u00f3 de temps, que vost\u00e8 ha rebut. It must also be in the original packaging. Severals tipus de goods s\u00f3n exempts de being returned. Perishable goods such as food, flowers, newspapers o magazines cannot be returned. We&hellip;","og_url":"https:\/\/martinezcaballeroabogados.com\/ca\/politica-de-devolucions-i-reemborsament\/","og_site_name":"Martinez Caballero Advocats","article_publisher":"https:\/\/www.facebook.com\/martinezcaballeroabogados\/","article_modified_time":"2025-06-30T10:26:31+00:00","twitter_card":"summary_large_image","twitter_site":"@MC_abogados_","twitter_misc":{"Temps estimat de lectura":"3 minuts"},"schema":{"@context":"https:\/\/schema.org","@graph":[{"@type":"WebPage","@id":"https:\/\/martinezcaballeroabogados.com\/ca\/politica-de-devolucions-i-reemborsament\/","url":"https:\/\/martinezcaballeroabogados.com\/ca\/politica-de-devolucions-i-reemborsament\/","name":"Pol\u00edtica de devolucions i reemborsament - Martinez Caballero Advocats","isPartOf":{"@id":"https:\/\/martinezcaballeroabogados.com\/ca\/#website"},"datePublished":"2025-06-10T05:06:01+00:00","dateModified":"2025-06-30T10:26:31+00:00","breadcrumb":{"@id":"https:\/\/martinezcaballeroabogados.com\/ca\/politica-de-devolucions-i-reemborsament\/#breadcrumb"},"inLanguage":"ca","potentialAction":[{"@type":"ReadAction","target":["https:\/\/martinezcaballeroabogados.com\/ca\/politica-de-devolucions-i-reemborsament\/"]}]},{"@type":"BreadcrumbList","@id":"https:\/\/martinezcaballeroabogados.com\/ca\/politica-de-devolucions-i-reemborsament\/#breadcrumb","itemListElement":[{"@type":"ListItem","position":1,"name":"Portada","item":"https:\/\/martinezcaballeroabogados.com\/ca\/advocats-a-barcelona\/"},{"@type":"ListItem","position":2,"name":"Pol\u00edtica de devolucions i reemborsament"}]},{"@type":"WebSite","@id":"https:\/\/martinezcaballeroabogados.com\/ca\/#website","url":"https:\/\/martinezcaballeroabogados.com\/ca\/","name":"Martinez & Caballero Abogados","description":"Advocats Integrals a Barcelona","publisher":{"@id":"https:\/\/martinezcaballeroabogados.com\/ca\/#organization"},"potentialAction":[{"@type":"SearchAction","target":{"@type":"EntryPoint","urlTemplate":"https:\/\/martinezcaballeroabogados.com\/ca\/?s={search_term_string}"},"query-input":{"@type":"PropertyValueSpecification","valueRequired":true,"valueName":"search_term_string"}}],"inLanguage":"ca"},{"@type":"Organization","@id":"https:\/\/martinezcaballeroabogados.com\/ca\/#organization","name":"Martinez & Caballero Abogados","url":"https:\/\/martinezcaballeroabogados.com\/ca\/","logo":{"@type":"ImageObject","inLanguage":"ca","@id":"https:\/\/martinezcaballeroabogados.com\/ca\/#\/schema\/logo\/image\/","url":"https:\/\/martinezcaballeroabogados.com\/wp-content\/uploads\/2020\/02\/cropped-cropped-logo-mc-abogados-web-1-e1497812507401-1.png","contentUrl":"https:\/\/martinezcaballeroabogados.com\/wp-content\/uploads\/2020\/02\/cropped-cropped-logo-mc-abogados-web-1-e1497812507401-1.png","width":300,"height":150,"caption":"Martinez & Caballero Abogados"},"image":{"@id":"https:\/\/martinezcaballeroabogados.com\/ca\/#\/schema\/logo\/image\/"},"sameAs":["https:\/\/www.facebook.com\/martinezcaballeroabogados\/","https:\/\/x.com\/MC_abogados_","https:\/\/www.instagram.com\/extranjeriabarcelonaabogados\/"]}]}},"_links":{"self":[{"href":"https:\/\/martinezcaballeroabogados.com\/ca\/wp-json\/wp\/v2\/pages\/21568","targetHints":{"allow":["GET"]}}],"collection":[{"href":"https:\/\/martinezcaballeroabogados.com\/ca\/wp-json\/wp\/v2\/pages"}],"about":[{"href":"https:\/\/martinezcaballeroabogados.com\/ca\/wp-json\/wp\/v2\/types\/page"}],"author":[{"embeddable":true,"href":"https:\/\/martinezcaballeroabogados.com\/ca\/wp-json\/wp\/v2\/users\/1"}],"replies":[{"embeddable":true,"href":"https:\/\/martinezcaballeroabogados.com\/ca\/wp-json\/wp\/v2\/comments?post=21568"}],"version-history":[{"count":1,"href":"https:\/\/martinezcaballeroabogados.com\/ca\/wp-json\/wp\/v2\/pages\/21568\/revisions"}],"predecessor-version":[{"id":21569,"href":"https:\/\/martinezcaballeroabogados.com\/ca\/wp-json\/wp\/v2\/pages\/21568\/revisions\/21569"}],"wp:attachment":[{"href":"https:\/\/martinezcaballeroabogados.com\/ca\/wp-json\/wp\/v2\/media?parent=21568"}],"curies":[{"name":"wp","href":"https:\/\/api.w.org\/{rel}","templated":true}]}}