{"id":21550,"date":"2025-06-30T09:42:48","date_gmt":"2025-06-30T09:42:48","guid":{"rendered":"https:\/\/martinezcaballeroabogados.com\/declaracio-daccessibilitat-martinez-caballero-advocats\/"},"modified":"2025-06-30T10:18:43","modified_gmt":"2025-06-30T10:18:43","slug":"declaracio-daccessibilitat-martinez-caballero-advocats","status":"publish","type":"page","link":"https:\/\/martinezcaballeroabogados.com\/ca\/declaracio-daccessibilitat-martinez-caballero-advocats\/","title":{"rendered":"Declaraci\u00f3 d&#8217;Accessibilitat &#8211; Mart\u00ednez &amp; Caballero Advocats"},"content":{"rendered":"\t\t<div data-elementor-type=\"wp-page\" data-elementor-id=\"21550\" class=\"elementor elementor-21550 elementor-21507\" data-elementor-post-type=\"page\">\n\t\t\t\t\t\t<section class=\"elementor-section elementor-top-section elementor-element elementor-element-6a2bafb elementor-section-boxed elementor-section-height-default elementor-section-height-default\" data-id=\"6a2bafb\" data-element_type=\"section\" data-e-type=\"section\">\n\t\t\t\t\t\t<div class=\"elementor-container elementor-column-gap-extended\">\n\t\t\t\t\t<div class=\"elementor-column elementor-col-100 elementor-top-column elementor-element elementor-element-6fa373a sc_inner_width_none sc_layouts_column_icons_position_left\" data-id=\"6fa373a\" data-element_type=\"column\" data-e-type=\"column\">\n\t\t\t<div class=\"elementor-widget-wrap elementor-element-populated\">\n\t\t\t\t\t\t<div class=\"elementor-element elementor-element-fed0e85 sc_fly_static elementor-widget elementor-widget-spacer\" data-id=\"fed0e85\" data-element_type=\"widget\" data-e-type=\"widget\" data-widget_type=\"spacer.default\">\n\t\t\t\t<div class=\"elementor-widget-container\">\n\t\t\t\t\t\t\t<div class=\"elementor-spacer\">\n\t\t\t<div class=\"elementor-spacer-inner\"><\/div>\n\t\t<\/div>\n\t\t\t\t\t\t<\/div>\n\t\t\t\t<\/div>\n\t\t\t\t<div class=\"elementor-element elementor-element-b91076b sc_fly_static elementor-widget elementor-widget-heading\" data-id=\"b91076b\" data-element_type=\"widget\" data-e-type=\"widget\" data-widget_type=\"heading.default\">\n\t\t\t\t<div class=\"elementor-widget-container\">\n\t\t\t\t\t<h1 class=\"elementor-heading-title elementor-size-default\">Declaraci\u00f3 d'accessibilitat<\/h1>\t\t\t\t<\/div>\n\t\t\t\t<\/div>\n\t\t\t\t<div class=\"elementor-element elementor-element-3f87708 sc_fly_static elementor-widget elementor-widget-text-editor\" data-id=\"3f87708\" data-element_type=\"widget\" data-e-type=\"widget\" data-widget_type=\"text-editor.default\">\n\t\t\t\t<div class=\"elementor-widget-container\">\n\t\t\t\t\t\t\t\t\t<ol>\n<li><b>Conformitat amb la normativa<\/b><b><br><\/b> <span style=\"font-weight: 400;\">Aquest lloc web intenta complir amb el Reial decret 1112\/2018 (esdeveniment de la Llei 11\/2021) i complir, en la mesura que sigui possible, amb els criteris de nivell<\/span> <b>AA<\/b> <span style=\"font-weight: 400;\"><span style=\"font-weight: 400;\">de les WCAG 2.1.<\/span><\/span>\n<p><\/p>\n<\/li>\n<li><b>  Estat actual d&#8217;accessibilitat<\/b><\/li>\n<\/ol>\n<ul>\n<li style=\"font-weight: 400;\" aria-level=\"1\"><b>\u00c0rees conformes<\/b> <span style=\"font-weight: 400;\">: textos alternatius en imatges, \u00fas correcte de cap\u00e7aleres, navegaci\u00f3 per teclat, \u00fas d&#8217;etiquetes ARIA.<\/span>\n<p><\/p>\n<\/li>\n<li style=\"font-weight: 400;\" aria-level=\"1\"><b>El contingut que es recull a continuaci\u00f3 no \u00e9s accessible pel seg\u00fcent:<\/b><b> <\/b>\n<p><\/p>\n<\/li>\n<li style=\"font-weight: 400;\" aria-level=\"1\"><span style=\"font-weight: 400;\">Manca de conformitat amb el RD 1112\/2018.<\/span><\/li>\n<li style=\"font-weight: 400;\" aria-level=\"1\"><span style=\"font-weight: 400;\">Podrien existir alguns aspectes de contrast que no compleixin els m\u00ednims exigits, 3:1, pel que fa als colors adjacents del fons de la secci\u00f3 de la web en q\u00fcesti\u00f3. [9.1.4.11 Contrast no textual]. <\/span><\/li>\n<li style=\"font-weight: 400;\" aria-level=\"1\"><span style=\"font-weight: 400;\">Podrien existir algunes etiquetes o instruccions no etiquetades correctament [9.3.3.2 Etiquetes o instruccions].<\/span><\/li>\n<li style=\"font-weight: 400;\" aria-level=\"1\"><span style=\"font-weight: 400;\">Podrien haver-hi missatges d&#8217;estat que no compleixin els m\u00ednims exigits [9.4.1.3 Missatges d&#8217;estat].<\/span><\/li>\n<li style=\"font-weight: 400;\" aria-level=\"1\"><span style=\"font-weight: 400;\">Podrien existir suggeriments davant d&#8217;errors que no compleixin els m\u00ednims exigits [9.3.3.3 Suggeriments davant d&#8217;errors (condicional)].<\/span><\/li>\n<li style=\"font-weight: 400;\" aria-level=\"1\"><span style=\"font-weight: 400;\">Podrien haver-hi errors puntuals d&#8217;edici\u00f3 en alguna p\u00e0gina web<\/span><\/li>\n<li style=\"font-weight: 400;\" aria-level=\"1\"><span style=\"font-weight: 400;\">C\u00e0rrega desproporcionada.<\/span>\n<p><\/p>\n<\/li>\n<\/ul>\n<ol start=\"3\">\n<li><b>  Accions de millora<\/b><\/li>\n<\/ol>\n<ul>\n<li style=\"font-weight: 400;\" aria-level=\"1\"><span style=\"font-weight: 400;\">Des del juny del 2025, es revisaran i adaptaran els PDF i continguts multim\u00e8dia per complir WCAG 2.1 AA.<\/span>\n<p><\/p>\n<\/li>\n<li style=\"font-weight: 400;\" aria-level=\"1\"><span style=\"font-weight: 400;\">Es far\u00e0 un test semestral amb eines (per exemple, Axe o WAVE).<\/span>\n<p><\/p>\n<\/li>\n<\/ul>\n<ol start=\"4\">\n<li><b>  Procediments de notificaci\u00f3<\/b><b><br><\/b> <span style=\"font-weight: 400;\">Si detectes incid\u00e8ncies d&#8217;accessibilitat, si us plau, notificar-les a:<\/span> <b style=\"font-family: inherit; font-size: 14.8571px; font-style: inherit; letter-spacing: 0px;\">info@martinezcaballeroabogados.com.<\/b> Inclou la URL problem\u00e0tica i la teva recomanaci\u00f3. Revisarem i respondrem en un termini m\u00e0xim de <b style=\"font-family: inherit; font-size: 14.8571px; font-style: inherit; letter-spacing: 0px;\">5 dies h\u00e0bils<\/b> <span style=\"font-size: 14.8571px; font-weight: 400; letter-spacing: 0px;\">.<\/span> <\/li>\n<\/ol>\n<ol start=\"5\">\n<li><b>  Eines i criteris utilitzats<\/b><b><br><\/b><span style=\"font-weight: 400;\">  S&#8217;utilitzen eines autom\u00e0tiques (Axe DevTools, WAVE) i revisions manuals peri\u00f2diques per l&#8217;equip de m\u00e0rqueting digital i els prove\u00efdors d&#8217;UX.\n<p><\/p><\/span><\/li>\n<li><b>  Data i responsable<\/b><\/li>\n<\/ol>\n<ul>\n<li style=\"font-weight: 400;\" aria-level=\"1\"><b>Data de la darrera revisi\u00f3:<\/b> <span style=\"font-weight: 400;\">30 de juny de 2025<\/span>\n<p><\/p>\n<\/li>\n<li style=\"font-weight: 400;\" aria-level=\"1\"><b>Responsable del compliment d&#8217;accessibilitat:<\/b> <span style=\"font-weight: 400;\">Responsable de m\u00e0rqueting digital (encarregat dels canals web)<\/span>\n<p><\/p>\n<\/li>\n<\/ul>\n<p><b>7. Informaci\u00f3 addicional i contacte<\/b><b><br><\/b> <span style=\"font-weight: 400;\">Si vols rebre aquesta declaraci\u00f3 en un format accessible (per exemple, PDF\/taggable o audiodescripci\u00f3), pots sol\u00b7licitar-ho a trav\u00e9s del correu indicat.<\/span><\/p>\t\t\t\t\t\t\t\t<\/div>\n\t\t\t\t<\/div>\n\t\t\t\t<div class=\"elementor-element elementor-element-f8ae51a sc_fly_static elementor-widget elementor-widget-spacer\" data-id=\"f8ae51a\" data-element_type=\"widget\" data-e-type=\"widget\" data-widget_type=\"spacer.default\">\n\t\t\t\t<div class=\"elementor-widget-container\">\n\t\t\t\t\t\t\t<div class=\"elementor-spacer\">\n\t\t\t<div class=\"elementor-spacer-inner\"><\/div>\n\t\t<\/div>\n\t\t\t\t\t\t<\/div>\n\t\t\t\t<\/div>\n\t\t\t\t\t<\/div>\n\t\t<\/div>\n\t\t\t\t\t<\/div>\n\t\t<\/section>\n\t\t\t\t<\/div>\n\t\t","protected":false},"excerpt":{"rendered":"<p>Declaraci\u00f3 d&#8217;accessibilitat Conformitat amb la normativa Aquest lloc web intenta complir amb el Reial decret 1112\/2018 (esdeveniment de la Llei 11\/2021) i complir, en la mesura que sigui possible, amb els criteris de nivell AA de les WCAG 2.1. Estat actual d&#8217;accessibilitat \u00c0rees conformes : textos alternatius en imatges, \u00fas correcte de cap\u00e7aleres, navegaci\u00f3 per teclat, \u00fas d&#8217;etiquetes ARIA. El contingut que es recull a continuaci\u00f3 no \u00e9s accessible pel seg\u00fcent: Manca de conformitat amb el RD 1112\/2018. Podrien existir&hellip;<\/p>\n","protected":false},"author":1,"featured_media":0,"parent":0,"menu_order":0,"comment_status":"closed","ping_status":"closed","template":"","meta":{"_monsterinsights_skip_tracking":false,"_monsterinsights_sitenote_active":false,"_monsterinsights_sitenote_note":"","_monsterinsights_sitenote_category":0,"_joinchat":[],"footnotes":""},"class_list":["post-21550","page","type-page","status-publish","hentry"],"yoast_head":"<!-- This site is optimized with the Yoast SEO plugin v26.8 - https:\/\/yoast.com\/product\/yoast-seo-wordpress\/ -->\n<title>Declaraci\u00f3 d\u00b4accessibilitat web | M&amp;C Advocats - Martinez Caballero Advocats<\/title>\n<meta name=\"description\" content=\"Consulta la declaraci\u00f3 d&#039;accessibilitat de Mart\u00ednez &amp; Caballero Advocats: comprom\u00eds amb la conformitat WCAG i la navegaci\u00f3 inclusiva.\" \/>\n<meta name=\"robots\" content=\"index, follow, max-snippet:-1, max-image-preview:large, max-video-preview:-1\" \/>\n<link rel=\"canonical\" href=\"https:\/\/martinezcaballeroabogados.com\/ca\/declaracio-daccessibilitat-martinez-caballero-advocats\/\" \/>\n<meta property=\"og:locale\" content=\"ca_ES\" \/>\n<meta property=\"og:type\" content=\"article\" \/>\n<meta property=\"og:title\" content=\"Declaraci\u00f3 d\u00b4accessibilitat web | M&amp;C Advocats - Martinez Caballero Advocats\" \/>\n<meta property=\"og:description\" content=\"Consulta la declaraci\u00f3 d&#039;accessibilitat de Mart\u00ednez &amp; Caballero Advocats: comprom\u00eds amb la conformitat WCAG i la navegaci\u00f3 inclusiva.\" \/>\n<meta property=\"og:url\" content=\"https:\/\/martinezcaballeroabogados.com\/ca\/declaracio-daccessibilitat-martinez-caballero-advocats\/\" \/>\n<meta property=\"og:site_name\" content=\"Martinez Caballero Advocats\" \/>\n<meta property=\"article:publisher\" content=\"https:\/\/www.facebook.com\/martinezcaballeroabogados\/\" \/>\n<meta property=\"article:modified_time\" content=\"2025-06-30T10:18:43+00:00\" \/>\n<meta name=\"twitter:card\" content=\"summary_large_image\" \/>\n<meta name=\"twitter:site\" content=\"@MC_abogados_\" \/>\n<meta name=\"twitter:label1\" content=\"Temps estimat de lectura\" \/>\n\t<meta name=\"twitter:data1\" content=\"2 minuts\" \/>\n<script type=\"application\/ld+json\" class=\"yoast-schema-graph\">{\"@context\":\"https:\/\/schema.org\",\"@graph\":[{\"@type\":\"WebPage\",\"@id\":\"https:\/\/martinezcaballeroabogados.com\/ca\/declaracio-daccessibilitat-martinez-caballero-advocats\/\",\"url\":\"https:\/\/martinezcaballeroabogados.com\/ca\/declaracio-daccessibilitat-martinez-caballero-advocats\/\",\"name\":\"Declaraci\u00f3 d\u00b4accessibilitat web | M&C Advocats - Martinez Caballero Advocats\",\"isPartOf\":{\"@id\":\"https:\/\/martinezcaballeroabogados.com\/ca\/#website\"},\"datePublished\":\"2025-06-30T09:42:48+00:00\",\"dateModified\":\"2025-06-30T10:18:43+00:00\",\"description\":\"Consulta la declaraci\u00f3 d'accessibilitat de Mart\u00ednez & Caballero Advocats: comprom\u00eds amb la conformitat WCAG i la navegaci\u00f3 inclusiva.\",\"breadcrumb\":{\"@id\":\"https:\/\/martinezcaballeroabogados.com\/ca\/declaracio-daccessibilitat-martinez-caballero-advocats\/#breadcrumb\"},\"inLanguage\":\"ca\",\"potentialAction\":[{\"@type\":\"ReadAction\",\"target\":[\"https:\/\/martinezcaballeroabogados.com\/ca\/declaracio-daccessibilitat-martinez-caballero-advocats\/\"]}]},{\"@type\":\"BreadcrumbList\",\"@id\":\"https:\/\/martinezcaballeroabogados.com\/ca\/declaracio-daccessibilitat-martinez-caballero-advocats\/#breadcrumb\",\"itemListElement\":[{\"@type\":\"ListItem\",\"position\":1,\"name\":\"Portada\",\"item\":\"https:\/\/martinezcaballeroabogados.com\/ca\/advocats-a-barcelona\/\"},{\"@type\":\"ListItem\",\"position\":2,\"name\":\"Declaraci\u00f3 d&#8217;Accessibilitat &#8211; Mart\u00ednez &amp; Caballero Advocats\"}]},{\"@type\":\"WebSite\",\"@id\":\"https:\/\/martinezcaballeroabogados.com\/ca\/#website\",\"url\":\"https:\/\/martinezcaballeroabogados.com\/ca\/\",\"name\":\"Martinez & Caballero Abogados\",\"description\":\"Advocats Integrals a Barcelona\",\"publisher\":{\"@id\":\"https:\/\/martinezcaballeroabogados.com\/ca\/#organization\"},\"potentialAction\":[{\"@type\":\"SearchAction\",\"target\":{\"@type\":\"EntryPoint\",\"urlTemplate\":\"https:\/\/martinezcaballeroabogados.com\/ca\/?s={search_term_string}\"},\"query-input\":{\"@type\":\"PropertyValueSpecification\",\"valueRequired\":true,\"valueName\":\"search_term_string\"}}],\"inLanguage\":\"ca\"},{\"@type\":\"Organization\",\"@id\":\"https:\/\/martinezcaballeroabogados.com\/ca\/#organization\",\"name\":\"Martinez & Caballero Abogados\",\"url\":\"https:\/\/martinezcaballeroabogados.com\/ca\/\",\"logo\":{\"@type\":\"ImageObject\",\"inLanguage\":\"ca\",\"@id\":\"https:\/\/martinezcaballeroabogados.com\/ca\/#\/schema\/logo\/image\/\",\"url\":\"https:\/\/martinezcaballeroabogados.com\/wp-content\/uploads\/2020\/02\/cropped-cropped-logo-mc-abogados-web-1-e1497812507401-1.png\",\"contentUrl\":\"https:\/\/martinezcaballeroabogados.com\/wp-content\/uploads\/2020\/02\/cropped-cropped-logo-mc-abogados-web-1-e1497812507401-1.png\",\"width\":300,\"height\":150,\"caption\":\"Martinez & Caballero Abogados\"},\"image\":{\"@id\":\"https:\/\/martinezcaballeroabogados.com\/ca\/#\/schema\/logo\/image\/\"},\"sameAs\":[\"https:\/\/www.facebook.com\/martinezcaballeroabogados\/\",\"https:\/\/x.com\/MC_abogados_\",\"https:\/\/www.instagram.com\/extranjeriabarcelonaabogados\/\"]}]}<\/script>\n<!-- \/ Yoast SEO plugin. -->","yoast_head_json":{"title":"Declaraci\u00f3 d\u00b4accessibilitat web | M&C Advocats - Martinez Caballero Advocats","description":"Consulta la declaraci\u00f3 d'accessibilitat de Mart\u00ednez & Caballero Advocats: comprom\u00eds amb la conformitat WCAG i la navegaci\u00f3 inclusiva.","robots":{"index":"index","follow":"follow","max-snippet":"max-snippet:-1","max-image-preview":"max-image-preview:large","max-video-preview":"max-video-preview:-1"},"canonical":"https:\/\/martinezcaballeroabogados.com\/ca\/declaracio-daccessibilitat-martinez-caballero-advocats\/","og_locale":"ca_ES","og_type":"article","og_title":"Declaraci\u00f3 d\u00b4accessibilitat web | M&C Advocats - Martinez Caballero Advocats","og_description":"Consulta la declaraci\u00f3 d'accessibilitat de Mart\u00ednez & Caballero Advocats: comprom\u00eds amb la conformitat WCAG i la navegaci\u00f3 inclusiva.","og_url":"https:\/\/martinezcaballeroabogados.com\/ca\/declaracio-daccessibilitat-martinez-caballero-advocats\/","og_site_name":"Martinez Caballero Advocats","article_publisher":"https:\/\/www.facebook.com\/martinezcaballeroabogados\/","article_modified_time":"2025-06-30T10:18:43+00:00","twitter_card":"summary_large_image","twitter_site":"@MC_abogados_","twitter_misc":{"Temps estimat de lectura":"2 minuts"},"schema":{"@context":"https:\/\/schema.org","@graph":[{"@type":"WebPage","@id":"https:\/\/martinezcaballeroabogados.com\/ca\/declaracio-daccessibilitat-martinez-caballero-advocats\/","url":"https:\/\/martinezcaballeroabogados.com\/ca\/declaracio-daccessibilitat-martinez-caballero-advocats\/","name":"Declaraci\u00f3 d\u00b4accessibilitat web | M&C Advocats - Martinez Caballero Advocats","isPartOf":{"@id":"https:\/\/martinezcaballeroabogados.com\/ca\/#website"},"datePublished":"2025-06-30T09:42:48+00:00","dateModified":"2025-06-30T10:18:43+00:00","description":"Consulta la declaraci\u00f3 d'accessibilitat de Mart\u00ednez & Caballero Advocats: comprom\u00eds amb la conformitat WCAG i la navegaci\u00f3 inclusiva.","breadcrumb":{"@id":"https:\/\/martinezcaballeroabogados.com\/ca\/declaracio-daccessibilitat-martinez-caballero-advocats\/#breadcrumb"},"inLanguage":"ca","potentialAction":[{"@type":"ReadAction","target":["https:\/\/martinezcaballeroabogados.com\/ca\/declaracio-daccessibilitat-martinez-caballero-advocats\/"]}]},{"@type":"BreadcrumbList","@id":"https:\/\/martinezcaballeroabogados.com\/ca\/declaracio-daccessibilitat-martinez-caballero-advocats\/#breadcrumb","itemListElement":[{"@type":"ListItem","position":1,"name":"Portada","item":"https:\/\/martinezcaballeroabogados.com\/ca\/advocats-a-barcelona\/"},{"@type":"ListItem","position":2,"name":"Declaraci\u00f3 d&#8217;Accessibilitat &#8211; Mart\u00ednez &amp; Caballero Advocats"}]},{"@type":"WebSite","@id":"https:\/\/martinezcaballeroabogados.com\/ca\/#website","url":"https:\/\/martinezcaballeroabogados.com\/ca\/","name":"Martinez & Caballero Abogados","description":"Advocats Integrals a Barcelona","publisher":{"@id":"https:\/\/martinezcaballeroabogados.com\/ca\/#organization"},"potentialAction":[{"@type":"SearchAction","target":{"@type":"EntryPoint","urlTemplate":"https:\/\/martinezcaballeroabogados.com\/ca\/?s={search_term_string}"},"query-input":{"@type":"PropertyValueSpecification","valueRequired":true,"valueName":"search_term_string"}}],"inLanguage":"ca"},{"@type":"Organization","@id":"https:\/\/martinezcaballeroabogados.com\/ca\/#organization","name":"Martinez & Caballero Abogados","url":"https:\/\/martinezcaballeroabogados.com\/ca\/","logo":{"@type":"ImageObject","inLanguage":"ca","@id":"https:\/\/martinezcaballeroabogados.com\/ca\/#\/schema\/logo\/image\/","url":"https:\/\/martinezcaballeroabogados.com\/wp-content\/uploads\/2020\/02\/cropped-cropped-logo-mc-abogados-web-1-e1497812507401-1.png","contentUrl":"https:\/\/martinezcaballeroabogados.com\/wp-content\/uploads\/2020\/02\/cropped-cropped-logo-mc-abogados-web-1-e1497812507401-1.png","width":300,"height":150,"caption":"Martinez & Caballero Abogados"},"image":{"@id":"https:\/\/martinezcaballeroabogados.com\/ca\/#\/schema\/logo\/image\/"},"sameAs":["https:\/\/www.facebook.com\/martinezcaballeroabogados\/","https:\/\/x.com\/MC_abogados_","https:\/\/www.instagram.com\/extranjeriabarcelonaabogados\/"]}]}},"_links":{"self":[{"href":"https:\/\/martinezcaballeroabogados.com\/ca\/wp-json\/wp\/v2\/pages\/21550","targetHints":{"allow":["GET"]}}],"collection":[{"href":"https:\/\/martinezcaballeroabogados.com\/ca\/wp-json\/wp\/v2\/pages"}],"about":[{"href":"https:\/\/martinezcaballeroabogados.com\/ca\/wp-json\/wp\/v2\/types\/page"}],"author":[{"embeddable":true,"href":"https:\/\/martinezcaballeroabogados.com\/ca\/wp-json\/wp\/v2\/users\/1"}],"replies":[{"embeddable":true,"href":"https:\/\/martinezcaballeroabogados.com\/ca\/wp-json\/wp\/v2\/comments?post=21550"}],"version-history":[{"count":1,"href":"https:\/\/martinezcaballeroabogados.com\/ca\/wp-json\/wp\/v2\/pages\/21550\/revisions"}],"predecessor-version":[{"id":21551,"href":"https:\/\/martinezcaballeroabogados.com\/ca\/wp-json\/wp\/v2\/pages\/21550\/revisions\/21551"}],"wp:attachment":[{"href":"https:\/\/martinezcaballeroabogados.com\/ca\/wp-json\/wp\/v2\/media?parent=21550"}],"curies":[{"name":"wp","href":"https:\/\/api.w.org\/{rel}","templated":true}]}}